{"id":4404,"date":"2021-07-15T00:59:19","date_gmt":"2021-07-14T22:59:19","guid":{"rendered":"https:\/\/agora.xtec.cat\/ceipmalagrida\/?page_id=4404"},"modified":"2024-09-16T09:16:55","modified_gmt":"2024-09-16T07:16:55","slug":"llistat-de-material-curs-21-22","status":"publish","type":"page","link":"https:\/\/agora.xtec.cat\/ceipmalagrida\/llistat-de-material-curs-21-22\/","title":{"rendered":"LLISTAT DE MATERIAL"},"content":{"rendered":"<p>Benvolgudes fam\u00edlies,<\/p>\n<p>Les llistes de material per l&#8217;alumnat s\u00f3n personalitzades. Cal passar per secretaria per tal de concretar quin \u00e9s el material que necessita cada infant.<\/p>\n<p>Per una banda hi trobareu el llistat d&#8217;estris i material d&#8217;aula, i per l&#8217;altra us trobareu el llistat de llic\u00e8ncies, llibres, quotes de serveis (AFA, &#8220;Som M\u00fasica&#8221;, reprografia&#8230;)<\/p>\n<p>Caldr\u00e0 que mireu a quin curs es correspon i veureu que varien les quotes d&#8217;AFA en funci\u00f3 de si \u00e9s per un\/a alumne\/a o si hi ha m\u00e9s d&#8217;un germ\u00e0\/na.<\/p>\n","protected":false},"excerpt":{"rendered":"<p>Benvolgudes fam\u00edlies,<br \/>\nLes llistes de material per l&#8217;alumnat s\u00f3n personalitzades. Cal passar per secretaria per tal de concretar quin \u00e9s el material que necessita cada infant.<br \/>\nPer una banda hi trobareu el llistat d&#8217;estris i material d&#8217;aula, i per l&#8217;altra us trobareu el llistat de llic\u00e8ncies, llibres,&hellip;  <a href=\"https:\/\/agora.xtec.cat\/ceipmalagrida\/llistat-de-material-curs-21-22\/\" title=\"Read LLISTAT DE MATERIAL\">Llegeix m\u00e9s\u00bb<\/a><\/p>\n","protected":false},"author":1,"featured_media":0,"parent":0,"menu_order":0,"comment_status":"closed","ping_status":"closed","template":"","meta":{"_bbp_topic_count":0,"_bbp_reply_count":0,"_bbp_total_topic_count":0,"_bbp_total_reply_count":0,"_bbp_voice_count":0,"_bbp_anonymous_reply_count":0,"_bbp_topic_count_hidden":0,"_bbp_reply_count_hidden":0,"_bbp_forum_subforum_count":0,"footnotes":""},"class_list":["post-4404","page","type-page","status-publish","hentry"],"post_mailing_queue_ids":[],"_links":{"self":[{"href":"https:\/\/agora.xtec.cat\/ceipmalagrida\/wp-json\/wp\/v2\/pages\/4404","targetHints":{"allow":["GET"]}}],"collection":[{"href":"https:\/\/agora.xtec.cat\/ceipmalagrida\/wp-json\/wp\/v2\/pages"}],"about":[{"href":"https:\/\/agora.xtec.cat\/ceipmalagrida\/wp-json\/wp\/v2\/types\/page"}],"author":[{"embeddable":true,"href":"https:\/\/agora.xtec.cat\/ceipmalagrida\/wp-json\/wp\/v2\/users\/1"}],"replies":[{"embeddable":true,"href":"https:\/\/agora.xtec.cat\/ceipmalagrida\/wp-json\/wp\/v2\/comments?post=4404"}],"version-history":[{"count":3,"href":"https:\/\/agora.xtec.cat\/ceipmalagrida\/wp-json\/wp\/v2\/pages\/4404\/revisions"}],"predecessor-version":[{"id":4658,"href":"https:\/\/agora.xtec.cat\/ceipmalagrida\/wp-json\/wp\/v2\/pages\/4404\/revisions\/4658"}],"wp:attachment":[{"href":"https:\/\/agora.xtec.cat\/ceipmalagrida\/wp-json\/wp\/v2\/media?parent=4404"}],"curies":[{"name":"wp","href":"https:\/\/api.w.org\/{rel}","templated":true}]}}