{"id":336,"date":"2015-07-22T22:20:19","date_gmt":"2015-07-22T21:20:19","guid":{"rendered":"http:\/\/agora.xtec.cat\/ceipmalagrida\/?page_id=336"},"modified":"2025-03-11T15:09:53","modified_gmt":"2025-03-11T14:09:53","slug":"projecte-som-musica","status":"publish","type":"page","link":"https:\/\/agora.xtec.cat\/ceipmalagrida\/projecte-som-musica\/","title":{"rendered":"PROJECTE &#8220;SOM M\u00daSICA&#8221;"},"content":{"rendered":"<p>El projecte de singularitzaci\u00f3 de centre &#8220;Som M\u00fasica&#8221; va iniciar-se durant el curs 2013-14.<\/p>\n<p>Est\u00e0 centrat en la utilitzaci\u00f3 de la m\u00fasica com a <strong>element vehiculador de desenvolupament del curr\u00edculum<\/strong>. Pret\u00e9n <strong>relacionar la m\u00fasica amb totes les \u00e0rees que es treballen al centre<\/strong>: matem\u00e0tiques, lleng\u00fces (catalana, castellana i anglesa), coneixement del medi (social i natural), educaci\u00f3 f\u00edsica, les vinculacions que t\u00e9 amb les diverses cultures religioses, amb la utilitzaci\u00f3 de les TIC&#8230;<\/p>\n<p>\u00c9s per aix\u00f2 que vam fer l&#8217;aposta de poder aportar un \u00e0mbit addicional dins del curr\u00edculum que pogu\u00e9s revertir sobre tot l&#8217;alumnat del centre, des dels infants de I3, fins a cicle superior.<\/p>\n<p>&nbsp;<\/p>\n<p><iframe loading=\"lazy\" title=\"SOM M\u00daSICA 10\u00c8 ANIVERSARI\" width=\"500\" height=\"281\" src=\"https:\/\/www.youtube.com\/embed\/seo_kjcs_XA?feature=oembed\" frameborder=\"0\" allow=\"accelerometer; autoplay; clipboard-write; encrypted-media; gyroscope; picture-in-picture; web-share\" referrerpolicy=\"strict-origin-when-cross-origin\" allowfullscreen><\/iframe><\/p>\n<p>&nbsp;<\/p>\n<p>Podem trobar diversos \u00e0mbits de desenvolupament del projecte i d&#8217;entre aquestes activitats espec\u00edfiques podem parlar de:<\/p>\n<p>&#8211; el <strong>moviment i dansa a educaci\u00f3 infantil<\/strong>;<\/p>\n<p>&#8211; el treball de la <strong>dansa i moviment a 1r i 2n de cicle inicial<\/strong>;<\/p>\n<p>&#8211; el <strong>treball d&#8217;instrument<\/strong> amb alumnat de <strong>3r i 4t de prim\u00e0ria<\/strong> (placa\/orf, percussi\u00f3 i veu\/performance) amb la col\u00b7laboraci\u00f3 de professorat extern al centre.<\/p>\n<p>&#8211; el cant <strong>coral extraescolar<\/strong>, de car\u00e0cter voluntari, pels alumnes de <strong>4t, 5\u00e8 i 6\u00e8, formant part de la &#8220;Coral Som M\u00fasica&#8221;<\/strong> i tamb\u00e9 per alumnes de <strong>1r, 2n i 3r<\/strong> generant formaci\u00f3 de base a la<strong> &#8220;Coral Kids&#8221;<\/strong>.<\/p>\n<p>A cada final de curs es duu a terme una mostra\u00a0 del treball realitzat, al Teatre Principal d&#8217;Olot. A la darrera edici\u00f3 vam poder gaudir de la col\u00b7laboraci\u00f3 de diversos artistes: \u00c0lex P\u00e9rez, Rock per Xics, N\u00faria L\u00f3pez&#8230; i a continuaci\u00f3 us en deixem un breu resum.<\/p>\n<p><iframe loading=\"lazy\" title=\"RESUM MOSTRA SOM M\u00daSICA 2024\" width=\"500\" height=\"281\" src=\"https:\/\/www.youtube.com\/embed\/8JVMKKLfa4U?feature=oembed\" frameborder=\"0\" allow=\"accelerometer; autoplay; clipboard-write; encrypted-media; gyroscope; picture-in-picture; web-share\" referrerpolicy=\"strict-origin-when-cross-origin\" allowfullscreen><\/iframe><\/p>\n","protected":false},"excerpt":{"rendered":"<p>El projecte de singularitzaci\u00f3 de centre &#8220;Som M\u00fasica&#8221; va iniciar-se durant el curs 2013-14.<br \/>\nEst\u00e0 centrat en la utilitzaci\u00f3 de la m\u00fasica com a element vehiculador de desenvolupament del curr\u00edculum. Pret\u00e9n relacionar la m\u00fasica amb totes les \u00e0rees que es treballen al centre: matem\u00e0tiques, lleng\u00fces (catalana,&hellip;  <a href=\"https:\/\/agora.xtec.cat\/ceipmalagrida\/projecte-som-musica\/\" title=\"Read PROJECTE &#8220;SOM M\u00daSICA&#8221;\">Llegeix m\u00e9s\u00bb<\/a><\/p>\n","protected":false},"author":3,"featured_media":0,"parent":0,"menu_order":0,"comment_status":"closed","ping_status":"closed","template":"","meta":{"_bbp_topic_count":0,"_bbp_reply_count":0,"_bbp_total_topic_count":0,"_bbp_total_reply_count":0,"_bbp_voice_count":0,"_bbp_anonymous_reply_count":0,"_bbp_topic_count_hidden":0,"_bbp_reply_count_hidden":0,"_bbp_forum_subforum_count":0,"footnotes":""},"class_list":["post-336","page","type-page","status-publish","hentry"],"post_mailing_queue_ids":[],"_links":{"self":[{"href":"https:\/\/agora.xtec.cat\/ceipmalagrida\/wp-json\/wp\/v2\/pages\/336","targetHints":{"allow":["GET"]}}],"collection":[{"href":"https:\/\/agora.xtec.cat\/ceipmalagrida\/wp-json\/wp\/v2\/pages"}],"about":[{"href":"https:\/\/agora.xtec.cat\/ceipmalagrida\/wp-json\/wp\/v2\/types\/page"}],"author":[{"embeddable":true,"href":"https:\/\/agora.xtec.cat\/ceipmalagrida\/wp-json\/wp\/v2\/users\/3"}],"replies":[{"embeddable":true,"href":"https:\/\/agora.xtec.cat\/ceipmalagrida\/wp-json\/wp\/v2\/comments?post=336"}],"version-history":[{"count":6,"href":"https:\/\/agora.xtec.cat\/ceipmalagrida\/wp-json\/wp\/v2\/pages\/336\/revisions"}],"predecessor-version":[{"id":4696,"href":"https:\/\/agora.xtec.cat\/ceipmalagrida\/wp-json\/wp\/v2\/pages\/336\/revisions\/4696"}],"wp:attachment":[{"href":"https:\/\/agora.xtec.cat\/ceipmalagrida\/wp-json\/wp\/v2\/media?parent=336"}],"curies":[{"name":"wp","href":"https:\/\/api.w.org\/{rel}","templated":true}]}}