{"id":329,"date":"2015-07-22T12:27:06","date_gmt":"2015-07-22T11:27:06","guid":{"rendered":"http:\/\/agora.xtec.cat\/ceipmalagrida\/?page_id=329"},"modified":"2016-09-19T17:04:43","modified_gmt":"2016-09-19T15:04:43","slug":"informacions-importants","status":"publish","type":"page","link":"https:\/\/agora.xtec.cat\/ceipmalagrida\/informacions-importants\/","title":{"rendered":"INFORMACIONS IMPORTANTS"},"content":{"rendered":"<p><a href=\"http:\/\/agora.xtec.cat\/ceipmalagrida\/wp-content\/uploads\/usu205\/2015\/07\/INFORMACIONS-IMPORTANTS.pdf\">INFORMACIONS IMPORTANTS<\/a>\u00a0 \u00a0 (document per a descarregar)<\/p>\n<p>&nbsp;<\/p>\n<p style=\"text-align: left;\"><strong>ORGANITZACI\u00d3 GENERAL<\/strong><\/p>\n<p style=\"text-align: left;\"><strong>Entrades i sortides\u00a0<\/strong><\/p>\n<p style=\"text-align: left;\"><strong>Cicle Inicial <\/strong>: Els alumnes de P3, 1r i 2n entren pel portal lateral del carrer Navarra que s\u2019obre cinc minuts abans de les 9 i de les 3.<\/p>\n<p style=\"text-align: left;\"><strong>Ed. Infantil (P4 I P5), Cicles Mitj\u00e0 i Superior <\/strong>: Entren, a la mateixa hora, per la porta principal. S\u2019esperen al peu de les escales exteriors fins que s&#8217;obrin les portes. Entren primer els petits d\u2019Educaci\u00f3 Infantil i despr\u00e9s els alumnes dels Cicles Mitj\u00e0 i Superior. TOTS van directament a les aules. Els acompanyants deixen entrar sols els alumnes de P4 i P5. Els nens i nenes de P3, els primers 15 dies, es poden acompanyar a la classe.<\/p>\n<p style=\"text-align: left;\">A l&#8217;hora en punt les portes es tanquen. Els alumnes que fan tard han d\u2019esperar que es torni a obrir la porta principal al cap d\u2019uns minuts. Arribar tard a classe comporta una falta de puntualitat que els tutors controlen a diari.<\/p>\n<p style=\"text-align: left;\">Segons la normativa del Departament d&#8217;Ensenyament, el centre t\u00e9 la capacitat de decidir com s&#8217;actuar\u00e0 davant dels retards espor\u00e0dics o reiterats.<\/p>\n<p style=\"text-align: left;\">En acabar les classes tots els alumnes surten per la porta principal. Els pares o acompanyats dels alumnes d\u2019Educaci\u00f3 Infantil els poden recollir a l\u2019aula cinc minuts abans de l&#8217;hora de sortida. Cal recollir puntualment els alumnes quan surten de classe: si queden nens a l\u2019escola, i ning\u00fa no avisa que no els pot venir a recollir, estem obligats a informar-ne la policia municipal.<\/p>\n<p style=\"text-align: left;\"><strong>Comunicats escrits<\/strong><\/p>\n<p style=\"text-align: left;\">&#8211; Les abs\u00e8ncies i\/o sortides d\u2019escola dels alumnes s&#8217;han de comunicar per escrit a l&#8217;agenda escolar.<br \/>\n&#8211; L\u2019administraci\u00f3 de medicaments als alumnes, en horari escolar, es fa nom\u00e9s en cas de prescripci\u00f3<br \/>\nm\u00e8dica per escrit i quan els intervals entre dosis siguin inferiors a 8 hores. Si aquests medicaments han d&#8217;estar a la nevera cal especificar-ho.<br \/>\n&#8211; En cas de malaltia, els pares cal que truquin al centre per avisar el tutor\/a\u00a0 i tamb\u00e9 al servei de menjador.<br \/>\n<strong>Sortides i excursions<\/strong><\/p>\n<p style=\"text-align: left;\">Les sortides espor\u00e0diques dels alumnes al llarg del curs es fan per complementar les programacions d\u2019aula i tenen l\u2019aprovaci\u00f3 del Consell Escolar.<br \/>\nA la reuni\u00f3 de pares d\u2019inici de curs s\u2019informa de les sortides i altres activitats. A m\u00e9s, se\u2019n fa un recordatori un temps abans de la seva realitzaci\u00f3, sobretot d\u2019aquelles que impliquen una alteraci\u00f3 de l\u2019horari de classes.<br \/>\nA banda del seu inter\u00e8s pedag\u00f2gic, en les sortides que requereixen una aportaci\u00f3 econ\u00f2mica addicional, cal una participaci\u00f3 majorit\u00e0ria dels alumnes als quals va destinada l\u2019activitat. A Prim\u00e0ria el pagament de les sortides es fa efectiu a trav\u00e9s d\u2019una entitat banc\u00e0ria.<\/p>\n<p style=\"text-align: left;\">A educaci\u00f3 infantil els pares fan el pagament de les sortides directament a les tutores.<\/p>\n<p style=\"text-align: left;\">El preu de l\u2019activitat \u00e9s el resultat de repartir-ne els costos finals, despr\u00e9s de preveure totes les despeses que l\u2019activitat comporta (transport, activitats, tallers, allotjament, etc),\u00a0 tenint \u00a0tamb\u00e9 en compte possibles aportacions de l\u2019AMPA entre els alumnes participants.<br \/>\n*En cas d\u2019abs\u00e8ncia, un cop feta la inscripci\u00f3, nom\u00e9s es tornen els diners corresponents a despeses individuals de manera que no en resulti afectat el cost global de l\u2019activitat ni el preu de l\u2019autocar. La devoluci\u00f3 es fa un cop realitzada l\u2019activitat i tancats els comptes.<\/p>\n<p style=\"text-align: left;\"><strong>ESMORZARS SALUDABLES<\/strong><\/p>\n<p style=\"text-align: left;\">Seguint la \u00a0campanya d\u2019Educaci\u00f3 per la Salut de cursos anteriors, demanem a TOTS els alumnes que, <strong>com a m\u00ednim,<\/strong> <strong>cada<\/strong> <strong>dimecres<\/strong> <strong>portin<\/strong> <strong>fruita per esmorzar<\/strong> <strong>a l\u2019hora del pati<\/strong>.<\/p>\n<p style=\"text-align: left;\"><strong>NOTA: <\/strong>\u00a0preguem tamb\u00e9 \u00a0a totes les fam\u00edlies \u00a0que ens ajudeu \u00a0a \u00a0reduir\u00a0 el\u00a0 consum<br \/>\nde <strong>paper d\u2019alumni<\/strong>; podeu substituir-lo per una carmanyola o miniestovalles de pl\u00e0stic que s\u00f3n<strong> materials<\/strong> <strong>reutilitzables<\/strong>.<\/p>\n<p style=\"text-align: left;\">De cares a aquest curs el nostre centre s&#8217;ha adherit a la campanya conjunta entre el Departament d&#8217;Ensenyament, el Departament de Salut i el Departament d&#8217;Agricultura, en el que al llarg del curs, es far\u00e0 un repartiment de fruita per esmorzar a l&#8217;escola. S&#8217;anotar\u00e0 a l&#8217;agenda dels alumnes el dia que els pertoqui no dur esmorzar.<\/p>\n","protected":false},"excerpt":{"rendered":"<p><a href=\"http:\/\/agora.xtec.cat\/ceipmalagrida\/wp-content\/uploads\/usu205\/2015\/07\/INFORMACIONS-IMPORTANTS.pdf\">INFORMACIONS IMPORTANTS<\/a>\u00a0 \u00a0 (document per a descarregar)<br \/>\n&nbsp;<br \/>\nORGANITZACI\u00d3 GENERAL<br \/>\nEntrades i sortides\u00a0<br \/>\nCicle Inicial : Els alumnes de P3, 1r i 2n entren pel portal lateral del carrer Navarra que s\u2019obre cinc minuts abans de les 9 i de les 3.<br \/>\nEd. Infantil (P4 I P5), Cicles Mitj\u00e0&hellip;  <a href=\"https:\/\/agora.xtec.cat\/ceipmalagrida\/informacions-importants\/\" title=\"Read INFORMACIONS IMPORTANTS\">Llegeix m\u00e9s\u00bb<\/a><\/p>\n","protected":false},"author":3,"featured_media":0,"parent":0,"menu_order":0,"comment_status":"closed","ping_status":"closed","template":"","meta":{"_bbp_topic_count":0,"_bbp_reply_count":0,"_bbp_total_topic_count":0,"_bbp_total_reply_count":0,"_bbp_voice_count":0,"_bbp_anonymous_reply_count":0,"_bbp_topic_count_hidden":0,"_bbp_reply_count_hidden":0,"_bbp_forum_subforum_count":0,"footnotes":""},"class_list":["post-329","page","type-page","status-publish","hentry"],"post_mailing_queue_ids":[],"_links":{"self":[{"href":"https:\/\/agora.xtec.cat\/ceipmalagrida\/wp-json\/wp\/v2\/pages\/329","targetHints":{"allow":["GET"]}}],"collection":[{"href":"https:\/\/agora.xtec.cat\/ceipmalagrida\/wp-json\/wp\/v2\/pages"}],"about":[{"href":"https:\/\/agora.xtec.cat\/ceipmalagrida\/wp-json\/wp\/v2\/types\/page"}],"author":[{"embeddable":true,"href":"https:\/\/agora.xtec.cat\/ceipmalagrida\/wp-json\/wp\/v2\/users\/3"}],"replies":[{"embeddable":true,"href":"https:\/\/agora.xtec.cat\/ceipmalagrida\/wp-json\/wp\/v2\/comments?post=329"}],"version-history":[{"count":3,"href":"https:\/\/agora.xtec.cat\/ceipmalagrida\/wp-json\/wp\/v2\/pages\/329\/revisions"}],"predecessor-version":[{"id":1991,"href":"https:\/\/agora.xtec.cat\/ceipmalagrida\/wp-json\/wp\/v2\/pages\/329\/revisions\/1991"}],"wp:attachment":[{"href":"https:\/\/agora.xtec.cat\/ceipmalagrida\/wp-json\/wp\/v2\/media?parent=329"}],"curies":[{"name":"wp","href":"https:\/\/api.w.org\/{rel}","templated":true}]}}