{"id":981,"date":"2018-01-28T12:43:14","date_gmt":"2018-01-28T11:43:14","guid":{"rendered":"http:\/\/agora.xtec.cat\/ceipmacia-companys\/?page_id=981"},"modified":"2021-06-22T14:25:50","modified_gmt":"2021-06-22T12:25:50","slug":"funcions-de-lampa","status":"publish","type":"page","link":"https:\/\/agora.xtec.cat\/ceipmacia-companys\/ampa\/funcions-de-lampa\/","title":{"rendered":"Funcions de l&#8217;AFA"},"content":{"rendered":"<p>Les seves funcions s\u00f3n entre altres:<\/p>\n<ul>\n<li>Afavorir la relaci\u00f3 i coordinaci\u00f3 entre les fam\u00edlies i la comunitat educativa.<\/li>\n<li>Ser la veu dels pares i mares davant de les administracions p\u00fabliques.<\/li>\n<li>Treballar per millorar la participaci\u00f3 i el comprom\u00eds dels pares, fills i de la societat en general i de l&#8217;educativa en particular.<\/li>\n<li>Gesti\u00f3 i organitzaci\u00f3 integral de la socialitzaci\u00f3 de llibres escolars, que aporta un benefici econ\u00f2mic directe a les fam\u00edlies, un benefici indirecte en la educaci\u00f3 dels valors dels infant en l&#8217;estalvi, cura del material i reaprofitament del mateix, aix\u00ed com un benefici directe cap al medi ambient pel menor consum de paper entre d&#8217;altres.<\/li>\n<li>Gestionar i organitzar el menjador escolar. Men\u00fas saludables i equilibrats aix\u00ed com men\u00fas espec\u00edfics per intoler\u00e0ncies o d&#8217;altres, gesti\u00f3 de personal propi, cuiner i monitores, gesti\u00f3 de torns i grups.<\/li>\n<li>Organitzar les activitats extraescolars i el servei de perman\u00e8ncies fora de l\u2019horari escolar.<\/li>\n<li>Organitzar activitats formatives (xerrades, escola de pares i mares, cursos) i activitats soci-culturals (festes, concerts, fons per la biblioteca&#8230;) que afavoreixin l\u2019educaci\u00f3 dels nostres infants i facilitin el coneixement i la relaci\u00f3 entre les fam\u00edlies.<\/li>\n<li>Recaptaci\u00f3 de fons com a suport econ\u00f2mic complementari al propi centre escolar. Fent aportacions addicionals per afavorir l&#8217;educaci\u00f3 integral de l&#8217;alumnat. Tamb\u00e9 proposant i executant\u00a0 accions per recaptar fons, tant de les fam\u00edlies, ja siguin associades o no, com d&#8217;organismes externs.<\/li>\n<\/ul>\n","protected":false},"excerpt":{"rendered":"<p>Les seves funcions s\u00f3n entre altres:<\/p>\n<ul>\n<li>Afavorir la relaci\u00f3 i coordinaci\u00f3 entre les fam\u00edlies i la comunitat educativa.<\/li>\n<li>Ser la veu dels pares i mares davant de les administracions p\u00fabliques.<\/li>\n<li>Treballar per millorar la participaci\u00f3 i el comprom\u00eds dels pares, fills i de la societat en general i&hellip;  <a href=\"https:\/\/agora.xtec.cat\/ceipmacia-companys\/ampa\/funcions-de-lampa\/\" title=\"Read Funcions de l&#8217;AFA\">Llegeix m\u00e9s\u00bb<\/a><br \/>\n","protected":false},"author":1,"featured_media":0,"parent":978,"menu_order":2,"comment_status":"closed","ping_status":"closed","template":"page-templates\/side-menu.php","meta":{"_bbp_topic_count":0,"_bbp_reply_count":0,"_bbp_total_topic_count":0,"_bbp_total_reply_count":0,"_bbp_voice_count":0,"_bbp_anonymous_reply_count":0,"_bbp_topic_count_hidden":0,"_bbp_reply_count_hidden":0,"_bbp_forum_subforum_count":0,"footnotes":""},"class_list":["post-981","page","type-page","status-publish","hentry"],"post_mailing_queue_ids":[],"_links":{"self":[{"href":"https:\/\/agora.xtec.cat\/ceipmacia-companys\/wp-json\/wp\/v2\/pages\/981","targetHints":{"allow":["GET"]}}],"collection":[{"href":"https:\/\/agora.xtec.cat\/ceipmacia-companys\/wp-json\/wp\/v2\/pages"}],"about":[{"href":"https:\/\/agora.xtec.cat\/ceipmacia-companys\/wp-json\/wp\/v2\/types\/page"}],"author":[{"embeddable":true,"href":"https:\/\/agora.xtec.cat\/ceipmacia-companys\/wp-json\/wp\/v2\/users\/1"}],"replies":[{"embeddable":true,"href":"https:\/\/agora.xtec.cat\/ceipmacia-companys\/wp-json\/wp\/v2\/comments?post=981"}],"version-history":[{"count":3,"href":"https:\/\/agora.xtec.cat\/ceipmacia-companys\/wp-json\/wp\/v2\/pages\/981\/revisions"}],"predecessor-version":[{"id":17064,"href":"https:\/\/agora.xtec.cat\/ceipmacia-companys\/wp-json\/wp\/v2\/pages\/981\/revisions\/17064"}],"up":[{"embeddable":true,"href":"https:\/\/agora.xtec.cat\/ceipmacia-companys\/wp-json\/wp\/v2\/pages\/978"}],"wp:attachment":[{"href":"https:\/\/agora.xtec.cat\/ceipmacia-companys\/wp-json\/wp\/v2\/media?parent=981"}],"curies":[{"name":"wp","href":"https:\/\/api.w.org\/{rel}","templated":true}]}}