{"id":969,"date":"2018-01-27T16:40:06","date_gmt":"2018-01-27T15:40:06","guid":{"rendered":"http:\/\/agora.xtec.cat\/ceipmacia-companys\/?page_id=969"},"modified":"2018-01-27T16:40:06","modified_gmt":"2018-01-27T15:40:06","slug":"funcions-del-consell-escolar","status":"publish","type":"page","link":"https:\/\/agora.xtec.cat\/ceipmacia-companys\/lescola\/consell-escolar\/funcions-del-consell-escolar\/","title":{"rendered":"Funcions del Consell Escolar"},"content":{"rendered":"<p>Segons l&#8217;article 127 de la LOE (modificat per la LOMCE):<\/p>\n<p>a) Avaluar els projectes i les normes a qu\u00e8 es refereix el cap\u00edtol II del t\u00edtol V d&#8217;aquesta Llei org\u00e0nica.<\/p>\n<p>b) Avaluar la programaci\u00f3 general anual del centre, sense perjudici de les compet\u00e8ncies del Claustre del professorat, en relaci\u00f3 amb la planificaci\u00f3 i organitzaci\u00f3 docent.<\/p>\n<p>c) Con\u00e8ixer les candidatures a la direcci\u00f3 i els projectes de direcci\u00f3 presentats pels candidats.<\/p>\n<p>d) Participar en la selecci\u00f3 del director del centre, en els termes que aquesta Llei Org\u00e0nica estableix. Ser informat del nomenament i cessament dels altres membres de l&#8217;equip directiu. Si \u00e9s el cas, previ acord dels seus membres, adoptat per majoria de dos ter\u00e7os, proposar la revocaci\u00f3 del nomenament del director.<\/p>\n<p>e) Informar sobre l&#8217;admissi\u00f3 d&#8217;alumnes i alumnes, amb subjecci\u00f3 al que estableix aquesta Ley Org\u00e1nica i disposicions que la desenvolupin.<\/p>\n<p>f) Con\u00e8ixer la resoluci\u00f3 de conflictes disciplinaris i vetllar perqu\u00e8 s&#8217;atenguin a la normativa vigent. Quan les mesures disciplin\u00e0ries adoptades pel director corresponguin a conductes de l&#8217;alumnat que perjudiquin greument la conviv\u00e8ncia del centre, el Consell Escolar, a inst\u00e0ncia de pares, mares o tutors legals, podr\u00e0 revisar la decisi\u00f3 adoptada i proposar, si s&#8217;escau, les mesures oportunes.<\/p>\n<p>g) Proposar mesures i iniciatives que afavoreixin la conviv\u00e8ncia al centre, la igualtat entre homes i dones, la igualtat de tracte i la no discriminaci\u00f3 per les causes a qu\u00e8 es refereix l&#8217;article 84.3 d&#8217;aquesta Llei org\u00e0nica, la resoluci\u00f3 pac\u00edfica de conflictes, i la prevenci\u00f3 de la viol\u00e8ncia de g\u00e8nere.<\/p>\n<p>h) Promoure la conservaci\u00f3 i renovaci\u00f3 de les instal\u00b7lacions i de l&#8217;equip escolar i informar l&#8217;obtenci\u00f3 de recursos complementaris, d&#8217;acord amb el que estableix l&#8217;article 122.3.<\/p>\n<p>i) Informar les directrius per a la col\u00b7laboraci\u00f3, amb fins educatius i culturals, amb les Administracions locals, amb altres centres, entitats i organismes.<\/p>\n<p>j) Analitzar i valorar el funcionament general del centre, l&#8217;evoluci\u00f3 del rendiment escolar i els resultats de les avaluacions internes i externes en qu\u00e8 participi el centre.<\/p>\n<p>k) Elaborar propostes i informes, a iniciativa pr\u00f2pia o a petici\u00f3 de l&#8217;Administraci\u00f3 competent, sobre el funcionament del centre i la millora de la qualitat de la gesti\u00f3, aix\u00ed com sobre aquells altres aspectes relacionats amb la qualitat de la mateixa.<\/p>\n<p>l) Qualsevol altra que li sigui atribu\u00efda per l&#8217;Administraci\u00f3 educativa.<\/p>\n<p>El consell escolar aprova les seves normes de funcionament. En all\u00f2 que aquestes normes no estableixin, s&#8217;apliquen les normes reguladores dels \u00f2rgans col\u00b7legiats de l&#8217;Administraci\u00f3 de la Generalitat.<\/p>\n<p>El consell escolar actua normalment en ple. Es poden constituir comissions espec\u00edfiques d&#8217;estudi i informaci\u00f3, a les quals, en tot cas, s&#8217;hi ha d&#8217;incorporar un professor o professora, i un alumne o alumna o un representant o una representant de les mares i els pares. Els centres de titularitat p\u00fablica han de comptar amb una comissi\u00f3 econ\u00f2mica, amb les excepcions que estableixi el Departament.<\/p>\n","protected":false},"excerpt":{"rendered":"<p>Segons l&#8217;article 127 de la LOE (modificat per la LOMCE):<br \/>\na) Avaluar els projectes i les normes a qu\u00e8 es refereix el cap\u00edtol II del t\u00edtol V d&#8217;aquesta Llei org\u00e0nica.<br \/>\nb) Avaluar la programaci\u00f3 general anual del centre, sense perjudici de les compet\u00e8ncies del Claustre del professorat,&hellip;  <a href=\"https:\/\/agora.xtec.cat\/ceipmacia-companys\/lescola\/consell-escolar\/funcions-del-consell-escolar\/\" title=\"Read Funcions del Consell Escolar\">Llegeix m\u00e9s\u00bb<\/a><\/p>\n","protected":false},"author":1,"featured_media":0,"parent":964,"menu_order":2,"comment_status":"closed","ping_status":"closed","template":"page-templates\/side-menu.php","meta":{"_bbp_topic_count":0,"_bbp_reply_count":0,"_bbp_total_topic_count":0,"_bbp_total_reply_count":0,"_bbp_voice_count":0,"_bbp_anonymous_reply_count":0,"_bbp_topic_count_hidden":0,"_bbp_reply_count_hidden":0,"_bbp_forum_subforum_count":0,"footnotes":""},"class_list":["post-969","page","type-page","status-publish","hentry"],"post_mailing_queue_ids":[],"_links":{"self":[{"href":"https:\/\/agora.xtec.cat\/ceipmacia-companys\/wp-json\/wp\/v2\/pages\/969","targetHints":{"allow":["GET"]}}],"collection":[{"href":"https:\/\/agora.xtec.cat\/ceipmacia-companys\/wp-json\/wp\/v2\/pages"}],"about":[{"href":"https:\/\/agora.xtec.cat\/ceipmacia-companys\/wp-json\/wp\/v2\/types\/page"}],"author":[{"embeddable":true,"href":"https:\/\/agora.xtec.cat\/ceipmacia-companys\/wp-json\/wp\/v2\/users\/1"}],"replies":[{"embeddable":true,"href":"https:\/\/agora.xtec.cat\/ceipmacia-companys\/wp-json\/wp\/v2\/comments?post=969"}],"version-history":[{"count":1,"href":"https:\/\/agora.xtec.cat\/ceipmacia-companys\/wp-json\/wp\/v2\/pages\/969\/revisions"}],"predecessor-version":[{"id":970,"href":"https:\/\/agora.xtec.cat\/ceipmacia-companys\/wp-json\/wp\/v2\/pages\/969\/revisions\/970"}],"up":[{"embeddable":true,"href":"https:\/\/agora.xtec.cat\/ceipmacia-companys\/wp-json\/wp\/v2\/pages\/964"}],"wp:attachment":[{"href":"https:\/\/agora.xtec.cat\/ceipmacia-companys\/wp-json\/wp\/v2\/media?parent=969"}],"curies":[{"name":"wp","href":"https:\/\/api.w.org\/{rel}","templated":true}]}}