{"id":967,"date":"2018-01-27T16:38:54","date_gmt":"2018-01-27T15:38:54","guid":{"rendered":"http:\/\/agora.xtec.cat\/ceipmacia-companys\/?page_id=967"},"modified":"2018-01-27T16:38:54","modified_gmt":"2018-01-27T15:38:54","slug":"funcionament-del-consell-escolar","status":"publish","type":"page","link":"https:\/\/agora.xtec.cat\/ceipmacia-companys\/lescola\/consell-escolar\/funcionament-del-consell-escolar\/","title":{"rendered":"Funcionament del Consell Escolar"},"content":{"rendered":"<p>Segons l&#8217;article 46 del Decret 102\/2010.<\/p>\n<p>1. Les funcions del consell escolar s\u00f3n les que estableix l&#8217;article 148.3 de la Llei d&#8217;educaci\u00f3. A m\u00e9s, li correspon vetllar i donar suport a l&#8217;equip directiu per al compliment de la programaci\u00f3 anual del centre i del projecte de direcci\u00f3 el qual, en el marc del projecte educatiu del centre, vincula l&#8217;acci\u00f3 del conjunt d&#8217;\u00f2rgans de govern unipersonals i col\u00b7legiats d&#8217;acord amb l&#8217;article 144.4 de la Llei d&#8217;educaci\u00f3.<\/p>\n<p>2. El consell escolar ha d&#8217;aprovar les seves normes de funcionament. En all\u00f2 que no estigui previst s&#8217;han d&#8217;aplicar les normes reguladores dels \u00f2rgans col\u00b7legiats de l&#8217;Administraci\u00f3 de la Generalitat.<\/p>\n<p>3. El consell escolar del centre es reuneix preceptivament una vegada al trimestre i sempre que el convoca el director o directora del centre o ho sol\u00b7licita al menys un ter\u00e7 de les seves persones membres. A m\u00e9s, s&#8217;ha de fer una reuni\u00f3 a principi de curs i una altra a la seva finalitzaci\u00f3.<\/p>\n<p>4. Les decisions del consell escolar es prenen normalment per consens. Si no \u00e9s possible arribar-hi, la decisi\u00f3 s&#8217;adopta per majoria de les persones membres presents, llevat dels casos en qu\u00e8 la normativa determini una altra majoria qualificada.<\/p>\n<p>5. La convocat\u00f2ria de les reunions s&#8217;ha de trametre per la presid\u00e8ncia del consell amb una antelaci\u00f3 m\u00ednima de 48 hores, juntament amb la documentaci\u00f3 que hagi de ser objecte de debat, i, si escau, d&#8217;aprovaci\u00f3. El consell escolar es pot reunir d&#8217;urg\u00e8ncia, sense termini m\u00ednim per a la tramesa de la convocat\u00f2ria, si totes les persones membres hi estan d&#8217;acord.<\/p>\n<p>6. Quan en l&#8217;ordre del dia s&#8217;incloguin temes o q\u00fcestions relacionades amb l&#8217;activitat normal del centre que estiguin sota la tutela o responsabilitat immediata d&#8217;alguna persona membre de la comunitat educativa que no sigui membre del consell escolar, se&#8217;l podr\u00e0 convocar a la sessi\u00f3 per tal que informi sobre el tema o q\u00fcesti\u00f3 corresponent.<\/p>\n","protected":false},"excerpt":{"rendered":"<p>Segons l&#8217;article 46 del Decret 102\/2010.<br \/>\n1. Les funcions del consell escolar s\u00f3n les que estableix l&#8217;article 148.3 de la Llei d&#8217;educaci\u00f3. A m\u00e9s, li correspon vetllar i donar suport a l&#8217;equip directiu per al compliment de la programaci\u00f3 anual del centre i del projecte de&hellip;  <a href=\"https:\/\/agora.xtec.cat\/ceipmacia-companys\/lescola\/consell-escolar\/funcionament-del-consell-escolar\/\" title=\"Read Funcionament del Consell Escolar\">Llegeix m\u00e9s\u00bb<\/a><\/p>\n","protected":false},"author":1,"featured_media":0,"parent":964,"menu_order":1,"comment_status":"closed","ping_status":"closed","template":"page-templates\/side-menu.php","meta":{"_bbp_topic_count":0,"_bbp_reply_count":0,"_bbp_total_topic_count":0,"_bbp_total_reply_count":0,"_bbp_voice_count":0,"_bbp_anonymous_reply_count":0,"_bbp_topic_count_hidden":0,"_bbp_reply_count_hidden":0,"_bbp_forum_subforum_count":0,"footnotes":""},"class_list":["post-967","page","type-page","status-publish","hentry"],"post_mailing_queue_ids":[],"_links":{"self":[{"href":"https:\/\/agora.xtec.cat\/ceipmacia-companys\/wp-json\/wp\/v2\/pages\/967","targetHints":{"allow":["GET"]}}],"collection":[{"href":"https:\/\/agora.xtec.cat\/ceipmacia-companys\/wp-json\/wp\/v2\/pages"}],"about":[{"href":"https:\/\/agora.xtec.cat\/ceipmacia-companys\/wp-json\/wp\/v2\/types\/page"}],"author":[{"embeddable":true,"href":"https:\/\/agora.xtec.cat\/ceipmacia-companys\/wp-json\/wp\/v2\/users\/1"}],"replies":[{"embeddable":true,"href":"https:\/\/agora.xtec.cat\/ceipmacia-companys\/wp-json\/wp\/v2\/comments?post=967"}],"version-history":[{"count":1,"href":"https:\/\/agora.xtec.cat\/ceipmacia-companys\/wp-json\/wp\/v2\/pages\/967\/revisions"}],"predecessor-version":[{"id":968,"href":"https:\/\/agora.xtec.cat\/ceipmacia-companys\/wp-json\/wp\/v2\/pages\/967\/revisions\/968"}],"up":[{"embeddable":true,"href":"https:\/\/agora.xtec.cat\/ceipmacia-companys\/wp-json\/wp\/v2\/pages\/964"}],"wp:attachment":[{"href":"https:\/\/agora.xtec.cat\/ceipmacia-companys\/wp-json\/wp\/v2\/media?parent=967"}],"curies":[{"name":"wp","href":"https:\/\/api.w.org\/{rel}","templated":true}]}}