{"id":964,"date":"2018-01-27T16:37:16","date_gmt":"2018-01-27T15:37:16","guid":{"rendered":"http:\/\/agora.xtec.cat\/ceipmacia-companys\/?page_id=964"},"modified":"2026-04-07T10:17:48","modified_gmt":"2026-04-07T08:17:48","slug":"consell-escolar","status":"publish","type":"page","link":"https:\/\/agora.xtec.cat\/ceipmacia-companys\/lescola\/consell-escolar\/","title":{"rendered":"Consell Escolar"},"content":{"rendered":"<p><strong>Membres del Consell Escolar<\/strong><\/p>\n<table style=\"width: 45.8716%; height: 350px;\" width=\"457\">\n<tbody>\n<tr style=\"height: 44px;\">\n<td style=\"width: 34.7285%; height: 16px;\"><strong>Presidenta<\/strong><\/td>\n<td style=\"width: 39.9459%; height: 16px;\">Montserrat Balcells Pons<\/td>\n<\/tr>\n<tr style=\"height: 44px;\">\n<td style=\"width: 34.7285%; height: 23px;\"><strong>Cap d\u2019estudis<\/strong><\/td>\n<td style=\"width: 39.9459%; height: 23px;\">Albert Targa Muntan\u00e9<\/td>\n<\/tr>\n<tr style=\"height: 44px;\">\n<td style=\"width: 34.7285%; height: 29px;\"><strong>Secret\u00e0ria<\/strong><\/td>\n<td style=\"width: 39.9459%; height: 29px;\">Anna Bertran Sol\u00e9<\/td>\n<\/tr>\n<tr style=\"height: 66px;\">\n<td style=\"width: 34.7285%; height: 10px;\"><strong>Representant de l\u2019Ajuntament<\/strong><\/td>\n<td style=\"width: 39.9459%; height: 10px;\">M\u00f2nica Marquilles Canela<\/td>\n<\/tr>\n<tr style=\"height: 44px;\">\n<td style=\"width: 34.7285%; height: 113px;\" rowspan=\"4\"><strong>Representants del professorat<\/strong><\/td>\n<td style=\"width: 39.9459%; height: 34px;\">Noem\u00ed Mart\u00ednez Bona<\/td>\n<\/tr>\n<tr style=\"height: 44px;\">\n<td style=\"width: 39.9459%; height: 34px;\">Jordi Lluch Codina<\/td>\n<\/tr>\n<tr style=\"height: 44px;\">\n<td style=\"width: 39.9459%; height: 34px;\">Judith Vendrell Gen\u00e9<\/td>\n<\/tr>\n<tr style=\"height: 44px;\">\n<td style=\"width: 39.9459%; height: 34px;\">David Vendrell Coll<\/td>\n<\/tr>\n<tr style=\"height: 44px;\">\n<td style=\"width: 34.7285%; height: 93px;\" rowspan=\"4\"><strong>Representants de pares i mares<\/strong><\/td>\n<td style=\"width: 39.9459%; height: 25px;\">S\u00edlvia Cerc\u00f3s Santacreu<\/td>\n<\/tr>\n<tr style=\"height: 44px;\">\n<td style=\"width: 39.9459%; height: 30px;\">Judit Serra Silvestre<\/td>\n<\/tr>\n<tr style=\"height: 44px;\">\n<td style=\"width: 39.9459%; height: 25px;\">Jordi Ingl\u00e9s Camats<\/td>\n<\/tr>\n<tr style=\"height: 44px;\">\n<td style=\"width: 39.9459%; height: 30px;\">Aleix Bertran Alcrudo<\/td>\n<\/tr>\n<tr style=\"height: 44px;\">\n<td style=\"width: 34.7285%; height: 32px;\"><strong>Representant de l\u2019AFA<\/strong><\/td>\n<td style=\"width: 39.9459%; height: 32px;\">Alaya Cases Sala<\/td>\n<\/tr>\n<tr style=\"height: 45px;\">\n<td style=\"width: 34.7285%; height: 34px;\"><strong>Representant del PAS<\/strong><\/td>\n<td style=\"width: 39.9459%; height: 34px;\">N\u00faria Sin Arisa<\/td>\n<\/tr>\n<\/tbody>\n<\/table>\n<p>\u00c9s el m\u00e0xim \u00f2rgan de participaci\u00f3 de la comunitat educativa en el control i la gesti\u00f3 del centre.<\/p>\n<p><strong>Composici\u00f3 del Consell Escolar.<\/strong><\/p>\n<p>Segons l&#8217;article 45 del Decret 102\/2010:<\/p>\n<p>1. El\/la director\/a , que el presideix.<\/p>\n<p>2. El\/la cap d&#8217;estudis.<\/p>\n<p>3. Un\/a representant de l&#8217;Ajuntament.<\/p>\n<p>4. Quatre representants del professorat elegits pel claustre.<\/p>\n<p>5. Quatre representants dels pares\/mares elegits entre ells. Un d&#8217;ells el designa l&#8217;AFA.<\/p>\n<p>6. Un\/a representant del personal d&#8217;administraci\u00f3 i serveis del centre.<\/p>\n<p>7. El\/la secretari\/a del centre que no \u00e9s membre del consell escolar per\u00f2 hi assisteix amb veu i sense vot i exerceix la secretaria del consell.<\/p>\n<p>En el Consell Escolar funcionen tres tipus de <strong>comissions<\/strong> a fi de facilitar i agilitzar actuacions i decisions que s\u00f3n necess\u00e0ries al llarg del curs, aquestes s\u00f3n: la Comissi\u00f3 Econ\u00f2mica, la de Conviv\u00e8ncia i la Permanent.<\/p>\n<p>Per impulsar mesures educatives que fomentin la igualtat real i efectiva entre homes i dones es designa en el s\u00ed del consell el referent de <strong>Coeducaci\u00f3 per a la igualtat de g\u00e8nere<\/strong> (d\u2019acord amb l\u2019article 126.2 de la LOE).<\/p>\n<p>&nbsp;<\/p>\n<p>&nbsp;<\/p>\n","protected":false},"excerpt":{"rendered":"<p>Membres del Consell Escolar<\/p>\n<p>Presidenta<br \/>\nMontserrat Balcells Pons<\/p>\n<p>Cap d\u2019estudis<br \/>\nAlbert Targa Muntan\u00e9<\/p>\n<p>Secret\u00e0ria<br \/>\nAnna Bertran Sol\u00e9<\/p>\n<p>Representant de l\u2019Ajuntament<br \/>\nM\u00f2nica Marquilles Canela<\/p>\n<p>Representants del professorat<br \/>\nNoem\u00ed Mart\u00ednez Bona<\/p>\n<p>Jordi Lluch Codina<\/p>\n<p>Judith Vendrell Gen\u00e9<\/p>\n<p>David Vendrell Coll<\/p>\n<p>Representants de pares i mares<br \/>\nS\u00edlvia Cerc\u00f3s Santacreu<\/p>\n<p>Judit Serra Silvestre<\/p>\n<p>Jordi Ingl\u00e9s Camats<\/p>\n<p>Aleix Bertran Alcrudo<\/p>\n<p>Representant de l\u2019AFA<br \/>\nAlaya Cases Sala<\/p>\n<p>Representant del PAS<br \/>\nN\u00faria Sin Arisa<\/p>\n<p>\u00c9s&hellip;  <a href=\"https:\/\/agora.xtec.cat\/ceipmacia-companys\/lescola\/consell-escolar\/\" title=\"Read Consell Escolar\">Llegeix m\u00e9s\u00bb<\/a><\/p>\n","protected":false},"author":1,"featured_media":0,"parent":22,"menu_order":6,"comment_status":"closed","ping_status":"closed","template":"page-templates\/side-menu.php","meta":{"_bbp_topic_count":0,"_bbp_reply_count":0,"_bbp_total_topic_count":0,"_bbp_total_reply_count":0,"_bbp_voice_count":0,"_bbp_anonymous_reply_count":0,"_bbp_topic_count_hidden":0,"_bbp_reply_count_hidden":0,"_bbp_forum_subforum_count":0,"footnotes":""},"class_list":["post-964","page","type-page","status-publish","hentry"],"post_mailing_queue_ids":[],"_links":{"self":[{"href":"https:\/\/agora.xtec.cat\/ceipmacia-companys\/wp-json\/wp\/v2\/pages\/964","targetHints":{"allow":["GET"]}}],"collection":[{"href":"https:\/\/agora.xtec.cat\/ceipmacia-companys\/wp-json\/wp\/v2\/pages"}],"about":[{"href":"https:\/\/agora.xtec.cat\/ceipmacia-companys\/wp-json\/wp\/v2\/types\/page"}],"author":[{"embeddable":true,"href":"https:\/\/agora.xtec.cat\/ceipmacia-companys\/wp-json\/wp\/v2\/users\/1"}],"replies":[{"embeddable":true,"href":"https:\/\/agora.xtec.cat\/ceipmacia-companys\/wp-json\/wp\/v2\/comments?post=964"}],"version-history":[{"count":6,"href":"https:\/\/agora.xtec.cat\/ceipmacia-companys\/wp-json\/wp\/v2\/pages\/964\/revisions"}],"predecessor-version":[{"id":21295,"href":"https:\/\/agora.xtec.cat\/ceipmacia-companys\/wp-json\/wp\/v2\/pages\/964\/revisions\/21295"}],"up":[{"embeddable":true,"href":"https:\/\/agora.xtec.cat\/ceipmacia-companys\/wp-json\/wp\/v2\/pages\/22"}],"wp:attachment":[{"href":"https:\/\/agora.xtec.cat\/ceipmacia-companys\/wp-json\/wp\/v2\/media?parent=964"}],"curies":[{"name":"wp","href":"https:\/\/api.w.org\/{rel}","templated":true}]}}