{"id":902,"date":"2018-01-21T16:38:26","date_gmt":"2018-01-21T15:38:26","guid":{"rendered":"http:\/\/agora.xtec.cat\/ceipmacia-companys\/?page_id=902"},"modified":"2018-01-21T16:48:58","modified_gmt":"2018-01-21T15:48:58","slug":"formacio-docent","status":"publish","type":"page","link":"https:\/\/agora.xtec.cat\/ceipmacia-companys\/professorat\/formacio-docent\/","title":{"rendered":"Formaci\u00f3 docent"},"content":{"rendered":"<p>Espai que recull materials elaborats per a activitats formatives, recursos meodol\u00f2gics i documentals, eines per treballar a les aules de prim\u00e0ria i tutorials.<\/p>\n<p><a href=\"https:\/\/sites.google.com\/site\/formaciomestres\/home\" target=\"_blank\" rel=\"noopener noreferrer\"><img loading=\"lazy\" decoding=\"async\" class=\"alignnone\" src=\"https:\/\/sites.google.com\/site\/formaciomestres\/_\/rsrc\/1468871425471\/home\/20131019_142035.jpg?height=200&amp;width=150\" alt=\"\" width=\"187\" height=\"249\" border=\"0\" \/><\/a><\/p>\n","protected":false},"excerpt":{"rendered":"<p>Espai que recull materials elaborats per a activitats formatives, recursos meodol\u00f2gics i documentals, eines per treballar a les aules de prim\u00e0ria i tutorials.<br \/>\n<a href=\"https:\/\/sites.google.com\/site\/formaciomestres\/home\" target=\"_blank\" rel=\"noopener noreferrer\"><\/a><\/p>\n","protected":false},"author":1,"featured_media":0,"parent":578,"menu_order":6,"comment_status":"closed","ping_status":"closed","template":"page-templates\/side-menu.php","meta":{"_bbp_topic_count":0,"_bbp_reply_count":0,"_bbp_total_topic_count":0,"_bbp_total_reply_count":0,"_bbp_voice_count":0,"_bbp_anonymous_reply_count":0,"_bbp_topic_count_hidden":0,"_bbp_reply_count_hidden":0,"_bbp_forum_subforum_count":0,"footnotes":""},"class_list":["post-902","page","type-page","status-publish","hentry"],"post_mailing_queue_ids":[],"_links":{"self":[{"href":"https:\/\/agora.xtec.cat\/ceipmacia-companys\/wp-json\/wp\/v2\/pages\/902","targetHints":{"allow":["GET"]}}],"collection":[{"href":"https:\/\/agora.xtec.cat\/ceipmacia-companys\/wp-json\/wp\/v2\/pages"}],"about":[{"href":"https:\/\/agora.xtec.cat\/ceipmacia-companys\/wp-json\/wp\/v2\/types\/page"}],"author":[{"embeddable":true,"href":"https:\/\/agora.xtec.cat\/ceipmacia-companys\/wp-json\/wp\/v2\/users\/1"}],"replies":[{"embeddable":true,"href":"https:\/\/agora.xtec.cat\/ceipmacia-companys\/wp-json\/wp\/v2\/comments?post=902"}],"version-history":[{"count":1,"href":"https:\/\/agora.xtec.cat\/ceipmacia-companys\/wp-json\/wp\/v2\/pages\/902\/revisions"}],"predecessor-version":[{"id":903,"href":"https:\/\/agora.xtec.cat\/ceipmacia-companys\/wp-json\/wp\/v2\/pages\/902\/revisions\/903"}],"up":[{"embeddable":true,"href":"https:\/\/agora.xtec.cat\/ceipmacia-companys\/wp-json\/wp\/v2\/pages\/578"}],"wp:attachment":[{"href":"https:\/\/agora.xtec.cat\/ceipmacia-companys\/wp-json\/wp\/v2\/media?parent=902"}],"curies":[{"name":"wp","href":"https:\/\/api.w.org\/{rel}","templated":true}]}}