{"id":899,"date":"2018-01-21T16:35:53","date_gmt":"2018-01-21T15:35:53","guid":{"rendered":"http:\/\/agora.xtec.cat\/ceipmacia-companys\/?page_id=899"},"modified":"2021-03-22T19:02:05","modified_gmt":"2021-03-22T18:02:05","slug":"espai-tac","status":"publish","type":"page","link":"https:\/\/agora.xtec.cat\/ceipmacia-companys\/professorat\/espai-tac\/","title":{"rendered":"Espai TAC"},"content":{"rendered":"<ul>\n<li>WEB de suport i documents per elaborar l&#8217;estrat\u00e8gia digital de centre:<\/li>\n<\/ul>\n<table style=\"width: 594px;\">\n<tbody>\n<tr>\n<td style=\"width: 385px;\"><a href=\"https:\/\/projectes.xtec.cat\/edc-suport\/\" target=\"_blank\" rel=\"noopener noreferrer\"><img loading=\"lazy\" decoding=\"async\" class=\"wp-image-16300 aligncenter\" style=\"font-size: 16px;\" src=\"https:\/\/agora.xtec.cat\/ceipmacia-companys\/wp-content\/uploads\/usu125\/2021\/03\/estrat\u00e8gia-digital-de-centre.jpg\" alt=\"\" width=\"305\" height=\"144\" srcset=\"https:\/\/agora.xtec.cat\/ceipmacia-companys\/wp-content\/uploads\/usu125\/2021\/03\/estrat\u00e8gia-digital-de-centre.jpg 366w, https:\/\/agora.xtec.cat\/ceipmacia-companys\/wp-content\/uploads\/usu125\/2021\/03\/estrat\u00e8gia-digital-de-centre-300x141.jpg 300w\" sizes=\"auto, (max-width: 305px) 100vw, 305px\" \/><\/a><\/td>\n<td style=\"width: 201px;\">DOCUMENT: <a href=\"https:\/\/drive.google.com\/file\/d\/1JpOBw5aV5CrViNxW9xUBJ-laWx5VDCXB\/view?usp=sharing\" target=\"_blank\" rel=\"noopener noreferrer\">ESTRAT\u00c8GIA DIGITAL DE CENTRE<\/a><\/td>\n<\/tr>\n<tr>\n<td style=\"width: 385px;\"><img loading=\"lazy\" decoding=\"async\" class=\"wp-image-16302 size-medium aligncenter\" src=\"https:\/\/agora.xtec.cat\/ceipmacia-companys\/wp-content\/uploads\/usu125\/2021\/03\/orientacions-avaluaci\u00f3-comp_alumnat-300x201.jpg\" alt=\"\" width=\"300\" height=\"201\" srcset=\"https:\/\/agora.xtec.cat\/ceipmacia-companys\/wp-content\/uploads\/usu125\/2021\/03\/orientacions-avaluaci\u00f3-comp_alumnat-300x201.jpg 300w, https:\/\/agora.xtec.cat\/ceipmacia-companys\/wp-content\/uploads\/usu125\/2021\/03\/orientacions-avaluaci\u00f3-comp_alumnat.jpg 734w\" sizes=\"auto, (max-width: 300px) 100vw, 300px\" \/><\/td>\n<td style=\"width: 201px;\">DOCUMENT:<\/p>\n<p><a href=\"https:\/\/drive.google.com\/file\/d\/1uBIOjOXlg5NAensudtgxJg45kHhYxE8x\/view?usp=sharing\" target=\"_blank\" rel=\"noopener noreferrer\">ORIENTACIONS PER A L&#8217;AVALUACI\u00d3 DE LA COMPET\u00c8NCIA DIGITAL DE L&#8217;ALUMNAT A PRIM\u00c0RIA.<\/a><\/td>\n<\/tr>\n<\/tbody>\n<\/table>\n<ul>\n<li>BLOG: Espai TAC del professorat, un <strong>espai digital<\/strong> on compartim el que fem i sabem:<\/li>\n<\/ul>\n<p><a href=\"http:\/\/escolamaciacompanystac.blogspot.com.es\/\" target=\"_blank\" rel=\"noopener noreferrer\"><img loading=\"lazy\" decoding=\"async\" class=\"alignnone wp-image-900\" src=\"http:\/\/agora.xtec.cat\/ceipmacia-companys\/wp-content\/uploads\/usu125\/2018\/01\/tac-1024x199.jpg\" alt=\"\" width=\"591\" height=\"115\" srcset=\"https:\/\/agora.xtec.cat\/ceipmacia-companys\/wp-content\/uploads\/usu125\/2018\/01\/tac-1024x199.jpg 1024w, https:\/\/agora.xtec.cat\/ceipmacia-companys\/wp-content\/uploads\/usu125\/2018\/01\/tac-300x58.jpg 300w, https:\/\/agora.xtec.cat\/ceipmacia-companys\/wp-content\/uploads\/usu125\/2018\/01\/tac-768x149.jpg 768w, https:\/\/agora.xtec.cat\/ceipmacia-companys\/wp-content\/uploads\/usu125\/2018\/01\/tac.jpg 1129w\" sizes=\"auto, (max-width: 591px) 100vw, 591px\" \/><\/a><\/p>\n","protected":false},"excerpt":{"rendered":"<ul>\n<li>WEB de suport i documents per elaborar l&#8217;estrat\u00e8gia digital de centre:<\/li>\n<\/ul>\n<p><a href=\"https:\/\/projectes.xtec.cat\/edc-suport\/\" target=\"_blank\" rel=\"noopener noreferrer\"><\/a><br \/>\nDOCUMENT: <a href=\"https:\/\/drive.google.com\/file\/d\/1JpOBw5aV5CrViNxW9xUBJ-laWx5VDCXB\/view?usp=sharing\" target=\"_blank\" rel=\"noopener noreferrer\">ESTRAT\u00c8GIA DIGITAL DE CENTRE<\/a><\/p>\n<p>DOCUMENT:<br \/>\n<a href=\"https:\/\/drive.google.com\/file\/d\/1uBIOjOXlg5NAensudtgxJg45kHhYxE8x\/view?usp=sharing\" target=\"_blank\" rel=\"noopener noreferrer\">ORIENTACIONS PER A L&#8217;AVALUACI\u00d3 DE LA COMPET\u00c8NCIA DIGITAL DE L&#8217;ALUMNAT A PRIM\u00c0RIA.<\/a><\/p>\n<ul>\n<li>BLOG: Espai TAC del professorat, un espai digital&hellip;  <a href=\"https:\/\/agora.xtec.cat\/ceipmacia-companys\/professorat\/espai-tac\/\" title=\"Read Espai TAC\">Llegeix m\u00e9s\u00bb<\/a><br \/>\n","protected":false},"author":1,"featured_media":0,"parent":578,"menu_order":5,"comment_status":"closed","ping_status":"closed","template":"page-templates\/side-menu.php","meta":{"_bbp_topic_count":0,"_bbp_reply_count":0,"_bbp_total_topic_count":0,"_bbp_total_reply_count":0,"_bbp_voice_count":0,"_bbp_anonymous_reply_count":0,"_bbp_topic_count_hidden":0,"_bbp_reply_count_hidden":0,"_bbp_forum_subforum_count":0,"footnotes":""},"class_list":["post-899","page","type-page","status-publish","hentry"],"post_mailing_queue_ids":[],"_links":{"self":[{"href":"https:\/\/agora.xtec.cat\/ceipmacia-companys\/wp-json\/wp\/v2\/pages\/899","targetHints":{"allow":["GET"]}}],"collection":[{"href":"https:\/\/agora.xtec.cat\/ceipmacia-companys\/wp-json\/wp\/v2\/pages"}],"about":[{"href":"https:\/\/agora.xtec.cat\/ceipmacia-companys\/wp-json\/wp\/v2\/types\/page"}],"author":[{"embeddable":true,"href":"https:\/\/agora.xtec.cat\/ceipmacia-companys\/wp-json\/wp\/v2\/users\/1"}],"replies":[{"embeddable":true,"href":"https:\/\/agora.xtec.cat\/ceipmacia-companys\/wp-json\/wp\/v2\/comments?post=899"}],"version-history":[{"count":3,"href":"https:\/\/agora.xtec.cat\/ceipmacia-companys\/wp-json\/wp\/v2\/pages\/899\/revisions"}],"predecessor-version":[{"id":16304,"href":"https:\/\/agora.xtec.cat\/ceipmacia-companys\/wp-json\/wp\/v2\/pages\/899\/revisions\/16304"}],"up":[{"embeddable":true,"href":"https:\/\/agora.xtec.cat\/ceipmacia-companys\/wp-json\/wp\/v2\/pages\/578"}],"wp:attachment":[{"href":"https:\/\/agora.xtec.cat\/ceipmacia-companys\/wp-json\/wp\/v2\/media?parent=899"}],"curies":[{"name":"wp","href":"https:\/\/api.w.org\/{rel}","templated":true}]}}