{"id":859,"date":"2018-01-20T17:05:17","date_gmt":"2018-01-20T16:05:17","guid":{"rendered":"http:\/\/agora.xtec.cat\/ceipmacia-companys\/?page_id=859"},"modified":"2018-01-20T17:13:17","modified_gmt":"2018-01-20T16:13:17","slug":"nomenclatura-de-les-qualificacions","status":"publish","type":"page","link":"https:\/\/agora.xtec.cat\/ceipmacia-companys\/families\/avaluacio-primaria\/nomenclatura-de-les-qualificacions\/","title":{"rendered":"Nomenclatura de les qualificacions"},"content":{"rendered":"<p>Per qualificar l\u2019assoliment de les compet\u00e8ncies s\u2019utilitza la seg\u00fcent nomenclatura, tal i com es mostra en la seg\u00fcent taula amb les seves equival\u00e8ncies:<\/p>\n<ul>\n<li>AE: Assoliment Excel\u00b7lent (9 o 10)<\/li>\n<li>AN: Assoliment Notable (7 o 8)<\/li>\n<li>AS: Assoliment satisfactori (5 o 6)<\/li>\n<li>NA: No-assoliment (1,2,3 o 4)<\/li>\n<\/ul>\n","protected":false},"excerpt":{"rendered":"<p>Per qualificar l\u2019assoliment de les compet\u00e8ncies s\u2019utilitza la seg\u00fcent nomenclatura, tal i com es mostra en la seg\u00fcent taula amb les seves equival\u00e8ncies:<\/p>\n<ul>\n<li>AE: Assoliment Excel\u00b7lent (9 o 10)<\/li>\n<li>AN: Assoliment Notable (7 o 8)<\/li>\n<li>AS: Assoliment satisfactori (5 o 6)<\/li>\n<li>NA: No-assoliment (1,2,3 o 4)<\/li>\n<\/ul>\n","protected":false},"author":1,"featured_media":0,"parent":853,"menu_order":0,"comment_status":"closed","ping_status":"closed","template":"page-templates\/side-menu.php","meta":{"_bbp_topic_count":0,"_bbp_reply_count":0,"_bbp_total_topic_count":0,"_bbp_total_reply_count":0,"_bbp_voice_count":0,"_bbp_anonymous_reply_count":0,"_bbp_topic_count_hidden":0,"_bbp_reply_count_hidden":0,"_bbp_forum_subforum_count":0,"footnotes":""},"class_list":["post-859","page","type-page","status-publish","hentry"],"post_mailing_queue_ids":[],"_links":{"self":[{"href":"https:\/\/agora.xtec.cat\/ceipmacia-companys\/wp-json\/wp\/v2\/pages\/859","targetHints":{"allow":["GET"]}}],"collection":[{"href":"https:\/\/agora.xtec.cat\/ceipmacia-companys\/wp-json\/wp\/v2\/pages"}],"about":[{"href":"https:\/\/agora.xtec.cat\/ceipmacia-companys\/wp-json\/wp\/v2\/types\/page"}],"author":[{"embeddable":true,"href":"https:\/\/agora.xtec.cat\/ceipmacia-companys\/wp-json\/wp\/v2\/users\/1"}],"replies":[{"embeddable":true,"href":"https:\/\/agora.xtec.cat\/ceipmacia-companys\/wp-json\/wp\/v2\/comments?post=859"}],"version-history":[{"count":1,"href":"https:\/\/agora.xtec.cat\/ceipmacia-companys\/wp-json\/wp\/v2\/pages\/859\/revisions"}],"predecessor-version":[{"id":860,"href":"https:\/\/agora.xtec.cat\/ceipmacia-companys\/wp-json\/wp\/v2\/pages\/859\/revisions\/860"}],"up":[{"embeddable":true,"href":"https:\/\/agora.xtec.cat\/ceipmacia-companys\/wp-json\/wp\/v2\/pages\/853"}],"wp:attachment":[{"href":"https:\/\/agora.xtec.cat\/ceipmacia-companys\/wp-json\/wp\/v2\/media?parent=859"}],"curies":[{"name":"wp","href":"https:\/\/api.w.org\/{rel}","templated":true}]}}