{"id":732,"date":"2017-12-16T00:20:19","date_gmt":"2017-12-15T23:20:19","guid":{"rendered":"http:\/\/agora.xtec.cat\/ceipmacia-companys\/?page_id=732"},"modified":"2025-09-24T20:20:51","modified_gmt":"2025-09-24T18:20:51","slug":"benvinguda","status":"publish","type":"page","link":"https:\/\/agora.xtec.cat\/ceipmacia-companys\/benvinguda\/","title":{"rendered":"Benvinguda"},"content":{"rendered":"<p><strong>Vine a con\u00e8ixer l&#8217;escola <\/strong><\/p>\n<p>A la seg\u00fcent presentaci\u00f3 trobareu informaci\u00f3 corresponent a:<\/p>\n<ul style=\"list-style-type: circle;\">\n<li>Organitzaci\u00f3 i funcionament del centre.<\/li>\n<li>Projectes escolars.<\/li>\n<li>L&#8217;AFA (Associaci\u00f3 de Fam\u00edlies d&#8217;Alumnes).<\/li>\n<\/ul>\n<p><iframe loading=\"lazy\" src=\"https:\/\/docs.google.com\/presentation\/d\/e\/2PACX-1vSWBpv-bhJgnhJGuhPSXj7J2veuh89ySHAaANQ-EhMha1iOaovUAPt8MbIAp0K1yg\/pubembed?start=true&#038;loop=false&#038;delayms=3000\" frameborder=\"0\" width=\"960\" height=\"749\" allowfullscreen=\"true\" mozallowfullscreen=\"true\" webkitallowfullscreen=\"true\"><\/iframe><\/p>\n","protected":false},"excerpt":{"rendered":"<p>Vine a con\u00e8ixer l&#8217;escola<br \/>\nA la seg\u00fcent presentaci\u00f3 trobareu informaci\u00f3 corresponent a:<\/p>\n<ul style=\"list-style-type: circle;\">\n<li>Organitzaci\u00f3 i funcionament del centre.<\/li>\n<li>Projectes escolars.<\/li>\n<li>L&#8217;AFA (Associaci\u00f3 de Fam\u00edlies d&#8217;Alumnes).<\/li>\n<\/ul>\n","protected":false},"author":1,"featured_media":0,"parent":0,"menu_order":0,"comment_status":"closed","ping_status":"closed","template":"","meta":{"_bbp_topic_count":0,"_bbp_reply_count":0,"_bbp_total_topic_count":0,"_bbp_total_reply_count":0,"_bbp_voice_count":0,"_bbp_anonymous_reply_count":0,"_bbp_topic_count_hidden":0,"_bbp_reply_count_hidden":0,"_bbp_forum_subforum_count":0,"footnotes":""},"class_list":["post-732","page","type-page","status-publish","hentry"],"post_mailing_queue_ids":[],"_links":{"self":[{"href":"https:\/\/agora.xtec.cat\/ceipmacia-companys\/wp-json\/wp\/v2\/pages\/732","targetHints":{"allow":["GET"]}}],"collection":[{"href":"https:\/\/agora.xtec.cat\/ceipmacia-companys\/wp-json\/wp\/v2\/pages"}],"about":[{"href":"https:\/\/agora.xtec.cat\/ceipmacia-companys\/wp-json\/wp\/v2\/types\/page"}],"author":[{"embeddable":true,"href":"https:\/\/agora.xtec.cat\/ceipmacia-companys\/wp-json\/wp\/v2\/users\/1"}],"replies":[{"embeddable":true,"href":"https:\/\/agora.xtec.cat\/ceipmacia-companys\/wp-json\/wp\/v2\/comments?post=732"}],"version-history":[{"count":6,"href":"https:\/\/agora.xtec.cat\/ceipmacia-companys\/wp-json\/wp\/v2\/pages\/732\/revisions"}],"predecessor-version":[{"id":21016,"href":"https:\/\/agora.xtec.cat\/ceipmacia-companys\/wp-json\/wp\/v2\/pages\/732\/revisions\/21016"}],"wp:attachment":[{"href":"https:\/\/agora.xtec.cat\/ceipmacia-companys\/wp-json\/wp\/v2\/media?parent=732"}],"curies":[{"name":"wp","href":"https:\/\/api.w.org\/{rel}","templated":true}]}}