{"id":7140,"date":"2019-01-24T17:57:00","date_gmt":"2019-01-24T16:57:00","guid":{"rendered":"http:\/\/agora.xtec.cat\/ceipmacia-companys\/?page_id=7140"},"modified":"2023-05-30T22:23:16","modified_gmt":"2023-05-30T20:23:16","slug":"inscripcions-ampa","status":"publish","type":"page","link":"https:\/\/agora.xtec.cat\/ceipmacia-companys\/secretaria\/inscripcions-ampa\/","title":{"rendered":"Socialitzaci\u00f3 llibres de text AFA"},"content":{"rendered":"<p><strong>SOCIALITZACI\u00d3 DE LLIBRES DE TEXT 3r &#8211; 6\u00e8.<\/strong><\/p>\n<p>PROGRAMA DE SOCIALITZACI\u00d3 <a href=\"https:\/\/drive.google.com\/file\/d\/1NW4Q3XuaxsOuXJnNkxXyRClmbJoj0G5F\/view?usp=share_link\">clica aqu\u00ed\u00a0<\/a><\/p>\n<p>CARTA COMPROM\u00cdS FAM\u00cdLIES <a href=\"https:\/\/drive.google.com\/file\/d\/1PBni6zQ7sZFLuCSxxXWAspBz9qtMANbL\/view?usp=share_link\">clica aqu\u00ed<\/a><\/p>\n<p><img loading=\"lazy\" decoding=\"async\" class=\"size-thumbnail wp-image-17184 alignnone\" src=\"https:\/\/agora.xtec.cat\/ceipmacia-companys\/wp-content\/uploads\/usu125\/2021\/10\/Logo-AFA-2-150x150.jpg\" alt=\"\" width=\"150\" height=\"150\" \/>\u00a0 \u00a0 \u00a0 \u00a0 \u00a0 \u00a0 \u00a0 \u00a0 \u00a0 \u00a0 \u00a0 \u00a0 \u00a0 \u00a0 \u00a0 \u00a0 \u00a0 \u00a0 \u00a0 \u00a0 \u00a0 \u00a0 \u00a0 \u00a0 \u00a0 \u00a0 \u00a0 \u00a0 \u00a0 \u00a0 \u00a0<img loading=\"lazy\" decoding=\"async\" class=\"wp-image-18552  alignnone\" src=\"https:\/\/agora.xtec.cat\/ceipmacia-companys\/wp-content\/uploads\/usu125\/2022\/06\/202107_socialitzacio.jpg\" alt=\"\" width=\"563\" height=\"422\" srcset=\"https:\/\/agora.xtec.cat\/ceipmacia-companys\/wp-content\/uploads\/usu125\/2022\/06\/202107_socialitzacio.jpg 1024w, https:\/\/agora.xtec.cat\/ceipmacia-companys\/wp-content\/uploads\/usu125\/2022\/06\/202107_socialitzacio-300x225.jpg 300w, https:\/\/agora.xtec.cat\/ceipmacia-companys\/wp-content\/uploads\/usu125\/2022\/06\/202107_socialitzacio-768x576.jpg 768w, https:\/\/agora.xtec.cat\/ceipmacia-companys\/wp-content\/uploads\/usu125\/2022\/06\/202107_socialitzacio-200x150.jpg 200w\" sizes=\"auto, (max-width: 563px) 100vw, 563px\" \/><\/p>\n<p>&nbsp;<\/p>\n<p>&nbsp;<\/p>\n<p>&nbsp;<\/p>\n","protected":false},"excerpt":{"rendered":"<p>SOCIALITZACI\u00d3 DE LLIBRES DE TEXT 3r &#8211; 6\u00e8.<br \/>\nPROGRAMA DE SOCIALITZACI\u00d3 <a href=\"https:\/\/drive.google.com\/file\/d\/1NW4Q3XuaxsOuXJnNkxXyRClmbJoj0G5F\/view?usp=share_link\">clica aqu\u00ed\u00a0<\/a><br \/>\nCARTA COMPROM\u00cdS FAM\u00cdLIES <a href=\"https:\/\/drive.google.com\/file\/d\/1PBni6zQ7sZFLuCSxxXWAspBz9qtMANbL\/view?usp=share_link\">clica aqu\u00ed<\/a><br \/>\n\u00a0 \u00a0 \u00a0 \u00a0 \u00a0 \u00a0 \u00a0 \u00a0 \u00a0 \u00a0 \u00a0 \u00a0 \u00a0 \u00a0 \u00a0 \u00a0 \u00a0 \u00a0 \u00a0 \u00a0 \u00a0 \u00a0 \u00a0 \u00a0 \u00a0 \u00a0 \u00a0 \u00a0&hellip;  <a href=\"https:\/\/agora.xtec.cat\/ceipmacia-companys\/secretaria\/inscripcions-ampa\/\" title=\"Read Socialitzaci\u00f3 llibres de text AFA\">Llegeix m\u00e9s\u00bb<\/a><\/p>\n","protected":false},"author":1,"featured_media":0,"parent":644,"menu_order":9,"comment_status":"closed","ping_status":"closed","template":"page-templates\/side-menu.php","meta":{"_bbp_topic_count":0,"_bbp_reply_count":0,"_bbp_total_topic_count":0,"_bbp_total_reply_count":0,"_bbp_voice_count":0,"_bbp_anonymous_reply_count":0,"_bbp_topic_count_hidden":0,"_bbp_reply_count_hidden":0,"_bbp_forum_subforum_count":0,"footnotes":""},"class_list":["post-7140","page","type-page","status-publish","hentry"],"post_mailing_queue_ids":[],"_links":{"self":[{"href":"https:\/\/agora.xtec.cat\/ceipmacia-companys\/wp-json\/wp\/v2\/pages\/7140","targetHints":{"allow":["GET"]}}],"collection":[{"href":"https:\/\/agora.xtec.cat\/ceipmacia-companys\/wp-json\/wp\/v2\/pages"}],"about":[{"href":"https:\/\/agora.xtec.cat\/ceipmacia-companys\/wp-json\/wp\/v2\/types\/page"}],"author":[{"embeddable":true,"href":"https:\/\/agora.xtec.cat\/ceipmacia-companys\/wp-json\/wp\/v2\/users\/1"}],"replies":[{"embeddable":true,"href":"https:\/\/agora.xtec.cat\/ceipmacia-companys\/wp-json\/wp\/v2\/comments?post=7140"}],"version-history":[{"count":3,"href":"https:\/\/agora.xtec.cat\/ceipmacia-companys\/wp-json\/wp\/v2\/pages\/7140\/revisions"}],"predecessor-version":[{"id":19956,"href":"https:\/\/agora.xtec.cat\/ceipmacia-companys\/wp-json\/wp\/v2\/pages\/7140\/revisions\/19956"}],"up":[{"embeddable":true,"href":"https:\/\/agora.xtec.cat\/ceipmacia-companys\/wp-json\/wp\/v2\/pages\/644"}],"wp:attachment":[{"href":"https:\/\/agora.xtec.cat\/ceipmacia-companys\/wp-json\/wp\/v2\/media?parent=7140"}],"curies":[{"name":"wp","href":"https:\/\/api.w.org\/{rel}","templated":true}]}}