{"id":7093,"date":"2019-01-10T12:27:29","date_gmt":"2019-01-10T11:27:29","guid":{"rendered":"http:\/\/agora.xtec.cat\/ceipmacia-companys\/?page_id=7093"},"modified":"2019-01-11T10:57:03","modified_gmt":"2019-01-11T09:57:03","slug":"bustia-de-suggeriments","status":"publish","type":"page","link":"https:\/\/agora.xtec.cat\/ceipmacia-companys\/bustia-de-suggeriments\/","title":{"rendered":"B\u00daSTIA DE SUGGERIMENTS"},"content":{"rendered":"<p>Si teniu algun suggeriment podeu enviar-nos un correu electr\u00f2nic a la seg\u00fcent adre\u00e7a.<\/p>\n<p><a href=\"mailto:c5000067@xtec.cat?Subject=Vull%20fer%20un%20suggeriment\">Correu electr\u00f2nic<\/a><\/p>\n<p>&nbsp;<\/p>\n","protected":false},"excerpt":{"rendered":"<p>Si teniu algun suggeriment podeu enviar-nos un correu electr\u00f2nic a la seg\u00fcent adre\u00e7a.<br \/>\n<a href=\"mailto:c5000067@xtec.cat?Subject=Vull%20fer%20un%20suggeriment\">Correu electr\u00f2nic<\/a><br \/>\n&nbsp;<\/p>\n","protected":false},"author":1,"featured_media":0,"parent":0,"menu_order":0,"comment_status":"closed","ping_status":"closed","template":"","meta":{"_bbp_topic_count":0,"_bbp_reply_count":0,"_bbp_total_topic_count":0,"_bbp_total_reply_count":0,"_bbp_voice_count":0,"_bbp_anonymous_reply_count":0,"_bbp_topic_count_hidden":0,"_bbp_reply_count_hidden":0,"_bbp_forum_subforum_count":0,"footnotes":""},"class_list":["post-7093","page","type-page","status-publish","hentry"],"post_mailing_queue_ids":[],"_links":{"self":[{"href":"https:\/\/agora.xtec.cat\/ceipmacia-companys\/wp-json\/wp\/v2\/pages\/7093","targetHints":{"allow":["GET"]}}],"collection":[{"href":"https:\/\/agora.xtec.cat\/ceipmacia-companys\/wp-json\/wp\/v2\/pages"}],"about":[{"href":"https:\/\/agora.xtec.cat\/ceipmacia-companys\/wp-json\/wp\/v2\/types\/page"}],"author":[{"embeddable":true,"href":"https:\/\/agora.xtec.cat\/ceipmacia-companys\/wp-json\/wp\/v2\/users\/1"}],"replies":[{"embeddable":true,"href":"https:\/\/agora.xtec.cat\/ceipmacia-companys\/wp-json\/wp\/v2\/comments?post=7093"}],"version-history":[{"count":3,"href":"https:\/\/agora.xtec.cat\/ceipmacia-companys\/wp-json\/wp\/v2\/pages\/7093\/revisions"}],"predecessor-version":[{"id":7101,"href":"https:\/\/agora.xtec.cat\/ceipmacia-companys\/wp-json\/wp\/v2\/pages\/7093\/revisions\/7101"}],"wp:attachment":[{"href":"https:\/\/agora.xtec.cat\/ceipmacia-companys\/wp-json\/wp\/v2\/media?parent=7093"}],"curies":[{"name":"wp","href":"https:\/\/api.w.org\/{rel}","templated":true}]}}