{"id":681,"date":"2017-12-14T15:46:30","date_gmt":"2017-12-14T14:46:30","guid":{"rendered":"http:\/\/agora.xtec.cat\/ceipmacia-companys\/?page_id=681"},"modified":"2025-11-26T21:59:09","modified_gmt":"2025-11-26T20:59:09","slug":"transport","status":"publish","type":"page","link":"https:\/\/agora.xtec.cat\/ceipmacia-companys\/secretaria\/transport\/","title":{"rendered":"Transport escolar"},"content":{"rendered":"<p><img loading=\"lazy\" decoding=\"async\" class=\"alignleft wp-image-704\" src=\"http:\/\/agora.xtec.cat\/ceipmacia-companys\/wp-content\/uploads\/usu125\/2017\/12\/b01-1.jpg\" alt=\"\" width=\"310\" height=\"184\" srcset=\"https:\/\/agora.xtec.cat\/ceipmacia-companys\/wp-content\/uploads\/usu125\/2017\/12\/b01-1.jpg 362w, https:\/\/agora.xtec.cat\/ceipmacia-companys\/wp-content\/uploads\/usu125\/2017\/12\/b01-1-300x178.jpg 300w\" sizes=\"auto, (max-width: 310px) 100vw, 310px\" \/><\/p>\n<p>&nbsp;<\/p>\n<p>&nbsp;<\/p>\n<p><strong>2025-26 Horari rutes de transport escolar <a href=\"https:\/\/drive.google.com\/file\/d\/1-QwjAa50kfJtZxcjZLpKuyqLVyhh5RGd\/view?usp=sharing\">(cliqueu)<\/a>.<\/strong><\/p>\n<p>&nbsp;<\/p>\n<p>&nbsp;<\/p>\n<table style=\"height: 260px; width: 711px;\">\n<tbody>\n<tr style=\"height: 86px;\">\n<td style=\"width: 515px; height: 86px;\">Sol\u00b7licitud del servei de transport escolar i del menjador escolar <strong>obligatori<\/strong>. Alumnat d&#8217;Oss\u00f3 de Si\u00f3, Bellver d&#8217;Oss\u00f3, Castellnou d&#8217;Oss\u00f3 i Montfalc\u00f3.<\/td>\n<td style=\"width: 188px; height: 86px; text-align: center;\"><a href=\"https:\/\/docs.google.com\/document\/d\/1E3foN-m7Uri9E6OImcF6UDBhUIUl-PdC\/edit?usp=sharing&amp;ouid=114991868172484282514&amp;rtpof=true&amp;sd=true\">\u00a0Butlleta 2025-26<\/a><\/td>\n<\/tr>\n<tr style=\"height: 74px;\">\n<td style=\"width: 515px; height: 74px;\">Sol\u00b7licitud del servei de transport escolar i del menjador escolar <strong>NO obligatori. <\/strong>Pobles agregats: Mafet, Montclar, Almenara Alta i La Donzell.<strong><br \/>\n<\/strong><\/td>\n<td style=\"width: 188px; height: 74px; text-align: center;\"><a href=\"https:\/\/docs.google.com\/document\/d\/1hHd3HqDQMxvwx47m9S9N_ahf0lHg-qrb\/edit?usp=sharing&amp;ouid=114991868172484282514&amp;rtpof=true&amp;sd=true\">Butlleta 2025-26<\/a><\/td>\n<\/tr>\n<tr>\n<td style=\"width: 515px;\">Sol\u00b7licitud del servei de transport escolar i del menjador escolar alumnat Ucra\u00efna<strong>.<\/strong><\/td>\n<td style=\"width: 188px; text-align: center;\"><a href=\"https:\/\/docs.google.com\/document\/d\/1fh8lqxkCxHtK0BLB7sYPPSAydu4UnToq\/edit?usp=sharing&amp;ouid=114991868172484282514&amp;rtpof=true&amp;sd=true\">Butlleta 2025-26<\/a><\/td>\n<\/tr>\n<tr style=\"height: 128px;\">\n<td style=\"width: 515px; height: 128px;\"><a href=\"https:\/\/drive.google.com\/file\/d\/1mxEcyTrDSbp91fU-cLzVAgjTCgVr9acA\/view?usp=sharing\">PROTOCOL EN CAS D&#8217;EMERG\u00c8NCIES PER INCLIM\u00c8NCIES METEREOL\u00d2GIQUES<\/a><\/td>\n<td style=\"width: 188px; height: 128px;\"><img loading=\"lazy\" decoding=\"async\" class=\"alignnone wp-image-709\" src=\"http:\/\/agora.xtec.cat\/ceipmacia-companys\/wp-content\/uploads\/usu125\/2017\/12\/neu-1-1024x763.jpg\" alt=\"\" width=\"177\" height=\"132\" srcset=\"https:\/\/agora.xtec.cat\/ceipmacia-companys\/wp-content\/uploads\/usu125\/2017\/12\/neu-1-1024x763.jpg 1024w, https:\/\/agora.xtec.cat\/ceipmacia-companys\/wp-content\/uploads\/usu125\/2017\/12\/neu-1-300x224.jpg 300w, https:\/\/agora.xtec.cat\/ceipmacia-companys\/wp-content\/uploads\/usu125\/2017\/12\/neu-1-768x573.jpg 768w, https:\/\/agora.xtec.cat\/ceipmacia-companys\/wp-content\/uploads\/usu125\/2017\/12\/neu-1-200x150.jpg 200w, https:\/\/agora.xtec.cat\/ceipmacia-companys\/wp-content\/uploads\/usu125\/2017\/12\/neu-1.jpg 1297w\" sizes=\"auto, (max-width: 177px) 100vw, 177px\" \/><\/td>\n<\/tr>\n<\/tbody>\n<\/table>\n","protected":false},"excerpt":{"rendered":"<p>&nbsp;<br \/>\n&nbsp;<br \/>\n2025-26 Horari rutes de transport escolar <a href=\"https:\/\/drive.google.com\/file\/d\/1-QwjAa50kfJtZxcjZLpKuyqLVyhh5RGd\/view?usp=sharing\">(cliqueu)<\/a>.<br \/>\n&nbsp;<br \/>\n&nbsp;<\/p>\n<p>Sol\u00b7licitud del servei de transport escolar i del menjador escolar obligatori. Alumnat d&#8217;Oss\u00f3 de Si\u00f3, Bellver d&#8217;Oss\u00f3, Castellnou d&#8217;Oss\u00f3 i Montfalc\u00f3.<br \/>\n<a href=\"https:\/\/docs.google.com\/document\/d\/1E3foN-m7Uri9E6OImcF6UDBhUIUl-PdC\/edit?usp=sharing&amp;ouid=114991868172484282514&amp;rtpof=true&amp;sd=true\">\u00a0Butlleta 2025-26<\/a><\/p>\n<p>Sol\u00b7licitud del servei de transport escolar i del menjador escolar NO obligatori. Pobles agregats: Mafet, Montclar,&hellip;  <a href=\"https:\/\/agora.xtec.cat\/ceipmacia-companys\/secretaria\/transport\/\" title=\"Read Transport escolar\">Llegeix m\u00e9s\u00bb<\/a><\/p>\n","protected":false},"author":1,"featured_media":0,"parent":644,"menu_order":11,"comment_status":"closed","ping_status":"closed","template":"page-templates\/side-menu.php","meta":{"_bbp_topic_count":0,"_bbp_reply_count":0,"_bbp_total_topic_count":0,"_bbp_total_reply_count":0,"_bbp_voice_count":0,"_bbp_anonymous_reply_count":0,"_bbp_topic_count_hidden":0,"_bbp_reply_count_hidden":0,"_bbp_forum_subforum_count":0,"footnotes":""},"class_list":["post-681","page","type-page","status-publish","hentry"],"post_mailing_queue_ids":[],"_links":{"self":[{"href":"https:\/\/agora.xtec.cat\/ceipmacia-companys\/wp-json\/wp\/v2\/pages\/681","targetHints":{"allow":["GET"]}}],"collection":[{"href":"https:\/\/agora.xtec.cat\/ceipmacia-companys\/wp-json\/wp\/v2\/pages"}],"about":[{"href":"https:\/\/agora.xtec.cat\/ceipmacia-companys\/wp-json\/wp\/v2\/types\/page"}],"author":[{"embeddable":true,"href":"https:\/\/agora.xtec.cat\/ceipmacia-companys\/wp-json\/wp\/v2\/users\/1"}],"replies":[{"embeddable":true,"href":"https:\/\/agora.xtec.cat\/ceipmacia-companys\/wp-json\/wp\/v2\/comments?post=681"}],"version-history":[{"count":6,"href":"https:\/\/agora.xtec.cat\/ceipmacia-companys\/wp-json\/wp\/v2\/pages\/681\/revisions"}],"predecessor-version":[{"id":21124,"href":"https:\/\/agora.xtec.cat\/ceipmacia-companys\/wp-json\/wp\/v2\/pages\/681\/revisions\/21124"}],"up":[{"embeddable":true,"href":"https:\/\/agora.xtec.cat\/ceipmacia-companys\/wp-json\/wp\/v2\/pages\/644"}],"wp:attachment":[{"href":"https:\/\/agora.xtec.cat\/ceipmacia-companys\/wp-json\/wp\/v2\/media?parent=681"}],"curies":[{"name":"wp","href":"https:\/\/api.w.org\/{rel}","templated":true}]}}