{"id":655,"date":"2017-12-01T22:21:31","date_gmt":"2017-12-01T21:21:31","guid":{"rendered":"http:\/\/agora.xtec.cat\/ceipmacia-companys\/?page_id=655"},"modified":"2025-08-29T11:02:59","modified_gmt":"2025-08-29T09:02:59","slug":"llibres-text","status":"publish","type":"page","link":"https:\/\/agora.xtec.cat\/ceipmacia-companys\/secretaria\/llibres-text\/","title":{"rendered":"Llibres de text &#8211; Deures estiu"},"content":{"rendered":"<p><span style=\"color: #ffcc00;\"><strong>DEURES ESTIU\u00a0<\/strong><\/span><\/p>\n<table style=\"width: 430px; height: 120px;\">\n<tbody>\n<tr style=\"height: 120px;\">\n<td style=\"width: 206.667px; height: 120px;\"><img loading=\"lazy\" decoding=\"async\" class=\"aligncenter wp-image-14272\" src=\"https:\/\/agora.xtec.cat\/ceipmacia-companys\/wp-content\/uploads\/usu125\/2020\/06\/nens-piscina.jpg\" alt=\"\" width=\"153\" height=\"114\" srcset=\"https:\/\/agora.xtec.cat\/ceipmacia-companys\/wp-content\/uploads\/usu125\/2020\/06\/nens-piscina.jpg 259w, https:\/\/agora.xtec.cat\/ceipmacia-companys\/wp-content\/uploads\/usu125\/2020\/06\/nens-piscina-200x150.jpg 200w\" sizes=\"auto, (max-width: 153px) 100vw, 153px\" \/><\/td>\n<td style=\"width: 217.778px; height: 120px;\"><img loading=\"lazy\" decoding=\"async\" class=\"alignleft wp-image-14278 size-full\" src=\"https:\/\/agora.xtec.cat\/ceipmacia-companys\/wp-content\/uploads\/usu125\/2020\/06\/deures-estiu_gran_cartell-web.jpg\" alt=\"\" width=\"300\" height=\"269\" \/><\/td>\n<\/tr>\n<\/tbody>\n<\/table>\n<p><strong><span style=\"color: #ff6600;\">LLIBRES CICLE INICIAL<\/span><\/strong><\/p>\n<table style=\"height: 72px;\" width=\"432\">\n<tbody>\n<tr>\n<td style=\"width: 212px;\"><a href=\"https:\/\/drive.google.com\/file\/d\/1zfAYLgssJE3mFCPAqwCQbAd93rkclBEo\/view?usp=sharing\" target=\"_blank\" rel=\"noopener noreferrer\"><img loading=\"lazy\" decoding=\"async\" class=\"aligncenter wp-image-691 size-full\" src=\"https:\/\/agora.xtec.cat\/ceipmacia-companys\/wp-content\/uploads\/usu125\/2017\/12\/1r.jpg\" alt=\"\" width=\"74\" height=\"56\" \/><\/a><\/td>\n<td style=\"width: 212px;\"><a href=\"https:\/\/drive.google.com\/file\/d\/1FdRnVjUGyuM8tVaND4KPOvw1tR7cveyA\/view?usp=sharing\"><img loading=\"lazy\" decoding=\"async\" class=\"aligncenter wp-image-692 size-full\" src=\"https:\/\/agora.xtec.cat\/ceipmacia-companys\/wp-content\/uploads\/usu125\/2017\/12\/2n.jpg\" alt=\"\" width=\"74\" height=\"54\" \/><\/a><\/td>\n<\/tr>\n<\/tbody>\n<\/table>\n<p><span style=\"color: #3366ff;\"><strong>LLIBRES SOCIALITZATS CICLE MITJ\u00c0<\/strong><\/span><\/p>\n<table style=\"height: 144px;\" width=\"650\">\n<tbody>\n<tr style=\"height: 105px;\">\n<td style=\"width: 214px; height: 144px;\"><a href=\"https:\/\/drive.google.com\/file\/d\/1v9hGZwCxMiRk0o2Jg_tiuMQNeniT1P9P\/view?usp=sharing\" target=\"_blank\" rel=\"noopener noreferrer\"><img loading=\"lazy\" decoding=\"async\" class=\"alignleft wp-image-16891 size-thumbnail\" src=\"https:\/\/agora.xtec.cat\/ceipmacia-companys\/wp-content\/uploads\/usu125\/2021\/05\/informaci\u00f3-3r_socialitzaci\u00f3-2-150x51.jpg\" alt=\"\" width=\"150\" height=\"51\" \/><\/a><br \/>\n<a href=\"https:\/\/drive.google.com\/file\/d\/14-fXVzmVJkyDJdzwt8An-GtnadbeYKHF\/view?usp=sharing\" target=\"_blank\" rel=\"noopener noreferrer\"><img loading=\"lazy\" decoding=\"async\" class=\"alignleft wp-image-16892 size-thumbnail\" src=\"https:\/\/agora.xtec.cat\/ceipmacia-companys\/wp-content\/uploads\/usu125\/2021\/05\/informaci\u00f3-4t_socialitzaci\u00f3-150x51.jpg\" alt=\"\" width=\"150\" height=\"51\" srcset=\"https:\/\/agora.xtec.cat\/ceipmacia-companys\/wp-content\/uploads\/usu125\/2021\/05\/informaci\u00f3-4t_socialitzaci\u00f3-150x51.jpg 150w, https:\/\/agora.xtec.cat\/ceipmacia-companys\/wp-content\/uploads\/usu125\/2021\/05\/informaci\u00f3-4t_socialitzaci\u00f3.jpg 153w\" sizes=\"auto, (max-width: 150px) 100vw, 150px\" \/><\/a><\/td>\n<td style=\"width: 212px; height: 105px;\"><a href=\"https:\/\/drive.google.com\/file\/d\/1e-LBplShaQSk6RZOhkeNcbLe_zQLzbUV\/view?usp=sharing\" target=\"_blank\" rel=\"noopener noreferrer\"><img loading=\"lazy\" decoding=\"async\" class=\"aligncenter wp-image-693 size-full\" src=\"https:\/\/agora.xtec.cat\/ceipmacia-companys\/wp-content\/uploads\/usu125\/2017\/12\/3r.jpg\" alt=\"\" width=\"74\" height=\"54\" \/><\/a><\/td>\n<td style=\"width: 214px; height: 105px;\"><a href=\"https:\/\/drive.google.com\/file\/d\/147CAZejHUp-szGbJO3VpMji935L_qMys\/view?usp=sharing\"><img loading=\"lazy\" decoding=\"async\" class=\"aligncenter wp-image-694 size-full\" src=\"https:\/\/agora.xtec.cat\/ceipmacia-companys\/wp-content\/uploads\/usu125\/2017\/12\/4t.jpg\" alt=\"\" width=\"76\" height=\"56\" \/><\/a><\/td>\n<\/tr>\n<\/tbody>\n<\/table>\n<p><span style=\"color: #800080;\"><strong>LLIBRES SOCIALITZATS CICLE SUPERIOR<\/strong><\/span><\/p>\n<table style=\"height: 65px; width: 658px;\">\n<tbody>\n<tr style=\"height: 139px;\">\n<td style=\"width: 217px; height: 65px;\"><img loading=\"lazy\" decoding=\"async\" class=\"alignleft wp-image-16893 size-thumbnail\" src=\"https:\/\/agora.xtec.cat\/ceipmacia-companys\/wp-content\/uploads\/usu125\/2021\/05\/informaci\u00f3-5\u00e8_socialitzaci\u00f3-150x61.jpg\" alt=\"\" width=\"150\" height=\"61\" \/><\/p>\n<p>&nbsp;<\/p>\n<p><img loading=\"lazy\" decoding=\"async\" class=\"alignleft wp-image-16894 size-thumbnail\" src=\"https:\/\/agora.xtec.cat\/ceipmacia-companys\/wp-content\/uploads\/usu125\/2021\/05\/informaci\u00f3-6\u00e8_socialitzaci\u00f3-150x51.jpg\" alt=\"\" width=\"150\" height=\"51\" \/><\/td>\n<td style=\"width: 209px; height: 65px;\"><a href=\"https:\/\/drive.google.com\/file\/d\/1mav3D5wDymXbUToz3cPEAfaoGPGGgabp\/view?usp=sharing\" target=\"_blank\" rel=\"noopener noreferrer\"><img loading=\"lazy\" decoding=\"async\" class=\"aligncenter wp-image-695 size-full\" src=\"https:\/\/agora.xtec.cat\/ceipmacia-companys\/wp-content\/uploads\/usu125\/2017\/12\/5\u00e8.jpg\" alt=\"\" width=\"75\" height=\"54\" \/><\/a><\/td>\n<td style=\"width: 222px; height: 65px;\"><a href=\"https:\/\/drive.google.com\/file\/d\/1a7nIUyF7K55C1oSYq6NVcFH3xHDk3qxE\/view?usp=sharing\"><img loading=\"lazy\" decoding=\"async\" class=\"aligncenter wp-image-696 size-full\" src=\"https:\/\/agora.xtec.cat\/ceipmacia-companys\/wp-content\/uploads\/usu125\/2017\/12\/6\u00e8.jpg\" alt=\"\" width=\"74\" height=\"54\" \/><\/a><\/td>\n<\/tr>\n<\/tbody>\n<\/table>\n<p>&nbsp;<\/p>\n","protected":false},"excerpt":{"rendered":"<p>DEURES ESTIU\u00a0<\/p>\n<p>LLIBRES CICLE INICIAL<\/p>\n<p><a href=\"https:\/\/drive.google.com\/file\/d\/1zfAYLgssJE3mFCPAqwCQbAd93rkclBEo\/view?usp=sharing\" target=\"_blank\" rel=\"noopener noreferrer\"><\/a><br \/>\n<a href=\"https:\/\/drive.google.com\/file\/d\/1FdRnVjUGyuM8tVaND4KPOvw1tR7cveyA\/view?usp=sharing\"><\/a><\/p>\n<p>LLIBRES SOCIALITZATS CICLE MITJ\u00c0<\/p>\n<p><a href=\"https:\/\/drive.google.com\/file\/d\/1v9hGZwCxMiRk0o2Jg_tiuMQNeniT1P9P\/view?usp=sharing\" target=\"_blank\" rel=\"noopener noreferrer\"><\/a><br \/>\n<a href=\"https:\/\/drive.google.com\/file\/d\/14-fXVzmVJkyDJdzwt8An-GtnadbeYKHF\/view?usp=sharing\" target=\"_blank\" rel=\"noopener noreferrer\"><\/a><br \/>\n<a href=\"https:\/\/drive.google.com\/file\/d\/1e-LBplShaQSk6RZOhkeNcbLe_zQLzbUV\/view?usp=sharing\" target=\"_blank\" rel=\"noopener noreferrer\"><\/a><br \/>\n<a href=\"https:\/\/drive.google.com\/file\/d\/147CAZejHUp-szGbJO3VpMji935L_qMys\/view?usp=sharing\"><\/a><\/p>\n<p>LLIBRES SOCIALITZATS CICLE SUPERIOR<\/p>\n<p>&nbsp;<\/p>\n<p><a href=\"https:\/\/drive.google.com\/file\/d\/1mav3D5wDymXbUToz3cPEAfaoGPGGgabp\/view?usp=sharing\" target=\"_blank\" rel=\"noopener noreferrer\"><\/a><br \/>\n<a href=\"https:\/\/drive.google.com\/file\/d\/1a7nIUyF7K55C1oSYq6NVcFH3xHDk3qxE\/view?usp=sharing\"><\/a><\/p>\n<p>&nbsp;<\/p>\n","protected":false},"author":1,"featured_media":0,"parent":644,"menu_order":3,"comment_status":"closed","ping_status":"closed","template":"page-templates\/side-menu.php","meta":{"_bbp_topic_count":0,"_bbp_reply_count":0,"_bbp_total_topic_count":0,"_bbp_total_reply_count":0,"_bbp_voice_count":0,"_bbp_anonymous_reply_count":0,"_bbp_topic_count_hidden":0,"_bbp_reply_count_hidden":0,"_bbp_forum_subforum_count":0,"footnotes":""},"class_list":["post-655","page","type-page","status-publish","hentry"],"post_mailing_queue_ids":[],"_links":{"self":[{"href":"https:\/\/agora.xtec.cat\/ceipmacia-companys\/wp-json\/wp\/v2\/pages\/655","targetHints":{"allow":["GET"]}}],"collection":[{"href":"https:\/\/agora.xtec.cat\/ceipmacia-companys\/wp-json\/wp\/v2\/pages"}],"about":[{"href":"https:\/\/agora.xtec.cat\/ceipmacia-companys\/wp-json\/wp\/v2\/types\/page"}],"author":[{"embeddable":true,"href":"https:\/\/agora.xtec.cat\/ceipmacia-companys\/wp-json\/wp\/v2\/users\/1"}],"replies":[{"embeddable":true,"href":"https:\/\/agora.xtec.cat\/ceipmacia-companys\/wp-json\/wp\/v2\/comments?post=655"}],"version-history":[{"count":6,"href":"https:\/\/agora.xtec.cat\/ceipmacia-companys\/wp-json\/wp\/v2\/pages\/655\/revisions"}],"predecessor-version":[{"id":20980,"href":"https:\/\/agora.xtec.cat\/ceipmacia-companys\/wp-json\/wp\/v2\/pages\/655\/revisions\/20980"}],"up":[{"embeddable":true,"href":"https:\/\/agora.xtec.cat\/ceipmacia-companys\/wp-json\/wp\/v2\/pages\/644"}],"wp:attachment":[{"href":"https:\/\/agora.xtec.cat\/ceipmacia-companys\/wp-json\/wp\/v2\/media?parent=655"}],"curies":[{"name":"wp","href":"https:\/\/api.w.org\/{rel}","templated":true}]}}