{"id":644,"date":"2017-12-01T22:10:22","date_gmt":"2017-12-01T21:10:22","guid":{"rendered":"http:\/\/agora.xtec.cat\/ceipmacia-companys\/?page_id=644"},"modified":"2025-05-30T10:22:10","modified_gmt":"2025-05-30T08:22:10","slug":"secretaria","status":"publish","type":"page","link":"https:\/\/agora.xtec.cat\/ceipmacia-companys\/secretaria\/","title":{"rendered":"Secretaria"},"content":{"rendered":"<p><a href=\"https:\/\/agora.xtec.cat\/ceipmacia-companys\/wp-content\/uploads\/usu125\/2023\/03\/2023_secretaria.jpg\"><img loading=\"lazy\" decoding=\"async\" class=\"wp-image-19406 size-full alignleft\" src=\"https:\/\/agora.xtec.cat\/ceipmacia-companys\/wp-content\/uploads\/usu125\/2023\/03\/2023_secretaria.jpg\" alt=\"\" width=\"640\" height=\"418\" srcset=\"https:\/\/agora.xtec.cat\/ceipmacia-companys\/wp-content\/uploads\/usu125\/2023\/03\/2023_secretaria.jpg 640w, https:\/\/agora.xtec.cat\/ceipmacia-companys\/wp-content\/uploads\/usu125\/2023\/03\/2023_secretaria-300x196.jpg 300w\" sizes=\"auto, (max-width: 640px) 100vw, 640px\" \/><\/a>L&#8217;horari d&#8217;atenci\u00f3 al p\u00fablic \u00e9s:<\/p>\n<h3>De dilluns a divendres<\/h3>\n<h3>de 8.15 a 15.00 h.<\/h3>\n<p style=\"text-align: left;\">\n","protected":false},"excerpt":{"rendered":"<p><a href=\"https:\/\/agora.xtec.cat\/ceipmacia-companys\/wp-content\/uploads\/usu125\/2023\/03\/2023_secretaria.jpg\"><\/a>L&#8217;horari d&#8217;atenci\u00f3 al p\u00fablic \u00e9s:<br \/>\nDe dilluns a divendres<br \/>\nde 8.15 a 15.00 h.<\/p>\n","protected":false},"author":1,"featured_media":0,"parent":0,"menu_order":0,"comment_status":"closed","ping_status":"closed","template":"page-templates\/side-menu.php","meta":{"_bbp_topic_count":0,"_bbp_reply_count":0,"_bbp_total_topic_count":0,"_bbp_total_reply_count":0,"_bbp_voice_count":0,"_bbp_anonymous_reply_count":0,"_bbp_topic_count_hidden":0,"_bbp_reply_count_hidden":0,"_bbp_forum_subforum_count":0,"footnotes":""},"class_list":["post-644","page","type-page","status-publish","hentry"],"post_mailing_queue_ids":[],"_links":{"self":[{"href":"https:\/\/agora.xtec.cat\/ceipmacia-companys\/wp-json\/wp\/v2\/pages\/644","targetHints":{"allow":["GET"]}}],"collection":[{"href":"https:\/\/agora.xtec.cat\/ceipmacia-companys\/wp-json\/wp\/v2\/pages"}],"about":[{"href":"https:\/\/agora.xtec.cat\/ceipmacia-companys\/wp-json\/wp\/v2\/types\/page"}],"author":[{"embeddable":true,"href":"https:\/\/agora.xtec.cat\/ceipmacia-companys\/wp-json\/wp\/v2\/users\/1"}],"replies":[{"embeddable":true,"href":"https:\/\/agora.xtec.cat\/ceipmacia-companys\/wp-json\/wp\/v2\/comments?post=644"}],"version-history":[{"count":4,"href":"https:\/\/agora.xtec.cat\/ceipmacia-companys\/wp-json\/wp\/v2\/pages\/644\/revisions"}],"predecessor-version":[{"id":20933,"href":"https:\/\/agora.xtec.cat\/ceipmacia-companys\/wp-json\/wp\/v2\/pages\/644\/revisions\/20933"}],"wp:attachment":[{"href":"https:\/\/agora.xtec.cat\/ceipmacia-companys\/wp-json\/wp\/v2\/media?parent=644"}],"curies":[{"name":"wp","href":"https:\/\/api.w.org\/{rel}","templated":true}]}}