{"id":3718,"date":"2018-03-04T18:25:27","date_gmt":"2018-03-04T17:25:27","guid":{"rendered":"http:\/\/agora.xtec.cat\/ceipmacia-companys\/?page_id=3718"},"modified":"2018-03-04T18:25:27","modified_gmt":"2018-03-04T17:25:27","slug":"projecte-gep","status":"publish","type":"page","link":"https:\/\/agora.xtec.cat\/ceipmacia-companys\/projecte-gep\/","title":{"rendered":"Projecte GEP"},"content":{"rendered":"<p><a href=\"http:\/\/agora.xtec.cat\/ceipmacia-companys\/categoria\/gep\/\"><img loading=\"lazy\" decoding=\"async\" class=\"size-full wp-image-3719 alignright\" src=\"http:\/\/agora.xtec.cat\/ceipmacia-companys\/wp-content\/uploads\/usu125\/2018\/03\/Sin-t\u00edtulo-2.jpg\" alt=\"\" width=\"291\" height=\"39\" \/><\/a><\/p>\n<p>&nbsp;<\/p>\n<p><span style=\"font-family: 'arial' , 'helvetica' , sans-serif;\">La nostra escola forma part del <b>Grup d&#8217;Experimentaci\u00f3 per al Pluriling\u00fcisme (GEP)<\/b> del Departament d&#8217;Ensenyament de Catalunya.<\/span><\/p>\n<p>El coneixement i l\u2019\u00fas de diferents lleng\u00fces ha esdevingut una necessitat fonamental i un dret per als ciutadans d\u2019una societat global com la nostra. El coneixement d\u2019una o m\u00e9s lleng\u00fces estrangeres, a m\u00e9s de les oficials i\/o pr\u00f2pies de l\u2019individu, garanteix l\u2019adquisici\u00f3 dels processos d\u2019aprenentatge i la millora cont\u00ednua de l\u2019aprenent.<\/p>\n<p>L\u2019\u00fas de <b>diferents lleng\u00fces per a accedir al coneixement<\/b> \u00e9s una pr\u00e0ctica que l\u2019individu ha de desenvolupar des de l&#8217;edat escolar per tal d\u2019establir les bases que li permetran aprendre qualsevol llengua de forma eficient. Aix\u00ed doncs, es recomana que a les aules, els continguts de les diferents \u00e0rees es treballin mitjan\u00e7ant la utilitzaci\u00f3 d\u2019una tipologia de textos variada, emprant fonts i recursos diferents i sense limitaci\u00f3 en l\u2019\u00fas de les lleng\u00fces.<\/p>\n<p>Les escoles que formen part del <b>Projecte GEP<\/b> reflexionen i actuen per tal d&#8217;establir el paper de les lleng\u00fces en la comunitat educativa:<\/p>\n<p>&#8211; Els usos ling\u00fc\u00edstics de la llengua catalana en el centre, i el paper de les altres lleng\u00fces oficials<\/p>\n<p>&#8211; El desplegament d&#8217;accions docents per a l&#8217;aprenentatge de les lleng\u00fces estrangeres curriculars<\/p>\n<p>&#8211; Les accions de context per a incorporar a la comunitat educativa l&#8217;aprenentatge de les lleng\u00fces no curriculars que s\u00f3n pr\u00f2pies de l&#8217;alumnat i de les seves fam\u00edlies.<\/p>\n<p><span style=\"font-family: 'arial' , 'helvetica' , sans-serif;\">En aquest bloc hi trobareu les <b>experi\u00e8ncies i actuacions<\/b> que duem a terme al centre en el marc per al pluriling\u00fcisme que engloba el Projecte GEP del qual formem part.<\/span><\/p>\n","protected":false},"excerpt":{"rendered":"<p><a href=\"http:\/\/agora.xtec.cat\/ceipmacia-companys\/categoria\/gep\/\"><\/a><br \/>\n&nbsp;<br \/>\nLa nostra escola forma part del Grup d&#8217;Experimentaci\u00f3 per al Pluriling\u00fcisme (GEP) del Departament d&#8217;Ensenyament de Catalunya.<br \/>\nEl coneixement i l\u2019\u00fas de diferents lleng\u00fces ha esdevingut una necessitat fonamental i un dret per als ciutadans d\u2019una societat global com la nostra. El coneixement d\u2019una o&hellip;  <a href=\"https:\/\/agora.xtec.cat\/ceipmacia-companys\/projecte-gep\/\" title=\"Read Projecte GEP\">Llegeix m\u00e9s\u00bb<\/a><\/p>\n","protected":false},"author":1,"featured_media":0,"parent":0,"menu_order":0,"comment_status":"closed","ping_status":"closed","template":"","meta":{"_bbp_topic_count":0,"_bbp_reply_count":0,"_bbp_total_topic_count":0,"_bbp_total_reply_count":0,"_bbp_voice_count":0,"_bbp_anonymous_reply_count":0,"_bbp_topic_count_hidden":0,"_bbp_reply_count_hidden":0,"_bbp_forum_subforum_count":0,"footnotes":""},"class_list":["post-3718","page","type-page","status-publish","hentry"],"post_mailing_queue_ids":[],"_links":{"self":[{"href":"https:\/\/agora.xtec.cat\/ceipmacia-companys\/wp-json\/wp\/v2\/pages\/3718","targetHints":{"allow":["GET"]}}],"collection":[{"href":"https:\/\/agora.xtec.cat\/ceipmacia-companys\/wp-json\/wp\/v2\/pages"}],"about":[{"href":"https:\/\/agora.xtec.cat\/ceipmacia-companys\/wp-json\/wp\/v2\/types\/page"}],"author":[{"embeddable":true,"href":"https:\/\/agora.xtec.cat\/ceipmacia-companys\/wp-json\/wp\/v2\/users\/1"}],"replies":[{"embeddable":true,"href":"https:\/\/agora.xtec.cat\/ceipmacia-companys\/wp-json\/wp\/v2\/comments?post=3718"}],"version-history":[{"count":1,"href":"https:\/\/agora.xtec.cat\/ceipmacia-companys\/wp-json\/wp\/v2\/pages\/3718\/revisions"}],"predecessor-version":[{"id":3720,"href":"https:\/\/agora.xtec.cat\/ceipmacia-companys\/wp-json\/wp\/v2\/pages\/3718\/revisions\/3720"}],"wp:attachment":[{"href":"https:\/\/agora.xtec.cat\/ceipmacia-companys\/wp-json\/wp\/v2\/media?parent=3718"}],"curies":[{"name":"wp","href":"https:\/\/api.w.org\/{rel}","templated":true}]}}