{"id":3708,"date":"2018-03-04T18:13:25","date_gmt":"2018-03-04T17:13:25","guid":{"rendered":"http:\/\/agora.xtec.cat\/ceipmacia-companys\/?page_id=3708"},"modified":"2018-03-04T18:23:06","modified_gmt":"2018-03-04T17:23:06","slug":"projecte-escoles-verdes","status":"publish","type":"page","link":"https:\/\/agora.xtec.cat\/ceipmacia-companys\/projecte-escoles-verdes\/","title":{"rendered":"Projecte escoles verdes"},"content":{"rendered":"<p><a href=\"http:\/\/agora.xtec.cat\/ceipmacia-companys\/categoria\/escoles-verdes\/\"><img loading=\"lazy\" decoding=\"async\" class=\"wp-image-3711 alignright\" src=\"http:\/\/agora.xtec.cat\/ceipmacia-companys\/wp-content\/uploads\/usu125\/2018\/03\/Sin-t\u00edtulo-1.jpg\" alt=\"\" width=\"223\" height=\"30\" \/><\/a><\/p>\n<p>&nbsp;<\/p>\n<p>Les Escoles Verdes \u00e9s un projecte del Departament de Medi Ambient i Sostenibilitat, les escoles que com nosaltres hi formem part treballem per afavorir una bona actitud davant el medi ambient, amb la finalitat d&#8217;afrontar, des de l&#8217;educaci\u00f3, els nous reptes i valors de la sostenibilitat.<\/p>\n<p>Incorporem els valors de l&#8217;educaci\u00f3 per a la sostenibilitat en tots els \u00e0mbits de la vida del centre.<br \/>\nPromovem la participaci\u00f3 i la implicaci\u00f3 activa de la comunitat educativa en la millora del seu entorn.<\/p>\n<p>Ens replantegem el treball educatiu i l&#8217;organitzaci\u00f3 del centre perqu\u00e8 creiem en l&#8217;educaci\u00f3 per a la sostenibilitat i per tant:<\/p>\n<ul>\n<li>El claustre d\u00f3na suport al projecte.<\/li>\n<\/ul>\n<ul>\n<li>Disposem d&#8217;un Comit\u00e8 Ambiental format per mestres i alumnes, que \u00e9s l&#8217;equip impulsor per a la dinamitzaci\u00f3 del proc\u00e9s de millora cont\u00ednua.<\/li>\n<\/ul>\n<ul>\n<li>Dissenyem i realitzem de manera participada, i amb el suport de la direcci\u00f3 del centre i l&#8217;aprovaci\u00f3 del Consell Escolar, un proc\u00e9s que inclou:<\/li>\n<\/ul>\n<p>&#8211; Elaborar i revisar objectius de manera peri\u00f2dica en un Pla d&#8217;educaci\u00f3 per a la sostenibilitat.<br \/>\n&#8211; Dur a terme plans d&#8217;acci\u00f3 anuals per assolir objectius prioritaris.<\/p>\n<ul>\n<li>La documentaci\u00f3 b\u00e0sica de centre (Projecte educatiu, Projecte de direcci\u00f3 i Programaci\u00f3 general Anual) recull els acords presos tant del Pla d\u2019educaci\u00f3 per a la sostenibilitat com del Pla d\u2019acci\u00f3 anual.<\/li>\n<\/ul>\n<ul>\n<li>Realitzem avaluaci\u00f3 continuada.<\/li>\n<\/ul>\n<ul>\n<li>Participem anualment en seminaris de dinamitzaci\u00f3 i suport a les escoles verdes.<\/li>\n<\/ul>\n<p>El nostre lema:<\/p>\n<p><b> EDUQUEN EN VERD PER UNA ESCOLA I UN M\u00d3N M\u00c9S SOSTENIBLE<\/b><\/p>\n<p>&nbsp;<\/p>\n","protected":false},"excerpt":{"rendered":"<p><a href=\"http:\/\/agora.xtec.cat\/ceipmacia-companys\/categoria\/escoles-verdes\/\"><\/a><br \/>\n&nbsp;<br \/>\nLes Escoles Verdes \u00e9s un projecte del Departament de Medi Ambient i Sostenibilitat, les escoles que com nosaltres hi formem part treballem per afavorir una bona actitud davant el medi ambient, amb la finalitat d&#8217;afrontar, des de l&#8217;educaci\u00f3, els nous reptes i valors de&hellip;  <a href=\"https:\/\/agora.xtec.cat\/ceipmacia-companys\/projecte-escoles-verdes\/\" title=\"Read Projecte escoles verdes\">Llegeix m\u00e9s\u00bb<\/a><\/p>\n","protected":false},"author":1,"featured_media":0,"parent":0,"menu_order":0,"comment_status":"closed","ping_status":"closed","template":"","meta":{"_bbp_topic_count":0,"_bbp_reply_count":0,"_bbp_total_topic_count":0,"_bbp_total_reply_count":0,"_bbp_voice_count":0,"_bbp_anonymous_reply_count":0,"_bbp_topic_count_hidden":0,"_bbp_reply_count_hidden":0,"_bbp_forum_subforum_count":0,"footnotes":""},"class_list":["post-3708","page","type-page","status-publish","hentry"],"post_mailing_queue_ids":[],"_links":{"self":[{"href":"https:\/\/agora.xtec.cat\/ceipmacia-companys\/wp-json\/wp\/v2\/pages\/3708","targetHints":{"allow":["GET"]}}],"collection":[{"href":"https:\/\/agora.xtec.cat\/ceipmacia-companys\/wp-json\/wp\/v2\/pages"}],"about":[{"href":"https:\/\/agora.xtec.cat\/ceipmacia-companys\/wp-json\/wp\/v2\/types\/page"}],"author":[{"embeddable":true,"href":"https:\/\/agora.xtec.cat\/ceipmacia-companys\/wp-json\/wp\/v2\/users\/1"}],"replies":[{"embeddable":true,"href":"https:\/\/agora.xtec.cat\/ceipmacia-companys\/wp-json\/wp\/v2\/comments?post=3708"}],"version-history":[{"count":3,"href":"https:\/\/agora.xtec.cat\/ceipmacia-companys\/wp-json\/wp\/v2\/pages\/3708\/revisions"}],"predecessor-version":[{"id":3717,"href":"https:\/\/agora.xtec.cat\/ceipmacia-companys\/wp-json\/wp\/v2\/pages\/3708\/revisions\/3717"}],"wp:attachment":[{"href":"https:\/\/agora.xtec.cat\/ceipmacia-companys\/wp-json\/wp\/v2\/media?parent=3708"}],"curies":[{"name":"wp","href":"https:\/\/api.w.org\/{rel}","templated":true}]}}