{"id":26,"date":"2014-09-18T12:24:32","date_gmt":"2014-09-18T11:24:32","guid":{"rendered":"http:\/\/agora.xtec.cat\/ceipmacia-companys\/?page_id=26"},"modified":"2020-12-31T12:30:13","modified_gmt":"2020-12-31T11:30:13","slug":"historia","status":"publish","type":"page","link":"https:\/\/agora.xtec.cat\/ceipmacia-companys\/lescola\/historia\/","title":{"rendered":"Hist\u00f2ria"},"content":{"rendered":"<p style=\"text-align: justify;\">L&#8217;escola Maci\u00e0-Companys es va inaugurar oficialment el 7 de novembre de 1943 encara que el seu origen cal cercar-lo al 1931, quan el Ministeri d&#8217;Instrucci\u00f3 P\u00fablica va planificar construccions noves durant el govern de la Rep\u00fablica. El seu ministre Marcel\u00b7l\u00ed Domingo que havia passat part de la seva inf\u00e0ncia a Agramunt va iniciar aquest ambici\u00f3s programa de construccions posant-se la primera pedra el dia 28 de setembre de 1933. La primavera de 1936 es van donar per acabades les obres per\u00f2 l&#8217;esclat de la guerra civil va provocar que s&#8217;atur\u00e9s la posada en funcionament. Un cop acabada la guerra com que l&#8217;escola havia quedat malmesa es va haver de tornar a rehabilitar. Des d&#8217;aleshores ha sofert diversos canvis i ampliacions (1970 construcci\u00f3 de les dues torres laterals per encabir fins a 8\u00e8 d&#8217;E.G.B; 1998 rehabilitaci\u00f3 total per incloure alumnes fins 6\u00e8 de prim\u00e0ria; 2003 construcci\u00f3 sala polivalent; 2006 reforma de despatxos i aules posteriors). Actualment \u00e9s una escola de doble l\u00ednia que acull des de l&#8217;Educaci\u00f3 infantil (3-5 anys) fins a 6\u00e8 de prim\u00e0ria (6-12 anys).<\/p>\n<p style=\"text-align: justify;\">L&#8217;escola es troba situada al centre de la vila d&#8217;Agramunt, un municipi amb 5.735 habitants situat a la comarca de l&#8217;Urgell, entre les comarques de la Segarra i la Noguera, les serres d&#8217;Almenara i Montclar i t\u00e9 com a eixos principals el riu Si\u00f3 i el Canal d&#8217;Urgell que rega bona part del seu terme municipal.<\/p>\n<figure class=\"figure wp-caption alignleft\"><img loading=\"lazy\" decoding=\"async\" class=\"wp-image-497\" src=\"http:\/\/agora.xtec.cat\/ceipmacia-companys\/wp-content\/uploads\/usu125\/2014\/09\/IMG-20171128-WA0002-300x215.jpg\" alt=\"\" width=\"604\" height=\"433\" srcset=\"https:\/\/agora.xtec.cat\/ceipmacia-companys\/wp-content\/uploads\/usu125\/2014\/09\/IMG-20171128-WA0002-300x215.jpg 300w, https:\/\/agora.xtec.cat\/ceipmacia-companys\/wp-content\/uploads\/usu125\/2014\/09\/IMG-20171128-WA0002-768x551.jpg 768w, https:\/\/agora.xtec.cat\/ceipmacia-companys\/wp-content\/uploads\/usu125\/2014\/09\/IMG-20171128-WA0002-1024x735.jpg 1024w, https:\/\/agora.xtec.cat\/ceipmacia-companys\/wp-content\/uploads\/usu125\/2014\/09\/IMG-20171128-WA0002.jpg 1600w\" sizes=\"auto, (max-width: 604px) 100vw, 604px\" \/><figcaption class=\"wp-caption-text\">Fotografia pr\u00e8via a la inauguraci\u00f3 de l&#8217;any 1943<\/figcaption><\/figure>\n<p>&nbsp;<\/p>\n<p>&nbsp;<\/p>\n<figure class=\"figure wp-caption alignleft\"><img loading=\"lazy\" decoding=\"async\" class=\"wp-image-498\" src=\"http:\/\/agora.xtec.cat\/ceipmacia-companys\/wp-content\/uploads\/usu125\/2014\/09\/IMG-20171128-WA0001-1024x646.jpg\" alt=\"\" width=\"624\" height=\"394\" srcset=\"https:\/\/agora.xtec.cat\/ceipmacia-companys\/wp-content\/uploads\/usu125\/2014\/09\/IMG-20171128-WA0001-1024x646.jpg 1024w, https:\/\/agora.xtec.cat\/ceipmacia-companys\/wp-content\/uploads\/usu125\/2014\/09\/IMG-20171128-WA0001-300x189.jpg 300w, https:\/\/agora.xtec.cat\/ceipmacia-companys\/wp-content\/uploads\/usu125\/2014\/09\/IMG-20171128-WA0001-768x484.jpg 768w, https:\/\/agora.xtec.cat\/ceipmacia-companys\/wp-content\/uploads\/usu125\/2014\/09\/IMG-20171128-WA0001.jpg 1600w\" sizes=\"auto, (max-width: 624px) 100vw, 624px\" \/><figcaption class=\"wp-caption-text\">Fotografia de mitjans dels anys noranta<\/figcaption><\/figure>\n<p>&nbsp;<\/p>\n<p>&nbsp;<\/p>\n<p>&nbsp;<\/p>\n<p>&nbsp;<\/p>\n<p><img loading=\"lazy\" decoding=\"async\" class=\"alignleft wp-image-8648\" src=\"https:\/\/agora.xtec.cat\/ceipmacia-companys\/wp-content\/uploads\/usu125\/2019\/05\/PHOTO-2019-05-21-14-22-48-1024x728.jpg\" alt=\"\" width=\"598\" height=\"425\" srcset=\"https:\/\/agora.xtec.cat\/ceipmacia-companys\/wp-content\/uploads\/usu125\/2019\/05\/PHOTO-2019-05-21-14-22-48-1024x728.jpg 1024w, https:\/\/agora.xtec.cat\/ceipmacia-companys\/wp-content\/uploads\/usu125\/2019\/05\/PHOTO-2019-05-21-14-22-48-300x213.jpg 300w, https:\/\/agora.xtec.cat\/ceipmacia-companys\/wp-content\/uploads\/usu125\/2019\/05\/PHOTO-2019-05-21-14-22-48-768x546.jpg 768w, https:\/\/agora.xtec.cat\/ceipmacia-companys\/wp-content\/uploads\/usu125\/2019\/05\/PHOTO-2019-05-21-14-22-48.jpg 1600w\" sizes=\"auto, (max-width: 598px) 100vw, 598px\" \/><\/p>\n<p>&nbsp;<\/p>\n<p>&nbsp;<\/p>\n<p>&nbsp;<\/p>\n<p>&nbsp;<\/p>\n<p>&nbsp;<\/p>\n<p>&nbsp;<\/p>\n<p>&nbsp;<\/p>\n<p>&nbsp;<\/p>\n<p>&nbsp;<\/p>\n<p>&nbsp;<\/p>\n<p>&nbsp;<\/p>\n<p>&nbsp;<\/p>\n<p>&nbsp;<\/p>\n<p>&nbsp;<\/p>\n<p>&nbsp;<\/p>\n<p>&nbsp;<\/p>\n<p>&nbsp;<\/p>\n<p>&nbsp;<\/p>\n<p>&nbsp;<\/p>\n<p>&nbsp;<\/p>\n<p>&nbsp;<\/p>\n<p>&nbsp;<\/p>\n<p>&nbsp;<\/p>\n<p style=\"text-align: left; padding-left: 40px;\"><em><span style=\"text-align: left; color: #222222; text-transform: none; text-indent: 0px; letter-spacing: normal; font-family: 'Helvetica Neue','Helvetica',Helvetica,Arial,sans-serif; font-size: 16px; font-variant: normal; font-weight: 400; text-decoration: none; word-spacing: 0px; display: inline !important; white-space: normal; cursor: text; direction: ltr; orphans: 2; float: none; -webkit-text-stroke-width: 0px; background-color: transparent;\">Fotografia de mitjans dels anys trenta<\/span><\/em><\/p>\n<p>&nbsp;<\/p>\n<p>&nbsp;<\/p>\n","protected":false},"excerpt":{"rendered":"<p>L&#8217;escola Maci\u00e0-Companys es va inaugurar oficialment el 7 de novembre de 1943 encara que el seu origen cal cercar-lo al 1931, quan el Ministeri d&#8217;Instrucci\u00f3 P\u00fablica va planificar construccions noves durant el govern de la Rep\u00fablica. El seu ministre Marcel\u00b7l\u00ed Domingo que havia passat part&hellip;  <a href=\"https:\/\/agora.xtec.cat\/ceipmacia-companys\/lescola\/historia\/\" title=\"Read Hist\u00f2ria\">Llegeix m\u00e9s\u00bb<\/a><\/p>\n","protected":false},"author":1,"featured_media":0,"parent":22,"menu_order":7,"comment_status":"closed","ping_status":"closed","template":"page-templates\/side-menu.php","meta":{"_bbp_topic_count":0,"_bbp_reply_count":0,"_bbp_total_topic_count":0,"_bbp_total_reply_count":0,"_bbp_voice_count":0,"_bbp_anonymous_reply_count":0,"_bbp_topic_count_hidden":0,"_bbp_reply_count_hidden":0,"_bbp_forum_subforum_count":0,"footnotes":""},"class_list":["post-26","page","type-page","status-publish","hentry"],"post_mailing_queue_ids":[],"_links":{"self":[{"href":"https:\/\/agora.xtec.cat\/ceipmacia-companys\/wp-json\/wp\/v2\/pages\/26","targetHints":{"allow":["GET"]}}],"collection":[{"href":"https:\/\/agora.xtec.cat\/ceipmacia-companys\/wp-json\/wp\/v2\/pages"}],"about":[{"href":"https:\/\/agora.xtec.cat\/ceipmacia-companys\/wp-json\/wp\/v2\/types\/page"}],"author":[{"embeddable":true,"href":"https:\/\/agora.xtec.cat\/ceipmacia-companys\/wp-json\/wp\/v2\/users\/1"}],"replies":[{"embeddable":true,"href":"https:\/\/agora.xtec.cat\/ceipmacia-companys\/wp-json\/wp\/v2\/comments?post=26"}],"version-history":[{"count":4,"href":"https:\/\/agora.xtec.cat\/ceipmacia-companys\/wp-json\/wp\/v2\/pages\/26\/revisions"}],"predecessor-version":[{"id":8656,"href":"https:\/\/agora.xtec.cat\/ceipmacia-companys\/wp-json\/wp\/v2\/pages\/26\/revisions\/8656"}],"up":[{"embeddable":true,"href":"https:\/\/agora.xtec.cat\/ceipmacia-companys\/wp-json\/wp\/v2\/pages\/22"}],"wp:attachment":[{"href":"https:\/\/agora.xtec.cat\/ceipmacia-companys\/wp-json\/wp\/v2\/media?parent=26"}],"curies":[{"name":"wp","href":"https:\/\/api.w.org\/{rel}","templated":true}]}}