{"id":16566,"date":"2021-04-09T10:59:11","date_gmt":"2021-04-09T08:59:11","guid":{"rendered":"https:\/\/agora.xtec.cat\/ceipmacia-companys\/?page_id=16566"},"modified":"2022-08-02T10:58:44","modified_gmt":"2022-08-02T08:58:44","slug":"aquiproubullying","status":"publish","type":"page","link":"https:\/\/agora.xtec.cat\/ceipmacia-companys\/lescola\/projectes\/aquiproubullying\/","title":{"rendered":"#aquiproubullying"},"content":{"rendered":"<p><img loading=\"lazy\" decoding=\"async\" class=\"alignleft\" src=\"https:\/\/img.freepik.com\/foto-gratis\/mensaje-stop-bullying-brazos-ninos_23-2147854051.jpg\" alt=\"Mensaje de stop bullying en los brazos de los ni\u00f1os Foto Premium \" width=\"182\" height=\"273\" \/><\/p>\n<p>Aquest projecte d\u2019innovaci\u00f3 es posa en marxa el curs 2020-2021 quan s\u2019elabora i aprova el projecte a trav\u00e9s de la formaci\u00f3 de centre on participa el claustre, membres del PAS, de l\u2019Associaci\u00f3 de Fam\u00edlies d\u2019Alumnes (AFA) i \u00a0del servei de menjador.<\/p>\n<p>El programa #aquiproubullying del Departament d\u2019educaci\u00f3 ens ha ofert la formaci\u00f3, les <strong>estrat\u00e8gies i els recursos<\/strong> necessaris per elaborar aquest projecte de prevenci\u00f3, detecci\u00f3 i intervenci\u00f3 davant <strong>l\u2019assetjament escolar<\/strong> amb la <strong>participaci\u00f3 de tota la comunitat escolar.<\/strong><\/p>\n<p>En aquest projecte l\u2019alumnat t\u00e9 un paper molt important com observador i agent actiu i comprom\u00e8s en la lluita contra l\u2019assetjament alhora que adquireix les actituds i els valors propis de la <strong>compet\u00e8ncia social i ciutadana<\/strong>.<\/p>\n<p>Es tracta doncs d\u2019un projecte que t\u00e9 com objectius:<\/p>\n<ul>\n<li>Implicar la comunitat escolar davant els casos d\u2019assetjament.<\/li>\n<li>Potenciar el comprom\u00eds actiu de l\u2019alumnat en la prevenci\u00f3 i detecci\u00f3 dels casos d\u2019assetjament.<\/li>\n<li>Contribuir al desenvolupament personal i social de l\u2019alumnat.<\/li>\n<\/ul>\n<p>El seguiment i avaluaci\u00f3 final es realitza anualment amb l\u2019an\u00e0lisi de les actuacions realitzades, de les dades dels indicadors i les enquestes a les fam\u00edlies.<\/p>\n<p>Actuacions del projecte podeu consultar <a href=\"https:\/\/drive.google.com\/file\/d\/1nHIG_isVvA4oZ_vln6emrVeKRPfAOtFt\/view?usp=sharing\">AQU\u00cd.<\/a><\/p>\n","protected":false},"excerpt":{"rendered":"<p>Aquest projecte d\u2019innovaci\u00f3 es posa en marxa el curs 2020-2021 quan s\u2019elabora i aprova el projecte a trav\u00e9s de la formaci\u00f3 de centre on participa el claustre, membres del PAS, de l\u2019Associaci\u00f3 de Fam\u00edlies d\u2019Alumnes (AFA) i \u00a0del servei de menjador.<br \/>\nEl programa #aquiproubullying del Departament&hellip;  <a href=\"https:\/\/agora.xtec.cat\/ceipmacia-companys\/lescola\/projectes\/aquiproubullying\/\" title=\"Read #aquiproubullying\">Llegeix m\u00e9s\u00bb<\/a><\/p>\n","protected":false},"author":1,"featured_media":0,"parent":15571,"menu_order":6,"comment_status":"closed","ping_status":"closed","template":"page-templates\/side-menu.php","meta":{"_bbp_topic_count":0,"_bbp_reply_count":0,"_bbp_total_topic_count":0,"_bbp_total_reply_count":0,"_bbp_voice_count":0,"_bbp_anonymous_reply_count":0,"_bbp_topic_count_hidden":0,"_bbp_reply_count_hidden":0,"_bbp_forum_subforum_count":0,"footnotes":""},"class_list":["post-16566","page","type-page","status-publish","hentry"],"post_mailing_queue_ids":[],"_links":{"self":[{"href":"https:\/\/agora.xtec.cat\/ceipmacia-companys\/wp-json\/wp\/v2\/pages\/16566","targetHints":{"allow":["GET"]}}],"collection":[{"href":"https:\/\/agora.xtec.cat\/ceipmacia-companys\/wp-json\/wp\/v2\/pages"}],"about":[{"href":"https:\/\/agora.xtec.cat\/ceipmacia-companys\/wp-json\/wp\/v2\/types\/page"}],"author":[{"embeddable":true,"href":"https:\/\/agora.xtec.cat\/ceipmacia-companys\/wp-json\/wp\/v2\/users\/1"}],"replies":[{"embeddable":true,"href":"https:\/\/agora.xtec.cat\/ceipmacia-companys\/wp-json\/wp\/v2\/comments?post=16566"}],"version-history":[{"count":3,"href":"https:\/\/agora.xtec.cat\/ceipmacia-companys\/wp-json\/wp\/v2\/pages\/16566\/revisions"}],"predecessor-version":[{"id":18759,"href":"https:\/\/agora.xtec.cat\/ceipmacia-companys\/wp-json\/wp\/v2\/pages\/16566\/revisions\/18759"}],"up":[{"embeddable":true,"href":"https:\/\/agora.xtec.cat\/ceipmacia-companys\/wp-json\/wp\/v2\/pages\/15571"}],"wp:attachment":[{"href":"https:\/\/agora.xtec.cat\/ceipmacia-companys\/wp-json\/wp\/v2\/media?parent=16566"}],"curies":[{"name":"wp","href":"https:\/\/api.w.org\/{rel}","templated":true}]}}