{"id":15579,"date":"2020-12-31T13:26:46","date_gmt":"2020-12-31T12:26:46","guid":{"rendered":"https:\/\/agora.xtec.cat\/ceipmacia-companys\/?page_id=15579"},"modified":"2020-12-31T13:39:11","modified_gmt":"2020-12-31T12:39:11","slug":"biblioteca","status":"publish","type":"page","link":"https:\/\/agora.xtec.cat\/ceipmacia-companys\/lescola\/projectes\/biblioteca\/","title":{"rendered":"Biblioteca"},"content":{"rendered":"<p>La nostra biblioteca escolar pret\u00e9n fomentar l&#8217;inter\u00e8s i el <span style=\"color: #ff00ff;\"><strong>gust per la lectura<\/strong><\/span> en tots els nivells educatius.<img loading=\"lazy\" decoding=\"async\" class=\"alignleft wp-image-15582\" src=\"https:\/\/agora.xtec.cat\/ceipmacia-companys\/wp-content\/uploads\/usu125\/2020\/12\/projectes_amistad-150x150.png\" alt=\"\" width=\"122\" height=\"122\" srcset=\"https:\/\/agora.xtec.cat\/ceipmacia-companys\/wp-content\/uploads\/usu125\/2020\/12\/projectes_amistad-150x150.png 150w, https:\/\/agora.xtec.cat\/ceipmacia-companys\/wp-content\/uploads\/usu125\/2020\/12\/projectes_amistad-300x300.png 300w, https:\/\/agora.xtec.cat\/ceipmacia-companys\/wp-content\/uploads\/usu125\/2020\/12\/projectes_amistad.png 512w\" sizes=\"auto, (max-width: 122px) 100vw, 122px\" \/><\/p>\n<p>\u00c9s un espai educatiu amb recursos per a l\u2019aprenentatge dins de l\u2019escola, un espai on interactuar i accedir a la informaci\u00f3, la lectura i la cultura.<\/p>\n<p>Al centre fomentem la lectura mitjan\u00e7ant el Pla de Lectura de Centre (PLEC) per desenvolupar les compet\u00e8ncies pr\u00f2pies del curr\u00edculum educatiu: <strong>llegir, comprendre, analitzar, interpretar textos i promoure actituds reflexives i cr\u00edtiques<\/strong>.<\/p>\n<p>La biblioteca ajuda a crear l\u2019h\u00e0bit lector i veure la lectura com una activitat de plaer. Tamb\u00e9 contribueix a compensar les desigualtats ja que proporciona eines als que no disposen de recursos, promovent d\u2019aquesta manera una educaci\u00f3 d\u2019equitat.<\/p>\n<p>Gr\u00e0cies als llibres podem accedir a qualsevol informaci\u00f3 per\u00f2 tamb\u00e9 fer volar la imaginaci\u00f3.<\/p>\n<p>La biblioteca escolar ens ajuda a formar petits lectors i lectores desenvolupant la compet\u00e8ncia lectora necess\u00e0ria per la vida quotidiana.<\/p>\n<p><img loading=\"lazy\" decoding=\"async\" class=\"alignleft wp-image-15581\" src=\"https:\/\/agora.xtec.cat\/ceipmacia-companys\/wp-content\/uploads\/usu125\/2020\/12\/projectes_infinit-150x150.png\" alt=\"\" width=\"107\" height=\"107\" srcset=\"https:\/\/agora.xtec.cat\/ceipmacia-companys\/wp-content\/uploads\/usu125\/2020\/12\/projectes_infinit-150x150.png 150w, https:\/\/agora.xtec.cat\/ceipmacia-companys\/wp-content\/uploads\/usu125\/2020\/12\/projectes_infinit-300x300.png 300w, https:\/\/agora.xtec.cat\/ceipmacia-companys\/wp-content\/uploads\/usu125\/2020\/12\/projectes_infinit.png 512w\" sizes=\"auto, (max-width: 107px) 100vw, 107px\" \/><\/p>\n<p>&nbsp;<\/p>\n<p>&nbsp;<\/p>\n<p>&nbsp;<\/p>\n","protected":false},"excerpt":{"rendered":"<p>La nostra biblioteca escolar pret\u00e9n fomentar l&#8217;inter\u00e8s i el gust per la lectura en tots els nivells educatius.<br \/>\n\u00c9s un espai educatiu amb recursos per a l\u2019aprenentatge dins de l\u2019escola, un espai on interactuar i accedir a la informaci\u00f3, la lectura i la cultura.<br \/>\nAl centre fomentem&hellip;  <a href=\"https:\/\/agora.xtec.cat\/ceipmacia-companys\/lescola\/projectes\/biblioteca\/\" title=\"Read Biblioteca\">Llegeix m\u00e9s\u00bb<\/a><\/p>\n","protected":false},"author":1,"featured_media":0,"parent":15571,"menu_order":2,"comment_status":"closed","ping_status":"closed","template":"","meta":{"_bbp_topic_count":0,"_bbp_reply_count":0,"_bbp_total_topic_count":0,"_bbp_total_reply_count":0,"_bbp_voice_count":0,"_bbp_anonymous_reply_count":0,"_bbp_topic_count_hidden":0,"_bbp_reply_count_hidden":0,"_bbp_forum_subforum_count":0,"footnotes":""},"class_list":["post-15579","page","type-page","status-publish","hentry"],"post_mailing_queue_ids":[],"_links":{"self":[{"href":"https:\/\/agora.xtec.cat\/ceipmacia-companys\/wp-json\/wp\/v2\/pages\/15579","targetHints":{"allow":["GET"]}}],"collection":[{"href":"https:\/\/agora.xtec.cat\/ceipmacia-companys\/wp-json\/wp\/v2\/pages"}],"about":[{"href":"https:\/\/agora.xtec.cat\/ceipmacia-companys\/wp-json\/wp\/v2\/types\/page"}],"author":[{"embeddable":true,"href":"https:\/\/agora.xtec.cat\/ceipmacia-companys\/wp-json\/wp\/v2\/users\/1"}],"replies":[{"embeddable":true,"href":"https:\/\/agora.xtec.cat\/ceipmacia-companys\/wp-json\/wp\/v2\/comments?post=15579"}],"version-history":[{"count":4,"href":"https:\/\/agora.xtec.cat\/ceipmacia-companys\/wp-json\/wp\/v2\/pages\/15579\/revisions"}],"predecessor-version":[{"id":15594,"href":"https:\/\/agora.xtec.cat\/ceipmacia-companys\/wp-json\/wp\/v2\/pages\/15579\/revisions\/15594"}],"up":[{"embeddable":true,"href":"https:\/\/agora.xtec.cat\/ceipmacia-companys\/wp-json\/wp\/v2\/pages\/15571"}],"wp:attachment":[{"href":"https:\/\/agora.xtec.cat\/ceipmacia-companys\/wp-json\/wp\/v2\/media?parent=15579"}],"curies":[{"name":"wp","href":"https:\/\/api.w.org\/{rel}","templated":true}]}}