{"id":15574,"date":"2020-12-31T13:11:14","date_gmt":"2020-12-31T12:11:14","guid":{"rendered":"https:\/\/agora.xtec.cat\/ceipmacia-companys\/?page_id=15574"},"modified":"2020-12-31T13:38:25","modified_gmt":"2020-12-31T12:38:25","slug":"escola-verda","status":"publish","type":"page","link":"https:\/\/agora.xtec.cat\/ceipmacia-companys\/lescola\/projectes\/escola-verda\/","title":{"rendered":"Escola verda"},"content":{"rendered":"<p><img loading=\"lazy\" decoding=\"async\" class=\"alignleft size-thumbnail wp-image-15575\" src=\"https:\/\/agora.xtec.cat\/ceipmacia-companys\/wp-content\/uploads\/usu125\/2020\/12\/projectes_lleng\u00fces-150x150.png\" alt=\"\" width=\"150\" height=\"150\" srcset=\"https:\/\/agora.xtec.cat\/ceipmacia-companys\/wp-content\/uploads\/usu125\/2020\/12\/projectes_lleng\u00fces-150x150.png 150w, https:\/\/agora.xtec.cat\/ceipmacia-companys\/wp-content\/uploads\/usu125\/2020\/12\/projectes_lleng\u00fces-300x300.png 300w, https:\/\/agora.xtec.cat\/ceipmacia-companys\/wp-content\/uploads\/usu125\/2020\/12\/projectes_lleng\u00fces.png 512w\" sizes=\"auto, (max-width: 150px) 100vw, 150px\" \/>El programa escoles verdes del Departament de Medi Ambient i Sostenibilitat de la Generalitat de Catalunya d\u00f3na suport a\u00a0 les escoles que com nosaltres, que hi formem part, treballem per afavorir una bona actitud davant el medi ambient, amb la finalitat d\u2019afrontar, des de l\u2019educaci\u00f3, els nous reptes i valors de la sostenibilitat.<\/p>\n<p>El projecte <strong><span style=\"color: #008000;\">Escola Verda<\/span><\/strong> ens obliga a innovar, incloure, avan\u00e7ar, sistematitzar i organitzar totes aquelles accions educatives que tenen la finalitat d&#8217;afrontar des de l&#8217;educaci\u00f3, els nous reptes del desenvolupament sostenible.<\/p>\n<ul style=\"list-style-type: square;\">\n<li>Incorporem els valors de l\u2019educaci\u00f3 per a la <strong>sostenibilitat<\/strong> en tots els \u00e0mbits de la vida del centre.<\/li>\n<li>Promovem la <strong>participaci\u00f3<\/strong> i la implicaci\u00f3 activa de la comunitat educativa en la millora del seu entorn.<\/li>\n<li>Ens replantegem el treball educatiu i l\u2019organitzaci\u00f3 del centre perqu\u00e8 creiem en l\u2019educaci\u00f3 per a la sostenibilitat.<\/li>\n<\/ul>\n<p>El claustre d\u00f3na suport al projecte.<\/p>\n<ul style=\"list-style-type: circle;\">\n<li>Disposem d\u2019un Comit\u00e8 Ambiental format per mestres i alumnes, que \u00e9s l\u2019equip impulsor per a la dinamitzaci\u00f3 del proc\u00e9s de millora cont\u00ednua.<\/li>\n<li>Dissenyem i realitzem de manera participada, i amb el suport de la direcci\u00f3 del centre i l\u2019aprovaci\u00f3 del Consell Escolar, un proc\u00e9s que inclou:\u00a0Elaborar i revisar objectius de manera peri\u00f2dica en un Pla d\u2019educaci\u00f3 per a la sostenibilitat i dur a terme plans d\u2019acci\u00f3 anuals per assolir objectius prioritaris.<\/li>\n<\/ul>\n<p><img loading=\"lazy\" decoding=\"async\" class=\"alignleft size-thumbnail wp-image-15576\" src=\"https:\/\/agora.xtec.cat\/ceipmacia-companys\/wp-content\/uploads\/usu125\/2020\/12\/projectes_escola-verda-2-150x150.png\" alt=\"\" width=\"150\" height=\"150\" srcset=\"https:\/\/agora.xtec.cat\/ceipmacia-companys\/wp-content\/uploads\/usu125\/2020\/12\/projectes_escola-verda-2-150x150.png 150w, https:\/\/agora.xtec.cat\/ceipmacia-companys\/wp-content\/uploads\/usu125\/2020\/12\/projectes_escola-verda-2-300x300.png 300w, https:\/\/agora.xtec.cat\/ceipmacia-companys\/wp-content\/uploads\/usu125\/2020\/12\/projectes_escola-verda-2.png 512w\" sizes=\"auto, (max-width: 150px) 100vw, 150px\" \/>Realitzem avaluaci\u00f3 continuada i participem anualment en seminaris de dinamitzaci\u00f3 i suport a les escoles verdes.<\/p>\n<p>&nbsp;<\/p>\n<p>&nbsp;<\/p>\n<p>&nbsp;<\/p>\n","protected":false},"excerpt":{"rendered":"<p>El programa escoles verdes del Departament de Medi Ambient i Sostenibilitat de la Generalitat de Catalunya d\u00f3na suport a\u00a0 les escoles que com nosaltres, que hi formem part, treballem per afavorir una bona actitud davant el medi ambient, amb la finalitat d\u2019afrontar, des de l\u2019educaci\u00f3,&hellip;  <a href=\"https:\/\/agora.xtec.cat\/ceipmacia-companys\/lescola\/projectes\/escola-verda\/\" title=\"Read Escola verda\">Llegeix m\u00e9s\u00bb<\/a><\/p>\n","protected":false},"author":1,"featured_media":0,"parent":15571,"menu_order":1,"comment_status":"closed","ping_status":"closed","template":"","meta":{"_bbp_topic_count":0,"_bbp_reply_count":0,"_bbp_total_topic_count":0,"_bbp_total_reply_count":0,"_bbp_voice_count":0,"_bbp_anonymous_reply_count":0,"_bbp_topic_count_hidden":0,"_bbp_reply_count_hidden":0,"_bbp_forum_subforum_count":0,"footnotes":""},"class_list":["post-15574","page","type-page","status-publish","hentry"],"post_mailing_queue_ids":[],"_links":{"self":[{"href":"https:\/\/agora.xtec.cat\/ceipmacia-companys\/wp-json\/wp\/v2\/pages\/15574","targetHints":{"allow":["GET"]}}],"collection":[{"href":"https:\/\/agora.xtec.cat\/ceipmacia-companys\/wp-json\/wp\/v2\/pages"}],"about":[{"href":"https:\/\/agora.xtec.cat\/ceipmacia-companys\/wp-json\/wp\/v2\/types\/page"}],"author":[{"embeddable":true,"href":"https:\/\/agora.xtec.cat\/ceipmacia-companys\/wp-json\/wp\/v2\/users\/1"}],"replies":[{"embeddable":true,"href":"https:\/\/agora.xtec.cat\/ceipmacia-companys\/wp-json\/wp\/v2\/comments?post=15574"}],"version-history":[{"count":3,"href":"https:\/\/agora.xtec.cat\/ceipmacia-companys\/wp-json\/wp\/v2\/pages\/15574\/revisions"}],"predecessor-version":[{"id":15593,"href":"https:\/\/agora.xtec.cat\/ceipmacia-companys\/wp-json\/wp\/v2\/pages\/15574\/revisions\/15593"}],"up":[{"embeddable":true,"href":"https:\/\/agora.xtec.cat\/ceipmacia-companys\/wp-json\/wp\/v2\/pages\/15571"}],"wp:attachment":[{"href":"https:\/\/agora.xtec.cat\/ceipmacia-companys\/wp-json\/wp\/v2\/media?parent=15574"}],"curies":[{"name":"wp","href":"https:\/\/api.w.org\/{rel}","templated":true}]}}