{"id":12688,"date":"2020-05-09T17:11:41","date_gmt":"2020-05-09T15:11:41","guid":{"rendered":"https:\/\/agora.xtec.cat\/ceipmacia-companys\/?page_id=12688"},"modified":"2026-02-20T23:21:56","modified_gmt":"2026-02-20T22:21:56","slug":"informacio-general-preinscripcio-i-matricula-curs-2020-2021","status":"publish","type":"page","link":"https:\/\/agora.xtec.cat\/ceipmacia-companys\/informacio-general-preinscripcio-i-matricula-curs-2020-2021\/","title":{"rendered":"Preinscripci\u00f3 i matr\u00edcula curs 2026 &#8211; 2027"},"content":{"rendered":"<p><a href=\"https:\/\/agora.xtec.cat\/ceipmacia-companys\/wp-content\/uploads\/usu125\/2026\/02\/26-27-preinscripcio-escolar.png\"><img loading=\"lazy\" decoding=\"async\" class=\"aligncenter size-full wp-image-21192\" src=\"https:\/\/agora.xtec.cat\/ceipmacia-companys\/wp-content\/uploads\/usu125\/2026\/02\/26-27-preinscripcio-escolar.png\" alt=\"\" width=\"746\" height=\"376\" srcset=\"https:\/\/agora.xtec.cat\/ceipmacia-companys\/wp-content\/uploads\/usu125\/2026\/02\/26-27-preinscripcio-escolar.png 746w, https:\/\/agora.xtec.cat\/ceipmacia-companys\/wp-content\/uploads\/usu125\/2026\/02\/26-27-preinscripcio-escolar-300x151.png 300w\" sizes=\"auto, (max-width: 746px) 100vw, 746px\" \/><\/a><\/p>\n<ul>\n<li><a href=\"https:\/\/preinscripcio.gencat.cat\/ca\/inici\/\" target=\"_blank\" rel=\"noopener noreferrer\">Informaci\u00f3 general del proc\u00e9s de preinscripci\u00f3.<\/a><\/li>\n<li><strong>Matr\u00edcula del 25 de juny al 3 de juliol al centre educatiu<\/strong>.<\/li>\n<\/ul>\n<h5><strong>Aspectes a tenir en compte en el moment de la preinscripci\u00f3:<\/strong><\/h5>\n<p>Al formulari de preinscripci\u00f3 no cal marcar cap districte, nom\u00e9s es necessita especificar el municipi.<\/p>\n<p>Codi de centre per a la preinscripci\u00f3 Escola Maci\u00e0-Companys: <strong>25000067<\/strong><\/p>\n<p>Codi del centre de proced\u00e8ncia &#8211; si \u00e9s el cas-: <span style=\"font-family: inherit; font-size: 1em;\">Llar L&#8217;Era<\/span><strong style=\"font-family: inherit; font-size: 1em;\"> 25006859<\/strong><\/p>\n<table style=\"width: 568px;\">\n<tbody>\n<tr>\n<td style=\"width: 110px;\"><strong>TELEM\u00c0TICA<\/strong><\/p>\n<p><img loading=\"lazy\" decoding=\"async\" class=\"alignleft size-full wp-image-16076\" src=\"https:\/\/agora.xtec.cat\/ceipmacia-companys\/wp-content\/uploads\/usu125\/2021\/02\/web.png\" alt=\"\" width=\"512\" height=\"512\" srcset=\"https:\/\/agora.xtec.cat\/ceipmacia-companys\/wp-content\/uploads\/usu125\/2021\/02\/web.png 512w, https:\/\/agora.xtec.cat\/ceipmacia-companys\/wp-content\/uploads\/usu125\/2021\/02\/web-150x150.png 150w, https:\/\/agora.xtec.cat\/ceipmacia-companys\/wp-content\/uploads\/usu125\/2021\/02\/web-300x300.png 300w\" sizes=\"auto, (max-width: 512px) 100vw, 512px\" \/><\/td>\n<td style=\"width: 450px;\">\n<p style=\"text-align: center;\"><img loading=\"lazy\" decoding=\"async\" class=\"alignleft wp-image-16075\" src=\"https:\/\/agora.xtec.cat\/ceipmacia-companys\/wp-content\/uploads\/usu125\/2021\/02\/icons8-formulario-64.png\" alt=\"\" width=\"50\" height=\"50\" \/><strong> Del 4 al 18 de mar\u00e7 podreu omplir la sol\u00b7licitud de preinscripci\u00f3 de manera telem\u00e0tica. <\/strong>Un cop formalitzada obtindreu un resguard de la preinscripci\u00f3, guardeu-lo. <a href=\"https:\/\/preinscripcio.gencat.cat\/ca\/inici\/\"><strong>Acc\u00e9s a la sol\u00b7licitud telem\u00e0tica<\/strong><\/a><\/p>\n<\/td>\n<\/tr>\n<tr>\n<td style=\"width: 110px;\"><strong>CITA PR\u00c8VIA<\/strong><\/p>\n<p><img loading=\"lazy\" decoding=\"async\" class=\"alignleft size-full wp-image-16077\" src=\"https:\/\/agora.xtec.cat\/ceipmacia-companys\/wp-content\/uploads\/usu125\/2021\/02\/web-1.png\" alt=\"\" width=\"512\" height=\"512\" srcset=\"https:\/\/agora.xtec.cat\/ceipmacia-companys\/wp-content\/uploads\/usu125\/2021\/02\/web-1.png 512w, https:\/\/agora.xtec.cat\/ceipmacia-companys\/wp-content\/uploads\/usu125\/2021\/02\/web-1-150x150.png 150w, https:\/\/agora.xtec.cat\/ceipmacia-companys\/wp-content\/uploads\/usu125\/2021\/02\/web-1-300x300.png 300w\" sizes=\"auto, (max-width: 512px) 100vw, 512px\" \/><\/td>\n<td style=\"width: 450px;\"><strong>Si no la podeu fer per Internet, demaneu cita pr\u00e8via<\/strong> de 9 a 12 hores per tel\u00e8fon o enviant un correu electr\u00f2nic:<\/p>\n<table style=\"height: 82px; width: 361px;\" width=\"576\">\n<tbody>\n<tr style=\"height: 82px;\">\n<td style=\"width: 166px; height: 82px;\"><img loading=\"lazy\" decoding=\"async\" class=\"alignleft wp-image-16072 \" src=\"https:\/\/agora.xtec.cat\/ceipmacia-companys\/wp-content\/uploads\/usu125\/2021\/02\/receptor-de-telefono-150x150.png\" alt=\"\" width=\"49\" height=\"49\" srcset=\"https:\/\/agora.xtec.cat\/ceipmacia-companys\/wp-content\/uploads\/usu125\/2021\/02\/receptor-de-telefono-150x150.png 150w, https:\/\/agora.xtec.cat\/ceipmacia-companys\/wp-content\/uploads\/usu125\/2021\/02\/receptor-de-telefono-300x300.png 300w, https:\/\/agora.xtec.cat\/ceipmacia-companys\/wp-content\/uploads\/usu125\/2021\/02\/receptor-de-telefono.png 512w\" sizes=\"auto, (max-width: 49px) 100vw, 49px\" \/><\/p>\n<p>973.390.668 \/ 609.682.822<\/td>\n<td style=\"width: 187px; height: 82px;\"><img loading=\"lazy\" decoding=\"async\" class=\"alignleft wp-image-16073 \" src=\"https:\/\/agora.xtec.cat\/ceipmacia-companys\/wp-content\/uploads\/usu125\/2021\/02\/email-150x150.png\" alt=\"\" width=\"47\" height=\"47\" srcset=\"https:\/\/agora.xtec.cat\/ceipmacia-companys\/wp-content\/uploads\/usu125\/2021\/02\/email-150x150.png 150w, https:\/\/agora.xtec.cat\/ceipmacia-companys\/wp-content\/uploads\/usu125\/2021\/02\/email-300x300.png 300w, https:\/\/agora.xtec.cat\/ceipmacia-companys\/wp-content\/uploads\/usu125\/2021\/02\/email.png 512w\" sizes=\"auto, (max-width: 47px) 100vw, 47px\" \/><\/p>\n<p style=\"text-align: left;\">c5000067@xtec.cat<\/p>\n<\/td>\n<\/tr>\n<\/tbody>\n<\/table>\n<p>&nbsp;<\/td>\n<\/tr>\n<\/tbody>\n<\/table>\n<h6><a href=\"https:\/\/agora.xtec.cat\/ceipmacia-companys\/preinscripcio\/informacio-escola-macia-companys\/\"><img loading=\"lazy\" decoding=\"async\" class=\"wp-image-16173 alignleft\" src=\"https:\/\/agora.xtec.cat\/ceipmacia-companys\/wp-content\/uploads\/usu125\/2021\/03\/canal-150x150.png\" alt=\"\" width=\"91\" height=\"91\" srcset=\"https:\/\/agora.xtec.cat\/ceipmacia-companys\/wp-content\/uploads\/usu125\/2021\/03\/canal-150x150.png 150w, https:\/\/agora.xtec.cat\/ceipmacia-companys\/wp-content\/uploads\/usu125\/2021\/03\/canal-300x300.png 300w, https:\/\/agora.xtec.cat\/ceipmacia-companys\/wp-content\/uploads\/usu125\/2021\/03\/canal.png 512w\" sizes=\"auto, (max-width: 91px) 100vw, 91px\" \/><\/a><\/h6>\n<h6><\/h6>\n<h6>Prem la imatge si vols con\u00e8ixer millor la nostra escola!<\/h6>\n<p>&nbsp;<\/p>\n<p>&nbsp;<\/p>\n<p>&nbsp;<\/p>\n","protected":false},"excerpt":{"rendered":"<p><a href=\"https:\/\/agora.xtec.cat\/ceipmacia-companys\/wp-content\/uploads\/usu125\/2026\/02\/26-27-preinscripcio-escolar.png\"><\/a><\/p>\n<ul>\n<li><a href=\"https:\/\/preinscripcio.gencat.cat\/ca\/inici\/\" target=\"_blank\" rel=\"noopener noreferrer\">Informaci\u00f3 general del proc\u00e9s de preinscripci\u00f3.<\/a><\/li>\n<li>Matr\u00edcula del 25 de juny al 3 de juliol al centre educatiu.<\/li>\n<\/ul>\n<p>Aspectes a tenir en compte en el moment de la preinscripci\u00f3:<br \/>\nAl formulari de preinscripci\u00f3 no cal marcar cap districte, nom\u00e9s es necessita especificar el&hellip;  <a href=\"https:\/\/agora.xtec.cat\/ceipmacia-companys\/informacio-general-preinscripcio-i-matricula-curs-2020-2021\/\" title=\"Read Preinscripci\u00f3 i matr\u00edcula curs 2026 &#8211; 2027\">Llegeix m\u00e9s\u00bb<\/a><\/p>\n","protected":false},"author":1,"featured_media":0,"parent":0,"menu_order":10,"comment_status":"closed","ping_status":"closed","template":"page-templates\/side-menu.php","meta":{"_bbp_topic_count":0,"_bbp_reply_count":0,"_bbp_total_topic_count":0,"_bbp_total_reply_count":0,"_bbp_voice_count":0,"_bbp_anonymous_reply_count":0,"_bbp_topic_count_hidden":0,"_bbp_reply_count_hidden":0,"_bbp_forum_subforum_count":0,"footnotes":""},"class_list":["post-12688","page","type-page","status-publish","hentry"],"post_mailing_queue_ids":[],"_links":{"self":[{"href":"https:\/\/agora.xtec.cat\/ceipmacia-companys\/wp-json\/wp\/v2\/pages\/12688","targetHints":{"allow":["GET"]}}],"collection":[{"href":"https:\/\/agora.xtec.cat\/ceipmacia-companys\/wp-json\/wp\/v2\/pages"}],"about":[{"href":"https:\/\/agora.xtec.cat\/ceipmacia-companys\/wp-json\/wp\/v2\/types\/page"}],"author":[{"embeddable":true,"href":"https:\/\/agora.xtec.cat\/ceipmacia-companys\/wp-json\/wp\/v2\/users\/1"}],"replies":[{"embeddable":true,"href":"https:\/\/agora.xtec.cat\/ceipmacia-companys\/wp-json\/wp\/v2\/comments?post=12688"}],"version-history":[{"count":6,"href":"https:\/\/agora.xtec.cat\/ceipmacia-companys\/wp-json\/wp\/v2\/pages\/12688\/revisions"}],"predecessor-version":[{"id":21231,"href":"https:\/\/agora.xtec.cat\/ceipmacia-companys\/wp-json\/wp\/v2\/pages\/12688\/revisions\/21231"}],"wp:attachment":[{"href":"https:\/\/agora.xtec.cat\/ceipmacia-companys\/wp-json\/wp\/v2\/media?parent=12688"}],"curies":[{"name":"wp","href":"https:\/\/api.w.org\/{rel}","templated":true}]}}