{"id":1000,"date":"2018-01-31T09:49:48","date_gmt":"2018-01-31T08:49:48","guid":{"rendered":"http:\/\/agora.xtec.cat\/ceipmacia-companys\/?page_id=1000"},"modified":"2020-08-08T12:58:20","modified_gmt":"2020-08-08T10:58:20","slug":"que-es-lampa","status":"publish","type":"page","link":"https:\/\/agora.xtec.cat\/ceipmacia-companys\/ampa\/que-es-lampa\/","title":{"rendered":"Qu\u00e8 \u00e9s l&#8217;AFA?"},"content":{"rendered":"<p><i><img loading=\"lazy\" decoding=\"async\" class=\"alignleft wp-image-14554 size-thumbnail\" src=\"https:\/\/agora.xtec.cat\/ceipmacia-companys\/wp-content\/uploads\/usu125\/2020\/08\/segell-AFA-150x150.jpg\" alt=\"\" width=\"150\" height=\"150\" srcset=\"https:\/\/agora.xtec.cat\/ceipmacia-companys\/wp-content\/uploads\/usu125\/2020\/08\/segell-AFA-150x150.jpg 150w, https:\/\/agora.xtec.cat\/ceipmacia-companys\/wp-content\/uploads\/usu125\/2020\/08\/segell-AFA-300x297.jpg 300w\" sizes=\"auto, (max-width: 150px) 100vw, 150px\" \/>L\u2019AFA \u00e9s una associaci\u00f3 molt important dins l\u2019escola, la participaci\u00f3 de pares i mares \u00e9s fonamental per l&#8217;educaci\u00f3 dels infants. No \u00e9s obligatori formar part de l&#8217;AFA, per\u00f2 s\u00ed molt recomanable.<\/i><\/p>\n<p style=\"text-align: center;\"><img loading=\"lazy\" decoding=\"async\" class=\"alignleft size-full wp-image-14545\" src=\"https:\/\/agora.xtec.cat\/ceipmacia-companys\/wp-content\/uploads\/usu125\/2020\/08\/icons8-students-80.png\" alt=\"\" width=\"80\" height=\"80\" \/><\/p>\n<p style=\"text-align: center;\">\n","protected":false},"excerpt":{"rendered":"<p>L\u2019AFA \u00e9s una associaci\u00f3 molt important dins l\u2019escola, la participaci\u00f3 de pares i mares \u00e9s fonamental per l&#8217;educaci\u00f3 dels infants. No \u00e9s obligatori formar part de l&#8217;AFA, per\u00f2 s\u00ed molt recomanable.<\/p>\n","protected":false},"author":1,"featured_media":0,"parent":978,"menu_order":0,"comment_status":"closed","ping_status":"closed","template":"page-templates\/side-menu.php","meta":{"_bbp_topic_count":0,"_bbp_reply_count":0,"_bbp_total_topic_count":0,"_bbp_total_reply_count":0,"_bbp_voice_count":0,"_bbp_anonymous_reply_count":0,"_bbp_topic_count_hidden":0,"_bbp_reply_count_hidden":0,"_bbp_forum_subforum_count":0,"footnotes":""},"class_list":["post-1000","page","type-page","status-publish","hentry"],"post_mailing_queue_ids":[],"_links":{"self":[{"href":"https:\/\/agora.xtec.cat\/ceipmacia-companys\/wp-json\/wp\/v2\/pages\/1000","targetHints":{"allow":["GET"]}}],"collection":[{"href":"https:\/\/agora.xtec.cat\/ceipmacia-companys\/wp-json\/wp\/v2\/pages"}],"about":[{"href":"https:\/\/agora.xtec.cat\/ceipmacia-companys\/wp-json\/wp\/v2\/types\/page"}],"author":[{"embeddable":true,"href":"https:\/\/agora.xtec.cat\/ceipmacia-companys\/wp-json\/wp\/v2\/users\/1"}],"replies":[{"embeddable":true,"href":"https:\/\/agora.xtec.cat\/ceipmacia-companys\/wp-json\/wp\/v2\/comments?post=1000"}],"version-history":[{"count":3,"href":"https:\/\/agora.xtec.cat\/ceipmacia-companys\/wp-json\/wp\/v2\/pages\/1000\/revisions"}],"predecessor-version":[{"id":14555,"href":"https:\/\/agora.xtec.cat\/ceipmacia-companys\/wp-json\/wp\/v2\/pages\/1000\/revisions\/14555"}],"up":[{"embeddable":true,"href":"https:\/\/agora.xtec.cat\/ceipmacia-companys\/wp-json\/wp\/v2\/pages\/978"}],"wp:attachment":[{"href":"https:\/\/agora.xtec.cat\/ceipmacia-companys\/wp-json\/wp\/v2\/media?parent=1000"}],"curies":[{"name":"wp","href":"https:\/\/api.w.org\/{rel}","templated":true}]}}