{"id":73,"date":"2014-09-18T14:01:51","date_gmt":"2014-09-18T13:01:51","guid":{"rendered":"http:\/\/agora.xtec.cat\/ceipm-reina-violant\/?page_id=73"},"modified":"2022-12-08T16:14:49","modified_gmt":"2022-12-08T15:14:49","slug":"menjador-escolar","status":"publish","type":"page","link":"https:\/\/agora.xtec.cat\/ceipm-reina-violant\/serveis\/menjador-escolar\/","title":{"rendered":"Menjador escolar"},"content":{"rendered":"<p>L&#8217;escola disposa de cuina pr\u00f2pia i dos menjadors (parvulari\u00a0i prim\u00e0ria).<\/p>\n<p>La mainada de P3 fa migdiada.<\/p>\n<p>Abans o despr\u00e9s de dinar fan activitats de lleure, coordinades pels monitors i les monitores del migdia.<\/p>\n<p>L&#8217;equip de monitoratge est\u00e0 format per una coordinadora i set monitors.<\/p>\n<p>A prim\u00e0ria es fan dos torns de menjador: a les 12.30 h dinen P5, 1r A, 1r B\u00a0i\u00a02n de prim\u00e0ria.<\/p>\n<p>Al segon torn dinen: tercer nivell, quart nivell, cinqu\u00e8 nivell i sis\u00e8 nivell de prim\u00e0ria.<\/p>\n<p>El preu del men\u00fa s\u00f3n 6,33 euros per dia. Els alumnes es poden quedar a dinar di\u00e0riament o de manera espor\u00e0dica. Si estan malalts, s&#8217;avisa a l&#8217;empresa i es descompta el dia que no vinguin a dinar a l&#8217;escola.<\/p>\n<p>En aquest preu est\u00e0 incl\u00f2s el dinar i les activitats de migdia que porten els monitors.<\/p>\n<p><a href=\"http:\/\/afareinaviolant.org\/temps-de-migdia\/\" target=\"_blank\" rel=\"noopener noreferrer\">Informaci\u00f3 adicional sobre el &#8220;<em>Temps de Migdia<\/em>&#8221; a la web de l&#8217;AFA.<\/a><\/p>\n","protected":false},"excerpt":{"rendered":"<p>L&#8217;escola disposa de cuina pr\u00f2pia i dos menjadors (parvulari\u00a0i prim\u00e0ria).<br \/>\nLa mainada de P3 fa migdiada.<br \/>\nAbans o despr\u00e9s de dinar fan activitats de lleure, coordinades pels monitors i les monitores del migdia.<br \/>\nL&#8217;equip de monitoratge est\u00e0 format per una coordinadora i set monitors.<br \/>\nA prim\u00e0ria es fan dos&hellip;  <a href=\"https:\/\/agora.xtec.cat\/ceipm-reina-violant\/serveis\/menjador-escolar\/\" title=\"Read Menjador escolar\">Llegeix m\u00e9s\u00bb<\/a><\/p>\n","protected":false},"author":1,"featured_media":0,"parent":66,"menu_order":1,"comment_status":"closed","ping_status":"closed","template":"page-templates\/side-menu.php","meta":{"_bbp_topic_count":0,"_bbp_reply_count":0,"_bbp_total_topic_count":0,"_bbp_total_reply_count":0,"_bbp_voice_count":0,"_bbp_anonymous_reply_count":0,"_bbp_topic_count_hidden":0,"_bbp_reply_count_hidden":0,"_bbp_forum_subforum_count":0,"footnotes":""},"class_list":["post-73","page","type-page","status-publish","hentry"],"post_mailing_queue_ids":[],"_links":{"self":[{"href":"https:\/\/agora.xtec.cat\/ceipm-reina-violant\/wp-json\/wp\/v2\/pages\/73","targetHints":{"allow":["GET"]}}],"collection":[{"href":"https:\/\/agora.xtec.cat\/ceipm-reina-violant\/wp-json\/wp\/v2\/pages"}],"about":[{"href":"https:\/\/agora.xtec.cat\/ceipm-reina-violant\/wp-json\/wp\/v2\/types\/page"}],"author":[{"embeddable":true,"href":"https:\/\/agora.xtec.cat\/ceipm-reina-violant\/wp-json\/wp\/v2\/users\/1"}],"replies":[{"embeddable":true,"href":"https:\/\/agora.xtec.cat\/ceipm-reina-violant\/wp-json\/wp\/v2\/comments?post=73"}],"version-history":[{"count":3,"href":"https:\/\/agora.xtec.cat\/ceipm-reina-violant\/wp-json\/wp\/v2\/pages\/73\/revisions"}],"predecessor-version":[{"id":5716,"href":"https:\/\/agora.xtec.cat\/ceipm-reina-violant\/wp-json\/wp\/v2\/pages\/73\/revisions\/5716"}],"up":[{"embeddable":true,"href":"https:\/\/agora.xtec.cat\/ceipm-reina-violant\/wp-json\/wp\/v2\/pages\/66"}],"wp:attachment":[{"href":"https:\/\/agora.xtec.cat\/ceipm-reina-violant\/wp-json\/wp\/v2\/media?parent=73"}],"curies":[{"name":"wp","href":"https:\/\/api.w.org\/{rel}","templated":true}]}}