{"id":7013,"date":"2023-05-29T23:02:10","date_gmt":"2023-05-29T21:02:10","guid":{"rendered":"https:\/\/agora.xtec.cat\/ceipm-reina-violant\/?page_id=7013"},"modified":"2024-01-19T13:45:31","modified_gmt":"2024-01-19T12:45:31","slug":"xerrades-pedagogiques","status":"publish","type":"page","link":"https:\/\/agora.xtec.cat\/ceipm-reina-violant\/lescola\/xerrades-pedagogiques\/","title":{"rendered":"Xerrades pedag\u00f2giques"},"content":{"rendered":"<p>L&#8217;AFA i l&#8217;Equip docent treballem de manera coordinada per oferir xerrades de caire pedag\u00f2gic i educatiu, de temes d&#8217;inter\u00e8s propers a les fam\u00edlies. Col\u00b7laborem amb l&#8217;esperit de propagar les \u00faltimes investigacions i evid\u00e8ncies sobre q\u00fcestions que afecten la nostra comunitat.<\/p>\n<ul style=\"list-style-type: square;\">\n<li>Xerrada &#8220;<em><a href=\"https:\/\/agora.xtec.cat\/ceipm-reina-violant\/wp-content\/uploads\/usu796\/2023\/05\/xerrada-Us-dels-mobils-abans-dels-16-anys.pdf\" target=\"_blank\" rel=\"noopener\">L&#8217;\u00fas dels m\u00f2bils abans dels 16 anys<\/a>&#8220;<\/em>, a c\u00e0rrec de Francisco Villar (curs 22-23)<\/li>\n<li>Xerrada-taller <em>&#8220;<a href=\"https:\/\/agora.xtec.cat\/ceipm-reina-violant\/wp-content\/uploads\/usu796\/2024\/01\/Xerrada-VIRA.pdf\" target=\"_blank\" rel=\"noopener\">Emocions i sexualitat<\/a><\/em>&#8220;, a c\u00e0rrec de Vira cooperativa (curs 23-24)<\/li>\n<\/ul>\n","protected":false},"excerpt":{"rendered":"<p>L&#8217;AFA i l&#8217;Equip docent treballem de manera coordinada per oferir xerrades de caire pedag\u00f2gic i educatiu, de temes d&#8217;inter\u00e8s propers a les fam\u00edlies. Col\u00b7laborem amb l&#8217;esperit de propagar les \u00faltimes investigacions i evid\u00e8ncies sobre q\u00fcestions que afecten la nostra comunitat.<\/p>\n<ul style=\"list-style-type: square;\">\n<li>Xerrada &#8220;<a href=\"https:\/\/agora.xtec.cat\/ceipm-reina-violant\/wp-content\/uploads\/usu796\/2023\/05\/xerrada-Us-dels-mobils-abans-dels-16-anys.pdf\" target=\"_blank\"&hellip;  <a href=\"https:\/\/agora.xtec.cat\/ceipm-reina-violant\/lescola\/xerrades-pedagogiques\/\" title=\"Read Xerrades pedag\u00f2giques\">Llegeix m\u00e9s\u00bb<\/a><br \/>\n","protected":false},"author":1,"featured_media":0,"parent":22,"menu_order":13,"comment_status":"closed","ping_status":"closed","template":"page-templates\/side-menu.php","meta":{"_bbp_topic_count":0,"_bbp_reply_count":0,"_bbp_total_topic_count":0,"_bbp_total_reply_count":0,"_bbp_voice_count":0,"_bbp_anonymous_reply_count":0,"_bbp_topic_count_hidden":0,"_bbp_reply_count_hidden":0,"_bbp_forum_subforum_count":0,"footnotes":""},"class_list":["post-7013","page","type-page","status-publish","hentry"],"post_mailing_queue_ids":[],"_links":{"self":[{"href":"https:\/\/agora.xtec.cat\/ceipm-reina-violant\/wp-json\/wp\/v2\/pages\/7013","targetHints":{"allow":["GET"]}}],"collection":[{"href":"https:\/\/agora.xtec.cat\/ceipm-reina-violant\/wp-json\/wp\/v2\/pages"}],"about":[{"href":"https:\/\/agora.xtec.cat\/ceipm-reina-violant\/wp-json\/wp\/v2\/types\/page"}],"author":[{"embeddable":true,"href":"https:\/\/agora.xtec.cat\/ceipm-reina-violant\/wp-json\/wp\/v2\/users\/1"}],"replies":[{"embeddable":true,"href":"https:\/\/agora.xtec.cat\/ceipm-reina-violant\/wp-json\/wp\/v2\/comments?post=7013"}],"version-history":[{"count":4,"href":"https:\/\/agora.xtec.cat\/ceipm-reina-violant\/wp-json\/wp\/v2\/pages\/7013\/revisions"}],"predecessor-version":[{"id":7153,"href":"https:\/\/agora.xtec.cat\/ceipm-reina-violant\/wp-json\/wp\/v2\/pages\/7013\/revisions\/7153"}],"up":[{"embeddable":true,"href":"https:\/\/agora.xtec.cat\/ceipm-reina-violant\/wp-json\/wp\/v2\/pages\/22"}],"wp:attachment":[{"href":"https:\/\/agora.xtec.cat\/ceipm-reina-violant\/wp-json\/wp\/v2\/media?parent=7013"}],"curies":[{"name":"wp","href":"https:\/\/api.w.org\/{rel}","templated":true}]}}