{"id":6851,"date":"2022-12-08T15:43:12","date_gmt":"2022-12-08T14:43:12","guid":{"rendered":"https:\/\/agora.xtec.cat\/ceipm-reina-violant\/?page_id=6851"},"modified":"2024-02-19T17:03:09","modified_gmt":"2024-02-19T16:03:09","slug":"avaluacio-i-millora","status":"publish","type":"page","link":"https:\/\/agora.xtec.cat\/ceipm-reina-violant\/pagines-dinici\/pagina-nova\/avaluacio-i-millora\/","title":{"rendered":"Avaluaci\u00f3 i Millora"},"content":{"rendered":"<p><span data-sheets-root=\"1\" data-sheets-value=\"{&quot;1&quot;:2,&quot;2&quot;:&quot;Almenys un cop al curs \u00e9s recomanable fer una avaluaci\u00f3 en profunditat de l\u2019EDC. Cal revisar cada una de les activitats planificades i determinar el grau d\u2019acompliment dels indicadors establerts a partir dels criteris d\u2019acompliment.\\r\\n\\r\\nDe la mateixa manera, cal revisar els objectius establerts pel curs i determinar-ne tamb\u00e9 el grau d\u2019assoliment a partir dels indicadors d\u2019impacte i els criteris d\u2019acompliment.\\r\\n\\r\\nA partir d\u2019aqu\u00ed, la Comissi\u00f3 d\u2019Estrat\u00e8gia Digital del Centre ha d\u2019encetar un proc\u00e9s de reflexi\u00f3. Si \u00e9s un dels primers cursos d\u2019aplicaci\u00f3 de l\u2019estrat\u00e8gia digital, \u00e9s possible que calgui revisar algun dels objectius, sigui la seva definici\u00f3 o la seva temporitzaci\u00f3, o algunes de les activitats.&quot;}\" data-sheets-userformat=\"{&quot;2&quot;:17333,&quot;3&quot;:{&quot;1&quot;:0},&quot;5&quot;:{&quot;1&quot;:[{&quot;1&quot;:2,&quot;2&quot;:0,&quot;5&quot;:{&quot;1&quot;:2,&quot;2&quot;:0}},{&quot;1&quot;:0,&quot;2&quot;:0,&quot;3&quot;:3},{&quot;1&quot;:1,&quot;2&quot;:0,&quot;4&quot;:1}]},&quot;7&quot;:{&quot;1&quot;:[{&quot;1&quot;:2,&quot;2&quot;:0,&quot;5&quot;:{&quot;1&quot;:2,&quot;2&quot;:0}},{&quot;1&quot;:0,&quot;2&quot;:0,&quot;3&quot;:3},{&quot;1&quot;:1,&quot;2&quot;:0,&quot;4&quot;:1}]},&quot;8&quot;:{&quot;1&quot;:[{&quot;1&quot;:2,&quot;2&quot;:0,&quot;5&quot;:{&quot;1&quot;:2,&quot;2&quot;:0}},{&quot;1&quot;:0,&quot;2&quot;:0,&quot;3&quot;:3},{&quot;1&quot;:1,&quot;2&quot;:0,&quot;4&quot;:1}]},&quot;10&quot;:1,&quot;11&quot;:4,&quot;12&quot;:0,&quot;17&quot;:0}\">Almenys un cop al curs la Comissi\u00f3 d\u2019Estrat\u00e8gia Digital del Centre s&#8217;ha de reunir per fer una avaluaci\u00f3 en profunditat de l\u2019EDC. Cal revisar cada una de les activitats planificades i determinar el grau d\u2019acompliment dels indicadors establerts a partir dels criteris d\u2019acompliment. De la mateixa manera, cal revisar els objectius establerts pel curs i determinar-ne tamb\u00e9 el grau d\u2019assoliment a partir dels indicadors d\u2019impacte i els criteris d\u2019acompliment.<br \/>\nA partir d\u2019aqu\u00ed, la Comissi\u00f3 d\u2019Estrat\u00e8gia Digital del Centre ha d\u2019encetar un proc\u00e9s de reflexi\u00f3 i millora.\u00a0<\/span><\/p>\n<p><img loading=\"lazy\" decoding=\"async\" class=\"alignnone size-large wp-image-7180\" src=\"https:\/\/agora.xtec.cat\/ceipm-reina-violant\/wp-content\/uploads\/usu796\/2024\/02\/Seguiment-EDC_ESC-Reina-Violant-Seguiment-i-avaluacio-001-1-1024x724.jpg\" alt=\"\" width=\"1024\" height=\"724\" srcset=\"https:\/\/agora.xtec.cat\/ceipm-reina-violant\/wp-content\/uploads\/usu796\/2024\/02\/Seguiment-EDC_ESC-Reina-Violant-Seguiment-i-avaluacio-001-1-1024x724.jpg 1024w, https:\/\/agora.xtec.cat\/ceipm-reina-violant\/wp-content\/uploads\/usu796\/2024\/02\/Seguiment-EDC_ESC-Reina-Violant-Seguiment-i-avaluacio-001-1-300x212.jpg 300w, https:\/\/agora.xtec.cat\/ceipm-reina-violant\/wp-content\/uploads\/usu796\/2024\/02\/Seguiment-EDC_ESC-Reina-Violant-Seguiment-i-avaluacio-001-1-768x543.jpg 768w, https:\/\/agora.xtec.cat\/ceipm-reina-violant\/wp-content\/uploads\/usu796\/2024\/02\/Seguiment-EDC_ESC-Reina-Violant-Seguiment-i-avaluacio-001-1-1536x1085.jpg 1536w, https:\/\/agora.xtec.cat\/ceipm-reina-violant\/wp-content\/uploads\/usu796\/2024\/02\/Seguiment-EDC_ESC-Reina-Violant-Seguiment-i-avaluacio-001-1.jpg 1684w\" sizes=\"auto, (max-width: 1024px) 100vw, 1024px\" \/><\/p>\n","protected":false},"excerpt":{"rendered":"<p>Almenys un cop al curs la Comissi\u00f3 d\u2019Estrat\u00e8gia Digital del Centre s&#8217;ha de reunir per fer una avaluaci\u00f3 en profunditat de l\u2019EDC. Cal revisar cada una de les activitats planificades i determinar el grau d\u2019acompliment dels indicadors establerts a partir dels criteris d\u2019acompliment. De la&hellip;  <a href=\"https:\/\/agora.xtec.cat\/ceipm-reina-violant\/pagines-dinici\/pagina-nova\/avaluacio-i-millora\/\" title=\"Read Avaluaci\u00f3 i Millora\">Llegeix m\u00e9s\u00bb<\/a><\/p>\n","protected":false},"author":1,"featured_media":0,"parent":6780,"menu_order":3,"comment_status":"closed","ping_status":"closed","template":"page-templates\/side-menu.php","meta":{"_bbp_topic_count":0,"_bbp_reply_count":0,"_bbp_total_topic_count":0,"_bbp_total_reply_count":0,"_bbp_voice_count":0,"_bbp_anonymous_reply_count":0,"_bbp_topic_count_hidden":0,"_bbp_reply_count_hidden":0,"_bbp_forum_subforum_count":0,"footnotes":""},"class_list":["post-6851","page","type-page","status-publish","hentry"],"post_mailing_queue_ids":[],"_links":{"self":[{"href":"https:\/\/agora.xtec.cat\/ceipm-reina-violant\/wp-json\/wp\/v2\/pages\/6851","targetHints":{"allow":["GET"]}}],"collection":[{"href":"https:\/\/agora.xtec.cat\/ceipm-reina-violant\/wp-json\/wp\/v2\/pages"}],"about":[{"href":"https:\/\/agora.xtec.cat\/ceipm-reina-violant\/wp-json\/wp\/v2\/types\/page"}],"author":[{"embeddable":true,"href":"https:\/\/agora.xtec.cat\/ceipm-reina-violant\/wp-json\/wp\/v2\/users\/1"}],"replies":[{"embeddable":true,"href":"https:\/\/agora.xtec.cat\/ceipm-reina-violant\/wp-json\/wp\/v2\/comments?post=6851"}],"version-history":[{"count":3,"href":"https:\/\/agora.xtec.cat\/ceipm-reina-violant\/wp-json\/wp\/v2\/pages\/6851\/revisions"}],"predecessor-version":[{"id":7183,"href":"https:\/\/agora.xtec.cat\/ceipm-reina-violant\/wp-json\/wp\/v2\/pages\/6851\/revisions\/7183"}],"up":[{"embeddable":true,"href":"https:\/\/agora.xtec.cat\/ceipm-reina-violant\/wp-json\/wp\/v2\/pages\/6780"}],"wp:attachment":[{"href":"https:\/\/agora.xtec.cat\/ceipm-reina-violant\/wp-json\/wp\/v2\/media?parent=6851"}],"curies":[{"name":"wp","href":"https:\/\/api.w.org\/{rel}","templated":true}]}}