{"id":6846,"date":"2022-12-08T15:20:06","date_gmt":"2022-12-08T14:20:06","guid":{"rendered":"https:\/\/agora.xtec.cat\/ceipm-reina-violant\/?page_id=6846"},"modified":"2023-06-12T12:39:23","modified_gmt":"2023-06-12T10:39:23","slug":"objectius","status":"publish","type":"page","link":"https:\/\/agora.xtec.cat\/ceipm-reina-violant\/pagines-dinici\/pagina-nova\/objectius\/","title":{"rendered":"Objectius"},"content":{"rendered":"<p>Els objectius de l&#8217;Estrat\u00e8gia Digital de Centre s\u00f3n els seg\u00fcents:<\/p>\n<ol>\n<li>Millorar la compet\u00e8ncia digital docent<\/li>\n<li>Assegurar el bon funcionament del centre en l&#8217;\u00e0mbit digital<\/li>\n<li>Promoure l&#8217;assoliment de la compet\u00e8ncia digital de l&#8217;alumnat<\/li>\n<li>Vetllar per un \u00fas cr\u00edtic i saludable de les tecnologies digitals<\/li>\n<li>Enriquir la comunicaci\u00f3 entre la comunitat educativa<\/li>\n<\/ol>\n<p>&nbsp;<\/p>\n","protected":false},"excerpt":{"rendered":"<p>Els objectius de l&#8217;Estrat\u00e8gia Digital de Centre s\u00f3n els seg\u00fcents:<\/p>\n<ol>\n<li>Millorar la compet\u00e8ncia digital docent<\/li>\n<li>Assegurar el bon funcionament del centre en l&#8217;\u00e0mbit digital<\/li>\n<li>Promoure l&#8217;assoliment de la compet\u00e8ncia digital de l&#8217;alumnat<\/li>\n<li>Vetllar per un \u00fas cr\u00edtic i saludable de les tecnologies digitals<\/li>\n<li>Enriquir la comunicaci\u00f3 entre la comunitat educativa<\/li>\n<\/ol>\n<p>&nbsp;<\/p>\n","protected":false},"author":1,"featured_media":0,"parent":6780,"menu_order":1,"comment_status":"closed","ping_status":"closed","template":"page-templates\/side-menu.php","meta":{"_bbp_topic_count":0,"_bbp_reply_count":0,"_bbp_total_topic_count":0,"_bbp_total_reply_count":0,"_bbp_voice_count":0,"_bbp_anonymous_reply_count":0,"_bbp_topic_count_hidden":0,"_bbp_reply_count_hidden":0,"_bbp_forum_subforum_count":0,"footnotes":""},"class_list":["post-6846","page","type-page","status-publish","hentry"],"post_mailing_queue_ids":[],"_links":{"self":[{"href":"https:\/\/agora.xtec.cat\/ceipm-reina-violant\/wp-json\/wp\/v2\/pages\/6846","targetHints":{"allow":["GET"]}}],"collection":[{"href":"https:\/\/agora.xtec.cat\/ceipm-reina-violant\/wp-json\/wp\/v2\/pages"}],"about":[{"href":"https:\/\/agora.xtec.cat\/ceipm-reina-violant\/wp-json\/wp\/v2\/types\/page"}],"author":[{"embeddable":true,"href":"https:\/\/agora.xtec.cat\/ceipm-reina-violant\/wp-json\/wp\/v2\/users\/1"}],"replies":[{"embeddable":true,"href":"https:\/\/agora.xtec.cat\/ceipm-reina-violant\/wp-json\/wp\/v2\/comments?post=6846"}],"version-history":[{"count":3,"href":"https:\/\/agora.xtec.cat\/ceipm-reina-violant\/wp-json\/wp\/v2\/pages\/6846\/revisions"}],"predecessor-version":[{"id":7030,"href":"https:\/\/agora.xtec.cat\/ceipm-reina-violant\/wp-json\/wp\/v2\/pages\/6846\/revisions\/7030"}],"up":[{"embeddable":true,"href":"https:\/\/agora.xtec.cat\/ceipm-reina-violant\/wp-json\/wp\/v2\/pages\/6780"}],"wp:attachment":[{"href":"https:\/\/agora.xtec.cat\/ceipm-reina-violant\/wp-json\/wp\/v2\/media?parent=6846"}],"curies":[{"name":"wp","href":"https:\/\/api.w.org\/{rel}","templated":true}]}}