{"id":6372,"date":"2022-01-27T00:05:02","date_gmt":"2022-01-26T23:05:02","guid":{"rendered":"https:\/\/agora.xtec.cat\/ceipm-reina-violant\/?page_id=6372"},"modified":"2022-02-07T17:13:43","modified_gmt":"2022-02-07T16:13:43","slug":"preinscripcions-curs-2022-20223","status":"publish","type":"page","link":"https:\/\/agora.xtec.cat\/ceipm-reina-violant\/preinscripcions-curs-2022-20223\/","title":{"rendered":"Preinscripcions Curs 2022-20223"},"content":{"rendered":"<div class=\"gmail_default\"><a href=\"https:\/\/agora.xtec.cat\/ceipm-reina-violant\/wp-content\/uploads\/usu796\/2022\/02\/20220204_Cartell_campanya_preinscripcio_curs_22_23.jpg\"><img loading=\"lazy\" decoding=\"async\" class=\"size-medium wp-image-6415 alignleft\" src=\"https:\/\/agora.xtec.cat\/ceipm-reina-violant\/wp-content\/uploads\/usu796\/2022\/02\/20220204_Cartell_campanya_preinscripcio_curs_22_23-212x300.jpg\" alt=\"\" width=\"212\" height=\"300\" srcset=\"https:\/\/agora.xtec.cat\/ceipm-reina-violant\/wp-content\/uploads\/usu796\/2022\/02\/20220204_Cartell_campanya_preinscripcio_curs_22_23-212x300.jpg 212w, https:\/\/agora.xtec.cat\/ceipm-reina-violant\/wp-content\/uploads\/usu796\/2022\/02\/20220204_Cartell_campanya_preinscripcio_curs_22_23-725x1024.jpg 725w, https:\/\/agora.xtec.cat\/ceipm-reina-violant\/wp-content\/uploads\/usu796\/2022\/02\/20220204_Cartell_campanya_preinscripcio_curs_22_23-768x1085.jpg 768w, https:\/\/agora.xtec.cat\/ceipm-reina-violant\/wp-content\/uploads\/usu796\/2022\/02\/20220204_Cartell_campanya_preinscripcio_curs_22_23-1088x1536.jpg 1088w, https:\/\/agora.xtec.cat\/ceipm-reina-violant\/wp-content\/uploads\/usu796\/2022\/02\/20220204_Cartell_campanya_preinscripcio_curs_22_23.jpg 1426w\" sizes=\"auto, (max-width: 212px) 100vw, 212px\" \/><\/a><\/div>\n<div><\/div>\n<p class=\"gmail_default\">Benvolgudes fam\u00edlies,<\/p>\n<p class=\"gmail_default\">Us informem que la <b>Preinscripci\u00f3 per al curs 2022-2023 es far\u00e0 entre els dies 7 i 21 de Mar\u00e7 a Infantil i Prim\u00e0ria<\/b>. A secund\u00e0ria, la preinscripci\u00f3 ser\u00e0 del 9 al 21 de mar\u00e7.<\/p>\n<p>En aquest <a href=\"https:\/\/agora.xtec.cat\/ceipm-reina-violant\/wp-content\/uploads\/usu796\/2022\/02\/220126-CEB_fullet_P3-1.pdf\"><strong>document del <\/strong><strong><em>Departament d&#8217;Educaci\u00f3 <\/em><\/strong><\/a>trobareu ajut amb les dates claus, les preguntes m\u00e9s freq\u00fcents i llocs d&#8217;informaci\u00f3.<\/p>\n<p>Us anirem actualitzant durant tot el proc\u00e9s de preinscripci\u00f3.<\/p>\n<p>&nbsp;<\/p>\n<p>&nbsp;<\/p>\n","protected":false},"excerpt":{"rendered":"<p><a href=\"https:\/\/agora.xtec.cat\/ceipm-reina-violant\/wp-content\/uploads\/usu796\/2022\/02\/20220204_Cartell_campanya_preinscripcio_curs_22_23.jpg\"><\/a><\/p>\n<p>Benvolgudes fam\u00edlies,<br \/>\nUs informem que la Preinscripci\u00f3 per al curs 2022-2023 es far\u00e0 entre els dies 7 i 21 de Mar\u00e7 a Infantil i Prim\u00e0ria. A secund\u00e0ria, la preinscripci\u00f3 ser\u00e0 del 9 al 21 de mar\u00e7.<br \/>\nEn aquest <a href=\"https:\/\/agora.xtec.cat\/ceipm-reina-violant\/wp-content\/uploads\/usu796\/2022\/02\/220126-CEB_fullet_P3-1.pdf\">document del Departament d&#8217;Educaci\u00f3 <\/a>trobareu ajut amb&hellip;  <a href=\"https:\/\/agora.xtec.cat\/ceipm-reina-violant\/preinscripcions-curs-2022-20223\/\" title=\"Read Preinscripcions Curs 2022-20223\">Llegeix m\u00e9s\u00bb<\/a><\/p>\n","protected":false},"author":1,"featured_media":0,"parent":0,"menu_order":0,"comment_status":"closed","ping_status":"closed","template":"","meta":{"_bbp_topic_count":0,"_bbp_reply_count":0,"_bbp_total_topic_count":0,"_bbp_total_reply_count":0,"_bbp_voice_count":0,"_bbp_anonymous_reply_count":0,"_bbp_topic_count_hidden":0,"_bbp_reply_count_hidden":0,"_bbp_forum_subforum_count":0,"footnotes":""},"class_list":["post-6372","page","type-page","status-publish","hentry"],"post_mailing_queue_ids":[],"_links":{"self":[{"href":"https:\/\/agora.xtec.cat\/ceipm-reina-violant\/wp-json\/wp\/v2\/pages\/6372","targetHints":{"allow":["GET"]}}],"collection":[{"href":"https:\/\/agora.xtec.cat\/ceipm-reina-violant\/wp-json\/wp\/v2\/pages"}],"about":[{"href":"https:\/\/agora.xtec.cat\/ceipm-reina-violant\/wp-json\/wp\/v2\/types\/page"}],"author":[{"embeddable":true,"href":"https:\/\/agora.xtec.cat\/ceipm-reina-violant\/wp-json\/wp\/v2\/users\/1"}],"replies":[{"embeddable":true,"href":"https:\/\/agora.xtec.cat\/ceipm-reina-violant\/wp-json\/wp\/v2\/comments?post=6372"}],"version-history":[{"count":3,"href":"https:\/\/agora.xtec.cat\/ceipm-reina-violant\/wp-json\/wp\/v2\/pages\/6372\/revisions"}],"predecessor-version":[{"id":6426,"href":"https:\/\/agora.xtec.cat\/ceipm-reina-violant\/wp-json\/wp\/v2\/pages\/6372\/revisions\/6426"}],"wp:attachment":[{"href":"https:\/\/agora.xtec.cat\/ceipm-reina-violant\/wp-json\/wp\/v2\/media?parent=6372"}],"curies":[{"name":"wp","href":"https:\/\/api.w.org\/{rel}","templated":true}]}}