{"id":6315,"date":"2022-01-26T13:52:50","date_gmt":"2022-01-26T12:52:50","guid":{"rendered":"https:\/\/agora.xtec.cat\/ceipm-reina-violant\/?page_id=6315"},"modified":"2026-01-30T15:17:49","modified_gmt":"2026-01-30T14:17:49","slug":"projecte-linguistic-de-centre","status":"publish","type":"page","link":"https:\/\/agora.xtec.cat\/ceipm-reina-violant\/projecte-educatiu\/projecte-linguistic-de-centre\/","title":{"rendered":"Projecte Ling\u00fc\u00edstic de Centre"},"content":{"rendered":"<p>El nostre Projecte Ling\u00fc\u00edstic est\u00e0 en proc\u00e9s de renovaci\u00f3. Mentrestant, les fam\u00edlies podeu consultar la versi\u00f3 vigent, tant del Projecte Ling\u00fc\u00edstic com de les orientacions metodol\u00f2giques.<\/p>\n<p><a href=\"https:\/\/agora.xtec.cat\/ceipm-reina-violant\/wp-content\/uploads\/usu796\/2019\/03\/PL-CENTRE-18-19.pdf\" target=\"_blank\" rel=\"noopener\"><em><strong><img loading=\"lazy\" decoding=\"async\" class=\"wp-image-6314 alignleft\" src=\"https:\/\/agora.xtec.cat\/ceipm-reina-violant\/wp-content\/uploads\/usu796\/2022\/01\/caratula-pojecte-linguistic.jpg\" alt=\"\" width=\"368\" height=\"186\" srcset=\"https:\/\/agora.xtec.cat\/ceipm-reina-violant\/wp-content\/uploads\/usu796\/2022\/01\/caratula-pojecte-linguistic.jpg 622w, https:\/\/agora.xtec.cat\/ceipm-reina-violant\/wp-content\/uploads\/usu796\/2022\/01\/caratula-pojecte-linguistic-300x151.jpg 300w\" sizes=\"auto, (max-width: 368px) 100vw, 368px\" \/><\/strong><\/em><\/a><\/p>\n<p style=\"text-align: left;\">\n<p><a href=\"https:\/\/agora.xtec.cat\/ceipm-reina-violant\/wp-content\/uploads\/usu796\/2021\/05\/POWER-LECTURA-I-ESCRIPTURA-FAM%C3%8DLIES-20-21.pdf\" target=\"_blank\" rel=\"noopener\"><img loading=\"lazy\" decoding=\"async\" class=\"wp-image-5895 alignleft\" src=\"https:\/\/agora.xtec.cat\/ceipm-reina-violant\/wp-content\/uploads\/usu796\/2021\/05\/lectura-i-escriptura.jpg\" alt=\"\" width=\"301\" height=\"168\" srcset=\"https:\/\/agora.xtec.cat\/ceipm-reina-violant\/wp-content\/uploads\/usu796\/2021\/05\/lectura-i-escriptura.jpg 789w, https:\/\/agora.xtec.cat\/ceipm-reina-violant\/wp-content\/uploads\/usu796\/2021\/05\/lectura-i-escriptura-300x167.jpg 300w, https:\/\/agora.xtec.cat\/ceipm-reina-violant\/wp-content\/uploads\/usu796\/2021\/05\/lectura-i-escriptura-768x427.jpg 768w\" sizes=\"auto, (max-width: 301px) 100vw, 301px\" \/><\/a><\/p>\n<p>&nbsp;<\/p>\n<p>&nbsp;<\/p>\n","protected":false},"excerpt":{"rendered":"<p>El nostre Projecte Ling\u00fc\u00edstic est\u00e0 en proc\u00e9s de renovaci\u00f3. Mentrestant, les fam\u00edlies podeu consultar la versi\u00f3 vigent, tant del Projecte Ling\u00fc\u00edstic com de les orientacions metodol\u00f2giques.<br \/>\n<a href=\"https:\/\/agora.xtec.cat\/ceipm-reina-violant\/wp-content\/uploads\/usu796\/2019\/03\/PL-CENTRE-18-19.pdf\" target=\"_blank\" rel=\"noopener\"><\/a><\/p>\n<p><a href=\"https:\/\/agora.xtec.cat\/ceipm-reina-violant\/wp-content\/uploads\/usu796\/2021\/05\/POWER-LECTURA-I-ESCRIPTURA-FAM%C3%8DLIES-20-21.pdf\" target=\"_blank\" rel=\"noopener\"><\/a><br \/>\n&nbsp;<br \/>\n&nbsp;<\/p>\n","protected":false},"author":1,"featured_media":0,"parent":64,"menu_order":3,"comment_status":"closed","ping_status":"closed","template":"page-templates\/side-menu.php","meta":{"_bbp_topic_count":0,"_bbp_reply_count":0,"_bbp_total_topic_count":0,"_bbp_total_reply_count":0,"_bbp_voice_count":0,"_bbp_anonymous_reply_count":0,"_bbp_topic_count_hidden":0,"_bbp_reply_count_hidden":0,"_bbp_forum_subforum_count":0,"footnotes":""},"class_list":["post-6315","page","type-page","status-publish","hentry"],"post_mailing_queue_ids":[],"_links":{"self":[{"href":"https:\/\/agora.xtec.cat\/ceipm-reina-violant\/wp-json\/wp\/v2\/pages\/6315","targetHints":{"allow":["GET"]}}],"collection":[{"href":"https:\/\/agora.xtec.cat\/ceipm-reina-violant\/wp-json\/wp\/v2\/pages"}],"about":[{"href":"https:\/\/agora.xtec.cat\/ceipm-reina-violant\/wp-json\/wp\/v2\/types\/page"}],"author":[{"embeddable":true,"href":"https:\/\/agora.xtec.cat\/ceipm-reina-violant\/wp-json\/wp\/v2\/users\/1"}],"replies":[{"embeddable":true,"href":"https:\/\/agora.xtec.cat\/ceipm-reina-violant\/wp-json\/wp\/v2\/comments?post=6315"}],"version-history":[{"count":4,"href":"https:\/\/agora.xtec.cat\/ceipm-reina-violant\/wp-json\/wp\/v2\/pages\/6315\/revisions"}],"predecessor-version":[{"id":7445,"href":"https:\/\/agora.xtec.cat\/ceipm-reina-violant\/wp-json\/wp\/v2\/pages\/6315\/revisions\/7445"}],"up":[{"embeddable":true,"href":"https:\/\/agora.xtec.cat\/ceipm-reina-violant\/wp-json\/wp\/v2\/pages\/64"}],"wp:attachment":[{"href":"https:\/\/agora.xtec.cat\/ceipm-reina-violant\/wp-json\/wp\/v2\/media?parent=6315"}],"curies":[{"name":"wp","href":"https:\/\/api.w.org\/{rel}","templated":true}]}}