{"id":5628,"date":"2021-02-01T14:52:40","date_gmt":"2021-02-01T13:52:40","guid":{"rendered":"http:\/\/agora.xtec.cat\/ceipm-reina-violant\/?page_id=5628"},"modified":"2021-03-04T14:51:56","modified_gmt":"2021-03-04T13:51:56","slug":"portes-obertes-virtuals-curs-2021-2022","status":"publish","type":"page","link":"https:\/\/agora.xtec.cat\/ceipm-reina-violant\/portes-obertes-virtuals-curs-2021-2022\/","title":{"rendered":"Portes Obertes Virtuals &#8211; Curs 2021-2022"},"content":{"rendered":"<p><a href=\"https:\/\/photos.app.goo.gl\/A3kZHRGAMxC2Y6nY6\" target=\"_blank\" rel=\"noopener noreferrer\"><img loading=\"lazy\" decoding=\"async\" class=\"alignleft wp-image-5679 \" src=\"https:\/\/agora.xtec.cat\/ceipm-reina-violant\/wp-content\/uploads\/usu796\/2021\/02\/caratula-web.jpg\" alt=\"\" width=\"370\" height=\"212\" \/><\/a><\/p>\n<p>Benvolgudes fam\u00edlies!<\/p>\n<p>Enguany, les sessions de portes obertes seran virtuals i farem tot el possible per a transmetre la nostra tasca i com convivim a l&#8217;escola.<\/p>\n<p><strong>&lt;&lt;&lt; Feu un <em>clic<\/em> a la imatge per a fer un passeig virtual per l&#8217;Escola!<\/strong><\/p>\n<p>&nbsp;<\/p>\n<p>Podeu visitar l&#8217;enlla\u00e7 permanent\u00a0<a href=\"https:\/\/agora.xtec.cat\/ceipm-reina-violant\/wp-content\/uploads\/usu796\/2021\/03\/PRESENTACI\u00d3-PORTES-OBERTES-2021-22_4-de-mar\u00e7-comprimido.pdf\" target=\"_blank\" rel=\"noopener noreferrer\"><em><strong>&#8220;Portes Obertes Digital&#8221;<\/strong><\/em><\/a> a la nostra web per a comen\u00e7ar a visualitzar el nostre projecte.<\/p>\n<p><strong>Oferim tres dies perqu\u00e8 pugueu triar i assistir a les nostres sessions virtuals:<\/strong><\/p>\n<p><strong>Dilluns 22 de febrer a les 15:00h, AMB EL SEG\u00dcENT ENLLA\u00c7:<\/strong><\/p>\n<p><a href=\"https:\/\/meet.google.com\/jhj-yqfg-mgj?hs=122&amp;authuser=0\">https:\/\/meet.google.com\/jhj-yqfg-mgj?hs=122&amp;authuser=0<\/a><\/p>\n<p><strong>Dimarts 2 de mar\u00e7 a les 10:00h, AMB EL SEG\u00dcENT ENLLA\u00c7:<\/strong><\/p>\n<p><a href=\"https:\/\/meet.google.com\/jkj-dhdd-sns?hs=122&amp;authuser=0\">https:\/\/meet.google.com\/jkj-dhdd-sns?hs=122&amp;authuser=0<\/a><\/p>\n<p><strong>Dimarts 9 de mar\u00e7 a les 12:30h, AMB EL SEG\u00dcENT ENLLA\u00c7:<\/strong><\/p>\n<p><a href=\"https:\/\/meet.google.com\/vhc-gqdz-hgq?hs=122&amp;authuser=0\">https:\/\/meet.google.com\/vhc-gqdz-hgq?hs=122&amp;authuser=0<\/a><\/p>\n<p>Oferirem dues passejades presencials per l&#8217;edifici del Parvulari de 15 minuts de durada en grups de 10 persones, acompanyades de l&#8217;Equip Directiu, per tal que les fam\u00edlies que ho vulgueu pugueu veure &#8220;in situ&#8221; els espais, els patis, el menjador, les aules&#8230; Al llarg d&#8217;aquestes visites, no es respondran dubtes ni preguntes, ja que l&#8217;espai per fer-les \u00e9s a les reunions explicatives virtuals. Seran visites pel recorregut del Parvulari, seguint les normes higi\u00e8niques establertes i les indicacions del Departament.<\/p>\n<p><strong>Les passejades presencials seran el dimarts dia 9 de mar\u00e7 i el dimecres dia 10 de mar\u00e7\u00a0 a partir de les 16:45h<\/strong>, de 15 minuts cada grup de 10 persones, havent de deixar 10 minuts de ventilaci\u00f3 entre cada grup, amb cita pr\u00e8via trucant al tel\u00e8fon de l&#8217;escola: 93-2189752.<\/p>\n<p><strong>Moltes gr\u00e0cies per interessar-vos pel nostre projecte! <\/strong><\/p>\n\n\t\t<style type=\"text\/css\">\n\t\t\t#gallery-1 {\n\t\t\t\tmargin: auto;\n\t\t\t}\n\t\t\t#gallery-1 .gallery-item {\n\t\t\t\tfloat: left;\n\t\t\t\tmargin-top: 10px;\n\t\t\t\ttext-align: center;\n\t\t\t\twidth: 20%;\n\t\t\t}\n\t\t\t#gallery-1 img {\n\t\t\t\tborder: 2px solid #cfcfcf;\n\t\t\t}\n\t\t\t#gallery-1 .gallery-caption {\n\t\t\t\tmargin-left: 0;\n\t\t\t}\n\t\t\t\/* see gallery_shortcode() in wp-includes\/media.php *\/\n\t\t<\/style>\n\t\t<div id='gallery-1' class='gallery galleryid-5628 gallery-columns-5 gallery-size-thumbnail'><dl class='gallery-item'>\n\t\t\t<dt class='gallery-icon landscape'>\n\t\t\t\t<a href='https:\/\/agora.xtec.cat\/ceipm-reina-violant\/wp-content\/uploads\/usu796\/2021\/01\/TARDOR-AL-NATURAL2.jpg'><img loading=\"lazy\" decoding=\"async\" width=\"150\" height=\"150\" src=\"https:\/\/agora.xtec.cat\/ceipm-reina-violant\/wp-content\/uploads\/usu796\/2021\/01\/TARDOR-AL-NATURAL2-150x150.jpg\" class=\"attachment-thumbnail size-thumbnail\" alt=\"\" aria-describedby=\"gallery-1-5600\" \/><\/a>\n\t\t\t<\/dt>\n\t\t\t\t<dd class='wp-caption-text gallery-caption' id='gallery-1-5600'>\n\t\t\t\tTardor al Natural\n\t\t\t\t<\/dd><\/dl><dl class='gallery-item'>\n\t\t\t<dt class='gallery-icon landscape'>\n\t\t\t\t<a href='https:\/\/agora.xtec.cat\/ceipm-reina-violant\/wp-content\/uploads\/usu796\/2021\/01\/TARDOR-AL-NATURAL.jpg'><img loading=\"lazy\" decoding=\"async\" width=\"150\" height=\"150\" src=\"https:\/\/agora.xtec.cat\/ceipm-reina-violant\/wp-content\/uploads\/usu796\/2021\/01\/TARDOR-AL-NATURAL-150x150.jpg\" class=\"attachment-thumbnail size-thumbnail\" alt=\"\" aria-describedby=\"gallery-1-5599\" \/><\/a>\n\t\t\t<\/dt>\n\t\t\t\t<dd class='wp-caption-text gallery-caption' id='gallery-1-5599'>\n\t\t\t\tTardor al Natural\n\t\t\t\t<\/dd><\/dl><dl class='gallery-item'>\n\t\t\t<dt class='gallery-icon portrait'>\n\t\t\t\t<a href='https:\/\/agora.xtec.cat\/ceipm-reina-violant\/wp-content\/uploads\/usu796\/2021\/01\/RAC\u00d3-MATEM\u00c0TIC.jpg'><img loading=\"lazy\" decoding=\"async\" width=\"150\" height=\"150\" src=\"https:\/\/agora.xtec.cat\/ceipm-reina-violant\/wp-content\/uploads\/usu796\/2021\/01\/RAC\u00d3-MATEM\u00c0TIC-150x150.jpg\" class=\"attachment-thumbnail size-thumbnail\" alt=\"\" aria-describedby=\"gallery-1-5598\" \/><\/a>\n\t\t\t<\/dt>\n\t\t\t\t<dd class='wp-caption-text gallery-caption' id='gallery-1-5598'>\n\t\t\t\tRac\u00f3 Matem\u00e0tic\n\t\t\t\t<\/dd><\/dl><dl class='gallery-item'>\n\t\t\t<dt class='gallery-icon landscape'>\n\t\t\t\t<a href='https:\/\/agora.xtec.cat\/ceipm-reina-violant\/wp-content\/uploads\/usu796\/2021\/01\/RAC\u00d3-MATEM\u00c0TIC-2.jpg'><img loading=\"lazy\" decoding=\"async\" width=\"150\" height=\"150\" src=\"https:\/\/agora.xtec.cat\/ceipm-reina-violant\/wp-content\/uploads\/usu796\/2021\/01\/RAC\u00d3-MATEM\u00c0TIC-2-150x150.jpg\" class=\"attachment-thumbnail size-thumbnail\" alt=\"\" aria-describedby=\"gallery-1-5597\" \/><\/a>\n\t\t\t<\/dt>\n\t\t\t\t<dd class='wp-caption-text gallery-caption' id='gallery-1-5597'>\n\t\t\t\tRac\u00f3 Matem\u00e0tic\n\t\t\t\t<\/dd><\/dl><dl class='gallery-item'>\n\t\t\t<dt class='gallery-icon landscape'>\n\t\t\t\t<a href='https:\/\/agora.xtec.cat\/ceipm-reina-violant\/wp-content\/uploads\/usu796\/2021\/01\/RAC\u00d3-LLETRES.jpg'><img loading=\"lazy\" decoding=\"async\" width=\"150\" height=\"150\" src=\"https:\/\/agora.xtec.cat\/ceipm-reina-violant\/wp-content\/uploads\/usu796\/2021\/01\/RAC\u00d3-LLETRES-150x150.jpg\" class=\"attachment-thumbnail size-thumbnail\" alt=\"\" aria-describedby=\"gallery-1-5596\" \/><\/a>\n\t\t\t<\/dt>\n\t\t\t\t<dd class='wp-caption-text gallery-caption' id='gallery-1-5596'>\n\t\t\t\tRac\u00f3 Lletres\n\t\t\t\t<\/dd><\/dl><br style=\"clear: both\" \/><dl class='gallery-item'>\n\t\t\t<dt class='gallery-icon landscape'>\n\t\t\t\t<a href='https:\/\/agora.xtec.cat\/ceipm-reina-violant\/wp-content\/uploads\/usu796\/2021\/01\/MINIM\u00d3N2.jpg'><img loading=\"lazy\" decoding=\"async\" width=\"150\" height=\"150\" src=\"https:\/\/agora.xtec.cat\/ceipm-reina-violant\/wp-content\/uploads\/usu796\/2021\/01\/MINIM\u00d3N2-150x150.jpg\" class=\"attachment-thumbnail size-thumbnail\" alt=\"\" aria-describedby=\"gallery-1-5595\" \/><\/a>\n\t\t\t<\/dt>\n\t\t\t\t<dd class='wp-caption-text gallery-caption' id='gallery-1-5595'>\n\t\t\t\tMiniM\u00f3n\n\t\t\t\t<\/dd><\/dl><dl class='gallery-item'>\n\t\t\t<dt class='gallery-icon landscape'>\n\t\t\t\t<a href='https:\/\/agora.xtec.cat\/ceipm-reina-violant\/wp-content\/uploads\/usu796\/2021\/01\/MINIM\u00d3N.jpg'><img loading=\"lazy\" decoding=\"async\" width=\"150\" height=\"150\" src=\"https:\/\/agora.xtec.cat\/ceipm-reina-violant\/wp-content\/uploads\/usu796\/2021\/01\/MINIM\u00d3N-150x150.jpg\" class=\"attachment-thumbnail size-thumbnail\" alt=\"\" aria-describedby=\"gallery-1-5594\" \/><\/a>\n\t\t\t<\/dt>\n\t\t\t\t<dd class='wp-caption-text gallery-caption' id='gallery-1-5594'>\n\t\t\t\tMiniM\u00f3n\n\t\t\t\t<\/dd><\/dl><dl class='gallery-item'>\n\t\t\t<dt class='gallery-icon landscape'>\n\t\t\t\t<a href='https:\/\/agora.xtec.cat\/ceipm-reina-violant\/wp-content\/uploads\/usu796\/2021\/01\/GUIXOS-AL-PATI.jpg'><img loading=\"lazy\" decoding=\"async\" width=\"150\" height=\"150\" src=\"https:\/\/agora.xtec.cat\/ceipm-reina-violant\/wp-content\/uploads\/usu796\/2021\/01\/GUIXOS-AL-PATI-150x150.jpg\" class=\"attachment-thumbnail size-thumbnail\" alt=\"\" aria-describedby=\"gallery-1-5593\" \/><\/a>\n\t\t\t<\/dt>\n\t\t\t\t<dd class='wp-caption-text gallery-caption' id='gallery-1-5593'>\n\t\t\t\tGuixos al Pati\n\t\t\t\t<\/dd><\/dl><dl class='gallery-item'>\n\t\t\t<dt class='gallery-icon landscape'>\n\t\t\t\t<a href='https:\/\/agora.xtec.cat\/ceipm-reina-violant\/wp-content\/uploads\/usu796\/2021\/01\/DIBUIXAR-SOBRE-PL\u00c0STIC.jpg'><img loading=\"lazy\" decoding=\"async\" width=\"150\" height=\"150\" src=\"https:\/\/agora.xtec.cat\/ceipm-reina-violant\/wp-content\/uploads\/usu796\/2021\/01\/DIBUIXAR-SOBRE-PL\u00c0STIC-150x150.jpg\" class=\"attachment-thumbnail size-thumbnail\" alt=\"\" aria-describedby=\"gallery-1-5592\" \/><\/a>\n\t\t\t<\/dt>\n\t\t\t\t<dd class='wp-caption-text gallery-caption' id='gallery-1-5592'>\n\t\t\t\tDibuixar sobre Pl\u00e0stic\n\t\t\t\t<\/dd><\/dl>\n\t\t\t<br style='clear: both' \/>\n\t\t<\/div>\n\n<p><strong><a href=\"https:\/\/agora.xtec.cat\/ceipm-reina-violant\/wp-content\/uploads\/usu796\/2021\/02\/portes-obertes-web.jpg\" target=\"_blank\" rel=\"noopener noreferrer\">Aqu\u00ed hi ha totes les dates de les escoles de Gr\u00e0cia.<\/a> Trobareu m\u00e9s informaci\u00f3 a la web de cada Centre.<br \/>\n<\/strong><\/p>\n<p><b>SESSI\u00d3 INFORMATIVA ORGANITZADA PEL CONSORCI D&#8217;EDUCACI\u00d3 <\/b><b>per a FAM\u00cdLIES de P3 del districte de Gr\u00e0cia: <\/b>Dimecres 3 de mar\u00e7, a les 16:30h. <a href=\"https:\/\/www.edubcn.cat\/ca\/alumnat_i_familia\/informacio_general_matriculacio\/sessions_informatives_per_a_les_families\" target=\"_blank\" rel=\"noopener noreferrer\"><strong>Tota la informaci\u00f3 a la web del Consorci.<\/strong><\/a><\/p>\n","protected":false},"excerpt":{"rendered":"<p><a href=\"https:\/\/photos.app.goo.gl\/A3kZHRGAMxC2Y6nY6\" target=\"_blank\" rel=\"noopener noreferrer\"><\/a><br \/>\nBenvolgudes fam\u00edlies!<br \/>\nEnguany, les sessions de portes obertes seran virtuals i farem tot el possible per a transmetre la nostra tasca i com convivim a l&#8217;escola.<br \/>\n&lt;&lt;&lt; Feu un clic a la imatge per a fer un passeig virtual per l&#8217;Escola!<br \/>\n&nbsp;<br \/>\nPodeu visitar l&#8217;enlla\u00e7&hellip;  <a href=\"https:\/\/agora.xtec.cat\/ceipm-reina-violant\/portes-obertes-virtuals-curs-2021-2022\/\" title=\"Read Portes Obertes Virtuals &#8211; Curs 2021-2022\">Llegeix m\u00e9s\u00bb<\/a><\/p>\n","protected":false},"author":1,"featured_media":0,"parent":0,"menu_order":0,"comment_status":"closed","ping_status":"closed","template":"","meta":{"_bbp_topic_count":0,"_bbp_reply_count":0,"_bbp_total_topic_count":0,"_bbp_total_reply_count":0,"_bbp_voice_count":0,"_bbp_anonymous_reply_count":0,"_bbp_topic_count_hidden":0,"_bbp_reply_count_hidden":0,"_bbp_forum_subforum_count":0,"footnotes":""},"class_list":["post-5628","page","type-page","status-publish","hentry"],"post_mailing_queue_ids":[],"_links":{"self":[{"href":"https:\/\/agora.xtec.cat\/ceipm-reina-violant\/wp-json\/wp\/v2\/pages\/5628","targetHints":{"allow":["GET"]}}],"collection":[{"href":"https:\/\/agora.xtec.cat\/ceipm-reina-violant\/wp-json\/wp\/v2\/pages"}],"about":[{"href":"https:\/\/agora.xtec.cat\/ceipm-reina-violant\/wp-json\/wp\/v2\/types\/page"}],"author":[{"embeddable":true,"href":"https:\/\/agora.xtec.cat\/ceipm-reina-violant\/wp-json\/wp\/v2\/users\/1"}],"replies":[{"embeddable":true,"href":"https:\/\/agora.xtec.cat\/ceipm-reina-violant\/wp-json\/wp\/v2\/comments?post=5628"}],"version-history":[{"count":3,"href":"https:\/\/agora.xtec.cat\/ceipm-reina-violant\/wp-json\/wp\/v2\/pages\/5628\/revisions"}],"predecessor-version":[{"id":5723,"href":"https:\/\/agora.xtec.cat\/ceipm-reina-violant\/wp-json\/wp\/v2\/pages\/5628\/revisions\/5723"}],"wp:attachment":[{"href":"https:\/\/agora.xtec.cat\/ceipm-reina-violant\/wp-json\/wp\/v2\/media?parent=5628"}],"curies":[{"name":"wp","href":"https:\/\/api.w.org\/{rel}","templated":true}]}}