{"id":4913,"date":"2020-03-16T15:53:53","date_gmt":"2020-03-16T14:53:53","guid":{"rendered":"http:\/\/agora.xtec.cat\/ceipm-reina-violant\/?page_id=4913"},"modified":"2020-05-17T12:43:07","modified_gmt":"2020-05-17T10:43:07","slug":"comunicat-del-consorci-deducacio-de-barcelona","status":"publish","type":"page","link":"https:\/\/agora.xtec.cat\/ceipm-reina-violant\/comunicat-del-consorci-deducacio-de-barcelona\/","title":{"rendered":"Informacions rellevants"},"content":{"rendered":"<p>Benvolgut\/ benvolguda,<\/p>\n<p>El Departament d\u2019Educaci\u00f3, seguint instruccions del Departament de Salut i com a mesura<br \/>\nexcepcional per contenir el coronavirus, ha pres la decisi\u00f3 de tancar tots els<br \/>\ncentres educatius del pa\u00eds i, per tant, han quedat suspeses les classes en horari lectiu i les<br \/>\nactivitats extraescolars.<\/p>\n<p>Prestarem atenci\u00f3 a les instruccions del Departament de Salut i a l\u2019evoluci\u00f3 de la situaci\u00f3.<br \/>\nUs recomanem que tingueu oberts canals de comunicaci\u00f3 fluids amb el personal del centre<br \/>\neducatiu, per\u00f2 \u00e9s recomanable evitar aquells de tipus presencial.<\/p>\n<p>El Consorci d\u2019Educaci\u00f3 far\u00e0 arribar a la direcci\u00f3 del centre les indicacions pertinents en relaci\u00f3<br \/>\nals dubtes que puguin sorgir.<\/p>\n<p><em><strong>Us deixem alguns canals d&#8217;ajut, molt importants, perqu\u00e8 tingueu en compte en cas de necessitat:<\/strong> <\/em><\/p>\n<p><strong>&#8211; Indicacions, recomanacions i protocols que estableix el Departament de Salut pel que fa a la prevenci\u00f3 del virus:<\/strong><br \/>\n<a href=\"http:\/\/canalsalut.gencat.cat\/coronavirus\" target=\"_blank\" rel=\"noopener noreferrer\"><strong>http:\/\/canalsalut.gencat.cat\/coronavirus<\/strong><\/a><\/p>\n<p><strong>&#8211; Tel\u00e8fons d&#8217;atenci\u00f3 psicol\u00f2gica per a les persones que ho necessitin i no tinguin un referent, amb motiu de la crisi que pot ocasionar el confinament a causa del COVID-19: <\/strong><\/p>\n<p>Col\u00b7legi de Psic\u00f2legs de Catalunya (COPC): 659.584.988 | de 9h a 20h (de dilluns a diumenge).<\/p>\n<p>Unitat de Crisi de Barcelona (UTCCB) de la UAB: 900.10.15.80 | les 24h del dia (de dilluns a diumenge).<\/p>\n<p><strong>&#8211; Tel\u00e8fon d&#8217;Inf\u00e0ncia Respon: 116111<\/strong><\/p>\n<p><strong>\u00a0Tel\u00e8fon Viol\u00e8ncia de G\u00e8nere: 016<\/strong><\/p>\n<p><strong>&#8211; L<\/strong>\u2019<strong>Institut Catal\u00e0 de les Dones<\/strong> posa a disposici\u00f3 de la ciutadania un seguit de <strong>documents divulgatius amb\u00a0<span style=\"color: #0000ff;\"><u><a href=\"http:\/\/dones.gencat.cat\/ca\/ambits\/violencia_masclista\/recomanacions-contra-la-violencia-masclista\/\" target=\"_blank\" rel=\"noopener noreferrer\" data-saferedirecturl=\"https:\/\/www.google.com\/url?q=http:\/\/dones.gencat.cat\/ca\/ambits\/violencia_masclista\/recomanacions-contra-la-violencia-masclista\/&amp;source=gmail&amp;ust=1589796698033000&amp;usg=AFQjCNEaaftsptLfk2DvngY45Yu1v97nAw\">recomanacions<\/a><\/u><\/span>, serveis i noves ajudes<\/strong> <strong>per fer front a la viol\u00e8ncia masclista en la situaci\u00f3 de crisi sociosanit\u00e0ria actual<\/strong>, ja siguis directament una dona que travessa una situaci\u00f3 de viol\u00e8ncia masclista, una persona del seu\u00a0<a href=\"http:\/\/dones.gencat.cat\/web\/.content\/03_ambits\/violencia_masclista\/Recomancions-VM-Confinament\/documents\/Recomanacions_Entorn.pdf\" target=\"_blank\" rel=\"noopener noreferrer\" data-saferedirecturl=\"https:\/\/www.google.com\/url?q=http:\/\/dones.gencat.cat\/web\/.content\/03_ambits\/violencia_masclista\/Recomancions-VM-Confinament\/documents\/Recomanacions_Entorn.pdf&amp;source=gmail&amp;ust=1589796698033000&amp;usg=AFQjCNHuY4-ztG4HR3ZoYqzhXHu5ISGrYA\">entorn<\/a>\u00a0m\u00e9s immediat o una persona\u00a0<a href=\"http:\/\/dones.gencat.cat\/web\/.content\/03_ambits\/violencia_masclista\/Recomancions-VM-Confinament\/documents\/Recomanacions_Professionals.pdf\" target=\"_blank\" rel=\"noopener noreferrer\" data-saferedirecturl=\"https:\/\/www.google.com\/url?q=http:\/\/dones.gencat.cat\/web\/.content\/03_ambits\/violencia_masclista\/Recomancions-VM-Confinament\/documents\/Recomanacions_Professionals.pdf&amp;source=gmail&amp;ust=1589796698033000&amp;usg=AFQjCNEKAHCvhW-KW3UnUThE9_A_ygfgjg\">professional\u00a0<\/a>del circuit d\u2019abordatge de les viol\u00e8ncies masclistes. <a href=\"https:\/\/agora.xtec.cat\/ceipm-reina-violant\/materials-per-fer-font-a-les-violencies-masclistes-en-el-marc-de-la-crisi-sociosanitaria-actual\/\" target=\"_blank\" rel=\"noopener noreferrer\"><em><strong>M\u00e9s info<\/strong><\/em><\/a>.<\/p>\n<p>Us agra\u00efm la vostra comprensi\u00f3 i col\u00b7laboraci\u00f3,<\/p>\n<p>L&#8217;Equip Directiu<\/p>\n","protected":false},"excerpt":{"rendered":"<p>Benvolgut\/ benvolguda,<br \/>\nEl Departament d\u2019Educaci\u00f3, seguint instruccions del Departament de Salut i com a mesura<br \/>\nexcepcional per contenir el coronavirus, ha pres la decisi\u00f3 de tancar tots els<br \/>\ncentres educatius del pa\u00eds i, per tant, han quedat suspeses les classes en horari lectiu i les<br \/>\nactivitats extraescolars.<br \/>\nPrestarem atenci\u00f3 a&hellip;  <a href=\"https:\/\/agora.xtec.cat\/ceipm-reina-violant\/comunicat-del-consorci-deducacio-de-barcelona\/\" title=\"Read Informacions rellevants\">Llegeix m\u00e9s\u00bb<\/a><\/p>\n","protected":false},"author":1,"featured_media":0,"parent":0,"menu_order":0,"comment_status":"closed","ping_status":"closed","template":"","meta":{"_bbp_topic_count":0,"_bbp_reply_count":0,"_bbp_total_topic_count":0,"_bbp_total_reply_count":0,"_bbp_voice_count":0,"_bbp_anonymous_reply_count":0,"_bbp_topic_count_hidden":0,"_bbp_reply_count_hidden":0,"_bbp_forum_subforum_count":0,"footnotes":""},"class_list":["post-4913","page","type-page","status-publish","hentry"],"post_mailing_queue_ids":[],"_links":{"self":[{"href":"https:\/\/agora.xtec.cat\/ceipm-reina-violant\/wp-json\/wp\/v2\/pages\/4913","targetHints":{"allow":["GET"]}}],"collection":[{"href":"https:\/\/agora.xtec.cat\/ceipm-reina-violant\/wp-json\/wp\/v2\/pages"}],"about":[{"href":"https:\/\/agora.xtec.cat\/ceipm-reina-violant\/wp-json\/wp\/v2\/types\/page"}],"author":[{"embeddable":true,"href":"https:\/\/agora.xtec.cat\/ceipm-reina-violant\/wp-json\/wp\/v2\/users\/1"}],"replies":[{"embeddable":true,"href":"https:\/\/agora.xtec.cat\/ceipm-reina-violant\/wp-json\/wp\/v2\/comments?post=4913"}],"version-history":[{"count":4,"href":"https:\/\/agora.xtec.cat\/ceipm-reina-violant\/wp-json\/wp\/v2\/pages\/4913\/revisions"}],"predecessor-version":[{"id":5125,"href":"https:\/\/agora.xtec.cat\/ceipm-reina-violant\/wp-json\/wp\/v2\/pages\/4913\/revisions\/5125"}],"wp:attachment":[{"href":"https:\/\/agora.xtec.cat\/ceipm-reina-violant\/wp-json\/wp\/v2\/media?parent=4913"}],"curies":[{"name":"wp","href":"https:\/\/api.w.org\/{rel}","templated":true}]}}