{"id":405,"date":"2016-07-13T19:57:24","date_gmt":"2016-07-13T18:57:24","guid":{"rendered":"http:\/\/agora.xtec.cat\/ceipm-reina-violant\/?page_id=405"},"modified":"2022-12-08T16:59:32","modified_gmt":"2022-12-08T15:59:32","slug":"projectes","status":"publish","type":"page","link":"https:\/\/agora.xtec.cat\/ceipm-reina-violant\/lescola\/projectes\/","title":{"rendered":"Treball per Projectes"},"content":{"rendered":"<p><strong><a href=\"https:\/\/agora.xtec.cat\/ceipm-reina-violant\/wp-content\/uploads\/usu796\/2018\/11\/IMG_4993.jpg\"><img loading=\"lazy\" decoding=\"async\" class=\"alignleft size-thumbnail wp-image-2624\" src=\"https:\/\/agora.xtec.cat\/ceipm-reina-violant\/wp-content\/uploads\/usu796\/2018\/11\/IMG_4993-150x150.jpg\" alt=\"\" width=\"150\" height=\"150\" \/><\/a><a href=\"https:\/\/agora.xtec.cat\/ceipm-reina-violant\/wp-content\/uploads\/usu796\/2017\/11\/20171027_120600.jpg\"><img loading=\"lazy\" decoding=\"async\" class=\"alignleft size-thumbnail wp-image-1601\" src=\"https:\/\/agora.xtec.cat\/ceipm-reina-violant\/wp-content\/uploads\/usu796\/2017\/11\/20171027_120600-150x150.jpg\" alt=\"\" width=\"150\" height=\"150\" \/><\/a><a href=\"https:\/\/agora.xtec.cat\/ceipm-reina-violant\/wp-content\/uploads\/usu796\/2017\/11\/20171027_115929.jpg\"><img loading=\"lazy\" decoding=\"async\" class=\"alignleft size-thumbnail wp-image-1595\" src=\"https:\/\/agora.xtec.cat\/ceipm-reina-violant\/wp-content\/uploads\/usu796\/2017\/11\/20171027_115929-150x150.jpg\" alt=\"\" width=\"150\" height=\"150\" \/><\/a><a href=\"https:\/\/agora.xtec.cat\/ceipm-reina-violant\/wp-content\/uploads\/usu796\/2017\/05\/20170519_155457.jpg\"><img loading=\"lazy\" decoding=\"async\" class=\"alignleft size-thumbnail wp-image-1326\" src=\"https:\/\/agora.xtec.cat\/ceipm-reina-violant\/wp-content\/uploads\/usu796\/2017\/05\/20170519_155457-150x150.jpg\" alt=\"\" width=\"150\" height=\"150\" \/><\/a><a href=\"https:\/\/agora.xtec.cat\/ceipm-reina-violant\/wp-content\/uploads\/usu796\/2017\/03\/horts-socials.jpg\"><img loading=\"lazy\" decoding=\"async\" class=\"alignleft size-thumbnail wp-image-1188\" src=\"https:\/\/agora.xtec.cat\/ceipm-reina-violant\/wp-content\/uploads\/usu796\/2017\/03\/horts-socials-150x150.jpg\" alt=\"\" width=\"150\" height=\"150\" \/><\/a><\/strong><a href=\"https:\/\/agora.xtec.cat\/ceipm-reina-violant\/wp-content\/uploads\/usu796\/2017\/03\/IMAG5904.jpg\"><img loading=\"lazy\" decoding=\"async\" class=\"wp-image-1137 alignleft\" src=\"https:\/\/agora.xtec.cat\/ceipm-reina-violant\/wp-content\/uploads\/usu796\/2017\/03\/IMAG5904-150x150.jpg\" alt=\"\" width=\"151\" height=\"151\" \/><\/a><\/p>\n<p>&nbsp;<\/p>\n<p>&nbsp;<\/p>\n<p>&nbsp;<\/p>\n<p>A l\u2019Escola Municipal Reina Violant tenim en compte els interessos dels infants i les seves motivacions a l\u2019hora d\u2019aprendre. Per aix\u00f2 cal: escoltar-los, desvetllar inquietuds, animar-los a fer-se preguntes, trobar recursos i respostes\u2026 i acompanyar-los en el seu creixement personal i intel\u00b7lectual i en l\u2019adquisici\u00f3 progressiva d\u2019autonomia per cercar informaci\u00f3.<\/p>\n<p>Els PROJECTES DE CLASSE ens permeten treballar en aquesta l\u00ednia metodol\u00f2gica.<\/p>\n<p>Els PROJECTES els proposem tant els alumnes com les mestres: hi ha projectes que les mestres plantegen per a treballar determinades compet\u00e8ncies i\u00a0altres que sorgeixen de les inquietuds de la mainada.<\/p>\n<p>En ambd\u00f3s casos, es desenvolupen de manera que abastin all\u00f2 que estem aprenent.<\/p>\n<p>En la seva programaci\u00f3 es t\u00e9 en compte que el projecte faciliti aprenentages nous; trobar respostes als seus interessos; els aspectes del curr\u00edculum de curs, i una adquisici\u00f3 progressiva dels h\u00e0bits d\u2019autonomia i de treball.<\/p>\n<p>Es important l\u2019acompanyament de les fam\u00edlies en aquest treball per projectes i l\u2019ajuda en la recerca d\u2019informaci\u00f3, i tamb\u00e9 per fer-se hip\u00f2tesis i trobar respostes.<\/p>\n<p>Els llibres de text s\u00f3n materials complementaris, estan socialitzats i a l&#8217;aula. Es fan servir quan es necessitin i\/o per concretar i resumir alguns aprenentatges.<\/p>\n<p>El material que es compra individualment per alumne s\u00f3n els quadernets d&#8217;activitats de matem\u00e0tiques i els d&#8217;angl\u00e8s, que s\u00f3n fungibles.<\/p>\n<p><strong>PROJECTES DE CAIRE TRANSVERSAL<\/strong><\/p>\n<p>A l&#8217;escola, tamb\u00e9 duem a terme projectes de caire transversal, que impliquen a la totalitat de l&#8217;alumnat.<\/p>\n<p>Poden estar relacionats amb les festes que celebrem al centre, a fets d&#8217;inter\u00e8s cultural que es treballen a nivell cultural a les escoles o a algun tema en concret que, com a escola, valorem que \u00e9s interessant treballar.<\/p>\n<p>&nbsp;<\/p>\n","protected":false},"excerpt":{"rendered":"<p><a href=\"https:\/\/agora.xtec.cat\/ceipm-reina-violant\/wp-content\/uploads\/usu796\/2018\/11\/IMG_4993.jpg\"><\/a><a href=\"https:\/\/agora.xtec.cat\/ceipm-reina-violant\/wp-content\/uploads\/usu796\/2017\/11\/20171027_120600.jpg\"><\/a><a href=\"https:\/\/agora.xtec.cat\/ceipm-reina-violant\/wp-content\/uploads\/usu796\/2017\/11\/20171027_115929.jpg\"><\/a><a href=\"https:\/\/agora.xtec.cat\/ceipm-reina-violant\/wp-content\/uploads\/usu796\/2017\/05\/20170519_155457.jpg\"><\/a><a href=\"https:\/\/agora.xtec.cat\/ceipm-reina-violant\/wp-content\/uploads\/usu796\/2017\/03\/horts-socials.jpg\"><\/a><a href=\"https:\/\/agora.xtec.cat\/ceipm-reina-violant\/wp-content\/uploads\/usu796\/2017\/03\/IMAG5904.jpg\"><\/a><br \/>\n&nbsp;<br \/>\n&nbsp;<br \/>\n&nbsp;<br \/>\nA l\u2019Escola Municipal Reina Violant tenim en compte els interessos dels infants i les seves motivacions a l\u2019hora d\u2019aprendre. Per aix\u00f2 cal: escoltar-los, desvetllar inquietuds, animar-los a fer-se preguntes, trobar recursos i respostes\u2026 i acompanyar-los en el seu creixement&hellip;  <a href=\"https:\/\/agora.xtec.cat\/ceipm-reina-violant\/lescola\/projectes\/\" title=\"Read Treball per Projectes\">Llegeix m\u00e9s\u00bb<\/a><\/p>\n","protected":false},"author":1,"featured_media":0,"parent":22,"menu_order":5,"comment_status":"closed","ping_status":"closed","template":"page-templates\/side-menu.php","meta":{"_bbp_topic_count":0,"_bbp_reply_count":0,"_bbp_total_topic_count":0,"_bbp_total_reply_count":0,"_bbp_voice_count":0,"_bbp_anonymous_reply_count":0,"_bbp_topic_count_hidden":0,"_bbp_reply_count_hidden":0,"_bbp_forum_subforum_count":0,"footnotes":""},"class_list":["post-405","page","type-page","status-publish","hentry"],"post_mailing_queue_ids":[],"_links":{"self":[{"href":"https:\/\/agora.xtec.cat\/ceipm-reina-violant\/wp-json\/wp\/v2\/pages\/405","targetHints":{"allow":["GET"]}}],"collection":[{"href":"https:\/\/agora.xtec.cat\/ceipm-reina-violant\/wp-json\/wp\/v2\/pages"}],"about":[{"href":"https:\/\/agora.xtec.cat\/ceipm-reina-violant\/wp-json\/wp\/v2\/types\/page"}],"author":[{"embeddable":true,"href":"https:\/\/agora.xtec.cat\/ceipm-reina-violant\/wp-json\/wp\/v2\/users\/1"}],"replies":[{"embeddable":true,"href":"https:\/\/agora.xtec.cat\/ceipm-reina-violant\/wp-json\/wp\/v2\/comments?post=405"}],"version-history":[{"count":3,"href":"https:\/\/agora.xtec.cat\/ceipm-reina-violant\/wp-json\/wp\/v2\/pages\/405\/revisions"}],"predecessor-version":[{"id":6865,"href":"https:\/\/agora.xtec.cat\/ceipm-reina-violant\/wp-json\/wp\/v2\/pages\/405\/revisions\/6865"}],"up":[{"embeddable":true,"href":"https:\/\/agora.xtec.cat\/ceipm-reina-violant\/wp-json\/wp\/v2\/pages\/22"}],"wp:attachment":[{"href":"https:\/\/agora.xtec.cat\/ceipm-reina-violant\/wp-json\/wp\/v2\/media?parent=405"}],"curies":[{"name":"wp","href":"https:\/\/api.w.org\/{rel}","templated":true}]}}