{"id":395,"date":"2016-07-13T18:57:28","date_gmt":"2016-07-13T17:57:28","guid":{"rendered":"http:\/\/agora.xtec.cat\/ceipm-reina-violant\/?page_id=395"},"modified":"2022-12-08T16:34:21","modified_gmt":"2022-12-08T15:34:21","slug":"alumnes-delegats-classes","status":"publish","type":"page","link":"https:\/\/agora.xtec.cat\/ceipm-reina-violant\/organitzacio\/alumnes-delegats-classes\/","title":{"rendered":"Alumnes delegats"},"content":{"rendered":"<p>Els divendres es fan reunions de delegats.<\/p>\n<p>Hi ha dos representants de cada grup. Les reunions s\u00f3n quinzenals alternant reuni\u00f3 de delegats de classe i reuni\u00f3 de delegats de conviv\u00e8ncia.<\/p>\n","protected":false},"excerpt":{"rendered":"<p>Els divendres es fan reunions de delegats.<br \/>\nHi ha dos representants de cada grup. Les reunions s\u00f3n quinzenals alternant reuni\u00f3 de delegats de classe i reuni\u00f3 de delegats de conviv\u00e8ncia.<\/p>\n","protected":false},"author":1,"featured_media":0,"parent":287,"menu_order":3,"comment_status":"closed","ping_status":"closed","template":"page-templates\/side-menu.php","meta":{"_bbp_topic_count":0,"_bbp_reply_count":0,"_bbp_total_topic_count":0,"_bbp_total_reply_count":0,"_bbp_voice_count":0,"_bbp_anonymous_reply_count":0,"_bbp_topic_count_hidden":0,"_bbp_reply_count_hidden":0,"_bbp_forum_subforum_count":0,"footnotes":""},"class_list":["post-395","page","type-page","status-publish","hentry"],"post_mailing_queue_ids":[],"_links":{"self":[{"href":"https:\/\/agora.xtec.cat\/ceipm-reina-violant\/wp-json\/wp\/v2\/pages\/395","targetHints":{"allow":["GET"]}}],"collection":[{"href":"https:\/\/agora.xtec.cat\/ceipm-reina-violant\/wp-json\/wp\/v2\/pages"}],"about":[{"href":"https:\/\/agora.xtec.cat\/ceipm-reina-violant\/wp-json\/wp\/v2\/types\/page"}],"author":[{"embeddable":true,"href":"https:\/\/agora.xtec.cat\/ceipm-reina-violant\/wp-json\/wp\/v2\/users\/1"}],"replies":[{"embeddable":true,"href":"https:\/\/agora.xtec.cat\/ceipm-reina-violant\/wp-json\/wp\/v2\/comments?post=395"}],"version-history":[{"count":3,"href":"https:\/\/agora.xtec.cat\/ceipm-reina-violant\/wp-json\/wp\/v2\/pages\/395\/revisions"}],"predecessor-version":[{"id":6344,"href":"https:\/\/agora.xtec.cat\/ceipm-reina-violant\/wp-json\/wp\/v2\/pages\/395\/revisions\/6344"}],"up":[{"embeddable":true,"href":"https:\/\/agora.xtec.cat\/ceipm-reina-violant\/wp-json\/wp\/v2\/pages\/287"}],"wp:attachment":[{"href":"https:\/\/agora.xtec.cat\/ceipm-reina-violant\/wp-json\/wp\/v2\/media?parent=395"}],"curies":[{"name":"wp","href":"https:\/\/api.w.org\/{rel}","templated":true}]}}