{"id":38,"date":"2014-09-18T12:34:08","date_gmt":"2014-09-18T11:34:08","guid":{"rendered":"http:\/\/agora.xtec.cat\/ceipm-reina-violant\/?page_id=38"},"modified":"2024-01-19T16:00:52","modified_gmt":"2024-01-19T15:00:52","slug":"salut","status":"publish","type":"page","link":"https:\/\/agora.xtec.cat\/ceipm-reina-violant\/lescola\/salut\/","title":{"rendered":"SALUT"},"content":{"rendered":"<p>&nbsp;<\/p>\n<p><strong><img loading=\"lazy\" decoding=\"async\" class=\"wp-image-7149 alignleft\" src=\"https:\/\/agora.xtec.cat\/ceipm-reina-violant\/wp-content\/uploads\/usu796\/2024\/01\/Queralt-1-scaled-1-1024x700.jpg\" alt=\"\" width=\"185\" height=\"127\" srcset=\"https:\/\/agora.xtec.cat\/ceipm-reina-violant\/wp-content\/uploads\/usu796\/2024\/01\/Queralt-1-scaled-1-1024x700.jpg 1024w, https:\/\/agora.xtec.cat\/ceipm-reina-violant\/wp-content\/uploads\/usu796\/2024\/01\/Queralt-1-scaled-1-300x205.jpg 300w, https:\/\/agora.xtec.cat\/ceipm-reina-violant\/wp-content\/uploads\/usu796\/2024\/01\/Queralt-1-scaled-1-768x525.jpg 768w, https:\/\/agora.xtec.cat\/ceipm-reina-violant\/wp-content\/uploads\/usu796\/2024\/01\/Queralt-1-scaled-1-1536x1051.jpg 1536w, https:\/\/agora.xtec.cat\/ceipm-reina-violant\/wp-content\/uploads\/usu796\/2024\/01\/Queralt-1-scaled-1-2048x1401.jpg 2048w\" sizes=\"auto, (max-width: 185px) 100vw, 185px\" \/>Medicaments:<br \/>\n<\/strong>Preferim que a l\u2019escola no s&#8217;hagi de subministrar medicaments. Us demanem que, en la mida del que sigui possible, procureu organitzar els horaris de manera que no s\u2019hagi de donar a l\u2019escola.<\/p>\n<p>Si \u00e9s imprescindible que s&#8217;hagi de subministrar, haur\u00e0 d&#8217;anar acompanyat de la recepta del professional sanitari i d&#8217;una autoritzaci\u00f3 expressa de la fam\u00edlia.<\/p>\n<p><strong>R\u00e8gims alimentaris, al\u00b7l\u00e8rgies\u00a0i men\u00fas personalitzats:<\/strong><br \/>\nQuan un nen o una nena per raons m\u00e8diques hagi de fer r\u00e8gim, cal notificar-ho abans de les 9.00 h del mat\u00ed, per escrit, al despatx de l&#8217;AFA o b\u00e9 a la conserge.<br \/>\nHi ha men\u00fas per a al\u00b7l\u00e8rgies concretes i per a alumnat que segueixi una dieta vegetariana o de qualsevol altre tipus.\u00a0Cal justificar-ho i avisar-ho a principi de curs.<\/p>\n<p>&nbsp;<\/p>\n<p><img loading=\"lazy\" decoding=\"async\" class=\"wp-image-270 alignleft\" src=\"http:\/\/agora.xtec.cat\/ceipm-reina-violant\/wp-content\/uploads\/usu796\/2014\/09\/POLLS.jpg\" alt=\"POLLS\" width=\"235\" height=\"235\" srcset=\"https:\/\/agora.xtec.cat\/ceipm-reina-violant\/wp-content\/uploads\/usu796\/2014\/09\/POLLS.jpg 450w, https:\/\/agora.xtec.cat\/ceipm-reina-violant\/wp-content\/uploads\/usu796\/2014\/09\/POLLS-150x150.jpg 150w, https:\/\/agora.xtec.cat\/ceipm-reina-violant\/wp-content\/uploads\/usu796\/2014\/09\/POLLS-300x300.jpg 300w\" sizes=\"auto, (max-width: 235px) 100vw, 235px\" \/><\/p>\n<p><strong>Par\u00e0sits:<\/strong><br \/>\nPeri\u00f2dicament, \u00e9s necessari fer neteja dels par\u00e0sits dels cabells.<\/p>\n<p><a href=\"http:\/\/us12.campaign-archive2.com\/?u=75fcdc63eecded2a7232d756f&amp;id=244a0b67e7&amp;e=[UNIQID]\"><em>Enlla\u00e7 al Butllet\u00ed Violant on parlem dels polls.<\/em><\/a><\/p>\n<p>&nbsp;<\/p>\n<p>&nbsp;<\/p>\n<p>&nbsp;<\/p>\n<p>&nbsp;<\/p>\n<p>&nbsp;<\/p>\n","protected":false},"excerpt":{"rendered":"<p>&nbsp;<br \/>\nMedicaments:<br \/>\nPreferim que a l\u2019escola no s&#8217;hagi de subministrar medicaments. Us demanem que, en la mida del que sigui possible, procureu organitzar els horaris de manera que no s\u2019hagi de donar a l\u2019escola.<br \/>\nSi \u00e9s imprescindible que s&#8217;hagi de subministrar, haur\u00e0 d&#8217;anar acompanyat de la recepta del&hellip;  <a href=\"https:\/\/agora.xtec.cat\/ceipm-reina-violant\/lescola\/salut\/\" title=\"Read SALUT\">Llegeix m\u00e9s\u00bb<\/a><\/p>\n","protected":false},"author":1,"featured_media":0,"parent":22,"menu_order":11,"comment_status":"closed","ping_status":"closed","template":"page-templates\/side-menu.php","meta":{"_bbp_topic_count":0,"_bbp_reply_count":0,"_bbp_total_topic_count":0,"_bbp_total_reply_count":0,"_bbp_voice_count":0,"_bbp_anonymous_reply_count":0,"_bbp_topic_count_hidden":0,"_bbp_reply_count_hidden":0,"_bbp_forum_subforum_count":0,"footnotes":""},"class_list":["post-38","page","type-page","status-publish","hentry"],"post_mailing_queue_ids":[],"_links":{"self":[{"href":"https:\/\/agora.xtec.cat\/ceipm-reina-violant\/wp-json\/wp\/v2\/pages\/38","targetHints":{"allow":["GET"]}}],"collection":[{"href":"https:\/\/agora.xtec.cat\/ceipm-reina-violant\/wp-json\/wp\/v2\/pages"}],"about":[{"href":"https:\/\/agora.xtec.cat\/ceipm-reina-violant\/wp-json\/wp\/v2\/types\/page"}],"author":[{"embeddable":true,"href":"https:\/\/agora.xtec.cat\/ceipm-reina-violant\/wp-json\/wp\/v2\/users\/1"}],"replies":[{"embeddable":true,"href":"https:\/\/agora.xtec.cat\/ceipm-reina-violant\/wp-json\/wp\/v2\/comments?post=38"}],"version-history":[{"count":5,"href":"https:\/\/agora.xtec.cat\/ceipm-reina-violant\/wp-json\/wp\/v2\/pages\/38\/revisions"}],"predecessor-version":[{"id":7154,"href":"https:\/\/agora.xtec.cat\/ceipm-reina-violant\/wp-json\/wp\/v2\/pages\/38\/revisions\/7154"}],"up":[{"embeddable":true,"href":"https:\/\/agora.xtec.cat\/ceipm-reina-violant\/wp-json\/wp\/v2\/pages\/22"}],"wp:attachment":[{"href":"https:\/\/agora.xtec.cat\/ceipm-reina-violant\/wp-json\/wp\/v2\/media?parent=38"}],"curies":[{"name":"wp","href":"https:\/\/api.w.org\/{rel}","templated":true}]}}