{"id":34,"date":"2014-09-18T12:32:18","date_gmt":"2014-09-18T11:32:18","guid":{"rendered":"http:\/\/agora.xtec.cat\/ceipm-reina-violant\/?page_id=34"},"modified":"2024-01-19T13:30:53","modified_gmt":"2024-01-19T12:30:53","slug":"oferta-educativa","status":"publish","type":"page","link":"https:\/\/agora.xtec.cat\/ceipm-reina-violant\/lescola\/oferta-educativa\/","title":{"rendered":"Oferta Educativa"},"content":{"rendered":"<p>Estem ubicades al barri de Gr\u00e0cia, al carrer Trilla,18-20.<\/p>\n<p>Comptem amb dos edificis: un per Educaci\u00f3 Infantil i un altre per Prim\u00e0ria. L&#8217;edifici de Prim\u00e0ria t\u00e9 dues entrades: pel carrer Trilla i pel carrer Badia, que \u00e9s peatonal i \u00e9s per on habitualment entren i surten els alumnes.<\/p>\n<p>L\u2019Escola \u00e9s d\u2019una sola l\u00ednia. Tenim infants d\u2019Educaci\u00f3 Infantil (de 3 a 6 anys) i de Prim\u00e0ria (6 a 12 anys):<\/p>\n<ul>\n<li>Educaci\u00f3 Infantil PETITS \u2013 I3, I4, I5<\/li>\n<li>Esducaci\u00f3 Prim\u00e0ria MITJANS \u2013 1r, 2n, 3r<\/li>\n<li>Esducaci\u00f3 Prim\u00e0ria GRANS \u2013 4t, 5\u00e8, 6\u00e8<\/li>\n<\/ul>\n<p>La promoci\u00f3 del 2020 \u00e9s l\u2019\u00fanic curs de doble l\u00ednia al centre.<\/p>\n<p>&nbsp;<\/p>\n<p>Hi ha continu\u00eftat a Secund\u00e0ria en els Instituts de la zona:<\/p>\n<ul>\n<li><a href=\"https:\/\/www.edubcn.cat\/ca\/centres_serveis_educatius\/centres_educatius\/cercador#\/centres\/Institut%20Josep%20Serrat%20i%20Bonastre\/\/\/\/\/0\/0\/\/\/\/\" target=\"_blank\" rel=\"noopener\"><span dir=\"ltr\" role=\"presentation\">Institut Josep Serrat i Bonastre<\/span><\/a><\/li>\n<li class=\"ng-scope\"><a class=\"ng-binding\" href=\"https:\/\/www.edubcn.cat\/ca\/centres_serveis_educatius\/centres_educatius\/cercador#centre\/08013226\" data-event=\"Centres - Detall - centre adscrit a\">Institut Men\u00e9ndez y Pelayo<\/a><\/li>\n<\/ul>\n<p>&nbsp;<\/p>\n<p>&nbsp;<\/p>\n","protected":false},"excerpt":{"rendered":"<p>Estem ubicades al barri de Gr\u00e0cia, al carrer Trilla,18-20.<br \/>\nComptem amb dos edificis: un per Educaci\u00f3 Infantil i un altre per Prim\u00e0ria. L&#8217;edifici de Prim\u00e0ria t\u00e9 dues entrades: pel carrer Trilla i pel carrer Badia, que \u00e9s peatonal i \u00e9s per on habitualment entren i surten&hellip;  <a href=\"https:\/\/agora.xtec.cat\/ceipm-reina-violant\/lescola\/oferta-educativa\/\" title=\"Read Oferta Educativa\">Llegeix m\u00e9s\u00bb<\/a><\/p>\n","protected":false},"author":1,"featured_media":0,"parent":22,"menu_order":3,"comment_status":"closed","ping_status":"closed","template":"page-templates\/side-menu.php","meta":{"_bbp_topic_count":0,"_bbp_reply_count":0,"_bbp_total_topic_count":0,"_bbp_total_reply_count":0,"_bbp_voice_count":0,"_bbp_anonymous_reply_count":0,"_bbp_topic_count_hidden":0,"_bbp_reply_count_hidden":0,"_bbp_forum_subforum_count":0,"footnotes":""},"class_list":["post-34","page","type-page","status-publish","hentry"],"post_mailing_queue_ids":[],"_links":{"self":[{"href":"https:\/\/agora.xtec.cat\/ceipm-reina-violant\/wp-json\/wp\/v2\/pages\/34","targetHints":{"allow":["GET"]}}],"collection":[{"href":"https:\/\/agora.xtec.cat\/ceipm-reina-violant\/wp-json\/wp\/v2\/pages"}],"about":[{"href":"https:\/\/agora.xtec.cat\/ceipm-reina-violant\/wp-json\/wp\/v2\/types\/page"}],"author":[{"embeddable":true,"href":"https:\/\/agora.xtec.cat\/ceipm-reina-violant\/wp-json\/wp\/v2\/users\/1"}],"replies":[{"embeddable":true,"href":"https:\/\/agora.xtec.cat\/ceipm-reina-violant\/wp-json\/wp\/v2\/comments?post=34"}],"version-history":[{"count":5,"href":"https:\/\/agora.xtec.cat\/ceipm-reina-violant\/wp-json\/wp\/v2\/pages\/34\/revisions"}],"predecessor-version":[{"id":7147,"href":"https:\/\/agora.xtec.cat\/ceipm-reina-violant\/wp-json\/wp\/v2\/pages\/34\/revisions\/7147"}],"up":[{"embeddable":true,"href":"https:\/\/agora.xtec.cat\/ceipm-reina-violant\/wp-json\/wp\/v2\/pages\/22"}],"wp:attachment":[{"href":"https:\/\/agora.xtec.cat\/ceipm-reina-violant\/wp-json\/wp\/v2\/media?parent=34"}],"curies":[{"name":"wp","href":"https:\/\/api.w.org\/{rel}","templated":true}]}}