{"id":281,"date":"2016-04-15T09:43:01","date_gmt":"2016-04-15T08:43:01","guid":{"rendered":"http:\/\/agora.xtec.cat\/ceipm-reina-violant\/?page_id=281"},"modified":"2024-01-19T13:28:31","modified_gmt":"2024-01-19T12:28:31","slug":"claustre","status":"publish","type":"page","link":"https:\/\/agora.xtec.cat\/ceipm-reina-violant\/organitzacio\/claustre\/","title":{"rendered":"Claustre"},"content":{"rendered":"<p><strong>El nostre claustre est\u00e0 format per:<\/strong><\/p>\n<p><b>EDUCACI\u00d3 INFANTIL\u00a0<\/b><\/p>\n<p><b>Petits<\/b><b><br \/>\n<\/b><b>I3 A: <\/b><span style=\"font-weight: 400;\">Maria Molina <\/span><b>TEI:<\/b><span style=\"font-weight: 400;\"> N\u00faria Massa.<\/span><\/p>\n<p><b>I3 B <\/b><span style=\"font-weight: 400;\">Montse Fern\u00e1ndez <\/span><span style=\"font-weight: 400;\"><br \/>\n<\/span><b>I4:<\/b><span style=\"font-weight: 400;\"> Laura Fern\u00e1ndez<\/span><span style=\"font-weight: 400;\"><br \/>\n<\/span><b>I5: <\/b><span style=\"font-weight: 400;\">Elisabet Filella<\/span><span style=\"font-weight: 400;\"><br \/>\n<\/span><b>Mestres suport<\/b><span style=\"font-weight: 400;\">: M\u00f2nica Cuellar i Miriam Catena<\/span><\/p>\n<p><b>EDUCACI\u00d3 PRIM\u00c0RIA<\/b><\/p>\n<p><b>Mitjans<\/b><b><br \/>\n<\/b><b>1r<\/b><span style=\"font-weight: 400;\">: S\u00f2nia Serra <\/span><span style=\"font-weight: 400;\"><br \/>\n<\/span><b>2n: <\/b><span style=\"font-weight: 400;\">Elena Redondo<\/span><span style=\"font-weight: 400;\"><br \/>\n<\/span><b>3r: <\/b><span style=\"font-weight: 400;\">Laura Sacrist\u00e1n<\/span><\/p>\n<p><strong>Mestra suport<\/strong>: Montse Soler<\/p>\n<p><b>Grans<\/b><\/p>\n<p><b>4t:<\/b><span style=\"font-weight: 400;\"> Lorena P\u00e9rez<\/span><span style=\"font-weight: 400;\"><br \/>\n<\/span><b>5\u00e8:<\/b><span style=\"font-weight: 400;\"> Ant\u00f2nia Bosch <\/span><span style=\"font-weight: 400;\"><br \/>\n<\/span><b>6\u00e8: <\/b><span style=\"font-weight: 400;\">Nat\u00e0lia Ribes \/ Carolina Garcia \/In\u00e9s Catal\u00e1n<\/span><\/p>\n<p><b>ESPECIALITATS<\/b><\/p>\n<p><b>Angl\u00e8s: <\/b><span style=\"font-weight: 400;\">Clara Edo -Grans. \u00a0 Yolanda Romero \u2013 2n i 3r.\u00a0 Olga Ramirez &#8211; I5 i 1r<\/span><span style=\"font-weight: 400;\"><br \/>\n<\/span><b>Educaci\u00f3 f\u00edsica:<\/b><span style=\"font-weight: 400;\"> Nat\u00e0lia Ribes<\/span><span style=\"font-weight: 400;\"><br \/>\n<\/span><b>Educaci\u00f3 musical:<\/b><span style=\"font-weight: 400;\"> Minneiah Gordo<\/span><span style=\"font-weight: 400;\"><br \/>\n<\/span><b>Atenci\u00f3 a la diversitat:<\/b><span style=\"font-weight: 400;\"> Yolanda Romero \u2013 Petits i Grans\u00a0 \/ Montse Coma \u2013 Mitjans<\/span><\/p>\n<p><b>Direcci\u00f3:<\/b><span style=\"font-weight: 400;\"> Olga Ram\u00edrez Luque<\/span><span style=\"font-weight: 400;\"><br \/>\n<\/span><b>Cap d\u2019Estudis:<\/b><span style=\"font-weight: 400;\"> Miriam Catena Marf\u00e0<\/span><span style=\"font-weight: 400;\"><br \/>\n<\/span><b>Secret\u00e0ria Acad\u00e8mica:<\/b><span style=\"font-weight: 400;\"> Judit Prats Tall\u00f3<\/span><\/p>\n<p><b>COORDINACIONS<\/b><b><br \/>\n<\/b><span style=\"font-weight: 400;\">Coordinadora Ed. Infantil: Elisabet Filella<\/span><span style=\"font-weight: 400;\"><br \/>\n<\/span><span style=\"font-weight: 400;\">Coordinadora Ed. Prim\u00e0ria: Nat\u00e0lia Ribes<\/span><span style=\"font-weight: 400;\"><br \/>\n<\/span><span style=\"font-weight: 400;\">Coordinadora NESE\/LIC: Yolanda Romero<\/span><span style=\"font-weight: 400;\"><br \/>\n<\/span><span style=\"font-weight: 400;\">Coordinadora TAC: Laura Sacrist\u00e1n<\/span><span style=\"font-weight: 400;\"><br \/>\n<\/span><span style=\"font-weight: 400;\">Coordinadora de Riscos Laborals: Carolina Garcia.<\/span><\/p>\n<p><b>COMISSIONS<\/b><b><br \/>\n<\/b><span style=\"font-weight: 400;\">Conviv\u00e8ncia i G\u00e8nere: Judit, S\u00f2nia i Carol.<\/span><span style=\"font-weight: 400;\"><br \/>\n<\/span><span style=\"font-weight: 400;\">Festes: Minneiah, Lorena, M\u00f2nica.<\/span><span style=\"font-weight: 400;\"><br \/>\n<\/span><span style=\"font-weight: 400;\">Biblioteca: Ant\u00f2nia, Yolanda, Montse F., Elisabet.<\/span><span style=\"font-weight: 400;\"><br \/>\n<\/span><span style=\"font-weight: 400;\">Sostenibilitat: Miriam, Laura F., Nat\u00e0lia.<\/span><span style=\"font-weight: 400;\"><br \/>\n<\/span><span style=\"font-weight: 400;\">TAC: Laura, Olga, i Elena.<\/span><\/p>\n<div>\n<p>&nbsp;<\/p>\n<\/div>\n<p>&nbsp;<\/p>\n<p>&nbsp;<\/p>\n<p>&nbsp;<\/p>\n","protected":false},"excerpt":{"rendered":"<p>El nostre claustre est\u00e0 format per:<br \/>\nEDUCACI\u00d3 INFANTIL\u00a0<br \/>\nPetits<br \/>\nI3 A: Maria Molina TEI: N\u00faria Massa.<br \/>\nI3 B Montse Fern\u00e1ndez<br \/>\nI4: Laura Fern\u00e1ndez<br \/>\nI5: Elisabet Filella<br \/>\nMestres suport: M\u00f2nica Cuellar i Miriam Catena<br \/>\nEDUCACI\u00d3 PRIM\u00c0RIA<br \/>\nMitjans<br \/>\n1r: S\u00f2nia Serra<br \/>\n2n: Elena Redondo<br \/>\n3r: Laura Sacrist\u00e1n<br \/>\nMestra suport: Montse Soler<br \/>\nGrans<br \/>\n4t: Lorena P\u00e9rez<br \/>\n5\u00e8: Ant\u00f2nia Bosch<br \/>\n6\u00e8: Nat\u00e0lia Ribes&hellip;  <a href=\"https:\/\/agora.xtec.cat\/ceipm-reina-violant\/organitzacio\/claustre\/\" title=\"Read Claustre\">Llegeix m\u00e9s\u00bb<\/a><\/p>\n","protected":false},"author":1,"featured_media":0,"parent":287,"menu_order":0,"comment_status":"closed","ping_status":"closed","template":"page-templates\/side-menu.php","meta":{"_bbp_topic_count":0,"_bbp_reply_count":0,"_bbp_total_topic_count":0,"_bbp_total_reply_count":0,"_bbp_voice_count":0,"_bbp_anonymous_reply_count":0,"_bbp_topic_count_hidden":0,"_bbp_reply_count_hidden":0,"_bbp_forum_subforum_count":0,"footnotes":""},"class_list":["post-281","page","type-page","status-publish","hentry"],"post_mailing_queue_ids":[],"_links":{"self":[{"href":"https:\/\/agora.xtec.cat\/ceipm-reina-violant\/wp-json\/wp\/v2\/pages\/281","targetHints":{"allow":["GET"]}}],"collection":[{"href":"https:\/\/agora.xtec.cat\/ceipm-reina-violant\/wp-json\/wp\/v2\/pages"}],"about":[{"href":"https:\/\/agora.xtec.cat\/ceipm-reina-violant\/wp-json\/wp\/v2\/types\/page"}],"author":[{"embeddable":true,"href":"https:\/\/agora.xtec.cat\/ceipm-reina-violant\/wp-json\/wp\/v2\/users\/1"}],"replies":[{"embeddable":true,"href":"https:\/\/agora.xtec.cat\/ceipm-reina-violant\/wp-json\/wp\/v2\/comments?post=281"}],"version-history":[{"count":6,"href":"https:\/\/agora.xtec.cat\/ceipm-reina-violant\/wp-json\/wp\/v2\/pages\/281\/revisions"}],"predecessor-version":[{"id":7145,"href":"https:\/\/agora.xtec.cat\/ceipm-reina-violant\/wp-json\/wp\/v2\/pages\/281\/revisions\/7145"}],"up":[{"embeddable":true,"href":"https:\/\/agora.xtec.cat\/ceipm-reina-violant\/wp-json\/wp\/v2\/pages\/287"}],"wp:attachment":[{"href":"https:\/\/agora.xtec.cat\/ceipm-reina-violant\/wp-json\/wp\/v2\/media?parent=281"}],"curies":[{"name":"wp","href":"https:\/\/api.w.org\/{rel}","templated":true}]}}