{"id":28,"date":"2014-09-18T12:29:35","date_gmt":"2014-09-18T11:29:35","guid":{"rendered":"http:\/\/agora.xtec.cat\/ceipm-reina-violant\/?page_id=28"},"modified":"2026-02-23T09:56:10","modified_gmt":"2026-02-23T08:56:10","slug":"consell-escolar","status":"publish","type":"page","link":"https:\/\/agora.xtec.cat\/ceipm-reina-violant\/organitzacio\/consell-escolar\/","title":{"rendered":"Consell escolar"},"content":{"rendered":"<p><span id=\"m_-4404101288155570310m_-1440952317542816474gmail-docs-internal-guid-0cc312ee-7fff-d11f-07ef-23177a8e0625\">El consell escolar del centre \u00e9s l&#8217;<strong>\u00f2rgan col\u00b7legiat de participaci\u00f3<\/strong> de la comunitat escolar en el govern del centre. En el consell escolar hi ha representats tots els col\u00b7lectius que intervenen en la comunitat educativa. En els centres p\u00fablics, la funci\u00f3 principal del consell escolar \u00e9s participar en la presa de decisions en relaci\u00f3 amb aquells temes importants per al funcionament i l\u2019organitzaci\u00f3 del centre: el projecte educatiu, la programaci\u00f3 general, la gesti\u00f3 econ\u00f2mica, etc. Els membres del consell escolar s\u00f3n elegits per un per\u00edode de quatre anys i es renoven per meitats cada dos anys.<\/span><\/p>\n<p><span id=\"m_-4404101288155570310m_-1440952317542816474gmail-docs-internal-guid-0cc312ee-7fff-d11f-07ef-23177a8e0625\">El Consell Escolar del nostre centre queda constitu\u00eft per les seg\u00fcents persones representants:<\/span><\/p>\n<ul>\n<li><strong>Equip directiu:<\/strong> <span id=\"m_-4404101288155570310m_-1440952317542816474gmail-docs-internal-guid-0cc312ee-7fff-d11f-07ef-23177a8e0625\">Olga Ram\u00edrez, Miriam Catena i Judit Prats<\/span><strong><br \/>\n<\/strong><\/li>\n<li><strong>Sector mestres:<\/strong> <span id=\"m_-4404101288155570310m_-1440952317542816474gmail-docs-internal-guid-0cc312ee-7fff-d11f-07ef-23177a8e0625\">Nat\u00e0lia Ribes, Jordi del Pino, M\u00f2nica Cu\u00e9llar i Elisabet Filella<\/span><\/li>\n<li><strong>Sector personal no docent:<\/strong> <span id=\"m_-4404101288155570310m_-1440952317542816474gmail-docs-internal-guid-0cc312ee-7fff-d11f-07ef-23177a8e0625\">Carles Oliver<\/span><\/li>\n<li><strong>Sectors mares\/pares: <\/strong>Israel Asenjo, Sandra Filippelli, Mar Col\u00e1s i Ariadna Mas<\/li>\n<li><strong>Representant AFA<\/strong>: Ariadna Laguna<\/li>\n<li><strong>Representant municipal:\u00a0<\/strong><span id=\"m_-4404101288155570310m_-1440952317542816474gmail-docs-internal-guid-0cc312ee-7fff-d11f-07ef-23177a8e0625\">Isabel Deniel S\u00e1nchez.<\/span><\/li>\n<\/ul>\n<p>&nbsp;<\/p>\n<p dir=\"ltr\"><strong>COMISSIONS de Consell Escolar:<\/strong><\/p>\n<ul>\n<li dir=\"ltr\">\n<p dir=\"ltr\" role=\"presentation\"><strong>Econ\u00f2mica:<\/strong> Sandra Filippelli, Nat\u00e0lia Ribes, <span style=\"font-weight: 400;\">Judit Prats, Olga Ram\u00edrez i Carles Oliver.<\/span>\u00a0<a href=\"https:\/\/agora.xtec.cat\/ceipm-reina-violant\/wp-content\/uploads\/usu796\/2026\/01\/Balanc-de-situacio.pdf\" target=\"_blank\" rel=\"noopener\"><strong>Consulta el balan\u00e7 econ\u00f2mic <em>Exercici 2024<\/em><\/strong>.<\/a><\/p>\n<\/li>\n<li dir=\"ltr\">\n<p dir=\"ltr\" role=\"presentation\"><strong>Permanent:<\/strong> <span style=\"font-weight: 400;\">Israel Asenjo, Judit Prats, Olga Ram\u00edrez i Miriam Catena.\u00a0<\/span><\/p>\n<\/li>\n<li dir=\"ltr\">\n<p dir=\"ltr\" role=\"presentation\"><strong>Conviv\u00e8ncia i g\u00e8nere:<\/strong>Mar Col\u00e1s, Ariadna Mas, <span id=\"m_-4404101288155570310m_-1440952317542816474gmail-docs-internal-guid-0cc312ee-7fff-d11f-07ef-23177a8e0625\">Elisabet Filella, <span style=\"font-weight: 400;\">Olga Ram\u00edrez, Miriam Catena i la referent COCOBE del centre.<\/span><\/span><\/p>\n<\/li>\n<\/ul>\n<p>&nbsp;<\/p>\n<p><strong><em>Acords<\/em><\/strong><\/p>\n<p><a href=\"https:\/\/agora.xtec.cat\/ceipm-reina-violant\/wp-content\/uploads\/usu796\/2026\/01\/ACORDS-CONSELL-N-1.-docx-.-1.pdf\" target=\"_blank\" rel=\"noopener\">Consell n.1<\/a><\/p>\n<p><a href=\"https:\/\/agora.xtec.cat\/ceipm-reina-violant\/wp-content\/uploads\/usu796\/2026\/01\/Acords-ACTA-CONSELL-N-2.-docx-.docx.pdf\" target=\"_blank\" rel=\"noopener\">Consell n.2<\/a><\/p>\n<p><a href=\"https:\/\/agora.xtec.cat\/ceipm-reina-violant\/wp-content\/uploads\/usu796\/2026\/02\/ACTA-ACORDS-CONSELL-N-3.-docx.pdf\" target=\"_blank\" rel=\"noopener\">Consell n.3\u00a0\u00a0\u00a0\u00a0<\/a><a href=\"https:\/\/agora.xtec.cat\/ceipm-reina-violant\/wp-content\/uploads\/usu796\/2026\/02\/Balanc-de-situacio-1.pdf\" target=\"_blank\" rel=\"noopener\">Balan\u00e7 de situaci\u00f3 any 2025<\/a><\/p>\n","protected":false},"excerpt":{"rendered":"<p>El consell escolar del centre \u00e9s l&#8217;\u00f2rgan col\u00b7legiat de participaci\u00f3 de la comunitat escolar en el govern del centre. En el consell escolar hi ha representats tots els col\u00b7lectius que intervenen en la comunitat educativa. En els centres p\u00fablics, la funci\u00f3 principal del consell escolar&hellip;  <a href=\"https:\/\/agora.xtec.cat\/ceipm-reina-violant\/organitzacio\/consell-escolar\/\" title=\"Read Consell escolar\">Llegeix m\u00e9s\u00bb<\/a><\/p>\n","protected":false},"author":1,"featured_media":0,"parent":287,"menu_order":1,"comment_status":"closed","ping_status":"closed","template":"page-templates\/side-menu.php","meta":{"_bbp_topic_count":0,"_bbp_reply_count":0,"_bbp_total_topic_count":0,"_bbp_total_reply_count":0,"_bbp_voice_count":0,"_bbp_anonymous_reply_count":0,"_bbp_topic_count_hidden":0,"_bbp_reply_count_hidden":0,"_bbp_forum_subforum_count":0,"footnotes":""},"class_list":["post-28","page","type-page","status-publish","hentry"],"post_mailing_queue_ids":[],"_links":{"self":[{"href":"https:\/\/agora.xtec.cat\/ceipm-reina-violant\/wp-json\/wp\/v2\/pages\/28","targetHints":{"allow":["GET"]}}],"collection":[{"href":"https:\/\/agora.xtec.cat\/ceipm-reina-violant\/wp-json\/wp\/v2\/pages"}],"about":[{"href":"https:\/\/agora.xtec.cat\/ceipm-reina-violant\/wp-json\/wp\/v2\/types\/page"}],"author":[{"embeddable":true,"href":"https:\/\/agora.xtec.cat\/ceipm-reina-violant\/wp-json\/wp\/v2\/users\/1"}],"replies":[{"embeddable":true,"href":"https:\/\/agora.xtec.cat\/ceipm-reina-violant\/wp-json\/wp\/v2\/comments?post=28"}],"version-history":[{"count":6,"href":"https:\/\/agora.xtec.cat\/ceipm-reina-violant\/wp-json\/wp\/v2\/pages\/28\/revisions"}],"predecessor-version":[{"id":7459,"href":"https:\/\/agora.xtec.cat\/ceipm-reina-violant\/wp-json\/wp\/v2\/pages\/28\/revisions\/7459"}],"up":[{"embeddable":true,"href":"https:\/\/agora.xtec.cat\/ceipm-reina-violant\/wp-json\/wp\/v2\/pages\/287"}],"wp:attachment":[{"href":"https:\/\/agora.xtec.cat\/ceipm-reina-violant\/wp-json\/wp\/v2\/media?parent=28"}],"curies":[{"name":"wp","href":"https:\/\/api.w.org\/{rel}","templated":true}]}}