{"id":26,"date":"2014-09-18T12:24:32","date_gmt":"2014-09-18T11:24:32","guid":{"rendered":"http:\/\/agora.xtec.cat\/ceipm-reina-violant\/?page_id=26"},"modified":"2024-01-19T13:29:47","modified_gmt":"2024-01-19T12:29:47","slug":"historia","status":"publish","type":"page","link":"https:\/\/agora.xtec.cat\/ceipm-reina-violant\/lescola\/historia\/","title":{"rendered":"La nostra hist\u00f2ria"},"content":{"rendered":"<p>Aquest resum hist\u00f2ric de la nostra escola es va elaborar ja fa set anys. Ens agrada i creiem que reflecteix la realitat hist\u00f2rica del nostre centre.<\/p>\n<p>Hem volgut conservar-lo com a record d&#8217;una feina ben feta que no passa amb el temps&#8230;<\/p>\n<p>&nbsp;<\/p>\n<p><a href=\"https:\/\/agora.xtec.cat\/ceipm-reina-violant\/wp-content\/uploads\/usu796\/2019\/01\/reina-violant-imatge-1.jpg\"><img loading=\"lazy\" decoding=\"async\" class=\"alignleft size-thumbnail wp-image-3200\" src=\"https:\/\/agora.xtec.cat\/ceipm-reina-violant\/wp-content\/uploads\/usu796\/2019\/01\/reina-violant-imatge-1-150x150.jpg\" alt=\"\" width=\"150\" height=\"150\" \/><\/a><\/p>\n<p style=\"text-align: center;\"><strong>PETITA HIST\u00d2RIA DE L&#8217;ESCOLA REINA VIOLANT<\/strong><br \/>\n<strong> Text elaborat pels nens i les nenes de 4t.<\/strong><br \/>\n<strong> Classe Bromistes-Xerrameques. Abril 2013<\/strong><\/p>\n<p>Aquesta petita hist\u00f2ria que hem escrit, l&#8217;hem feta a partir del qu\u00e8 ens ha explicat la nostra mestra i tamb\u00e9 per les fotos i el material que hem vist i que es guarda en un armari-museu que hi ha a l&#8217;escola.<\/p>\n<p>La nostra escola es va fer l&#8217;any 1932 per\u00f2 no us penseu que es deia aix\u00ed com es diu ara, tenia el nom de &#8220;Escuela de Formaci\u00f3n Dom\u00e9stica&#8221; perqu\u00e8 en aquell temps s&#8217;havien de posar els noms en castell\u00e0 i tot es feia en castell\u00e0 per\u00f2 moltes estonetes es parlava en catal\u00e0 ja que totes les nenes i les mestres eren catalanes.<br \/>\nEn principi &#8221; La Escuela de Formaci\u00f3n Dom\u00e9stica&#8221; estava situada la la casa &#8220;Trinxet&#8221;, una casa modernista for\u00e7a gran i que pertanyia a la familia Trinxet-Mir que eren familiars del fam\u00f3s pintor Joaquim Mir i moltes parets tenien pintures d&#8217;aquest pintor. Ara hem vist un trosset d&#8217;aquestes pintures en el museu fundaci\u00f3 G\u00f2dia.<br \/>\nL&#8217;escola era nom\u00e9s per a nenes i noies; al mat\u00ed a l&#8217;escola hi anaven les nenes i a la tarda quan s&#8217;havien acabat les classes de les petites hi anaven les noies m\u00e9s grans, fins i tot casades per aprendre a cosir, a brodar, a cuinar, a llegir i escriure; a comptar, planxar, dibuixar i, fins i tot enquadernaven llibres amb robes molt boniques o amb les seves labors. Les noies m\u00e9s grans aprenien feines dom\u00e8stiques que eren necess\u00e0ries per a portar una casa. A l&#8217; armari-museu hi ha tot de quaderns amb redaccions i dibuixos preciosos i molt nets i polits que el van fer aquelles alumnes; s\u00f3n tan bonics que els trobem preciosos!<br \/>\nDurant el per\u00edode de la guerra civil l&#8217;escola va estar tancada i quan la van tornar a obrir la van traslladar al carrer Marqu\u00e8s de Santa Anna, a l&#8217;edifici que ara hi ha l&#8217;IES municipal Serrat i Bonastre. Ah! sabeu que ens han explicat que van transportar tots els estris i mobles de l&#8217;escola amb carros dels carnissers fins al nou edifici de la &#8220;Escuela de Formaci\u00f3n Dom\u00e9stica&#8221;!<br \/>\nL&#8217;any 1974 es va construir un nou edifici al carrer Trilla, que \u00e9s on som ara, i li van canviar el nom. Des d&#8217;aleshores que van comen\u00e7ar a venir nens i ara \u00e9s una escola de nenes i nens tots junts.<\/p>\n<p>L&#8217;origen del nom no est\u00e0 del tot clar sembla ser que primerament es referia a la reina Violant d&#8217;Hongria (esposa del rei Jaume I el Conqueridor per\u00f2 despr\u00e9s ho van canviar i ara es refereix a la reina Violant de Bar, l&#8217;esposa del rei Joan I de Catalunya. perqu\u00e8 la celebraci\u00f3 dels Jocs Florals cada mes de maig era i \u00e9s molt important a la nostra escola.<br \/>\nAquesta reina Violant de Bar va ser la que va portar els Jocs Florals de la cort de Proven\u00e7a a Barcelona. Per aix\u00f2 la nostra escola porta el nom d&#8217;aquesta reina i cada any, tots els nens i les nenes, fem molts poemes i celebrem els Jocs Florals com una festa molt important.<\/p>\n<p>L&#8217;any 2000 van fer una remodelaci\u00f3 de l&#8217;edifici i el van fer nou: van ampliar els patis, van fer les classes molt grans i maques i ens van fer un gimn\u00e0s nou i una aula d&#8217;ordinadors&#8230;fins i tot tenim una can\u00e7\u00f3 que explica la hist\u00f2ria de la nostra escola. El parvulari tamb\u00e9 va canviar de nom i de lloc; abans es deia Platero i despr\u00e9s es va dir Comas i Sol\u00e0 perqu\u00e8 aquest astr\u00f2nom el va donar a l&#8217;Ajuntament.<\/p>\n<p>Ara, des de l&#8217;any 2000 est\u00e0 al carrer Badia a dins del pati i al costat de l&#8217;edifici de Prim\u00e0ria.<\/p>\n<p>Pensem que, ara,anar a l&#8217;escola \u00e9s emocionant; aprenem coses dif\u00edcils tot pensant i jugant ; tamb\u00e9 fem moltes sortides, anem a concerts i a museus; fem Inform\u00e1tica; fem festes esportives i conservem les festes d&#8217;abans per\u00f2, ara, s\u00f3n una mica diferents.<br \/>\nTenim una gegantona que es diu Violeta i un drac que es diu Escatat i els fem ballar.<br \/>\nEls m\u00e9s petits i els m\u00e9s grans fem coses junts com : jugar al pati , tenir padrins de 6\u00e8 les nenes i els nens de primer. Tamb\u00e9 ens agrada molt fer de mestres dels m\u00e9s petits, quan arriba el carnestoltes i moltes coses m\u00e9s, tantes que no acabar\u00edem mai<br \/>\nLa nostra escola ens agrada molt\u00edssim perqu\u00e8 aprenem, ens divertim, fem amics i amigues mentre ens anem fent grans<br \/>\nFa molt temps que venim a aquesta escola i, la veritat, per a nosaltres \u00e9s la millor escola del m\u00f3n!<\/p>\n<p><a href=\"http:\/\/agora.xtec.cat\/ceipm-reina-violant\/wp-content\/uploads\/usu796\/2016\/07\/parvhistoria2_jpg.jpg\" rel=\"attachment wp-att-311\"><img loading=\"lazy\" decoding=\"async\" class=\"wp-image-311 alignleft\" src=\"http:\/\/agora.xtec.cat\/ceipm-reina-violant\/wp-content\/uploads\/usu796\/2016\/07\/parvhistoria2_jpg.jpg\" alt=\"parvhistoria2_jpg\" width=\"296\" height=\"220\" srcset=\"https:\/\/agora.xtec.cat\/ceipm-reina-violant\/wp-content\/uploads\/usu796\/2016\/07\/parvhistoria2_jpg.jpg 354w, https:\/\/agora.xtec.cat\/ceipm-reina-violant\/wp-content\/uploads\/usu796\/2016\/07\/parvhistoria2_jpg-300x223.jpg 300w, https:\/\/agora.xtec.cat\/ceipm-reina-violant\/wp-content\/uploads\/usu796\/2016\/07\/parvhistoria2_jpg-200x150.jpg 200w\" sizes=\"auto, (max-width: 296px) 100vw, 296px\" \/><\/a>\u00a0\u00a0<img loading=\"lazy\" decoding=\"async\" class=\"wp-image-310 alignleft\" src=\"http:\/\/agora.xtec.cat\/ceipm-reina-violant\/wp-content\/uploads\/usu796\/2016\/07\/plasticahist_jpg.jpg\" alt=\"plasticahist_jpg\" width=\"357\" height=\"220\" srcset=\"https:\/\/agora.xtec.cat\/ceipm-reina-violant\/wp-content\/uploads\/usu796\/2016\/07\/plasticahist_jpg.jpg 413w, https:\/\/agora.xtec.cat\/ceipm-reina-violant\/wp-content\/uploads\/usu796\/2016\/07\/plasticahist_jpg-300x185.jpg 300w\" sizes=\"auto, (max-width: 357px) 100vw, 357px\" \/><img loading=\"lazy\" decoding=\"async\" class=\"wp-image-309 alignnone\" src=\"http:\/\/agora.xtec.cat\/ceipm-reina-violant\/wp-content\/uploads\/usu796\/2016\/07\/planxant_jpg.jpg\" alt=\"planxant_jpg\" width=\"329\" height=\"219\" srcset=\"https:\/\/agora.xtec.cat\/ceipm-reina-violant\/wp-content\/uploads\/usu796\/2016\/07\/planxant_jpg.jpg 413w, https:\/\/agora.xtec.cat\/ceipm-reina-violant\/wp-content\/uploads\/usu796\/2016\/07\/planxant_jpg-300x199.jpg 300w\" sizes=\"auto, (max-width: 329px) 100vw, 329px\" \/><\/p>\n","protected":false},"excerpt":{"rendered":"<p>Aquest resum hist\u00f2ric de la nostra escola es va elaborar ja fa set anys. Ens agrada i creiem que reflecteix la realitat hist\u00f2rica del nostre centre.<br \/>\nHem volgut conservar-lo com a record d&#8217;una feina ben feta que no passa amb el temps&#8230;<br \/>\n&nbsp;<br \/>\n<a href=\"https:\/\/agora.xtec.cat\/ceipm-reina-violant\/wp-content\/uploads\/usu796\/2019\/01\/reina-violant-imatge-1.jpg\"><\/a><br \/>\nPETITA HIST\u00d2RIA DE L&#8217;ESCOLA&hellip;  <a href=\"https:\/\/agora.xtec.cat\/ceipm-reina-violant\/lescola\/historia\/\" title=\"Read La nostra hist\u00f2ria\">Llegeix m\u00e9s\u00bb<\/a><\/p>\n","protected":false},"author":1,"featured_media":0,"parent":22,"menu_order":0,"comment_status":"closed","ping_status":"closed","template":"page-templates\/side-menu.php","meta":{"_bbp_topic_count":0,"_bbp_reply_count":0,"_bbp_total_topic_count":0,"_bbp_total_reply_count":0,"_bbp_voice_count":0,"_bbp_anonymous_reply_count":0,"_bbp_topic_count_hidden":0,"_bbp_reply_count_hidden":0,"_bbp_forum_subforum_count":0,"footnotes":""},"class_list":["post-26","page","type-page","status-publish","hentry"],"post_mailing_queue_ids":[],"_links":{"self":[{"href":"https:\/\/agora.xtec.cat\/ceipm-reina-violant\/wp-json\/wp\/v2\/pages\/26","targetHints":{"allow":["GET"]}}],"collection":[{"href":"https:\/\/agora.xtec.cat\/ceipm-reina-violant\/wp-json\/wp\/v2\/pages"}],"about":[{"href":"https:\/\/agora.xtec.cat\/ceipm-reina-violant\/wp-json\/wp\/v2\/types\/page"}],"author":[{"embeddable":true,"href":"https:\/\/agora.xtec.cat\/ceipm-reina-violant\/wp-json\/wp\/v2\/users\/1"}],"replies":[{"embeddable":true,"href":"https:\/\/agora.xtec.cat\/ceipm-reina-violant\/wp-json\/wp\/v2\/comments?post=26"}],"version-history":[{"count":5,"href":"https:\/\/agora.xtec.cat\/ceipm-reina-violant\/wp-json\/wp\/v2\/pages\/26\/revisions"}],"predecessor-version":[{"id":7146,"href":"https:\/\/agora.xtec.cat\/ceipm-reina-violant\/wp-json\/wp\/v2\/pages\/26\/revisions\/7146"}],"up":[{"embeddable":true,"href":"https:\/\/agora.xtec.cat\/ceipm-reina-violant\/wp-json\/wp\/v2\/pages\/22"}],"wp:attachment":[{"href":"https:\/\/agora.xtec.cat\/ceipm-reina-violant\/wp-json\/wp\/v2\/media?parent=26"}],"curies":[{"name":"wp","href":"https:\/\/api.w.org\/{rel}","templated":true}]}}