{"id":7,"date":"2014-09-17T15:07:41","date_gmt":"2014-09-17T14:07:41","guid":{"rendered":"http:\/\/agora.xtec.cat\/ceiplorca\/?page_id=7"},"modified":"2026-02-24T15:13:21","modified_gmt":"2026-02-24T14:13:21","slug":"pagines-dinici","status":"publish","type":"page","link":"https:\/\/agora.xtec.cat\/ceiplorca\/","title":{"rendered":"Preinscripci\u00f3 escolar curs 2026-27"},"content":{"rendered":"<p><a href=\"https:\/\/agora.xtec.cat\/ceiplorca\/wp-content\/uploads\/usu1186\/2026\/02\/Pink-and-White-Modern-After-School-Program-Flyer.jpg\"><img loading=\"lazy\" decoding=\"async\" class=\"wp-image-3466 alignleft\" src=\"https:\/\/agora.xtec.cat\/ceiplorca\/wp-content\/uploads\/usu1186\/2026\/02\/Pink-and-White-Modern-After-School-Program-Flyer-724x1024.jpg\" alt=\"\" width=\"304\" height=\"430\" srcset=\"https:\/\/agora.xtec.cat\/ceiplorca\/wp-content\/uploads\/usu1186\/2026\/02\/Pink-and-White-Modern-After-School-Program-Flyer-724x1024.jpg 724w, https:\/\/agora.xtec.cat\/ceiplorca\/wp-content\/uploads\/usu1186\/2026\/02\/Pink-and-White-Modern-After-School-Program-Flyer-212x300.jpg 212w, https:\/\/agora.xtec.cat\/ceiplorca\/wp-content\/uploads\/usu1186\/2026\/02\/Pink-and-White-Modern-After-School-Program-Flyer-768x1086.jpg 768w, https:\/\/agora.xtec.cat\/ceiplorca\/wp-content\/uploads\/usu1186\/2026\/02\/Pink-and-White-Modern-After-School-Program-Flyer-1086x1536.jpg 1086w, https:\/\/agora.xtec.cat\/ceiplorca\/wp-content\/uploads\/usu1186\/2026\/02\/Pink-and-White-Modern-After-School-Program-Flyer.jpg 1414w\" sizes=\"auto, (max-width: 304px) 100vw, 304px\" \/><\/a><\/p>\n<p>&nbsp;<\/p>\n<p>Et convidem a descobrir el nostre projecte educatiu i els espais de l\u2019escola a trav\u00e9s d&#8217;una visita concertada.<\/p>\n<p>&nbsp;<\/p>\n<p>M\u00e9s informaci\u00f3 a la web de les <a href=\"https:\/\/agora.xtec.cat\/ceiplorca\/lescola\/preinscripcions-curs-2026-27\/\">Preinscripcions 2026-27<\/a><\/p>\n<p>&nbsp;<\/p>\n<p>&nbsp;<\/p>\n<p>&nbsp;<\/p>\n<p><strong>Dates clau de la preinscripci\u00f3 i matr\u00edcula<\/strong><\/p>\n<p><a href=\"https:\/\/agora.xtec.cat\/ceiplorca\/wp-content\/uploads\/usu1186\/2026\/02\/WhatsApp-Image-2026-02-11-at-07.36.39.jpeg\"><img loading=\"lazy\" decoding=\"async\" class=\"alignnone wp-image-3366\" src=\"https:\/\/agora.xtec.cat\/ceiplorca\/wp-content\/uploads\/usu1186\/2026\/02\/WhatsApp-Image-2026-02-11-at-07.36.39.jpeg\" alt=\"\" width=\"323\" height=\"341\" srcset=\"https:\/\/agora.xtec.cat\/ceiplorca\/wp-content\/uploads\/usu1186\/2026\/02\/WhatsApp-Image-2026-02-11-at-07.36.39.jpeg 945w, https:\/\/agora.xtec.cat\/ceiplorca\/wp-content\/uploads\/usu1186\/2026\/02\/WhatsApp-Image-2026-02-11-at-07.36.39-284x300.jpeg 284w, https:\/\/agora.xtec.cat\/ceiplorca\/wp-content\/uploads\/usu1186\/2026\/02\/WhatsApp-Image-2026-02-11-at-07.36.39-768x811.jpeg 768w\" sizes=\"auto, (max-width: 323px) 100vw, 323px\" \/><\/a><a href=\"https:\/\/agora.xtec.cat\/ceiplorca\/wp-content\/uploads\/usu1186\/2026\/02\/WhatsApp-Image-2026-02-11-at-07.36.39-1.jpeg\"><img loading=\"lazy\" decoding=\"async\" class=\"alignnone wp-image-3365\" src=\"https:\/\/agora.xtec.cat\/ceiplorca\/wp-content\/uploads\/usu1186\/2026\/02\/WhatsApp-Image-2026-02-11-at-07.36.39-1-857x1024.jpeg\" alt=\"\" width=\"283\" height=\"339\" srcset=\"https:\/\/agora.xtec.cat\/ceiplorca\/wp-content\/uploads\/usu1186\/2026\/02\/WhatsApp-Image-2026-02-11-at-07.36.39-1-857x1024.jpeg 857w, https:\/\/agora.xtec.cat\/ceiplorca\/wp-content\/uploads\/usu1186\/2026\/02\/WhatsApp-Image-2026-02-11-at-07.36.39-1-251x300.jpeg 251w, https:\/\/agora.xtec.cat\/ceiplorca\/wp-content\/uploads\/usu1186\/2026\/02\/WhatsApp-Image-2026-02-11-at-07.36.39-1-768x918.jpeg 768w, https:\/\/agora.xtec.cat\/ceiplorca\/wp-content\/uploads\/usu1186\/2026\/02\/WhatsApp-Image-2026-02-11-at-07.36.39-1.jpeg 945w\" sizes=\"auto, (max-width: 283px) 100vw, 283px\" \/><\/a><\/p>\n<h3 style=\"text-align: center;\"><strong>Correu electr\u00f2nic de l\u2019escola:<\/strong> a8038041@xtec.cat<\/h3>\n<h4 style=\"text-align: center;\"><strong>M\u00f2bil:<\/strong> 634.80.00.47<\/h4>\n","protected":false},"excerpt":{"rendered":"<p>&nbsp; Et convidem a descobrir el nostre projecte educatiu i els espais de l\u2019escola a trav\u00e9s d&#8217;una visita concertada. &nbsp; M\u00e9s informaci\u00f3 a la web de les Preinscripcions 2026-27 &nbsp; &nbsp; &nbsp; Dates clau de la preinscripci\u00f3 i matr\u00edcula Correu electr\u00f2nic de l\u2019escola: a8038041@xtec.cat M\u00f2bil: 634.80.00.47<\/p>\n","protected":false},"author":1,"featured_media":0,"parent":0,"menu_order":0,"comment_status":"closed","ping_status":"closed","template":"","meta":{"_bbp_topic_count":0,"_bbp_reply_count":0,"_bbp_total_topic_count":0,"_bbp_total_reply_count":0,"_bbp_voice_count":0,"_bbp_anonymous_reply_count":0,"_bbp_topic_count_hidden":0,"_bbp_reply_count_hidden":0,"_bbp_forum_subforum_count":0,"site-sidebar-layout":"default","site-content-layout":"","ast-site-content-layout":"default","site-content-style":"default","site-sidebar-style":"default","ast-global-header-display":"","ast-banner-title-visibility":"","ast-main-header-display":"","ast-hfb-above-header-display":"","ast-hfb-below-header-display":"","ast-hfb-mobile-header-display":"","site-post-title":"","ast-breadcrumbs-content":"","ast-featured-img":"","footer-sml-layout":"","theme-transparent-header-meta":"default","adv-header-id-meta":"","stick-header-meta":"","header-above-stick-meta":"","header-main-stick-meta":"","header-below-stick-meta":"","astra-migrate-meta-layouts":"set","ast-page-background-enabled":"default","ast-page-background-meta":{"desktop":{"background-color":"var(--ast-global-color-4)","background-image":"","background-repeat":"repeat","background-position":"center center","background-size":"auto","background-attachment":"scroll","background-type":"","background-media":"","overlay-type":"","overlay-color":"","overlay-opacity":"","overlay-gradient":""},"tablet":{"background-color":"","background-image":"","background-repeat":"repeat","background-position":"center center","background-size":"auto","background-attachment":"scroll","background-type":"","background-media":"","overlay-type":"","overlay-color":"","overlay-opacity":"","overlay-gradient":""},"mobile":{"background-color":"","background-image":"","background-repeat":"repeat","background-position":"center center","background-size":"auto","background-attachment":"scroll","background-type":"","background-media":"","overlay-type":"","overlay-color":"","overlay-opacity":"","overlay-gradient":""}},"ast-content-background-meta":{"desktop":{"background-color":"var(--ast-global-color-5)","background-image":"","background-repeat":"repeat","background-position":"center center","background-size":"auto","background-attachment":"scroll","background-type":"","background-media":"","overlay-type":"","overlay-color":"","overlay-opacity":"","overlay-gradient":""},"tablet":{"background-color":"var(--ast-global-color-5)","background-image":"","background-repeat":"repeat","background-position":"center center","background-size":"auto","background-attachment":"scroll","background-type":"","background-media":"","overlay-type":"","overlay-color":"","overlay-opacity":"","overlay-gradient":""},"mobile":{"background-color":"var(--ast-global-color-5)","background-image":"","background-repeat":"repeat","background-position":"center center","background-size":"auto","background-attachment":"scroll","background-type":"","background-media":"","overlay-type":"","overlay-color":"","overlay-opacity":"","overlay-gradient":""}},"footnotes":""},"class_list":["post-7","page","type-page","status-publish","hentry"],"post_mailing_queue_ids":[],"_links":{"self":[{"href":"https:\/\/agora.xtec.cat\/ceiplorca\/wp-json\/wp\/v2\/pages\/7","targetHints":{"allow":["GET"]}}],"collection":[{"href":"https:\/\/agora.xtec.cat\/ceiplorca\/wp-json\/wp\/v2\/pages"}],"about":[{"href":"https:\/\/agora.xtec.cat\/ceiplorca\/wp-json\/wp\/v2\/types\/page"}],"author":[{"embeddable":true,"href":"https:\/\/agora.xtec.cat\/ceiplorca\/wp-json\/wp\/v2\/users\/1"}],"replies":[{"embeddable":true,"href":"https:\/\/agora.xtec.cat\/ceiplorca\/wp-json\/wp\/v2\/comments?post=7"}],"version-history":[{"count":6,"href":"https:\/\/agora.xtec.cat\/ceiplorca\/wp-json\/wp\/v2\/pages\/7\/revisions"}],"predecessor-version":[{"id":3468,"href":"https:\/\/agora.xtec.cat\/ceiplorca\/wp-json\/wp\/v2\/pages\/7\/revisions\/3468"}],"wp:attachment":[{"href":"https:\/\/agora.xtec.cat\/ceiplorca\/wp-json\/wp\/v2\/media?parent=7"}],"curies":[{"name":"wp","href":"https:\/\/api.w.org\/{rel}","templated":true}]}}