{"id":64,"date":"2014-09-18T12:39:08","date_gmt":"2014-09-18T11:39:08","guid":{"rendered":"http:\/\/agora.xtec.cat\/ceiplorca\/?page_id=64"},"modified":"2025-09-23T20:22:20","modified_gmt":"2025-09-23T18:22:20","slug":"projecte-educatiu","status":"publish","type":"page","link":"https:\/\/agora.xtec.cat\/ceiplorca\/projecte-educatiu\/","title":{"rendered":"Projecte Educatiu de Centre (PEC)"},"content":{"rendered":"<p data-start=\"357\" data-end=\"585\">El <a href=\"https:\/\/agora.xtec.cat\/ceiplorca\/wp-content\/uploads\/usu1186\/2025\/09\/PEC-Projecte-Educatiu-de-Centre-1.pdf\">Projecte Educatiu de Centre <\/a> (PEC) \u00e9s el document que recull l\u2019ess\u00e8ncia del nostre projecte pedag\u00f2gic: qui som, qu\u00e8 volem aconseguir i com organitzem la nostra tasca educativa.<\/p>\n<p data-start=\"587\" data-end=\"846\">\u00c9s una eina clau que defineix els <strong data-start=\"621\" data-end=\"631\">valors<\/strong>, els <strong data-start=\"637\" data-end=\"650\">objectius<\/strong> i les <strong data-start=\"657\" data-end=\"682\">prioritats d\u2019actuaci\u00f3<\/strong> del centre, tot tenint en compte la nostra realitat i el context socioecon\u00f2mic i cultural dels infants i fam\u00edlies que formen part de la nostra comunitat educativa.<\/p>\n<p data-start=\"848\" data-end=\"1068\">En el PEC s\u2019hi recullen els principals <strong data-start=\"887\" data-end=\"908\">trets d\u2019identitat<\/strong> del centre, la nostra <strong data-start=\"931\" data-end=\"955\">organitzaci\u00f3 interna<\/strong>, els <strong data-start=\"961\" data-end=\"985\">principis pedag\u00f2gics<\/strong> que guien la nostra pr\u00e0ctica di\u00e0ria i el <strong data-start=\"1027\" data-end=\"1050\">projecte ling\u00fc\u00edstic<\/strong> que desenvolupem.<\/p>\n<p data-start=\"1070\" data-end=\"1098\">Aquest document serveix per:<\/p>\n<ul data-start=\"1099\" data-end=\"1460\">\n<li data-start=\"1099\" data-end=\"1140\">\n<p data-start=\"1101\" data-end=\"1140\">Orientar la nostra activitat educativa.<a href=\"https:\/\/agora.xtec.cat\/ceiplorca\/wp-content\/uploads\/usu1186\/2025\/09\/67b628b4-5fb9-4ef2-867b-add1430de62e.jpg\"><img loading=\"lazy\" decoding=\"async\" class=\"wp-image-2705 alignright\" src=\"https:\/\/agora.xtec.cat\/ceiplorca\/wp-content\/uploads\/usu1186\/2025\/09\/67b628b4-5fb9-4ef2-867b-add1430de62e-768x1024.jpg\" alt=\"\" width=\"376\" height=\"501\" srcset=\"https:\/\/agora.xtec.cat\/ceiplorca\/wp-content\/uploads\/usu1186\/2025\/09\/67b628b4-5fb9-4ef2-867b-add1430de62e-768x1024.jpg 768w, https:\/\/agora.xtec.cat\/ceiplorca\/wp-content\/uploads\/usu1186\/2025\/09\/67b628b4-5fb9-4ef2-867b-add1430de62e-225x300.jpg 225w, https:\/\/agora.xtec.cat\/ceiplorca\/wp-content\/uploads\/usu1186\/2025\/09\/67b628b4-5fb9-4ef2-867b-add1430de62e-1152x1536.jpg 1152w, https:\/\/agora.xtec.cat\/ceiplorca\/wp-content\/uploads\/usu1186\/2025\/09\/67b628b4-5fb9-4ef2-867b-add1430de62e.jpg 1536w\" sizes=\"auto, (max-width: 376px) 100vw, 376px\" \/><\/a><\/p>\n<\/li>\n<li data-start=\"1141\" data-end=\"1201\">\n<p data-start=\"1143\" data-end=\"1201\">Concretar els <strong data-start=\"1157\" data-end=\"1172\">curr\u00edculums<\/strong> que s\u2019imparteixen al centre.<\/p>\n<\/li>\n<li data-start=\"1202\" data-end=\"1267\">\n<p data-start=\"1204\" data-end=\"1267\">Incloure el <strong data-start=\"1216\" data-end=\"1242\">tractament transversal<\/strong> de l\u2019educaci\u00f3 en valors.<\/p>\n<\/li>\n<li data-start=\"1268\" data-end=\"1347\">\n<p data-start=\"1270\" data-end=\"1347\">Acompanyar les fam\u00edlies en el proc\u00e9s d\u2019aprenentatge dels seus fills i filles.<\/p>\n<\/li>\n<li data-start=\"1348\" data-end=\"1460\">\n<p data-start=\"1350\" data-end=\"1460\">Garantir que l\u2019alumnat assoleixi les <strong data-start=\"1387\" data-end=\"1412\">compet\u00e8ncies b\u00e0siques<\/strong> per al seu desenvolupament personal i acad\u00e8mic.<\/p>\n<\/li>\n<\/ul>\n<p data-start=\"1462\" data-end=\"1822\">L\u2019elaboraci\u00f3 del PEC \u00e9s el resultat d\u2019un <strong data-start=\"1503\" data-end=\"1538\">treball col\u00b7lectiu del claustre<\/strong>, impulsat per l\u2019equip directiu, que posa per escrit tot all\u00f2 que ja forma part de la nostra pr\u00e0ctica educativa quotidiana. \u00c9s, per tant, un document viu, que revisem i actualitzem per continuar millorant com a escola p\u00fablica oberta, inclusiva i compromesa amb l\u2019educaci\u00f3 de qualitat.<\/p>\n<p data-start=\"1462\" data-end=\"1822\">\ud83d\udd3d <strong data-start=\"338\" data-end=\"395\">Descarrega el document complet en PDF fent clic aqu\u00ed: <a href=\"https:\/\/agora.xtec.cat\/ceiplorca\/wp-content\/uploads\/usu1186\/2025\/09\/PEC-Projecte-Educatiu-de-Centre-1.pdf\">PEC-Projecte-Educatiu-de-Centre <\/a><\/strong><\/p>\n","protected":false},"excerpt":{"rendered":"<p>El Projecte Educatiu de Centre (PEC) \u00e9s el document que recull l\u2019ess\u00e8ncia del nostre projecte pedag\u00f2gic: qui som, qu\u00e8 volem aconseguir i com organitzem la nostra tasca educativa. \u00c9s una eina clau que defineix els valors, els objectius i les prioritats d\u2019actuaci\u00f3 del centre, tot tenint en compte la nostra realitat i el context socioecon\u00f2mic [&hellip;]<\/p>\n","protected":false},"author":1,"featured_media":0,"parent":0,"menu_order":0,"comment_status":"closed","ping_status":"closed","template":"page-templates\/side-menu.php","meta":{"_bbp_topic_count":0,"_bbp_reply_count":0,"_bbp_total_topic_count":0,"_bbp_total_reply_count":0,"_bbp_voice_count":0,"_bbp_anonymous_reply_count":0,"_bbp_topic_count_hidden":0,"_bbp_reply_count_hidden":0,"_bbp_forum_subforum_count":0,"site-sidebar-layout":"default","site-content-layout":"","ast-site-content-layout":"","site-content-style":"default","site-sidebar-style":"default","ast-global-header-display":"","ast-banner-title-visibility":"","ast-main-header-display":"","ast-hfb-above-header-display":"","ast-hfb-below-header-display":"","ast-hfb-mobile-header-display":"","site-post-title":"","ast-breadcrumbs-content":"","ast-featured-img":"","footer-sml-layout":"","theme-transparent-header-meta":"","adv-header-id-meta":"","stick-header-meta":"","header-above-stick-meta":"","header-main-stick-meta":"","header-below-stick-meta":"","astra-migrate-meta-layouts":"default","ast-page-background-enabled":"default","ast-page-background-meta":{"desktop":{"background-color":"var(--ast-global-color-4)","background-image":"","background-repeat":"repeat","background-position":"center center","background-size":"auto","background-attachment":"scroll","background-type":"","background-media":"","overlay-type":"","overlay-color":"","overlay-opacity":"","overlay-gradient":""},"tablet":{"background-color":"","background-image":"","background-repeat":"repeat","background-position":"center center","background-size":"auto","background-attachment":"scroll","background-type":"","background-media":"","overlay-type":"","overlay-color":"","overlay-opacity":"","overlay-gradient":""},"mobile":{"background-color":"","background-image":"","background-repeat":"repeat","background-position":"center center","background-size":"auto","background-attachment":"scroll","background-type":"","background-media":"","overlay-type":"","overlay-color":"","overlay-opacity":"","overlay-gradient":""}},"ast-content-background-meta":{"desktop":{"background-color":"var(--ast-global-color-5)","background-image":"","background-repeat":"repeat","background-position":"center center","background-size":"auto","background-attachment":"scroll","background-type":"","background-media":"","overlay-type":"","overlay-color":"","overlay-opacity":"","overlay-gradient":""},"tablet":{"background-color":"var(--ast-global-color-5)","background-image":"","background-repeat":"repeat","background-position":"center center","background-size":"auto","background-attachment":"scroll","background-type":"","background-media":"","overlay-type":"","overlay-color":"","overlay-opacity":"","overlay-gradient":""},"mobile":{"background-color":"var(--ast-global-color-5)","background-image":"","background-repeat":"repeat","background-position":"center center","background-size":"auto","background-attachment":"scroll","background-type":"","background-media":"","overlay-type":"","overlay-color":"","overlay-opacity":"","overlay-gradient":""}},"footnotes":""},"class_list":["post-64","page","type-page","status-publish","hentry"],"post_mailing_queue_ids":[],"_links":{"self":[{"href":"https:\/\/agora.xtec.cat\/ceiplorca\/wp-json\/wp\/v2\/pages\/64","targetHints":{"allow":["GET"]}}],"collection":[{"href":"https:\/\/agora.xtec.cat\/ceiplorca\/wp-json\/wp\/v2\/pages"}],"about":[{"href":"https:\/\/agora.xtec.cat\/ceiplorca\/wp-json\/wp\/v2\/types\/page"}],"author":[{"embeddable":true,"href":"https:\/\/agora.xtec.cat\/ceiplorca\/wp-json\/wp\/v2\/users\/1"}],"replies":[{"embeddable":true,"href":"https:\/\/agora.xtec.cat\/ceiplorca\/wp-json\/wp\/v2\/comments?post=64"}],"version-history":[{"count":6,"href":"https:\/\/agora.xtec.cat\/ceiplorca\/wp-json\/wp\/v2\/pages\/64\/revisions"}],"predecessor-version":[{"id":2706,"href":"https:\/\/agora.xtec.cat\/ceiplorca\/wp-json\/wp\/v2\/pages\/64\/revisions\/2706"}],"wp:attachment":[{"href":"https:\/\/agora.xtec.cat\/ceiplorca\/wp-json\/wp\/v2\/media?parent=64"}],"curies":[{"name":"wp","href":"https:\/\/api.w.org\/{rel}","templated":true}]}}