{"id":32,"date":"2014-09-18T12:31:33","date_gmt":"2014-09-18T11:31:33","guid":{"rendered":"http:\/\/agora.xtec.cat\/ceiplorca\/?page_id=32"},"modified":"2025-09-21T18:25:32","modified_gmt":"2025-09-21T16:25:32","slug":"calendari-del-curs","status":"publish","type":"page","link":"https:\/\/agora.xtec.cat\/ceiplorca\/lescola\/calendari-del-curs\/","title":{"rendered":"Calendari del curs"},"content":{"rendered":"<p><strong>CALENDARI ESCOLAR 2025-26<\/strong><\/p>\n<p>El curs escolar comen\u00e7a el <strong>8 de setembre i finalitza el 19 de juny<\/strong>.<\/p>\n<p>Durant el curs escolar 2025-26 s\u00f3n dies festius regulats pel Departament d&#8217;Educaci\u00f3 de la Generalitat de Catalunya:<br \/>\nDel 20 de desembre al 7 de gener, ambd\u00f3s inclosos.<br \/>\nDel 28 de mar\u00e7 al 6 d&#8217;abril, ambd\u00f3s inclosos.<\/p>\n<p>L&#8217;horari lectiu per a l&#8217;alumnat durant tot el curs \u00e9s<br \/>\nde 9h a 12:30h i de 15h a 16:30h.<\/p>\n<p>Hi haur\u00e0 jornada intensiva en horari de 9h a 13:00h:<br \/>\nEl dia 19 de desembre de 2025<br \/>\nDel 8 al 19 de juny de 2026<\/p>\n<p>Tamb\u00e9 hi ha dies festius i dies de lliure disposici\u00f3, que s\u00f3n:<br \/>\nEl dijous 11 de setembre de 2025<br \/>\nEl divendres 31 d\u2019octubre de 2025<br \/>\nEl divendres 5 i el dilluns 8 de desembre de 2025<br \/>\nEl dijous 22 de gener de 2026<br \/>\nEl dilluns 16 de febrer de 2026<br \/>\nEl divendres 1 i el dilluns 4 de maig de 2026<br \/>\nEl dilluns 25 de maig de 2026<\/p>\n<p><a href=\"https:\/\/agora.xtec.cat\/ceiplorca\/wp-content\/uploads\/usu1186\/2025\/09\/Calendari-escolar-25-26-Escola-Federico-Garcia-Lorca-1.pdf\">Calendari escolar 25-26 Escola Federico Garc\u00eda Lorca<\/a><\/p>\n<p><a href=\"https:\/\/agora.xtec.cat\/ceiplorca\/wp-content\/uploads\/usu1186\/2025\/09\/Imatge2calendari.png\"><img loading=\"lazy\" decoding=\"async\" class=\"wp-image-2559 aligncenter\" src=\"https:\/\/agora.xtec.cat\/ceiplorca\/wp-content\/uploads\/usu1186\/2025\/09\/Imatge2calendari.png\" alt=\"\" width=\"209\" height=\"304\" \/><\/a><\/p>\n","protected":false},"excerpt":{"rendered":"<p>CALENDARI ESCOLAR 2025-26 El curs escolar comen\u00e7a el 8 de setembre i finalitza el 19 de juny. Durant el curs escolar 2025-26 s\u00f3n dies festius regulats pel Departament d&#8217;Educaci\u00f3 de la Generalitat de Catalunya: Del 20 de desembre al 7 de gener, ambd\u00f3s inclosos. Del 28 de mar\u00e7 al 6 d&#8217;abril, ambd\u00f3s inclosos. L&#8217;horari lectiu [&hellip;]<\/p>\n","protected":false},"author":1,"featured_media":0,"parent":22,"menu_order":3,"comment_status":"closed","ping_status":"closed","template":"page-templates\/side-menu.php","meta":{"_bbp_topic_count":0,"_bbp_reply_count":0,"_bbp_total_topic_count":0,"_bbp_total_reply_count":0,"_bbp_voice_count":0,"_bbp_anonymous_reply_count":0,"_bbp_topic_count_hidden":0,"_bbp_reply_count_hidden":0,"_bbp_forum_subforum_count":0,"site-sidebar-layout":"default","site-content-layout":"","ast-site-content-layout":"","site-content-style":"default","site-sidebar-style":"default","ast-global-header-display":"","ast-banner-title-visibility":"","ast-main-header-display":"","ast-hfb-above-header-display":"","ast-hfb-below-header-display":"","ast-hfb-mobile-header-display":"","site-post-title":"","ast-breadcrumbs-content":"","ast-featured-img":"","footer-sml-layout":"","theme-transparent-header-meta":"","adv-header-id-meta":"","stick-header-meta":"","header-above-stick-meta":"","header-main-stick-meta":"","header-below-stick-meta":"","astra-migrate-meta-layouts":"default","ast-page-background-enabled":"default","ast-page-background-meta":{"desktop":{"background-color":"var(--ast-global-color-4)","background-image":"","background-repeat":"repeat","background-position":"center center","background-size":"auto","background-attachment":"scroll","background-type":"","background-media":"","overlay-type":"","overlay-color":"","overlay-opacity":"","overlay-gradient":""},"tablet":{"background-color":"","background-image":"","background-repeat":"repeat","background-position":"center center","background-size":"auto","background-attachment":"scroll","background-type":"","background-media":"","overlay-type":"","overlay-color":"","overlay-opacity":"","overlay-gradient":""},"mobile":{"background-color":"","background-image":"","background-repeat":"repeat","background-position":"center center","background-size":"auto","background-attachment":"scroll","background-type":"","background-media":"","overlay-type":"","overlay-color":"","overlay-opacity":"","overlay-gradient":""}},"ast-content-background-meta":{"desktop":{"background-color":"var(--ast-global-color-5)","background-image":"","background-repeat":"repeat","background-position":"center center","background-size":"auto","background-attachment":"scroll","background-type":"","background-media":"","overlay-type":"","overlay-color":"","overlay-opacity":"","overlay-gradient":""},"tablet":{"background-color":"var(--ast-global-color-5)","background-image":"","background-repeat":"repeat","background-position":"center center","background-size":"auto","background-attachment":"scroll","background-type":"","background-media":"","overlay-type":"","overlay-color":"","overlay-opacity":"","overlay-gradient":""},"mobile":{"background-color":"var(--ast-global-color-5)","background-image":"","background-repeat":"repeat","background-position":"center center","background-size":"auto","background-attachment":"scroll","background-type":"","background-media":"","overlay-type":"","overlay-color":"","overlay-opacity":"","overlay-gradient":""}},"footnotes":""},"class_list":["post-32","page","type-page","status-publish","hentry"],"post_mailing_queue_ids":[],"_links":{"self":[{"href":"https:\/\/agora.xtec.cat\/ceiplorca\/wp-json\/wp\/v2\/pages\/32","targetHints":{"allow":["GET"]}}],"collection":[{"href":"https:\/\/agora.xtec.cat\/ceiplorca\/wp-json\/wp\/v2\/pages"}],"about":[{"href":"https:\/\/agora.xtec.cat\/ceiplorca\/wp-json\/wp\/v2\/types\/page"}],"author":[{"embeddable":true,"href":"https:\/\/agora.xtec.cat\/ceiplorca\/wp-json\/wp\/v2\/users\/1"}],"replies":[{"embeddable":true,"href":"https:\/\/agora.xtec.cat\/ceiplorca\/wp-json\/wp\/v2\/comments?post=32"}],"version-history":[{"count":6,"href":"https:\/\/agora.xtec.cat\/ceiplorca\/wp-json\/wp\/v2\/pages\/32\/revisions"}],"predecessor-version":[{"id":2645,"href":"https:\/\/agora.xtec.cat\/ceiplorca\/wp-json\/wp\/v2\/pages\/32\/revisions\/2645"}],"up":[{"embeddable":true,"href":"https:\/\/agora.xtec.cat\/ceiplorca\/wp-json\/wp\/v2\/pages\/22"}],"wp:attachment":[{"href":"https:\/\/agora.xtec.cat\/ceiplorca\/wp-json\/wp\/v2\/media?parent=32"}],"curies":[{"name":"wp","href":"https:\/\/api.w.org\/{rel}","templated":true}]}}