{"id":3057,"date":"2025-12-22T16:22:43","date_gmt":"2025-12-22T15:22:43","guid":{"rendered":"https:\/\/agora.xtec.cat\/ceiplorca\/?page_id=3057"},"modified":"2025-12-22T16:43:30","modified_gmt":"2025-12-22T15:43:30","slug":"estrategia-digital-de-centre","status":"publish","type":"page","link":"https:\/\/agora.xtec.cat\/ceiplorca\/projecte-educatiu\/estrategia-digital-de-centre\/","title":{"rendered":"Estrat\u00e8gia Digital de Centre"},"content":{"rendered":"<p>L\u2019Estrat\u00e8gia Digital de Centre defineix les l\u00ednies d\u2019actuaci\u00f3 que orienten l\u2019\u00fas pedag\u00f2gic de les tecnologies digitals a l\u2019escola. A trav\u00e9s d&#8217;aquest, l\u2019escola promou un \u00fas responsable, cr\u00edtic i educatiu de les tecnologies digitals, integrant-les de manera coherent en els processos d\u2019ensenyament i aprenentatge.<\/p>\n<p>Des d\u2019Educaci\u00f3 Infantil es treballen la programaci\u00f3 i la rob\u00f2tica com a eines d\u2019aprenentatge, fomentant el pensament l\u00f2gic i computacional. L\u2019\u00fas dels dispositius digitals t\u00e9 sempre una finalitat educativa i est\u00e0 al servei de l\u2019aprenentatge, el pensament cr\u00edtic i la compet\u00e8ncia digital de l\u2019alumnat.<\/p>\n<p>Podeu consultar el document complet aqu\u00ed:\u00a0<a href=\"https:\/\/sites.google.com\/xtec.cat\/edcgarcialorca\/p%C3%A0gina-principal?authuser=0\">Estrat\u00e8gia Digital de Centre<\/a><\/p>\n<p><a href=\"https:\/\/agora.xtec.cat\/ceiplorca\/wp-content\/uploads\/usu1186\/2025\/10\/WhatsApp-Image-2025-10-16-at-14.01.43.jpeg\"><img loading=\"lazy\" decoding=\"async\" class=\"alignnone size-large wp-image-2771\" src=\"https:\/\/agora.xtec.cat\/ceiplorca\/wp-content\/uploads\/usu1186\/2025\/10\/WhatsApp-Image-2025-10-16-at-14.01.43-1024x768.jpeg\" alt=\"\" width=\"1024\" height=\"768\" srcset=\"https:\/\/agora.xtec.cat\/ceiplorca\/wp-content\/uploads\/usu1186\/2025\/10\/WhatsApp-Image-2025-10-16-at-14.01.43-1024x768.jpeg 1024w, https:\/\/agora.xtec.cat\/ceiplorca\/wp-content\/uploads\/usu1186\/2025\/10\/WhatsApp-Image-2025-10-16-at-14.01.43-300x225.jpeg 300w, https:\/\/agora.xtec.cat\/ceiplorca\/wp-content\/uploads\/usu1186\/2025\/10\/WhatsApp-Image-2025-10-16-at-14.01.43-768x576.jpeg 768w, https:\/\/agora.xtec.cat\/ceiplorca\/wp-content\/uploads\/usu1186\/2025\/10\/WhatsApp-Image-2025-10-16-at-14.01.43-1536x1152.jpeg 1536w, https:\/\/agora.xtec.cat\/ceiplorca\/wp-content\/uploads\/usu1186\/2025\/10\/WhatsApp-Image-2025-10-16-at-14.01.43-200x150.jpeg 200w, https:\/\/agora.xtec.cat\/ceiplorca\/wp-content\/uploads\/usu1186\/2025\/10\/WhatsApp-Image-2025-10-16-at-14.01.43.jpeg 1600w\" sizes=\"auto, (max-width: 1024px) 100vw, 1024px\" \/><\/a><\/p>\n","protected":false},"excerpt":{"rendered":"<p>L\u2019Estrat\u00e8gia Digital de Centre defineix les l\u00ednies d\u2019actuaci\u00f3 que orienten l\u2019\u00fas pedag\u00f2gic de les tecnologies digitals a l\u2019escola. A trav\u00e9s d&#8217;aquest, l\u2019escola promou un \u00fas responsable, cr\u00edtic i educatiu de les tecnologies digitals, integrant-les de manera coherent en els processos d\u2019ensenyament i aprenentatge. Des d\u2019Educaci\u00f3 Infantil es treballen la programaci\u00f3 i la rob\u00f2tica com a [&hellip;]<\/p>\n","protected":false},"author":1,"featured_media":0,"parent":64,"menu_order":3,"comment_status":"closed","ping_status":"closed","template":"","meta":{"_bbp_topic_count":0,"_bbp_reply_count":0,"_bbp_total_topic_count":0,"_bbp_total_reply_count":0,"_bbp_voice_count":0,"_bbp_anonymous_reply_count":0,"_bbp_topic_count_hidden":0,"_bbp_reply_count_hidden":0,"_bbp_forum_subforum_count":0,"site-sidebar-layout":"default","site-content-layout":"","ast-site-content-layout":"default","site-content-style":"default","site-sidebar-style":"default","ast-global-header-display":"","ast-banner-title-visibility":"","ast-main-header-display":"","ast-hfb-above-header-display":"","ast-hfb-below-header-display":"","ast-hfb-mobile-header-display":"","site-post-title":"","ast-breadcrumbs-content":"","ast-featured-img":"","footer-sml-layout":"","theme-transparent-header-meta":"default","adv-header-id-meta":"","stick-header-meta":"","header-above-stick-meta":"","header-main-stick-meta":"","header-below-stick-meta":"","astra-migrate-meta-layouts":"set","ast-page-background-enabled":"default","ast-page-background-meta":{"desktop":{"background-color":"var(--ast-global-color-4)","background-image":"","background-repeat":"repeat","background-position":"center center","background-size":"auto","background-attachment":"scroll","background-type":"","background-media":"","overlay-type":"","overlay-color":"","overlay-opacity":"","overlay-gradient":""},"tablet":{"background-color":"","background-image":"","background-repeat":"repeat","background-position":"center center","background-size":"auto","background-attachment":"scroll","background-type":"","background-media":"","overlay-type":"","overlay-color":"","overlay-opacity":"","overlay-gradient":""},"mobile":{"background-color":"","background-image":"","background-repeat":"repeat","background-position":"center center","background-size":"auto","background-attachment":"scroll","background-type":"","background-media":"","overlay-type":"","overlay-color":"","overlay-opacity":"","overlay-gradient":""}},"ast-content-background-meta":{"desktop":{"background-color":"var(--ast-global-color-5)","background-image":"","background-repeat":"repeat","background-position":"center center","background-size":"auto","background-attachment":"scroll","background-type":"","background-media":"","overlay-type":"","overlay-color":"","overlay-opacity":"","overlay-gradient":""},"tablet":{"background-color":"var(--ast-global-color-5)","background-image":"","background-repeat":"repeat","background-position":"center center","background-size":"auto","background-attachment":"scroll","background-type":"","background-media":"","overlay-type":"","overlay-color":"","overlay-opacity":"","overlay-gradient":""},"mobile":{"background-color":"var(--ast-global-color-5)","background-image":"","background-repeat":"repeat","background-position":"center center","background-size":"auto","background-attachment":"scroll","background-type":"","background-media":"","overlay-type":"","overlay-color":"","overlay-opacity":"","overlay-gradient":""}},"footnotes":""},"class_list":["post-3057","page","type-page","status-publish","hentry"],"post_mailing_queue_ids":[],"_links":{"self":[{"href":"https:\/\/agora.xtec.cat\/ceiplorca\/wp-json\/wp\/v2\/pages\/3057","targetHints":{"allow":["GET"]}}],"collection":[{"href":"https:\/\/agora.xtec.cat\/ceiplorca\/wp-json\/wp\/v2\/pages"}],"about":[{"href":"https:\/\/agora.xtec.cat\/ceiplorca\/wp-json\/wp\/v2\/types\/page"}],"author":[{"embeddable":true,"href":"https:\/\/agora.xtec.cat\/ceiplorca\/wp-json\/wp\/v2\/users\/1"}],"replies":[{"embeddable":true,"href":"https:\/\/agora.xtec.cat\/ceiplorca\/wp-json\/wp\/v2\/comments?post=3057"}],"version-history":[{"count":2,"href":"https:\/\/agora.xtec.cat\/ceiplorca\/wp-json\/wp\/v2\/pages\/3057\/revisions"}],"predecessor-version":[{"id":3065,"href":"https:\/\/agora.xtec.cat\/ceiplorca\/wp-json\/wp\/v2\/pages\/3057\/revisions\/3065"}],"up":[{"embeddable":true,"href":"https:\/\/agora.xtec.cat\/ceiplorca\/wp-json\/wp\/v2\/pages\/64"}],"wp:attachment":[{"href":"https:\/\/agora.xtec.cat\/ceiplorca\/wp-json\/wp\/v2\/media?parent=3057"}],"curies":[{"name":"wp","href":"https:\/\/api.w.org\/{rel}","templated":true}]}}