{"id":3052,"date":"2025-12-22T15:50:35","date_gmt":"2025-12-22T14:50:35","guid":{"rendered":"https:\/\/agora.xtec.cat\/ceiplorca\/?page_id=3052"},"modified":"2026-02-07T18:17:36","modified_gmt":"2026-02-07T17:17:36","slug":"%f0%9f%97%a3%ef%b8%8f-comuniquem","status":"publish","type":"page","link":"https:\/\/agora.xtec.cat\/ceiplorca\/%f0%9f%97%a3%ef%b8%8f-comuniquem\/","title":{"rendered":"\ud83d\udde3\ufe0f Comuniquem"},"content":{"rendered":"<div class=\"flex flex-col text-sm pb-25\">\n<article class=\"text-token-text-primary w-full focus:outline-none [--shadow-height:45px] has-data-writing-block:pointer-events-none has-data-writing-block:-mt-(--shadow-height) has-data-writing-block:pt-(--shadow-height) [&amp;:has([data-writing-block])&gt;*]:pointer-events-auto scroll-mt-[calc(var(--header-height)+min(200px,max(70px,20svh)))]\" dir=\"auto\" tabindex=\"-1\" data-turn-id=\"request-WEB:f9cad478-a30d-443e-a6ff-23382d2c87ef-3\" data-testid=\"conversation-turn-8\" data-scroll-anchor=\"true\" data-turn=\"assistant\">\n<div class=\"text-base my-auto mx-auto pb-10 [--thread-content-margin:--spacing(4)] @w-sm\/main:[--thread-content-margin:--spacing(6)] @w-lg\/main:[--thread-content-margin:--spacing(16)] px-(--thread-content-margin)\">\n<div class=\"[--thread-content-max-width:40rem] @w-lg\/main:[--thread-content-max-width:48rem] mx-auto max-w-(--thread-content-max-width) flex-1 group\/turn-messages focus-visible:outline-hidden relative flex w-full min-w-0 flex-col agent-turn\" tabindex=\"-1\">\n<div class=\"flex max-w-full flex-col grow\">\n<div class=\"min-h-8 text-message relative flex w-full flex-col items-end gap-2 text-start break-words whitespace-normal [.text-message+&amp;]:mt-1\" dir=\"auto\" data-message-author-role=\"assistant\" data-message-id=\"e194fe77-05a9-47cd-85c8-ef9a3de632f4\" data-message-model-slug=\"gpt-5-2\">\n<div class=\"flex w-full flex-col gap-1 empty:hidden first:pt-[1px]\">\n<div class=\"markdown prose dark:prose-invert w-full wrap-break-word light markdown-new-styling\">\n<p data-start=\"20\" data-end=\"241\">La comunicaci\u00f3 \u00e9s el pont que ens connecta amb els altres i amb el m\u00f3n. A la nostra escola la cuidem, la practiquem i la fem cr\u00e9ixer cada dia, perqu\u00e8 saber expressar el que pensem i sentim \u00e9s clau per aprendre i conviure.<\/p>\n<p data-start=\"243\" data-end=\"753\">Donem una gran import\u00e0ncia tant a la llengua escrita com a l\u2019oral, i per aix\u00f2 el treball<a href=\"https:\/\/agora.xtec.cat\/ceiplorca\/wp-content\/uploads\/usu1186\/2026\/02\/WhatsApp-Image-2026-01-14-at-14.19.17.jpeg\"><img loading=\"lazy\" decoding=\"async\" class=\" wp-image-3342 alignright\" src=\"https:\/\/agora.xtec.cat\/ceiplorca\/wp-content\/uploads\/usu1186\/2026\/02\/WhatsApp-Image-2026-01-14-at-14.19.17-1024x768.jpeg\" alt=\"\" width=\"301\" height=\"226\" srcset=\"https:\/\/agora.xtec.cat\/ceiplorca\/wp-content\/uploads\/usu1186\/2026\/02\/WhatsApp-Image-2026-01-14-at-14.19.17-1024x768.jpeg 1024w, https:\/\/agora.xtec.cat\/ceiplorca\/wp-content\/uploads\/usu1186\/2026\/02\/WhatsApp-Image-2026-01-14-at-14.19.17-300x225.jpeg 300w, https:\/\/agora.xtec.cat\/ceiplorca\/wp-content\/uploads\/usu1186\/2026\/02\/WhatsApp-Image-2026-01-14-at-14.19.17-768x576.jpeg 768w, https:\/\/agora.xtec.cat\/ceiplorca\/wp-content\/uploads\/usu1186\/2026\/02\/WhatsApp-Image-2026-01-14-at-14.19.17-1536x1152.jpeg 1536w, https:\/\/agora.xtec.cat\/ceiplorca\/wp-content\/uploads\/usu1186\/2026\/02\/WhatsApp-Image-2026-01-14-at-14.19.17.jpeg 1600w\" sizes=\"auto, (max-width: 301px) 100vw, 301px\" \/><\/a> de les lleng\u00fces es desplega a trav\u00e9s de propostes diverses, vivencials i significatives. Els infants fan r\u00e0dio, preparen i realitzen entrevistes, participen en jocs de taula i jocs orals, i aprenen en racons de llengua que conviden a experimentar amb les paraules. Mitjan\u00e7ant l\u2019<strong data-start=\"610\" data-end=\"621\">enrolat<\/strong>, practiquen di\u00e0legs propis de la vida quotidiana que els ajuden a guanyar seguretat, flu\u00efdesa i confian\u00e7a a l\u2019hora de comunicar-se.<\/p>\n<p data-start=\"755\" data-end=\"1197\">El gust per la lectura tamb\u00e9 \u00e9s un pilar fonamental del nostre projecte. Seguim el pla lector de centre amb activitats que converteixen els llibres en companys de viatge: lectura en parella, lectura en veu alta per part de l\u2019adult \u2014que crea moments compartits plens de m\u00e0gia\u2014 i el llibre viatger, que porta les hist\u00f2ries m\u00e9s enll\u00e0 de l\u2019aula. A m\u00e9s, participem en el programa <strong data-start=\"1130\" data-end=\"1147\">Atrapallibres<\/strong>, fomentant l\u2019esperit cr\u00edtic i el plaer de llegir.<\/p>\n<p data-start=\"755\" data-end=\"1197\"><a href=\"https:\/\/agora.xtec.cat\/ceiplorca\/wp-content\/uploads\/usu1186\/2026\/02\/WhatsApp-Image-2026-01-15-at-09.54.44-2.jpeg\"><img loading=\"lazy\" decoding=\"async\" class=\"alignnone size-large wp-image-3347\" src=\"https:\/\/agora.xtec.cat\/ceiplorca\/wp-content\/uploads\/usu1186\/2026\/02\/WhatsApp-Image-2026-01-15-at-09.54.44-2-1024x768.jpeg\" alt=\"\" width=\"1024\" height=\"768\" srcset=\"https:\/\/agora.xtec.cat\/ceiplorca\/wp-content\/uploads\/usu1186\/2026\/02\/WhatsApp-Image-2026-01-15-at-09.54.44-2-1024x768.jpeg 1024w, https:\/\/agora.xtec.cat\/ceiplorca\/wp-content\/uploads\/usu1186\/2026\/02\/WhatsApp-Image-2026-01-15-at-09.54.44-2-300x225.jpeg 300w, https:\/\/agora.xtec.cat\/ceiplorca\/wp-content\/uploads\/usu1186\/2026\/02\/WhatsApp-Image-2026-01-15-at-09.54.44-2-768x576.jpeg 768w, https:\/\/agora.xtec.cat\/ceiplorca\/wp-content\/uploads\/usu1186\/2026\/02\/WhatsApp-Image-2026-01-15-at-09.54.44-2-1536x1152.jpeg 1536w, https:\/\/agora.xtec.cat\/ceiplorca\/wp-content\/uploads\/usu1186\/2026\/02\/WhatsApp-Image-2026-01-15-at-09.54.44-2.jpeg 1600w\" sizes=\"auto, (max-width: 1024px) 100vw, 1024px\" \/><\/a><\/p>\n<p data-start=\"1199\" data-end=\"1489\">El catal\u00e0 \u00e9s la nostra llengua vehicular i, com a tal, la potenciem especialment, entenent-la com una eina de cohesi\u00f3, d\u2019identitat i d\u2019oportunitats. Vetllem perqu\u00e8 els infants la visquin amb naturalitat, la facin seva i la utilitzin per relacionar-se, aprendre i expressar-se amb llibertat.<\/p>\n<p data-start=\"1491\" data-end=\"1592\">Perqu\u00e8 comunicar no \u00e9s nom\u00e9s parlar o escriure: \u00e9s escoltar, comprendre, emocionar i deixar empremta.<\/p>\n<p data-start=\"1594\" data-end=\"1687\" data-is-last-node=\"\" data-is-only-node=\"\">A l&#8217;escola\u00a0donem veu a infants segurs, curiosos i capa\u00e7os d\u2019explicar el seu propi m\u00f3n.<\/p>\n<\/div>\n<\/div>\n<\/div>\n<\/div>\n<div class=\"z-0 flex min-h-[46px] justify-start\"><\/div>\n<div class=\"mt-3 w-full empty:hidden\">\n<div class=\"text-center\"><\/div>\n<\/div>\n<\/div>\n<\/div>\n<\/article>\n<\/div>\n<div class=\"pointer-events-none h-px w-px absolute bottom-0\" aria-hidden=\"true\" data-edge=\"true\"><\/div>\n","protected":false},"excerpt":{"rendered":"<p>La comunicaci\u00f3 \u00e9s el pont que ens connecta amb els altres i amb el m\u00f3n. A la nostra escola la cuidem, la practiquem i la fem cr\u00e9ixer cada dia, perqu\u00e8 saber expressar el que pensem i sentim \u00e9s clau per aprendre i conviure. Donem una gran import\u00e0ncia tant a la llengua escrita com a l\u2019oral, [&hellip;]<\/p>\n","protected":false},"author":1,"featured_media":0,"parent":0,"menu_order":0,"comment_status":"closed","ping_status":"closed","template":"","meta":{"_bbp_topic_count":0,"_bbp_reply_count":0,"_bbp_total_topic_count":0,"_bbp_total_reply_count":0,"_bbp_voice_count":0,"_bbp_anonymous_reply_count":0,"_bbp_topic_count_hidden":0,"_bbp_reply_count_hidden":0,"_bbp_forum_subforum_count":0,"site-sidebar-layout":"default","site-content-layout":"","ast-site-content-layout":"default","site-content-style":"default","site-sidebar-style":"default","ast-global-header-display":"","ast-banner-title-visibility":"","ast-main-header-display":"","ast-hfb-above-header-display":"","ast-hfb-below-header-display":"","ast-hfb-mobile-header-display":"","site-post-title":"","ast-breadcrumbs-content":"","ast-featured-img":"","footer-sml-layout":"","theme-transparent-header-meta":"default","adv-header-id-meta":"","stick-header-meta":"","header-above-stick-meta":"","header-main-stick-meta":"","header-below-stick-meta":"","astra-migrate-meta-layouts":"set","ast-page-background-enabled":"default","ast-page-background-meta":{"desktop":{"background-color":"var(--ast-global-color-4)","background-image":"","background-repeat":"repeat","background-position":"center center","background-size":"auto","background-attachment":"scroll","background-type":"","background-media":"","overlay-type":"","overlay-color":"","overlay-opacity":"","overlay-gradient":""},"tablet":{"background-color":"","background-image":"","background-repeat":"repeat","background-position":"center center","background-size":"auto","background-attachment":"scroll","background-type":"","background-media":"","overlay-type":"","overlay-color":"","overlay-opacity":"","overlay-gradient":""},"mobile":{"background-color":"","background-image":"","background-repeat":"repeat","background-position":"center center","background-size":"auto","background-attachment":"scroll","background-type":"","background-media":"","overlay-type":"","overlay-color":"","overlay-opacity":"","overlay-gradient":""}},"ast-content-background-meta":{"desktop":{"background-color":"var(--ast-global-color-5)","background-image":"","background-repeat":"repeat","background-position":"center center","background-size":"auto","background-attachment":"scroll","background-type":"","background-media":"","overlay-type":"","overlay-color":"","overlay-opacity":"","overlay-gradient":""},"tablet":{"background-color":"var(--ast-global-color-5)","background-image":"","background-repeat":"repeat","background-position":"center center","background-size":"auto","background-attachment":"scroll","background-type":"","background-media":"","overlay-type":"","overlay-color":"","overlay-opacity":"","overlay-gradient":""},"mobile":{"background-color":"var(--ast-global-color-5)","background-image":"","background-repeat":"repeat","background-position":"center center","background-size":"auto","background-attachment":"scroll","background-type":"","background-media":"","overlay-type":"","overlay-color":"","overlay-opacity":"","overlay-gradient":""}},"footnotes":""},"class_list":["post-3052","page","type-page","status-publish","hentry"],"post_mailing_queue_ids":[],"_links":{"self":[{"href":"https:\/\/agora.xtec.cat\/ceiplorca\/wp-json\/wp\/v2\/pages\/3052","targetHints":{"allow":["GET"]}}],"collection":[{"href":"https:\/\/agora.xtec.cat\/ceiplorca\/wp-json\/wp\/v2\/pages"}],"about":[{"href":"https:\/\/agora.xtec.cat\/ceiplorca\/wp-json\/wp\/v2\/types\/page"}],"author":[{"embeddable":true,"href":"https:\/\/agora.xtec.cat\/ceiplorca\/wp-json\/wp\/v2\/users\/1"}],"replies":[{"embeddable":true,"href":"https:\/\/agora.xtec.cat\/ceiplorca\/wp-json\/wp\/v2\/comments?post=3052"}],"version-history":[{"count":5,"href":"https:\/\/agora.xtec.cat\/ceiplorca\/wp-json\/wp\/v2\/pages\/3052\/revisions"}],"predecessor-version":[{"id":3348,"href":"https:\/\/agora.xtec.cat\/ceiplorca\/wp-json\/wp\/v2\/pages\/3052\/revisions\/3348"}],"wp:attachment":[{"href":"https:\/\/agora.xtec.cat\/ceiplorca\/wp-json\/wp\/v2\/media?parent=3052"}],"curies":[{"name":"wp","href":"https:\/\/api.w.org\/{rel}","templated":true}]}}