{"id":28,"date":"2014-09-18T12:29:35","date_gmt":"2014-09-18T11:29:35","guid":{"rendered":"http:\/\/agora.xtec.cat\/ceiplorca\/?page_id=28"},"modified":"2025-10-14T07:55:16","modified_gmt":"2025-10-14T05:55:16","slug":"consell-escolar","status":"publish","type":"page","link":"https:\/\/agora.xtec.cat\/ceiplorca\/lescola\/qui-som\/consell-escolar\/","title":{"rendered":"Consell escolar"},"content":{"rendered":"<div class=\"entry-content\">\n<h3><img loading=\"lazy\" decoding=\"async\" class=\"size-full wp-image-687 alignright\" src=\"https:\/\/agora.xtec.cat\/ceiprocafonda\/wp-content\/uploads\/usu416\/2020\/03\/consell-escolar.png\" alt=\"\" width=\"184\" height=\"144\" \/><b><\/b><\/h3>\n<p>&nbsp;<\/p>\n<ul>\n<li><b>Qu\u00e8 \u00e9s el consell escolar?<\/b><\/li>\n<\/ul>\n<p>El consell escolar \u00e9s l\u2019\u00f2rgan de participaci\u00f3 dels diferents sectors de la comunitat educativa en el govern dels centres,\u00a0 la programaci\u00f3, seguiment i avaluaci\u00f3 general de les activitats de l\u2019escola.<\/p>\n<p>&nbsp;<\/p>\n<ul>\n<li><b>Qui forma el consell escolar?<\/b><\/li>\n<\/ul>\n<p>El formen els representants de tota la comunitat educativa, \u00e9s a dir, direcci\u00f3, professors, fam\u00edlies, personal d\u2019administraci\u00f3 i serveis, representant de l\u2019administraci\u00f3 local i altres persones que el mateix consell consideri necess\u00e0ries.<\/p>\n<p>&nbsp;<\/p>\n<ul>\n<li><b>Quina \u00e9s la funci\u00f3 del consell escolar?<\/b><\/li>\n<\/ul>\n<p>La funci\u00f3 principal del consell escolar \u00e9s la de debatre i participar en la presa de decisions en relaci\u00f3 amb aquells temes importants per al funcionament i l\u2019organitzaci\u00f3 del centre: el projecte educatiu, la programaci\u00f3 general i la mem\u00f2ria anuals de centre, la carta de comprom\u00eds, les normes d\u2019organitzaci\u00f3 i funcionament, la gesti\u00f3 econ\u00f2mica, etc.<\/p>\n<p>&nbsp;<\/p>\n<ul>\n<li><b>Composici\u00f3:<\/b><\/li>\n<\/ul>\n<table>\n<tbody>\n<tr>\n<td><b>\u00a0Directora del Centre que actua com a presidenta<\/b><\/td>\n<td>Roser Maj\u00f3 Ayguavives<\/td>\n<\/tr>\n<tr>\n<td><b>\u00a0Representants de mestres elegits pel Claustre<\/b><\/td>\n<td>Carol L\u00f3pez Rodr\u00edguez<br \/>\nSusana Pi\u00f1atel Robles<br \/>\nJero Romero Bonet<\/td>\n<\/tr>\n<tr>\n<td><b>\u00a0Representants sector fam\u00edlies dels alumnes<\/b><\/td>\n<td>Estefania L\u00f3pez Terreros<br \/>\nDebora Naranjo Jim\u00e9nez<\/td>\n<\/tr>\n<tr>\n<td><b>\u00a0Representant del PAS<\/b><\/td>\n<td>Zulema Benito P\u00e9rez<\/td>\n<\/tr>\n<tr>\n<td><b>\u00a0Representant de l\u2019AFA<\/b><\/td>\n<td>Ma Angeles Rodr\u00edguez Montiel<\/td>\n<\/tr>\n<tr>\n<td><b>\u00a0Representant de l\u2019Ajuntament<\/b><\/td>\n<td>Laura Carrillo Gracia<\/td>\n<\/tr>\n<tr>\n<td><strong>Secret\u00e0ria<\/strong><\/td>\n<td>Eli Lafarga Fern\u00e1ndez<\/td>\n<\/tr>\n<\/tbody>\n<\/table>\n<p>&nbsp;<\/p>\n<ul>\n<li><b>Per qu\u00e8 \u00e9s important que les fam\u00edlies participin en el consell escolar?\u00a0<\/b><\/li>\n<\/ul>\n<p>Els professionals dels centres i les fam\u00edlies compartim un objectiu: l\u2019\u00e8xit educatiu dels fills. Les decisions que es prenen al consell escolar s\u00f3n decisives per al funcionament i la millora del centre i, per tant, tamb\u00e9 per a l\u2019\u00e8xit educatiu de tots els alumnes. \u00c9s per aquest motiu que la participaci\u00f3 i implicaci\u00f3 de les fam\u00edlies en el consell escolar \u00e9s tan important.<\/p>\n<p>&nbsp;<\/p>\n<ul>\n<li><b>Qu\u00e8 vol dir ser representant dels pares i mares al consell escolar?\u00a0<\/b><\/li>\n<\/ul>\n<p>Els consells escolars de centre permeten la participaci\u00f3 de les fam\u00edlies en el govern dels centres.<\/p>\n<p>Les mares i pares representants al consell opinen, aproven, avaluen i elaboren propostes per a la millora del funcionament del centre educatiu.<\/p>\n<p>La seva participaci\u00f3 en el consell escolar vol dir, tamb\u00e9, fer una tasca de representaci\u00f3. Aix\u00f2 significa que, com a membres del consell, la seva participaci\u00f3 no \u00e9s a t\u00edtol individual sin\u00f3 en representaci\u00f3 de totes les fam\u00edlies, donant veu a les seves peticions, preocupacions i iniciatives.<\/p>\n<p>Per aquest motiu han d\u2019informar la resta de mares i pares o tutors legals sobre tots els assumptes que es tracten en el consell, per\u00f2 tamb\u00e9 han de recollir les propostes i opinions de la resta de fam\u00edlies i portar-les al consell escolar.<\/p>\n<ul>\n<li><b>Acords del consell escolar<\/b><\/li>\n<\/ul>\n<table style=\"width: 73.073%;\">\n<tbody>\n<tr>\n<td style=\"width: 31.3376%;\"><strong>DATA<\/strong><\/td>\n<td style=\"width: 192.156%;\"><strong>ACORDS<\/strong><\/td>\n<\/tr>\n<tr>\n<td style=\"width: 31.3376%;\"><strong>26 de gener del 2026<\/strong><\/td>\n<td style=\"width: 192.156%;\"><strong>\u00a0<\/strong><\/td>\n<\/tr>\n<tr>\n<td style=\"width: 31.3376%;\"><strong>13 d&#8217;octubre del 2025<\/strong><\/td>\n<td style=\"width: 192.156%;\">1. S\u2019aprova l\u2019acta de l\u2019anterior Consell Escolar.<br \/>\n2. S\u2019aprova la Programaci\u00f3 General Anual.<br \/>\n3. S\u2019aproven les sortides i les col\u00f2nies.<\/td>\n<\/tr>\n<\/tbody>\n<\/table>\n<p>&nbsp;<\/p>\n<\/div>\n<p>Podeu contactar amb l&#8217;AFA a trav\u00e9s d&#8217;aquest correu electr\u00f2nic.<\/p>\n<p><a href=\"mailto:ampagarcialorcamollet@gmail.com\" target=\"_blank\" rel=\"noopener\">ampagarcialorcamollet@gmail.<wbr \/>com<\/a><\/p>\n","protected":false},"excerpt":{"rendered":"<p>&nbsp; Qu\u00e8 \u00e9s el consell escolar? El consell escolar \u00e9s l\u2019\u00f2rgan de participaci\u00f3 dels diferents sectors de la comunitat educativa en el govern dels centres,\u00a0 la programaci\u00f3, seguiment i avaluaci\u00f3 general de les activitats de l\u2019escola. &nbsp; Qui forma el consell escolar? El formen els representants de tota la comunitat educativa, \u00e9s a dir, direcci\u00f3, [&hellip;]<\/p>\n","protected":false},"author":1,"featured_media":0,"parent":2534,"menu_order":30,"comment_status":"closed","ping_status":"closed","template":"page-templates\/side-menu.php","meta":{"_bbp_topic_count":0,"_bbp_reply_count":0,"_bbp_total_topic_count":0,"_bbp_total_reply_count":0,"_bbp_voice_count":0,"_bbp_anonymous_reply_count":0,"_bbp_topic_count_hidden":0,"_bbp_reply_count_hidden":0,"_bbp_forum_subforum_count":0,"site-sidebar-layout":"default","site-content-layout":"","ast-site-content-layout":"","site-content-style":"default","site-sidebar-style":"default","ast-global-header-display":"","ast-banner-title-visibility":"","ast-main-header-display":"","ast-hfb-above-header-display":"","ast-hfb-below-header-display":"","ast-hfb-mobile-header-display":"","site-post-title":"","ast-breadcrumbs-content":"","ast-featured-img":"","footer-sml-layout":"","theme-transparent-header-meta":"","adv-header-id-meta":"","stick-header-meta":"","header-above-stick-meta":"","header-main-stick-meta":"","header-below-stick-meta":"","astra-migrate-meta-layouts":"default","ast-page-background-enabled":"default","ast-page-background-meta":{"desktop":{"background-color":"var(--ast-global-color-4)","background-image":"","background-repeat":"repeat","background-position":"center center","background-size":"auto","background-attachment":"scroll","background-type":"","background-media":"","overlay-type":"","overlay-color":"","overlay-opacity":"","overlay-gradient":""},"tablet":{"background-color":"","background-image":"","background-repeat":"repeat","background-position":"center center","background-size":"auto","background-attachment":"scroll","background-type":"","background-media":"","overlay-type":"","overlay-color":"","overlay-opacity":"","overlay-gradient":""},"mobile":{"background-color":"","background-image":"","background-repeat":"repeat","background-position":"center center","background-size":"auto","background-attachment":"scroll","background-type":"","background-media":"","overlay-type":"","overlay-color":"","overlay-opacity":"","overlay-gradient":""}},"ast-content-background-meta":{"desktop":{"background-color":"var(--ast-global-color-5)","background-image":"","background-repeat":"repeat","background-position":"center center","background-size":"auto","background-attachment":"scroll","background-type":"","background-media":"","overlay-type":"","overlay-color":"","overlay-opacity":"","overlay-gradient":""},"tablet":{"background-color":"var(--ast-global-color-5)","background-image":"","background-repeat":"repeat","background-position":"center center","background-size":"auto","background-attachment":"scroll","background-type":"","background-media":"","overlay-type":"","overlay-color":"","overlay-opacity":"","overlay-gradient":""},"mobile":{"background-color":"var(--ast-global-color-5)","background-image":"","background-repeat":"repeat","background-position":"center center","background-size":"auto","background-attachment":"scroll","background-type":"","background-media":"","overlay-type":"","overlay-color":"","overlay-opacity":"","overlay-gradient":""}},"footnotes":""},"class_list":["post-28","page","type-page","status-publish","hentry"],"post_mailing_queue_ids":[],"_links":{"self":[{"href":"https:\/\/agora.xtec.cat\/ceiplorca\/wp-json\/wp\/v2\/pages\/28","targetHints":{"allow":["GET"]}}],"collection":[{"href":"https:\/\/agora.xtec.cat\/ceiplorca\/wp-json\/wp\/v2\/pages"}],"about":[{"href":"https:\/\/agora.xtec.cat\/ceiplorca\/wp-json\/wp\/v2\/types\/page"}],"author":[{"embeddable":true,"href":"https:\/\/agora.xtec.cat\/ceiplorca\/wp-json\/wp\/v2\/users\/1"}],"replies":[{"embeddable":true,"href":"https:\/\/agora.xtec.cat\/ceiplorca\/wp-json\/wp\/v2\/comments?post=28"}],"version-history":[{"count":6,"href":"https:\/\/agora.xtec.cat\/ceiplorca\/wp-json\/wp\/v2\/pages\/28\/revisions"}],"predecessor-version":[{"id":2755,"href":"https:\/\/agora.xtec.cat\/ceiplorca\/wp-json\/wp\/v2\/pages\/28\/revisions\/2755"}],"up":[{"embeddable":true,"href":"https:\/\/agora.xtec.cat\/ceiplorca\/wp-json\/wp\/v2\/pages\/2534"}],"wp:attachment":[{"href":"https:\/\/agora.xtec.cat\/ceiplorca\/wp-json\/wp\/v2\/media?parent=28"}],"curies":[{"name":"wp","href":"https:\/\/api.w.org\/{rel}","templated":true}]}}