{"id":2674,"date":"2025-09-21T20:05:57","date_gmt":"2025-09-21T18:05:57","guid":{"rendered":"https:\/\/agora.xtec.cat\/ceiplorca\/?page_id=2674"},"modified":"2026-02-07T16:25:57","modified_gmt":"2026-02-07T15:25:57","slug":"afa","status":"publish","type":"page","link":"https:\/\/agora.xtec.cat\/ceiplorca\/afa\/","title":{"rendered":"AFA"},"content":{"rendered":"<h3><a href=\"https:\/\/agora.xtec.cat\/ceiplorca\/wp-content\/uploads\/usu1186\/2026\/02\/WhatsApp-Image-2026-02-07-at-16.16.14.jpeg\"><img loading=\"lazy\" decoding=\"async\" class=\"wp-image-3296 alignleft\" src=\"https:\/\/agora.xtec.cat\/ceiplorca\/wp-content\/uploads\/usu1186\/2026\/02\/WhatsApp-Image-2026-02-07-at-16.16.14.jpeg\" alt=\"\" width=\"104\" height=\"101\" srcset=\"https:\/\/agora.xtec.cat\/ceiplorca\/wp-content\/uploads\/usu1186\/2026\/02\/WhatsApp-Image-2026-02-07-at-16.16.14.jpeg 648w, https:\/\/agora.xtec.cat\/ceiplorca\/wp-content\/uploads\/usu1186\/2026\/02\/WhatsApp-Image-2026-02-07-at-16.16.14-300x293.jpeg 300w\" sizes=\"auto, (max-width: 104px) 100vw, 104px\" \/><\/a>L&#8217;AFA:\u00a0El cor de la nostra comunitat educativa<\/h3>\n<p>&nbsp;<\/p>\n<p>L\u2019Associaci\u00f3 de Fam\u00edlies d\u2019Alumnes (AFA) \u00e9s\u00a0el motor de la nostra comunitat educativa. Som la veu de les fam\u00edlies, el nexe d\u2019uni\u00f3 amb l\u2019escola, i la for\u00e7a que impulsa molts dels projectes i activitats que enriqueixen el dia a dia dels nostres fills i filles.<\/p>\n<p>L\u2019AFA \u00e9s essencial per:<\/p>\n<ul>\n<li><b>Organitzar serveis i activitats:<\/b> Des de l&#8217;organitzaci\u00f3 d\u2019activitats extraescolars i la gesti\u00f3 del menjador fins a l&#8217;organitzaci\u00f3 de festes i esdeveniments.<\/li>\n<li><b>Representar les fam\u00edlies:<\/b> Som el canal per comunicar les inquietuds, suggeriments i necessitats de les fam\u00edlies a l&#8217;equip directiu i al Consell Escolar.<\/li>\n<li><b>Col\u00b7laborar amb el projecte educatiu:<\/b> Aportem idees, feina i recursos per a projectes de l&#8217;escola, com ara la biblioteca, el projecte de medi ambient o les col\u00f2nies.<\/li>\n<\/ul>\n<p><a href=\"https:\/\/agora.xtec.cat\/ceiplorca\/wp-content\/uploads\/usu1186\/2026\/02\/WhatsApp-Image-2026-02-07-at-16.16.13.jpeg\"><img loading=\"lazy\" decoding=\"async\" class=\"alignnone size-large wp-image-3295\" src=\"https:\/\/agora.xtec.cat\/ceiplorca\/wp-content\/uploads\/usu1186\/2026\/02\/WhatsApp-Image-2026-02-07-at-16.16.13-1024x739.jpeg\" alt=\"\" width=\"1024\" height=\"739\" srcset=\"https:\/\/agora.xtec.cat\/ceiplorca\/wp-content\/uploads\/usu1186\/2026\/02\/WhatsApp-Image-2026-02-07-at-16.16.13-1024x739.jpeg 1024w, https:\/\/agora.xtec.cat\/ceiplorca\/wp-content\/uploads\/usu1186\/2026\/02\/WhatsApp-Image-2026-02-07-at-16.16.13-300x216.jpeg 300w, https:\/\/agora.xtec.cat\/ceiplorca\/wp-content\/uploads\/usu1186\/2026\/02\/WhatsApp-Image-2026-02-07-at-16.16.13-768x554.jpeg 768w, https:\/\/agora.xtec.cat\/ceiplorca\/wp-content\/uploads\/usu1186\/2026\/02\/WhatsApp-Image-2026-02-07-at-16.16.13.jpeg 1080w\" sizes=\"auto, (max-width: 1024px) 100vw, 1024px\" \/><\/a><\/p>\n<h3>La teva implicaci\u00f3 \u00e9s la nostra for\u00e7a<\/h3>\n<p>L\u2019AFA nom\u00e9s \u00e9s forta si les fam\u00edlies en formen part. La teva participaci\u00f3, per petita que sigui, \u00e9s crucial. Per\u00f2, sobretot, la teva pres\u00e8ncia a les reunions \u00e9s fonamental. <b>\u00c9s el moment i el lloc on es prenen les decisions, es debaten propostes i es defineixen les accions futures.<\/b> Sense la teva assist\u00e8ncia, la teva veu no es pot escoltar.<\/p>\n<p>Us animem a fer-vos socis de l\u2019AFA i a participar activament. \u00c9s la millor manera de con\u00e8ixer l\u2019escola des de dins i d\u2019acompanyar els vostres fills i filles en el seu creixement.<\/p>\n<p>Els representants de l&#8217;AFA s\u00f3n:<\/p>\n<ul>\n<li style=\"font-weight: 400;\"><strong>Presidenta<\/strong>: M\u00aa \u00c1ngeles Rodr\u00edguez<\/li>\n<li style=\"font-weight: 400;\"><strong>Secret\u00e0ria:<\/strong> D\u00e9bora Naranjo<\/li>\n<li style=\"font-weight: 400;\"><strong>Tresorera:<\/strong> Lorena Morales<\/li>\n<li style=\"font-weight: 400;\"><strong>Vocals:<\/strong> Isabel Mar\u00eda Martinez i Estefan\u00eda\u00a0L\u00f3pez<\/li>\n<\/ul>\n<p>Podeu contactar amb l\u2019AFA a trav\u00e9s d\u2019aquest correu electr\u00f2nic:\u00a0<a href=\"mailto:ampagarcialorcamollet@gmail.com\" target=\"_blank\" rel=\"noopener\">ampagarcialorcamollet@gmail.<wbr \/>com<\/a><\/p>\n<p>Seguiu-nos a <a href=\"https:\/\/www.instagram.com\/afafedericogarcialorca?igsh=MWdoNDZnZmc1bDdheA%3D%3D\">INSTAGRAM<\/a><\/p>\n<h2 style=\"text-align: center;\"><b>Junts, fem escola.<\/b><\/h2>\n<p><a href=\"https:\/\/agora.xtec.cat\/ceiplorca\/wp-content\/uploads\/usu1186\/2023\/01\/WhatsApp-Image-2023-01-22-at-15.12.06-2.jpeg\"><img loading=\"lazy\" decoding=\"async\" class=\"alignnone size-large wp-image-2041\" src=\"https:\/\/agora.xtec.cat\/ceiplorca\/wp-content\/uploads\/usu1186\/2023\/01\/WhatsApp-Image-2023-01-22-at-15.12.06-2-1024x841.jpeg\" alt=\"\" width=\"1024\" height=\"841\" srcset=\"https:\/\/agora.xtec.cat\/ceiplorca\/wp-content\/uploads\/usu1186\/2023\/01\/WhatsApp-Image-2023-01-22-at-15.12.06-2-1024x841.jpeg 1024w, https:\/\/agora.xtec.cat\/ceiplorca\/wp-content\/uploads\/usu1186\/2023\/01\/WhatsApp-Image-2023-01-22-at-15.12.06-2-300x246.jpeg 300w, https:\/\/agora.xtec.cat\/ceiplorca\/wp-content\/uploads\/usu1186\/2023\/01\/WhatsApp-Image-2023-01-22-at-15.12.06-2-768x631.jpeg 768w, https:\/\/agora.xtec.cat\/ceiplorca\/wp-content\/uploads\/usu1186\/2023\/01\/WhatsApp-Image-2023-01-22-at-15.12.06-2-1536x1261.jpeg 1536w, https:\/\/agora.xtec.cat\/ceiplorca\/wp-content\/uploads\/usu1186\/2023\/01\/WhatsApp-Image-2023-01-22-at-15.12.06-2.jpeg 1600w\" sizes=\"auto, (max-width: 1024px) 100vw, 1024px\" \/><\/a><\/p>\n","protected":false},"excerpt":{"rendered":"<p>L&#8217;AFA:\u00a0El cor de la nostra comunitat educativa &nbsp; L\u2019Associaci\u00f3 de Fam\u00edlies d\u2019Alumnes (AFA) \u00e9s\u00a0el motor de la nostra comunitat educativa. Som la veu de les fam\u00edlies, el nexe d\u2019uni\u00f3 amb l\u2019escola, i la for\u00e7a que impulsa molts dels projectes i activitats que enriqueixen el dia a dia dels nostres fills i filles. L\u2019AFA \u00e9s essencial [&hellip;]<\/p>\n","protected":false},"author":1,"featured_media":0,"parent":0,"menu_order":0,"comment_status":"closed","ping_status":"closed","template":"","meta":{"_bbp_topic_count":0,"_bbp_reply_count":0,"_bbp_total_topic_count":0,"_bbp_total_reply_count":0,"_bbp_voice_count":0,"_bbp_anonymous_reply_count":0,"_bbp_topic_count_hidden":0,"_bbp_reply_count_hidden":0,"_bbp_forum_subforum_count":0,"site-sidebar-layout":"default","site-content-layout":"","ast-site-content-layout":"default","site-content-style":"default","site-sidebar-style":"default","ast-global-header-display":"","ast-banner-title-visibility":"","ast-main-header-display":"","ast-hfb-above-header-display":"","ast-hfb-below-header-display":"","ast-hfb-mobile-header-display":"","site-post-title":"","ast-breadcrumbs-content":"","ast-featured-img":"","footer-sml-layout":"","theme-transparent-header-meta":"default","adv-header-id-meta":"","stick-header-meta":"","header-above-stick-meta":"","header-main-stick-meta":"","header-below-stick-meta":"","astra-migrate-meta-layouts":"set","ast-page-background-enabled":"default","ast-page-background-meta":{"desktop":{"background-color":"var(--ast-global-color-4)","background-image":"","background-repeat":"repeat","background-position":"center center","background-size":"auto","background-attachment":"scroll","background-type":"","background-media":"","overlay-type":"","overlay-color":"","overlay-opacity":"","overlay-gradient":""},"tablet":{"background-color":"","background-image":"","background-repeat":"repeat","background-position":"center center","background-size":"auto","background-attachment":"scroll","background-type":"","background-media":"","overlay-type":"","overlay-color":"","overlay-opacity":"","overlay-gradient":""},"mobile":{"background-color":"","background-image":"","background-repeat":"repeat","background-position":"center center","background-size":"auto","background-attachment":"scroll","background-type":"","background-media":"","overlay-type":"","overlay-color":"","overlay-opacity":"","overlay-gradient":""}},"ast-content-background-meta":{"desktop":{"background-color":"var(--ast-global-color-5)","background-image":"","background-repeat":"repeat","background-position":"center center","background-size":"auto","background-attachment":"scroll","background-type":"","background-media":"","overlay-type":"","overlay-color":"","overlay-opacity":"","overlay-gradient":""},"tablet":{"background-color":"var(--ast-global-color-5)","background-image":"","background-repeat":"repeat","background-position":"center center","background-size":"auto","background-attachment":"scroll","background-type":"","background-media":"","overlay-type":"","overlay-color":"","overlay-opacity":"","overlay-gradient":""},"mobile":{"background-color":"var(--ast-global-color-5)","background-image":"","background-repeat":"repeat","background-position":"center center","background-size":"auto","background-attachment":"scroll","background-type":"","background-media":"","overlay-type":"","overlay-color":"","overlay-opacity":"","overlay-gradient":""}},"footnotes":""},"class_list":["post-2674","page","type-page","status-publish","hentry"],"post_mailing_queue_ids":[],"_links":{"self":[{"href":"https:\/\/agora.xtec.cat\/ceiplorca\/wp-json\/wp\/v2\/pages\/2674","targetHints":{"allow":["GET"]}}],"collection":[{"href":"https:\/\/agora.xtec.cat\/ceiplorca\/wp-json\/wp\/v2\/pages"}],"about":[{"href":"https:\/\/agora.xtec.cat\/ceiplorca\/wp-json\/wp\/v2\/types\/page"}],"author":[{"embeddable":true,"href":"https:\/\/agora.xtec.cat\/ceiplorca\/wp-json\/wp\/v2\/users\/1"}],"replies":[{"embeddable":true,"href":"https:\/\/agora.xtec.cat\/ceiplorca\/wp-json\/wp\/v2\/comments?post=2674"}],"version-history":[{"count":5,"href":"https:\/\/agora.xtec.cat\/ceiplorca\/wp-json\/wp\/v2\/pages\/2674\/revisions"}],"predecessor-version":[{"id":3299,"href":"https:\/\/agora.xtec.cat\/ceiplorca\/wp-json\/wp\/v2\/pages\/2674\/revisions\/3299"}],"wp:attachment":[{"href":"https:\/\/agora.xtec.cat\/ceiplorca\/wp-json\/wp\/v2\/media?parent=2674"}],"curies":[{"name":"wp","href":"https:\/\/api.w.org\/{rel}","templated":true}]}}