{"id":2635,"date":"2025-09-21T18:08:37","date_gmt":"2025-09-21T16:08:37","guid":{"rendered":"https:\/\/agora.xtec.cat\/ceiplorca\/?page_id=2635"},"modified":"2026-03-17T09:37:18","modified_gmt":"2026-03-17T08:37:18","slug":"preinscripcions-curs-2026-27","status":"publish","type":"page","link":"https:\/\/agora.xtec.cat\/ceiplorca\/lescola\/preinscripcions-curs-2026-27\/","title":{"rendered":"Preinscripcions curs 2026-27"},"content":{"rendered":"<p data-path-to-node=\"7\"><b data-path-to-node=\"7\" data-index-in-node=\"0\">Vols formar part de la nostra escola?<\/b> Us informem que el proc\u00e9s de preinscripci\u00f3 per al curs<a href=\"https:\/\/agora.xtec.cat\/ceiplorca\/wp-content\/uploads\/usu1186\/2026\/02\/Pink-and-White-Modern-After-School-Program-Flyer.jpg\"><img loading=\"lazy\" decoding=\"async\" class=\"wp-image-3466 alignright\" src=\"https:\/\/agora.xtec.cat\/ceiplorca\/wp-content\/uploads\/usu1186\/2026\/02\/Pink-and-White-Modern-After-School-Program-Flyer-724x1024.jpg\" alt=\"\" width=\"179\" height=\"253\" srcset=\"https:\/\/agora.xtec.cat\/ceiplorca\/wp-content\/uploads\/usu1186\/2026\/02\/Pink-and-White-Modern-After-School-Program-Flyer-724x1024.jpg 724w, https:\/\/agora.xtec.cat\/ceiplorca\/wp-content\/uploads\/usu1186\/2026\/02\/Pink-and-White-Modern-After-School-Program-Flyer-212x300.jpg 212w, https:\/\/agora.xtec.cat\/ceiplorca\/wp-content\/uploads\/usu1186\/2026\/02\/Pink-and-White-Modern-After-School-Program-Flyer-768x1086.jpg 768w, https:\/\/agora.xtec.cat\/ceiplorca\/wp-content\/uploads\/usu1186\/2026\/02\/Pink-and-White-Modern-After-School-Program-Flyer-1086x1536.jpg 1086w, https:\/\/agora.xtec.cat\/ceiplorca\/wp-content\/uploads\/usu1186\/2026\/02\/Pink-and-White-Modern-After-School-Program-Flyer.jpg 1414w\" sizes=\"auto, (max-width: 179px) 100vw, 179px\" \/><\/a>\u00a0vinent ser\u00e0 del <strong>4 al 18 de mar\u00e7 del 2026<\/strong>, la qual s&#8217;haur\u00e0 de tramitar telem\u00e0ticament. Per facilitar-vos la gesti\u00f3, us adjuntem l&#8217;enlla\u00e7 directe al Departament d&#8217;Educaci\u00f3 on trobareu tota la informaci\u00f3 sobre la documentaci\u00f3 i els terminis:<\/p>\n<p data-path-to-node=\"8\">\ud83d\udd17 <a href=\"https:\/\/preinscripcio.gencat.cat\/ca\/estudis\/infantil-3-6\/inici\/\"><b data-path-to-node=\"8\" data-index-in-node=\"4\">Tr\u00e0mits de preinscripci\u00f3 &#8211; Departament d&#8217;Educaci\u00f3<\/b><\/a><\/p>\n<p data-path-to-node=\"8\">Dates clau preinscripci\u00f3 i matr\u00edcula:<\/p>\n<table style=\"border-collapse: collapse; width: 100%;\">\n<tbody>\n<tr>\n<td style=\"width: 50%;\"><a href=\"https:\/\/agora.xtec.cat\/ceiplorca\/wp-content\/uploads\/usu1186\/2026\/02\/WhatsApp-Image-2026-02-11-at-07.36.39.jpeg\"><img loading=\"lazy\" decoding=\"async\" class=\"alignnone size-full wp-image-3366\" src=\"https:\/\/agora.xtec.cat\/ceiplorca\/wp-content\/uploads\/usu1186\/2026\/02\/WhatsApp-Image-2026-02-11-at-07.36.39.jpeg\" alt=\"\" width=\"945\" height=\"998\" srcset=\"https:\/\/agora.xtec.cat\/ceiplorca\/wp-content\/uploads\/usu1186\/2026\/02\/WhatsApp-Image-2026-02-11-at-07.36.39.jpeg 945w, https:\/\/agora.xtec.cat\/ceiplorca\/wp-content\/uploads\/usu1186\/2026\/02\/WhatsApp-Image-2026-02-11-at-07.36.39-284x300.jpeg 284w, https:\/\/agora.xtec.cat\/ceiplorca\/wp-content\/uploads\/usu1186\/2026\/02\/WhatsApp-Image-2026-02-11-at-07.36.39-768x811.jpeg 768w\" sizes=\"auto, (max-width: 945px) 100vw, 945px\" \/><\/a><\/td>\n<td style=\"width: 50%;\"><a href=\"https:\/\/agora.xtec.cat\/ceiplorca\/wp-content\/uploads\/usu1186\/2026\/02\/WhatsApp-Image-2026-02-11-at-07.36.39-1.jpeg\"><img loading=\"lazy\" decoding=\"async\" class=\"alignnone wp-image-3365\" src=\"https:\/\/agora.xtec.cat\/ceiplorca\/wp-content\/uploads\/usu1186\/2026\/02\/WhatsApp-Image-2026-02-11-at-07.36.39-1-857x1024.jpeg\" alt=\"\" width=\"262\" height=\"313\" srcset=\"https:\/\/agora.xtec.cat\/ceiplorca\/wp-content\/uploads\/usu1186\/2026\/02\/WhatsApp-Image-2026-02-11-at-07.36.39-1-857x1024.jpeg 857w, https:\/\/agora.xtec.cat\/ceiplorca\/wp-content\/uploads\/usu1186\/2026\/02\/WhatsApp-Image-2026-02-11-at-07.36.39-1-251x300.jpeg 251w, https:\/\/agora.xtec.cat\/ceiplorca\/wp-content\/uploads\/usu1186\/2026\/02\/WhatsApp-Image-2026-02-11-at-07.36.39-1-768x918.jpeg 768w, https:\/\/agora.xtec.cat\/ceiplorca\/wp-content\/uploads\/usu1186\/2026\/02\/WhatsApp-Image-2026-02-11-at-07.36.39-1.jpeg 945w\" sizes=\"auto, (max-width: 262px) 100vw, 262px\" \/><\/a><\/td>\n<\/tr>\n<\/tbody>\n<\/table>\n<p>Com has de fer la preinscripci\u00f3 escolar: <a href=\"https:\/\/youtu.be\/_8LjiUfx5YU\">v\u00eddeo<\/a><\/p>\n<p><a href=\"https:\/\/agora.xtec.cat\/ceiplorca\/wp-content\/uploads\/usu1186\/2026\/03\/guia-preinscripcio-Departament.pdf\">guia-preinscripcio-Departament<\/a><\/p>\n<div class=\"ast-oembed-container \" style=\"height: 100%;\"><iframe loading=\"lazy\" title=\"Portes obertes 2026\" width=\"422\" height=\"750\" src=\"https:\/\/www.youtube.com\/embed\/HHLnZgn7yW8?feature=oembed\" frameborder=\"0\" allow=\"accelerometer; autoplay; clipboard-write; encrypted-media; gyroscope; picture-in-picture; web-share\" referrerpolicy=\"strict-origin-when-cross-origin\" allowfullscreen><\/iframe><\/div>\n","protected":false},"excerpt":{"rendered":"<p>Vols formar part de la nostra escola? Us informem que el proc\u00e9s de preinscripci\u00f3 per al curs\u00a0vinent ser\u00e0 del 4 al 18 de mar\u00e7 del 2026, la qual s&#8217;haur\u00e0 de tramitar telem\u00e0ticament. Per facilitar-vos la gesti\u00f3, us adjuntem l&#8217;enlla\u00e7 directe al Departament d&#8217;Educaci\u00f3 on trobareu tota la informaci\u00f3 sobre la documentaci\u00f3 i els terminis: \ud83d\udd17 [&hellip;]<\/p>\n","protected":false},"author":1,"featured_media":0,"parent":22,"menu_order":8,"comment_status":"closed","ping_status":"closed","template":"","meta":{"_bbp_topic_count":0,"_bbp_reply_count":0,"_bbp_total_topic_count":0,"_bbp_total_reply_count":0,"_bbp_voice_count":0,"_bbp_anonymous_reply_count":0,"_bbp_topic_count_hidden":0,"_bbp_reply_count_hidden":0,"_bbp_forum_subforum_count":0,"site-sidebar-layout":"default","site-content-layout":"","ast-site-content-layout":"default","site-content-style":"default","site-sidebar-style":"default","ast-global-header-display":"","ast-banner-title-visibility":"","ast-main-header-display":"","ast-hfb-above-header-display":"","ast-hfb-below-header-display":"","ast-hfb-mobile-header-display":"","site-post-title":"","ast-breadcrumbs-content":"","ast-featured-img":"","footer-sml-layout":"","theme-transparent-header-meta":"default","adv-header-id-meta":"","stick-header-meta":"","header-above-stick-meta":"","header-main-stick-meta":"","header-below-stick-meta":"","astra-migrate-meta-layouts":"set","ast-page-background-enabled":"default","ast-page-background-meta":{"desktop":{"background-color":"var(--ast-global-color-4)","background-image":"","background-repeat":"repeat","background-position":"center center","background-size":"auto","background-attachment":"scroll","background-type":"","background-media":"","overlay-type":"","overlay-color":"","overlay-opacity":"","overlay-gradient":""},"tablet":{"background-color":"","background-image":"","background-repeat":"repeat","background-position":"center center","background-size":"auto","background-attachment":"scroll","background-type":"","background-media":"","overlay-type":"","overlay-color":"","overlay-opacity":"","overlay-gradient":""},"mobile":{"background-color":"","background-image":"","background-repeat":"repeat","background-position":"center center","background-size":"auto","background-attachment":"scroll","background-type":"","background-media":"","overlay-type":"","overlay-color":"","overlay-opacity":"","overlay-gradient":""}},"ast-content-background-meta":{"desktop":{"background-color":"var(--ast-global-color-5)","background-image":"","background-repeat":"repeat","background-position":"center center","background-size":"auto","background-attachment":"scroll","background-type":"","background-media":"","overlay-type":"","overlay-color":"","overlay-opacity":"","overlay-gradient":""},"tablet":{"background-color":"var(--ast-global-color-5)","background-image":"","background-repeat":"repeat","background-position":"center center","background-size":"auto","background-attachment":"scroll","background-type":"","background-media":"","overlay-type":"","overlay-color":"","overlay-opacity":"","overlay-gradient":""},"mobile":{"background-color":"var(--ast-global-color-5)","background-image":"","background-repeat":"repeat","background-position":"center center","background-size":"auto","background-attachment":"scroll","background-type":"","background-media":"","overlay-type":"","overlay-color":"","overlay-opacity":"","overlay-gradient":""}},"footnotes":""},"class_list":["post-2635","page","type-page","status-publish","hentry"],"post_mailing_queue_ids":[],"_links":{"self":[{"href":"https:\/\/agora.xtec.cat\/ceiplorca\/wp-json\/wp\/v2\/pages\/2635","targetHints":{"allow":["GET"]}}],"collection":[{"href":"https:\/\/agora.xtec.cat\/ceiplorca\/wp-json\/wp\/v2\/pages"}],"about":[{"href":"https:\/\/agora.xtec.cat\/ceiplorca\/wp-json\/wp\/v2\/types\/page"}],"author":[{"embeddable":true,"href":"https:\/\/agora.xtec.cat\/ceiplorca\/wp-json\/wp\/v2\/users\/1"}],"replies":[{"embeddable":true,"href":"https:\/\/agora.xtec.cat\/ceiplorca\/wp-json\/wp\/v2\/comments?post=2635"}],"version-history":[{"count":6,"href":"https:\/\/agora.xtec.cat\/ceiplorca\/wp-json\/wp\/v2\/pages\/2635\/revisions"}],"predecessor-version":[{"id":3572,"href":"https:\/\/agora.xtec.cat\/ceiplorca\/wp-json\/wp\/v2\/pages\/2635\/revisions\/3572"}],"up":[{"embeddable":true,"href":"https:\/\/agora.xtec.cat\/ceiplorca\/wp-json\/wp\/v2\/pages\/22"}],"wp:attachment":[{"href":"https:\/\/agora.xtec.cat\/ceiplorca\/wp-json\/wp\/v2\/media?parent=2635"}],"curies":[{"name":"wp","href":"https:\/\/api.w.org\/{rel}","templated":true}]}}