{"id":2631,"date":"2025-09-21T18:06:27","date_gmt":"2025-09-21T16:06:27","guid":{"rendered":"https:\/\/agora.xtec.cat\/ceiplorca\/?page_id=2631"},"modified":"2026-02-11T08:12:03","modified_gmt":"2026-02-11T07:12:03","slug":"material-escolar","status":"publish","type":"page","link":"https:\/\/agora.xtec.cat\/ceiplorca\/lescola\/material-escolar\/","title":{"rendered":"Material escolar"},"content":{"rendered":"<h3>Quotes de material i llibres de text del curs 2025-2026<\/h3>\n<p>Per tal d\u2019assegurar que tots els nostres alumnes comencin el curs amb tot all\u00f2 que necessiten per al seu aprenentatge, hem definit les quotes de material i llibres de text per al proper curs. Aquestes quotes estan dissenyades per simplificar la preparaci\u00f3 de les fam\u00edlies i garantir que tot el material de qualitat estigui a disposici\u00f3 dels infants des del primer dia de classe.<\/p>\n<h3>Quota de material<\/h3>\n<p>La <b>quota de material<\/b> cobreix el cost de tot el material fungible que s&#8217;u<a href=\"https:\/\/agora.xtec.cat\/ceiplorca\/wp-content\/uploads\/usu1186\/2025\/09\/material-escolar.webp\"><img loading=\"lazy\" decoding=\"async\" class=\" wp-image-2730 alignright\" src=\"https:\/\/agora.xtec.cat\/ceiplorca\/wp-content\/uploads\/usu1186\/2025\/09\/material-escolar.webp\" alt=\"\" width=\"341\" height=\"227\" srcset=\"https:\/\/agora.xtec.cat\/ceiplorca\/wp-content\/uploads\/usu1186\/2025\/09\/material-escolar.webp 945w, https:\/\/agora.xtec.cat\/ceiplorca\/wp-content\/uploads\/usu1186\/2025\/09\/material-escolar-300x200.webp 300w, https:\/\/agora.xtec.cat\/ceiplorca\/wp-content\/uploads\/usu1186\/2025\/09\/material-escolar-768x512.webp 768w\" sizes=\"auto, (max-width: 341px) 100vw, 341px\" \/><\/a>tilitza de manera col\u00b7lectiva i individual a l&#8217;aula. Aix\u00f2 inclou des de la carpeta, fulls i material d&#8217;escriptura o dibuix, fins a tot el material de pl\u00e0stica, cartolines i recursos espec\u00edfics per als diferents projectes que realitzem durant el curs. Amb aquesta quota, garantim que els alumnes sempre tinguin a m\u00e0 els recursos necessaris, evitant a les fam\u00edlies haver d&#8217;estar pendents de comprar aquests materials al llarg de l&#8217;any. A continuaci\u00f3 trobareu el llistat de material que es far\u00e0 servir durant el curs:<\/p>\n<ul>\n<li><a href=\"https:\/\/agora.xtec.cat\/ceiplorca\/wp-content\/uploads\/usu1186\/2025\/09\/MATERIAL-D_EDUCACIO-INFANTIL-CURS-25-26.pdf\">MATERIAL D_EDUCACI\u00d3 INFANTIL CURS 25-26<\/a><\/li>\n<li><a href=\"https:\/\/agora.xtec.cat\/ceiplorca\/wp-content\/uploads\/usu1186\/2025\/09\/MATERIAL-D_EDUCACIO-PRIMARIA-CURS-25-26.pdf\">MATERIAL D_EDUCACI\u00d3 PRIM\u00c0RIA CURS 25-26<\/a><\/li>\n<\/ul>\n<h3>Llibres de text<\/h3>\n<p>El projecte de llibres de text de l&#8217;escola es basa en l&#8217;\u00fas de material curricular, tant en format llibre com digital, que complementa el treball de projectes i de les diferents \u00e0rees del curr\u00edculum. El cost d&#8217;aquests llibres est\u00e0 incl\u00f2s en la quota anual. L&#8217;escola s&#8217;encarrega de gestionar la comanda i la distribuci\u00f3 dels llibres de text, de manera que estiguin a punt per ser utilitzats a l&#8217;inici del curs. Els llibres d&#8217;aquest any s\u00f3n:<\/p>\n<ul>\n<li><a href=\"https:\/\/agora.xtec.cat\/ceiplorca\/wp-content\/uploads\/usu1186\/2025\/09\/RELACIO-DE-LLIBRES-I-QUADERNETS-25-26-families.pdf\">RELACI\u00d3 DE LLIBRES DE PRIM\u00c0RIA 25-26 <\/a><\/li>\n<\/ul>\n<p>Per a m\u00e9s informaci\u00f3 sobre les quotes i les formes de pagament, podeu consultar el document adjunt o posar-vos en contacte amb la secretaria del centre.<\/p>\n<ul style=\"list-style-type: square;\">\n<li><a href=\"https:\/\/agora.xtec.cat\/ceiplorca\/wp-content\/uploads\/usu1186\/2025\/09\/Quota-material-Educacio-Infantil-25-26.pdf\">Quota material Educaci\u00f3 Infantil 25-26<\/a><\/li>\n<li><a href=\"https:\/\/agora.xtec.cat\/ceiplorca\/wp-content\/uploads\/usu1186\/2025\/09\/Quota-material-Educacio-Primaria-25-26.pdf\">Quota material Educaci\u00f3 Prim\u00e0ria 25-26<\/a><\/li>\n<li><a href=\"https:\/\/agora.xtec.cat\/ceiplorca\/wp-content\/uploads\/usu1186\/2025\/09\/Quota-AFA-25-26.pdf\">Quota AFA 25-26<\/a><\/li>\n<\/ul>\n<h3><strong>Equipaci\u00f3 escolar:<\/strong><\/h3>\n<p>L\u2019equipaci\u00f3 escolar del centre consta d\u2019un xandall complet d\u2019hivern i d\u2019un conjunt d\u2019estiu format per pantalons i samarreta. La seva adquisici\u00f3 s\u2019ha de fer a trav\u00e9s de l\u2019AFA de l\u2019escola, encarregada de gestionar-ne la venda i distribuci\u00f3.<\/p>\n<p><a href=\"https:\/\/agora.xtec.cat\/ceiplorca\/wp-content\/uploads\/usu1186\/2026\/02\/WhatsApp-Image-2026-02-11-at-06.09.36.jpeg\"><img loading=\"lazy\" decoding=\"async\" class=\"alignnone size-large wp-image-3370\" src=\"https:\/\/agora.xtec.cat\/ceiplorca\/wp-content\/uploads\/usu1186\/2026\/02\/WhatsApp-Image-2026-02-11-at-06.09.36-1024x993.jpeg\" alt=\"\" width=\"1024\" height=\"993\" srcset=\"https:\/\/agora.xtec.cat\/ceiplorca\/wp-content\/uploads\/usu1186\/2026\/02\/WhatsApp-Image-2026-02-11-at-06.09.36-1024x993.jpeg 1024w, https:\/\/agora.xtec.cat\/ceiplorca\/wp-content\/uploads\/usu1186\/2026\/02\/WhatsApp-Image-2026-02-11-at-06.09.36-300x291.jpeg 300w, https:\/\/agora.xtec.cat\/ceiplorca\/wp-content\/uploads\/usu1186\/2026\/02\/WhatsApp-Image-2026-02-11-at-06.09.36-768x745.jpeg 768w, https:\/\/agora.xtec.cat\/ceiplorca\/wp-content\/uploads\/usu1186\/2026\/02\/WhatsApp-Image-2026-02-11-at-06.09.36.jpeg 1080w\" sizes=\"auto, (max-width: 1024px) 100vw, 1024px\" \/><\/a><\/p>\n","protected":false},"excerpt":{"rendered":"<p>Quotes de material i llibres de text del curs 2025-2026 Per tal d\u2019assegurar que tots els nostres alumnes comencin el curs amb tot all\u00f2 que necessiten per al seu aprenentatge, hem definit les quotes de material i llibres de text per al proper curs. Aquestes quotes estan dissenyades per simplificar la preparaci\u00f3 de les fam\u00edlies [&hellip;]<\/p>\n","protected":false},"author":1,"featured_media":0,"parent":22,"menu_order":5,"comment_status":"closed","ping_status":"closed","template":"","meta":{"_bbp_topic_count":0,"_bbp_reply_count":0,"_bbp_total_topic_count":0,"_bbp_total_reply_count":0,"_bbp_voice_count":0,"_bbp_anonymous_reply_count":0,"_bbp_topic_count_hidden":0,"_bbp_reply_count_hidden":0,"_bbp_forum_subforum_count":0,"site-sidebar-layout":"default","site-content-layout":"","ast-site-content-layout":"default","site-content-style":"default","site-sidebar-style":"default","ast-global-header-display":"","ast-banner-title-visibility":"","ast-main-header-display":"","ast-hfb-above-header-display":"","ast-hfb-below-header-display":"","ast-hfb-mobile-header-display":"","site-post-title":"","ast-breadcrumbs-content":"","ast-featured-img":"","footer-sml-layout":"","theme-transparent-header-meta":"default","adv-header-id-meta":"","stick-header-meta":"","header-above-stick-meta":"","header-main-stick-meta":"","header-below-stick-meta":"","astra-migrate-meta-layouts":"set","ast-page-background-enabled":"default","ast-page-background-meta":{"desktop":{"background-color":"var(--ast-global-color-4)","background-image":"","background-repeat":"repeat","background-position":"center center","background-size":"auto","background-attachment":"scroll","background-type":"","background-media":"","overlay-type":"","overlay-color":"","overlay-opacity":"","overlay-gradient":""},"tablet":{"background-color":"","background-image":"","background-repeat":"repeat","background-position":"center center","background-size":"auto","background-attachment":"scroll","background-type":"","background-media":"","overlay-type":"","overlay-color":"","overlay-opacity":"","overlay-gradient":""},"mobile":{"background-color":"","background-image":"","background-repeat":"repeat","background-position":"center center","background-size":"auto","background-attachment":"scroll","background-type":"","background-media":"","overlay-type":"","overlay-color":"","overlay-opacity":"","overlay-gradient":""}},"ast-content-background-meta":{"desktop":{"background-color":"var(--ast-global-color-5)","background-image":"","background-repeat":"repeat","background-position":"center center","background-size":"auto","background-attachment":"scroll","background-type":"","background-media":"","overlay-type":"","overlay-color":"","overlay-opacity":"","overlay-gradient":""},"tablet":{"background-color":"var(--ast-global-color-5)","background-image":"","background-repeat":"repeat","background-position":"center center","background-size":"auto","background-attachment":"scroll","background-type":"","background-media":"","overlay-type":"","overlay-color":"","overlay-opacity":"","overlay-gradient":""},"mobile":{"background-color":"var(--ast-global-color-5)","background-image":"","background-repeat":"repeat","background-position":"center center","background-size":"auto","background-attachment":"scroll","background-type":"","background-media":"","overlay-type":"","overlay-color":"","overlay-opacity":"","overlay-gradient":""}},"footnotes":""},"class_list":["post-2631","page","type-page","status-publish","hentry"],"post_mailing_queue_ids":[],"_links":{"self":[{"href":"https:\/\/agora.xtec.cat\/ceiplorca\/wp-json\/wp\/v2\/pages\/2631","targetHints":{"allow":["GET"]}}],"collection":[{"href":"https:\/\/agora.xtec.cat\/ceiplorca\/wp-json\/wp\/v2\/pages"}],"about":[{"href":"https:\/\/agora.xtec.cat\/ceiplorca\/wp-json\/wp\/v2\/types\/page"}],"author":[{"embeddable":true,"href":"https:\/\/agora.xtec.cat\/ceiplorca\/wp-json\/wp\/v2\/users\/1"}],"replies":[{"embeddable":true,"href":"https:\/\/agora.xtec.cat\/ceiplorca\/wp-json\/wp\/v2\/comments?post=2631"}],"version-history":[{"count":5,"href":"https:\/\/agora.xtec.cat\/ceiplorca\/wp-json\/wp\/v2\/pages\/2631\/revisions"}],"predecessor-version":[{"id":2649,"href":"https:\/\/agora.xtec.cat\/ceiplorca\/wp-json\/wp\/v2\/pages\/2631\/revisions\/2649"}],"up":[{"embeddable":true,"href":"https:\/\/agora.xtec.cat\/ceiplorca\/wp-json\/wp\/v2\/pages\/22"}],"wp:attachment":[{"href":"https:\/\/agora.xtec.cat\/ceiplorca\/wp-json\/wp\/v2\/media?parent=2631"}],"curies":[{"name":"wp","href":"https:\/\/api.w.org\/{rel}","templated":true}]}}