{"id":2626,"date":"2025-09-21T18:00:04","date_gmt":"2025-09-21T16:00:04","guid":{"rendered":"https:\/\/agora.xtec.cat\/ceiplorca\/?page_id=2626"},"modified":"2025-12-22T16:50:32","modified_gmt":"2025-12-22T15:50:32","slug":"sortides-i-colonies","status":"publish","type":"page","link":"https:\/\/agora.xtec.cat\/ceiplorca\/lescola\/sortides-i-colonies\/","title":{"rendered":"Sortides i col\u00f2nies"},"content":{"rendered":"<h3><strong>Aprenentatge m\u00e9s enll\u00e0 de l&#8217;aula: sortides, projectes i col\u00f2nies<\/strong><\/h3>\n<p>A la nostra escola, entenem que el m\u00f3n \u00e9s l&#8217;aula m\u00e9s gran. Les sortides i activitats externes s\u00f3n una part fonamental del nostre projecte educatiu, ja que donen vida als coneixements, fomenten la curiositat i construeixen un fort sentiment de comunitat entre els nostres alumnes.<\/p>\n<h3><\/h3>\n<h3><strong>Sortides i projectes externs<\/strong><\/h3>\n<p>Per enriquir l&#8217;aprenentatge del nostre <b>eix transversal<\/b> anual, organitzem una sortida trimestral de tot un dia en la qual hi participa tota l&#8217;escola, des dels m\u00e9s petits d&#8217;I3 fins als m\u00e9s grans de 6\u00e8. Aquestes sortides s\u00f3n una oportunitat \u00fanica per viure el tema de l&#8217;any de manera directa i compartida.<\/p>\n<p>A m\u00e9s, el nostre comprom\u00eds amb l&#8217;entorn es reflecteix en sortides locals a llocs com parcs, biblioteques p\u00fabliques o l&#8217;Ajuntament de Mollet, que ajuden els nostres alumnes a con\u00e8ixer i valorar la comunitat que els envolta. Tamb\u00e9 participem en tallers i jornades esportives amb altres escoles de Mollet, fomentant la col\u00b7laboraci\u00f3 i la socialitzaci\u00f3 m\u00e9s enll\u00e0 del nostre centre. Per a tot aix\u00f2, necessitem que l&#8217;alumnat tingui la targeta de <strong>T-Mobilitat<\/strong> que en el seg\u00fcent enlla\u00e7 podreu informar-vos de com obtenir-la: <a href=\"https:\/\/agora.xtec.cat\/ceiplorca\/wp-content\/uploads\/usu1186\/2025\/09\/10.-Targeta-T-Mobilitat-16-1.pdf\">Targeta T-Mobilitat 16<\/a><\/p>\n<p>Aquestes experi\u00e8ncies reforcen els aprenentatges de l&#8217;aula, potencien les habilitats socials i enforteixen el vincle entre els alumnes i l&#8217;equip docent en un entorn diferent.<\/p>\n<p>Les sortides de tot el dia previstes per <strong>aquest curs 2025-26<\/strong>, s\u00f3n:<br \/>\n\u2022 <strong>Agrupaci\u00f3 Astron\u00f2mica<\/strong> (Sabadell) <strong>17 d\u2019octubre del 2025<\/strong><br \/>\n\u2022 Museu de la ci\u00e8ncia <strong>Cosmocaixa<\/strong> (Barcelona) <strong>27 de febrer del 2026<\/strong><\/p>\n<p><a href=\"https:\/\/agora.xtec.cat\/ceiplorca\/wp-content\/uploads\/usu1186\/2025\/12\/WhatsApp-Image-2025-11-29-at-14.09.04-4.jpeg\"><img loading=\"lazy\" decoding=\"async\" class=\"alignnone size-large wp-image-2881\" src=\"https:\/\/agora.xtec.cat\/ceiplorca\/wp-content\/uploads\/usu1186\/2025\/12\/WhatsApp-Image-2025-11-29-at-14.09.04-4-1024x768.jpeg\" alt=\"\" width=\"1024\" height=\"768\" srcset=\"https:\/\/agora.xtec.cat\/ceiplorca\/wp-content\/uploads\/usu1186\/2025\/12\/WhatsApp-Image-2025-11-29-at-14.09.04-4-1024x768.jpeg 1024w, https:\/\/agora.xtec.cat\/ceiplorca\/wp-content\/uploads\/usu1186\/2025\/12\/WhatsApp-Image-2025-11-29-at-14.09.04-4-300x225.jpeg 300w, https:\/\/agora.xtec.cat\/ceiplorca\/wp-content\/uploads\/usu1186\/2025\/12\/WhatsApp-Image-2025-11-29-at-14.09.04-4-768x576.jpeg 768w, https:\/\/agora.xtec.cat\/ceiplorca\/wp-content\/uploads\/usu1186\/2025\/12\/WhatsApp-Image-2025-11-29-at-14.09.04-4-1536x1152.jpeg 1536w, https:\/\/agora.xtec.cat\/ceiplorca\/wp-content\/uploads\/usu1186\/2025\/12\/WhatsApp-Image-2025-11-29-at-14.09.04-4-200x150.jpeg 200w, https:\/\/agora.xtec.cat\/ceiplorca\/wp-content\/uploads\/usu1186\/2025\/12\/WhatsApp-Image-2025-11-29-at-14.09.04-4.jpeg 1600w\" sizes=\"auto, (max-width: 1024px) 100vw, 1024px\" \/><\/a><\/p>\n<p>&nbsp;<\/p>\n<h3><\/h3>\n<h3><strong>Les nostres col\u00f2nies<\/strong><\/h3>\n<p>Cada any, durant el tercer trimestre, tota l&#8217;escola celebra una de les activitats m\u00e9s esperades del curs: les <b>col\u00f2nies<\/b>. Aquesta estada fora de l&#8217;escola \u00e9s una experi\u00e8ncia inoblidable que ens permet treballar de manera m\u00e9s intensa el nostre projecte anual, a la vegada que:<\/p>\n<ul>\n<li><b>Fomentem l&#8217;autonomia:<\/b> Els alumnes aprenen a ser m\u00e9s independents, a cuidar les seves coses i a participar en les tasques del dia a dia.<\/li>\n<li><b>Enfortim els vincles:<\/b> La conviv\u00e8ncia 24 hores al dia refor\u00e7a les relacions entre els companys i crea records que duraran per sempre.<\/li>\n<li><b>Eduquem en valors:<\/b> La vida en grup ensenya als nostres alumnes la import\u00e0ncia del respecte, la responsabilitat i la col\u00b7laboraci\u00f3.<\/li>\n<\/ul>\n<p>Les col\u00f2nies s\u00f3n el colof\u00f3 final del curs, una experi\u00e8ncia que complementa perfectament el nostre projecte educatiu i contribueix a la formaci\u00f3 integral dels nostres alumnes.<\/p>\n<p>Aquest <strong>curs 2025-26<\/strong> les col\u00f2nies les farem a <strong>Can Putxet<\/strong> (Sant Celoni) del 1<strong>5 al 17 d\u2019abril del 2026<\/strong><\/p>\n<p>&nbsp;<\/p>\n","protected":false},"excerpt":{"rendered":"<p>Aprenentatge m\u00e9s enll\u00e0 de l&#8217;aula: sortides, projectes i col\u00f2nies A la nostra escola, entenem que el m\u00f3n \u00e9s l&#8217;aula m\u00e9s gran. Les sortides i activitats externes s\u00f3n una part fonamental del nostre projecte educatiu, ja que donen vida als coneixements, fomenten la curiositat i construeixen un fort sentiment de comunitat entre els nostres alumnes. Sortides [&hellip;]<\/p>\n","protected":false},"author":1,"featured_media":0,"parent":22,"menu_order":6,"comment_status":"closed","ping_status":"closed","template":"","meta":{"_bbp_topic_count":0,"_bbp_reply_count":0,"_bbp_total_topic_count":0,"_bbp_total_reply_count":0,"_bbp_voice_count":0,"_bbp_anonymous_reply_count":0,"_bbp_topic_count_hidden":0,"_bbp_reply_count_hidden":0,"_bbp_forum_subforum_count":0,"site-sidebar-layout":"default","site-content-layout":"","ast-site-content-layout":"default","site-content-style":"default","site-sidebar-style":"default","ast-global-header-display":"","ast-banner-title-visibility":"","ast-main-header-display":"","ast-hfb-above-header-display":"","ast-hfb-below-header-display":"","ast-hfb-mobile-header-display":"","site-post-title":"","ast-breadcrumbs-content":"","ast-featured-img":"","footer-sml-layout":"","theme-transparent-header-meta":"default","adv-header-id-meta":"","stick-header-meta":"","header-above-stick-meta":"","header-main-stick-meta":"","header-below-stick-meta":"","astra-migrate-meta-layouts":"set","ast-page-background-enabled":"default","ast-page-background-meta":{"desktop":{"background-color":"var(--ast-global-color-4)","background-image":"","background-repeat":"repeat","background-position":"center center","background-size":"auto","background-attachment":"scroll","background-type":"","background-media":"","overlay-type":"","overlay-color":"","overlay-opacity":"","overlay-gradient":""},"tablet":{"background-color":"","background-image":"","background-repeat":"repeat","background-position":"center center","background-size":"auto","background-attachment":"scroll","background-type":"","background-media":"","overlay-type":"","overlay-color":"","overlay-opacity":"","overlay-gradient":""},"mobile":{"background-color":"","background-image":"","background-repeat":"repeat","background-position":"center center","background-size":"auto","background-attachment":"scroll","background-type":"","background-media":"","overlay-type":"","overlay-color":"","overlay-opacity":"","overlay-gradient":""}},"ast-content-background-meta":{"desktop":{"background-color":"var(--ast-global-color-5)","background-image":"","background-repeat":"repeat","background-position":"center center","background-size":"auto","background-attachment":"scroll","background-type":"","background-media":"","overlay-type":"","overlay-color":"","overlay-opacity":"","overlay-gradient":""},"tablet":{"background-color":"var(--ast-global-color-5)","background-image":"","background-repeat":"repeat","background-position":"center center","background-size":"auto","background-attachment":"scroll","background-type":"","background-media":"","overlay-type":"","overlay-color":"","overlay-opacity":"","overlay-gradient":""},"mobile":{"background-color":"var(--ast-global-color-5)","background-image":"","background-repeat":"repeat","background-position":"center center","background-size":"auto","background-attachment":"scroll","background-type":"","background-media":"","overlay-type":"","overlay-color":"","overlay-opacity":"","overlay-gradient":""}},"footnotes":""},"class_list":["post-2626","page","type-page","status-publish","hentry"],"post_mailing_queue_ids":[],"_links":{"self":[{"href":"https:\/\/agora.xtec.cat\/ceiplorca\/wp-json\/wp\/v2\/pages\/2626","targetHints":{"allow":["GET"]}}],"collection":[{"href":"https:\/\/agora.xtec.cat\/ceiplorca\/wp-json\/wp\/v2\/pages"}],"about":[{"href":"https:\/\/agora.xtec.cat\/ceiplorca\/wp-json\/wp\/v2\/types\/page"}],"author":[{"embeddable":true,"href":"https:\/\/agora.xtec.cat\/ceiplorca\/wp-json\/wp\/v2\/users\/1"}],"replies":[{"embeddable":true,"href":"https:\/\/agora.xtec.cat\/ceiplorca\/wp-json\/wp\/v2\/comments?post=2626"}],"version-history":[{"count":5,"href":"https:\/\/agora.xtec.cat\/ceiplorca\/wp-json\/wp\/v2\/pages\/2626\/revisions"}],"predecessor-version":[{"id":3067,"href":"https:\/\/agora.xtec.cat\/ceiplorca\/wp-json\/wp\/v2\/pages\/2626\/revisions\/3067"}],"up":[{"embeddable":true,"href":"https:\/\/agora.xtec.cat\/ceiplorca\/wp-json\/wp\/v2\/pages\/22"}],"wp:attachment":[{"href":"https:\/\/agora.xtec.cat\/ceiplorca\/wp-json\/wp\/v2\/media?parent=2626"}],"curies":[{"name":"wp","href":"https:\/\/api.w.org\/{rel}","templated":true}]}}