{"id":2624,"date":"2025-09-21T17:59:44","date_gmt":"2025-09-21T15:59:44","guid":{"rendered":"https:\/\/agora.xtec.cat\/ceiplorca\/?page_id=2624"},"modified":"2025-09-21T19:40:50","modified_gmt":"2025-09-21T17:40:50","slug":"informacions-del-curs-escolar","status":"publish","type":"page","link":"https:\/\/agora.xtec.cat\/ceiplorca\/lescola\/informacions-del-curs-escolar\/","title":{"rendered":"Informacions del curs escolar"},"content":{"rendered":"<p><strong><u>HORARI ESCOLAR (9-12:30 i 15-16:30)<\/u><\/strong><\/p>\n<p>Al mat\u00ed l\u2019hora d\u2019entrada \u00e9s a les 9h i a la tarda a les 15h.<\/p>\n<p>Els alumnes que arriben tard per alguna ra\u00f3 justificada, han de trucar el timbre de la porta i esperar ser atesos.<\/p>\n<p>A partir de les 12:30h i de les 16:30h \u00e9s responsabilitat de les fam\u00edlies recollir els alumnes a l\u2019escola. En cas de retard en la recollida dels alumnes, s\u2019avisar\u00e0 telef\u00f2nicament\u00a0 a la fam\u00edlia.<\/p>\n<p>\u00c9s convenient ser puntuals tant a les hores d\u2019entrada com a les hores de sortida. Pel que fa a les sortides, no es permet als alumnes quedar-se al pati, tret que tinguin activitats de menjador o d\u2019extraescolars.<\/p>\n<p>Quan els alumnes hagin de marxar dins l\u2019horari lectiu, caldr\u00e0 omplir a consergeria un full de responsabilitat.<\/p>\n<p><strong><u>ASSIST\u00c8NCIA\u00a0<\/u><\/strong><\/p>\n<p>\u00c9s obligat\u00f2ria l\u2019assist\u00e8ncia dels alumnes a l\u2019escola, tant al mat\u00ed com a la tarda. En cas d\u2019haver de faltar algun dia, cal donar av\u00eds al mestre\/a de la classe i portar el justificant.<\/p>\n<p>En cas d\u2019abs\u00e8ncies continuades d\u2019un alumne\/a, sense justificaci\u00f3 per part de la fam\u00edlia, l\u2019escola passar\u00e0 la\u00a0 comunicaci\u00f3 al Servei d\u2019Educaci\u00f3 de l\u2019Ajuntament.<\/p>\n<p>La no assist\u00e8ncia a excursions i sortides tamb\u00e9 s\u2019ha de justificar.<\/p>\n<p><strong><u>EXCURSIONS I SORTIDES<\/u><\/strong><\/p>\n<p>Les excursions i sortides de tot tipus (espectacles, visites, col\u00f2nies\u2026.) s\u00f3n activitats importants i b\u00e0siques per l\u2019aprenentatge escolar. Queda totalment prohibit portar diners. Com a beguda nom\u00e9s es pot portar aigua.<\/p>\n<p>Abans d\u2019una sortida, la fam\u00edlia rebr\u00e0 una notificaci\u00f3 que caldr\u00e0 signar i retornar al tutor\/a dins del termini que indiqui la comunicaci\u00f3.<\/p>\n<p>Les sortides dins de Mollet o per l\u2019entorn, s\u2019autoritzen globalment a l\u2019inici de curs.<\/p>\n<p>El pagament de les sortides es fa a trav\u00e9s del Banc o es cobrar\u00e0 l\u2019import en met\u00e0l\u00b7lic al despatx (dilluns de 15:00 a 16:00 i dijous de 10:30 a 12:30). En cas que el\/la vostre\/a fill\/a no pugui realitzar una sortida que ja ha pagat, amb motiu justificat, es podr\u00e0 retornar l\u2019import corresponent a l\u2019activitat, sempre que l\u2019empresa organitzadora retorni els diners dels no assistents.<\/p>\n<p>En cas que s\u2019hagu\u00e9s de suspendre l\u2019activitat el mateix dia per mal temps, les fam\u00edlies han de venir a recollir els nens o nenes a les 12:30h.<\/p>\n<p><strong><u>ROBA QUE CAL PORTAR<\/u><\/strong><\/p>\n<p>L&#8217;alumnat ha de portar una bata marcada amb el nom i cognoms per fer les activitats de pl\u00e0stica, laboratori i tallers. Els alumnes d\u2019infantil tamb\u00e9 han de portar una bossa amb una muda completa degudament marcada dins una bossa de roba: sabates, mitjons, calcetes o cal\u00e7otets, pantalons i samarreta.<\/p>\n<p>Totes les pertinences de l&#8217;alumnat hauran d&#8217;anar marcades amb el nom i cognoms de l&#8217;alumne\/a, cosit o impr\u00e8s (inicials no).<\/p>\n<p>Per fer les classes d&#8217;Educaci\u00f3 F\u00edsica l&#8217;alumnat cal que porti el xandall de l\u2019escola i cal\u00e7at esportiu adequat, a m\u00e9s a m\u00e9s l\u2019alumnat d\u2019infantil i 1r haur\u00e0 de portar mitjons antilliscants per a fer psicomotricitat.<\/p>\n<p>Aquest any, nom\u00e9s l\u2019alumnat de 1r a 3r de prim\u00e0ria far\u00e0 piscina els dimecres al mat\u00ed.<\/p>\n<p>No est\u00e0 perm\u00e8s portar motxilles amb rodes i recomanem l\u2019\u00fas de motxilles o bosses de mida petita<\/p>\n<p><strong><u>SALUT F\u00cdSICA I HIGIENE<\/u><\/strong><\/p>\n<p><u>En cas de malaltia&#8230;<\/u><\/p>\n<p>Quan un infant presenta s\u00edmptomes de malaltia, tant si t\u00e9 febre com si no en t\u00e9, cal que es quedi a casa. No es podr\u00e0 assistir a l&#8217;escola si un\/a alumne\/a presenta febre, fongs, conjuntivitis, erupcions a la pell&#8230; Excepte si el metge certifica per escrit que el que t\u00e9 no \u00e9s contagi\u00f3s.<\/p>\n<p>Un cop diagnosticada la malaltia, s&#8217;ha de comunicar a l&#8217;escola, per si cal prendre alguna precauci\u00f3.<\/p>\n<p><u>Medicaments<\/u><\/p>\n<p>Si cal administrar algun medicament en horari escolar, \u00e9s imprescindible comptar amb l&#8217;autoritzaci\u00f3 signada per la pr\u00f2pia fam\u00edlia o el metge i portar la recepta d&#8217;aquest medicament.<\/p>\n<p>Quan un infant pren mal a l&#8217;escola, s&#8217;avisa en primer lloc a la fam\u00edlia i, en cas de no localitzar cap familiar, se&#8217;l porta a un centre m\u00e8dic.<\/p>\n<p><u>Higiene<\/u><\/p>\n<p>La higiene personal dels infants \u00e9s molt important. La manca de neteja \u00e9s una de les causes principals de contagi de malalties. Els nens i nenes han de venir nets a l&#8217;escola.<\/p>\n<p><strong><u>MENJAR<\/u><\/strong><\/p>\n<p><u>L&#8217;esmorzar<\/u><\/p>\n<p>Per a un millor rendiment escolar, cal que s&#8217;esmorzi a casa, i a mig mat\u00ed s\u2019ha de portar fruita, fruits secs o un entrep\u00e0 petit. Eviteu embolicar els entrepans i utilitzeu carmanyoles. Els <strong>dilluns i dimecres<\/strong> \u00e9s el dia que esmorzem fruita<\/p>\n<p>Est\u00e0 prohibit portar brioixeria industrial o altre tipus de menjar envasat, aix\u00ed com iogurts o altres aliments de cullera. Tampoc est\u00e0 perm\u00e8s dur begudes ensucrades (actimels o brics de suc) ni llaminadures.<\/p>\n<p>Us suggerim que a les 16:30h eviteu tamb\u00e9 donar aquest tipus de productes als vostres fills i filles.<\/p>\n<p><u>Celebraci\u00f3 d&#8217;aniversaris<\/u><\/p>\n<p>A classe no es repartir\u00e0 cap mena de llaminadura ni tampoc repartirem invitacions d&#8217;aniversari.<\/p>\n<p><u>El menjador<\/u><\/p>\n<p>L\u2019empresa que s\u2019encarrega del menjador \u00e9s Grup Barna Lleure. L\u2019alumnat que faci \u00fas d\u2019aquest servei haur\u00e0 de portar un necesser amb un raspall i pasta de dents, a m\u00e9s l\u2019alumnat d\u2019infantil haur\u00e0 de portar una bata d\u2019\u00fas exclusiu pel menjador. Els preus del menjador s\u00f3n:<\/p>\n<ul>\n<li>Fixe: 7\u201954\u20ac<\/li>\n<li>Espor\u00e0dic: 8\u201929\u20ac<\/li>\n<\/ul>\n<p><strong><u>JOGUINES I M\u00d2BILS<\/u><\/strong><\/p>\n<p>Els nens i nenes no han de dur de casa cap joguina ni tampoc no es poden dur pilotes. Tot el que necessitin se&#8217;ls donar\u00e0 a l&#8217;escola.<\/p>\n<p>Si algun infant porta alguna arma de joguina o fa \u00fas d\u2019un m\u00f2bil\/rellotge intel\u00b7ligent es guardar\u00e0 al despatx de direcci\u00f3 i es trucar\u00e0 de seguida a la fam\u00edlia, que l\u2019haur\u00e0 de venir a recollir.<\/p>\n<p><u>Qu\u00e8 cal portar?<\/u><\/p>\n<p>A inici de curs cada alumne\/a haur\u00e0 de portar tres paquets grans de tovalloletes humides i tres capses de mocadors de paper.<\/p>\n<p>Di\u00e0riament cada alumne\/a haur\u00e0 de portar: l\u2019esmorzar dins d\u2019una carmanyola (a infantil i 1r tamb\u00e9 s\u2019ha de dur un tovall\u00f3) i una ampolla d\u2019aigua reutilitzable.<\/p>\n<p>L\u2019alumnat de prim\u00e0ria tamb\u00e9 haur\u00e0 de dur un estoig (A 1r, 2n i 3r: amb llapis, goma, maquineta i regle de 15 cm. A 4t, 5\u00e8 i 6\u00e8: el mateix d\u2019abans m\u00e9s bol\u00edgraf blau i vermell, fluorescent i corrector de cinta), l\u2019agenda (2n-6\u00e8) i la carpeta.<\/p>\n","protected":false},"excerpt":{"rendered":"<p>HORARI ESCOLAR (9-12:30 i 15-16:30) Al mat\u00ed l\u2019hora d\u2019entrada \u00e9s a les 9h i a la tarda a les 15h. Els alumnes que arriben tard per alguna ra\u00f3 justificada, han de trucar el timbre de la porta i esperar ser atesos. A partir de les 12:30h i de les 16:30h \u00e9s responsabilitat de les fam\u00edlies [&hellip;]<\/p>\n","protected":false},"author":1,"featured_media":0,"parent":22,"menu_order":4,"comment_status":"closed","ping_status":"closed","template":"","meta":{"_bbp_topic_count":0,"_bbp_reply_count":0,"_bbp_total_topic_count":0,"_bbp_total_reply_count":0,"_bbp_voice_count":0,"_bbp_anonymous_reply_count":0,"_bbp_topic_count_hidden":0,"_bbp_reply_count_hidden":0,"_bbp_forum_subforum_count":0,"site-sidebar-layout":"default","site-content-layout":"","ast-site-content-layout":"","site-content-style":"default","site-sidebar-style":"default","ast-global-header-display":"","ast-banner-title-visibility":"","ast-main-header-display":"","ast-hfb-above-header-display":"","ast-hfb-below-header-display":"","ast-hfb-mobile-header-display":"","site-post-title":"","ast-breadcrumbs-content":"","ast-featured-img":"","footer-sml-layout":"","theme-transparent-header-meta":"","adv-header-id-meta":"","stick-header-meta":"","header-above-stick-meta":"","header-main-stick-meta":"","header-below-stick-meta":"","astra-migrate-meta-layouts":"default","ast-page-background-enabled":"default","ast-page-background-meta":{"desktop":{"background-color":"var(--ast-global-color-4)","background-image":"","background-repeat":"repeat","background-position":"center center","background-size":"auto","background-attachment":"scroll","background-type":"","background-media":"","overlay-type":"","overlay-color":"","overlay-opacity":"","overlay-gradient":""},"tablet":{"background-color":"","background-image":"","background-repeat":"repeat","background-position":"center center","background-size":"auto","background-attachment":"scroll","background-type":"","background-media":"","overlay-type":"","overlay-color":"","overlay-opacity":"","overlay-gradient":""},"mobile":{"background-color":"","background-image":"","background-repeat":"repeat","background-position":"center center","background-size":"auto","background-attachment":"scroll","background-type":"","background-media":"","overlay-type":"","overlay-color":"","overlay-opacity":"","overlay-gradient":""}},"ast-content-background-meta":{"desktop":{"background-color":"var(--ast-global-color-5)","background-image":"","background-repeat":"repeat","background-position":"center center","background-size":"auto","background-attachment":"scroll","background-type":"","background-media":"","overlay-type":"","overlay-color":"","overlay-opacity":"","overlay-gradient":""},"tablet":{"background-color":"var(--ast-global-color-5)","background-image":"","background-repeat":"repeat","background-position":"center center","background-size":"auto","background-attachment":"scroll","background-type":"","background-media":"","overlay-type":"","overlay-color":"","overlay-opacity":"","overlay-gradient":""},"mobile":{"background-color":"var(--ast-global-color-5)","background-image":"","background-repeat":"repeat","background-position":"center center","background-size":"auto","background-attachment":"scroll","background-type":"","background-media":"","overlay-type":"","overlay-color":"","overlay-opacity":"","overlay-gradient":""}},"footnotes":""},"class_list":["post-2624","page","type-page","status-publish","hentry"],"post_mailing_queue_ids":[],"_links":{"self":[{"href":"https:\/\/agora.xtec.cat\/ceiplorca\/wp-json\/wp\/v2\/pages\/2624","targetHints":{"allow":["GET"]}}],"collection":[{"href":"https:\/\/agora.xtec.cat\/ceiplorca\/wp-json\/wp\/v2\/pages"}],"about":[{"href":"https:\/\/agora.xtec.cat\/ceiplorca\/wp-json\/wp\/v2\/types\/page"}],"author":[{"embeddable":true,"href":"https:\/\/agora.xtec.cat\/ceiplorca\/wp-json\/wp\/v2\/users\/1"}],"replies":[{"embeddable":true,"href":"https:\/\/agora.xtec.cat\/ceiplorca\/wp-json\/wp\/v2\/comments?post=2624"}],"version-history":[{"count":2,"href":"https:\/\/agora.xtec.cat\/ceiplorca\/wp-json\/wp\/v2\/pages\/2624\/revisions"}],"predecessor-version":[{"id":2660,"href":"https:\/\/agora.xtec.cat\/ceiplorca\/wp-json\/wp\/v2\/pages\/2624\/revisions\/2660"}],"up":[{"embeddable":true,"href":"https:\/\/agora.xtec.cat\/ceiplorca\/wp-json\/wp\/v2\/pages\/22"}],"wp:attachment":[{"href":"https:\/\/agora.xtec.cat\/ceiplorca\/wp-json\/wp\/v2\/media?parent=2624"}],"curies":[{"name":"wp","href":"https:\/\/api.w.org\/{rel}","templated":true}]}}